{"id":3517,"date":"2018-04-16T22:42:27","date_gmt":"2018-04-16T22:42:27","guid":{"rendered":"http:\/\/themeforest.unitedthemes.com\/wpversions\/brooklyn\/xml\/demo14\/tours\/"},"modified":"2024-03-27T16:24:49","modified_gmt":"2024-03-27T15:24:49","slug":"program","status":"publish","type":"page","link":"https:\/\/insightevents.se\/aiact\/program\/","title":{"rendered":"Program"},"content":{"rendered":"<div class=\"wpb-content-wrapper\"><p>[vc_section][vc_row][vc_column]<div class=\"wpb_content_element  vc_custom_1711545716278\"><style type=\"text\/css\">#ut_header_69d7ae9fafd07 h2.section-title, #ut_header_69d7ae9fafd07 h2.section-title span { color:#ffffff; }#ut_header_69d7ae9fafd07 h2.section-title { font-size:46px !important; }<\/style><header id=\"ut_header_69d7ae9fafd07\" class=\"section-header  ut-no-title-linebreak-mobile ut-no-lead-linebreak-mobile pt-style-7 header-center header-tablet-center header-mobile-center\"><h2 data-title=\"Program\"  data-responsive-font=\"section_title\" data-responsive-font-settings=\"{&quot;base-font-size&quot;:&quot;global&quot;,&quot;font-size&quot;:{&quot;desktop_large&quot;:&quot;46&quot;},&quot;base-line-height&quot;:&quot;global&quot;}\" class=\"section-title  \"><span>Program<\/span><\/h2><div data-delay=\"0\" class=\"lead \"><p>2024<\/p>\n<\/div><\/header><\/div><style type=\"text\/css\">#bklyn_btn_69d7ae9fb1e84 a.bklyn-btn { font-weight:100 !important; }#bklyn_btn_69d7ae9fb1e84.bklyn-btn-header a.bklyn-btn { font-weight:100 !important; }#bklyn_btn_69d7ae9fb1e84.bklyn-btn-header a.bklyn-btn span { font-weight:100 !important; }<\/style><div id=\"bklyn_btn_69d7ae9fb1e84\" class=\"bklyn-btn-holder  bklyn-btn-center bklyn-btn-tablet-center bklyn-btn-mobile-center\"><a title=\"\"   href=\"https:\/\/insightevents.se\/aiact\/broschyr\/\" target=\"_self\" class=\"bklyn-btn  bklyn-btn-normal\" ><span class=\"ut-btn-text\">LADDA NER PDF<\/span><\/a><\/div>[vc_column_text]\n<table id=\"tablepress-1\" class=\"tablepress tablepress-id-1\">\n<tbody class=\"row-striping row-hover\">\n<tr class=\"row-1\">\n\t<td class=\"column-1\"><strong>08:30<\/strong><\/td><td class=\"column-2\"><strong>Registrering och morgonkaffe<\/strong><\/td>\n<\/tr>\n<tr class=\"row-2\">\n\t<td class=\"column-1\"><strong>09:00<\/strong><\/td><td class=\"column-2\"><strong>Moderatorn inleder konferensen<\/strong><br \/>\n<br \/>\n<i><strong>Jeanette Nilsson,<\/strong> AI Ekosystem expert, RISE Research Institutes of Sweden<\/i><\/td>\n<\/tr>\n<tr class=\"row-3\">\n\t<td class=\"column-1\"><strong>09:10<\/strong><\/td><td class=\"column-2\"><strong>N\u00e4r kan man anv\u00e4nda AI verktyg och hur g\u00f6r man f\u00f6r att n\u00e5 sina m\u00e5l?<\/strong><br \/>\n<br \/>\n\u2022 Varf\u00f6r g\u00e5r f\u00f6r\u00e4ndringen s\u00e5 snabbt nu?<br \/>\n\u2022 Vad \u00e4r det viktigaste att g\u00f6ra f\u00f6r att leda\/f\u00f6lja med i utvecklingen?<br \/>\n\u2022 Vem best\u00e4mmer \u00f6ver AI?<br \/>\n<br \/>\n<i><strong>Jeanette Nilsson,<\/strong> AI Ekosystem expert, RISE Research Institutes of Sweden<\/i><\/td>\n<\/tr>\n<tr class=\"row-4\">\n\t<td class=\"column-1\"><strong>09:30<\/strong><\/td><td class=\"column-2\"><strong>Den nya EU-gemensamma f\u00f6rordningen om AI \u2013 v\u00e4rldens f\u00f6rsta AI-reglering<\/strong><br \/>\n<br \/>\n\u2022 Fr\u00e5n ursprungsf\u00f6rslag till slutligt resultat<br \/>\n\u2022 St\u00f6rsta utmaningar under arbetet med att f\u00e5 till v\u00e4rldens f\u00f6rsta AI-reglering<br \/>\n\u2022 Vem blir mest p\u00e5verkad av regleringen?<br \/>\n\u2022 Vad h\u00e4nder nu \u2013 det nationella genomf\u00f6randet och ev. behov av anpassningar i svensk lagstiftning?<br \/>\n<br \/>\n<i><strong>Miriam Ben Hadj Ali,<\/strong> Departementssekreterare, ansvarig f\u00f6r f\u00f6rhandling av AI-f\u00f6rordningen, Regeringskansliet<\/i><\/td>\n<\/tr>\n<tr class=\"row-5\">\n\t<td class=\"column-1\"><strong>10:00<\/strong><\/td><td class=\"column-2\"><strong>Vad s\u00e4ger AI f\u00f6rordningen?<\/strong><br \/>\n<br \/>\n\u2022 \u00d6verblick av f\u00f6rordningen<br \/>\n\u2022 Genomg\u00e5ng av utvalda best\u00e4mmelser i AI f\u00f6rordningen<br \/>\n\u2022 AI f\u00f6rordningen och samspelet med andra relevanta regelverk<br \/>\n<br \/>\n<i><strong>Agnes Hammarstrand,<\/strong> advokat, Advokatfirman Delphi<\/i><\/td>\n<\/tr>\n<tr class=\"row-6\">\n\t<td class=\"column-1\"><strong>10:30<\/strong><\/td><td class=\"column-2\"><strong>F\u00f6rmiddagskaffe och n\u00e4tverkande<\/strong><\/td>\n<\/tr>\n<tr class=\"row-7\">\n\t<td class=\"column-1\"><strong>11:00<\/strong><\/td><td class=\"column-2\"><strong>AI \u2013 ansvar och sanktioner<\/strong><br \/>\n<br \/>\n\u2022 Ansvar f\u00f6r AI \u2013 n\u00e5gra utg\u00e5ngspunkter<br \/>\n\u2022 Kommande lagstiftning<br \/>\n\u2022 N\u00e5gra oklara fr\u00e5gor<br \/>\n\u2022 Slutsatser och spaningar<br \/>\n<br \/>\n<i><strong>Andreas Kotsios,<\/strong> Universitetslektor i handelsr\u00e4tt, Uppsala universitet<\/i><\/td>\n<\/tr>\n<tr class=\"row-8\">\n\t<td class=\"column-1\"><strong>11:30<\/strong><\/td><td class=\"column-2\"><strong>AI, risk och s\u00e4kerhet - vad kan vi l\u00f6sa med teknik och med reglering?<\/strong><br \/>\n<br \/>\nAnv\u00e4ndningen av AI skapar enorma m\u00f6jligheter men ocks\u00e5 nya typer av risker och s\u00e4kerhetsutmaningar.<br \/>\n<br \/>\n\u2022 Dagens och framtida risker och s\u00e4kerhetsutmaningar med AI-anv\u00e4ndning<br \/>\n\u2022 \u00c5tg\u00e4rder f\u00f6r att m\u00f6ta dessa utmaningar med hj\u00e4lp av AI<br \/>\n\u2022 Hur reglering och lagstiftning p\u00e5verkar anv\u00e4ndningen och utvecklingen av AI<br \/>\n<br \/>\n<i><strong>Daniel Gillblad,<\/strong> Chief of AI, Recorded Future<\/i><\/td>\n<\/tr>\n<tr class=\"row-9\">\n\t<td class=\"column-1\"><strong>12:00<\/strong><\/td><td class=\"column-2\"><strong>Attacker mot AI \u2013 hur bygger vi s\u00e4kra AI-system i praktiken?<\/strong><br \/>\n<br \/>\nF\u00f6rdjupning inom strategier och rekommendationer f\u00f6r att skapa robusta och s\u00e4kra AI-system som st\u00e5r emot attacker och skyddar kritiska data inom verksamheten.<br \/>\n<br \/>\n<i>Talare meddelas inom kort<\/i><\/td>\n<\/tr>\n<tr class=\"row-10\">\n\t<td class=\"column-1\"><strong>12:20<\/strong><\/td><td class=\"column-2\"><strong>Lunch och n\u00e4tverkande<\/strong><\/td>\n<\/tr>\n<tr class=\"row-11\">\n\t<td class=\"column-1\"><strong>13:20<\/strong><\/td><td class=\"column-2\"><strong>Vad h\u00e4nder inom AI-omr\u00e5det i Sverige och i Europa?<\/strong><br \/>\n<br \/>\n\u2022 Vad \u00e4r AI-f\u00f6rordningen och vad betyder den f\u00f6r oss?<br \/>\n\u2022 Varf\u00f6r \u00e4r det viktigt att vi tar en aktiv roll i utvecklingen?<br \/>\n\u2022 Hur ser framtiden ut?<br \/>\n<br \/>\n<i><strong>Fredrik Heintz,<\/strong> Professor i datavetenskap, Link\u00f6pings universitet, Ledamot i AI-kommissionen<\/i><\/td>\n<\/tr>\n<tr class=\"row-12\">\n\t<td class=\"column-1\"><strong>13:50<\/strong><\/td><td class=\"column-2\"><strong>AI Act och dess p\u00e5verkan i verksamheten<\/strong><br \/>\n<br \/>\n\u2022 Vad skiljer AI Act fr\u00e5n andra industriella standarder och regelverk?<br \/>\n\u2022 Riskhantering: \"konventionella\" industriella automationsl\u00f6sningar kontra \"AI-enabled\" l\u00f6sningar.<br \/>\n\u2022 Hur kan vi f\u00f6rhindra att AI Act f\u00e5r negativa konsekvenser f\u00f6r befintliga och kommande innovativa ekosystem?<br \/>\n<br \/>\n<i><strong>Shiva Sander Tavallaey,<\/strong> Senior forskare, AI-Lead, ABB Sweden<\/i><\/td>\n<\/tr>\n<tr class=\"row-13\">\n\t<td class=\"column-1\"><strong>14:10<\/strong><\/td><td class=\"column-2\"><strong>Implementering av AI Act fr\u00e5n ett juridiskt perspektiv<\/strong><br \/>\n<br \/>\n\u2022 Exempel p\u00e5 hur implementeringen av AI Act kan ske i praktiken<br \/>\n\u2022 Hur kan kunskap om lagstiftningen spridas inom organisationen p\u00e5 ett effektivt s\u00e4tt?<br \/>\n\u2022 Vilka \u00e4r de st\u00f6rsta utmaningarna med det praktiska implementeringsarbetet?<br \/>\n<br \/>\n<i><strong>Fredrik Gunnard,<\/strong> Corporate Counsel, Atlas Copco<\/i><\/td>\n<\/tr>\n<tr class=\"row-14\">\n\t<td class=\"column-1\"><strong>14:30<\/strong><\/td><td class=\"column-2\"><strong>Hur implementera AI Act i organisationen<\/strong><br \/>\n<br \/>\n\u2022 Hur kan man f\u00f6rbereda sig f\u00f6r det nya regelverket?<br \/>\n\u2022 Vem ska \u00e4ga AI fr\u00e5gan inom verksamheten?<br \/>\n\u2022 Vad kan det inneb\u00e4ra i praktiken f\u00f6r organisationen?<br \/>\n\u2022 K\u00f6pa eller bygga sj\u00e4lv \u2013 vad b\u00f6r man t\u00e4nka p\u00e5?<br \/>\n<br \/>\n<i><strong>Salla Franz\u00e9n,<\/strong> Investment Manager, Navigare Ventures<\/i><\/td>\n<\/tr>\n<tr class=\"row-15\">\n\t<td class=\"column-1\"><strong>14:50<\/strong><\/td><td class=\"column-2\"><strong>Eftermiddagskaffe och n\u00e4tverkande<\/strong><\/td>\n<\/tr>\n<tr class=\"row-16\">\n\t<td class=\"column-1\"><strong>15:20<\/strong><\/td><td class=\"column-2\"><strong>PANELDISKUSSION<br \/>\nNu implementeras AI Act \u2013 hur ska vi f\u00f6rh\u00e5lla oss till det och hur g\u00f6r vi det h\u00e4r p\u00e5 b\u00e4sta s\u00e4tt?<\/strong><br \/>\n<br \/>\n\u2022 Vad inneb\u00e4r f\u00f6rordningen egentligen?<br \/>\n\u2022 Var skapar AI b\u00e4st aff\u00e4rsnytta och finns det n\u00e5gra bra Case att inspireras av?<br \/>\n\u2022 Vilka utmaningar st\u00e5r branschen inf\u00f6r med inf\u00f6randet av AI Act?<br \/>\n\u2022 Vad kan vi l\u00e4ra av varandra inf\u00f6r implementationen av regelverket?<br \/>\n<br \/>\nMedverkande:<br \/>\n<i><strong>Fredrik Gunnard,<\/strong> Corporate Counsel, Atlas Copco<br \/>\n<strong>Salla Franz\u00e9n,<\/strong> Investment Manager, Navigare Ventures<br \/>\n<strong>Fredrik Heintz,<\/strong> Professor i datavetenskap, Link\u00f6pings universitet, Ledamot i AI-kommissionen<br \/>\n<strong>Shiva Sander Tavallaey,<\/strong> Senior forskare, AI-Lead, ABB Sweden<\/i><\/td>\n<\/tr>\n<tr class=\"row-17\">\n\t<td class=\"column-1\"><strong>15:50<\/strong><\/td><td class=\"column-2\"><strong>Till\u00e4mpning av AI i Sverige \u2013 hur ligger vi till och vad betyder AI-regleringen?<\/strong><br \/>\n<br \/>\n\u2022 AI-till\u00e4mpning inom olika branscher<br \/>\n\u2022 Hur p\u00e5verkas till\u00e4mpningen av AI-regleringen?<br \/>\n\u2022 Olika s\u00e4tt att navigera regelverken p\u00e5<br \/>\n<br \/>\n<i><strong>Johan Harvard,<\/strong> VP Strategic Advisory, Silo AI<br \/>\n<strong>Patrik Gayer,<\/strong> Head of Global Affairs, Silo AI<\/i><\/td>\n<\/tr>\n<tr class=\"row-18\">\n\t<td class=\"column-1\"><strong>16:30<\/strong><\/td><td class=\"column-2\"><strong>Fr\u00e5n id\u00e9 till marknad - AI regulatoriska sandl\u00e5dor<\/strong><br \/>\n<br \/>\n\u2022 Vad \u00e4r en regulatorisk sandl\u00e5da och hur g\u00f6r man en s\u00e5n?<br \/>\n\u2022 Undantaget fr\u00e5n GDPR<br \/>\n\u2022 Att utveckla mjukvara och policy i tandem<br \/>\n\u2022 AI som resurs f\u00f6r etisk och h\u00e5llbar utveckling<br \/>\n\u2022 Exempel fr\u00e5n verkligheten<br \/>\n<br \/>\n<i><strong>Susanne Stenberg,<\/strong> Senior forskare och r\u00e4ttslig expert inom digitala system och AI, RISE Research Institutes of Sweden<br \/>\n<strong>H\u00e5kan Burden,<\/strong> Senior forskare inom policyutveckling med inriktning emot AI och IT-system, RISE Research Institutes of Sweden<\/i><\/td>\n<\/tr>\n<tr class=\"row-19\">\n\t<td class=\"column-1\"><strong>17:00<\/strong><\/td><td class=\"column-2\"><strong>Moderatorn summerar och avslutar konferensen<\/strong><\/td>\n<\/tr>\n<tr class=\"row-20\">\n\t<td class=\"column-1\"><strong>17:10-18:00<\/strong><\/td><td class=\"column-2\"><strong>Avslutande mingel och n\u00e4tverkande<\/strong><\/td>\n<\/tr>\n<\/tbody>\n<\/table>\n<!-- #tablepress-1 from cache -->[\/vc_column_text][\/vc_column][\/vc_row][\/vc_section]<\/p>\n<\/div>","protected":false},"excerpt":{"rendered":"<p>[vc_section][vc_row][vc_column][vc_column_text][\/vc_column_text][\/vc_column][\/vc_row][\/vc_section]<\/p>\n","protected":false},"author":1,"featured_media":0,"parent":0,"menu_order":0,"comment_status":"closed","ping_status":"closed","template":"","meta":{"_acf_changed":false,"footnotes":""},"class_list":["post-3517","page","type-page","status-publish","hentry"],"acf":[],"yoast_head":"<!-- This site is optimized with the Yoast SEO plugin v27.3 - https:\/\/yoast.com\/product\/yoast-seo-wordpress\/ -->\n<title>Program - AI Act<\/title>\n<meta name=\"robots\" content=\"index, follow, max-snippet:-1, max-image-preview:large, max-video-preview:-1\" \/>\n<link rel=\"canonical\" href=\"https:\/\/insightevents.se\/aiact\/program\/\" \/>\n<meta property=\"og:locale\" content=\"sv_SE\" \/>\n<meta property=\"og:type\" content=\"article\" \/>\n<meta property=\"og:title\" content=\"Program - AI Act\" \/>\n<meta property=\"og:description\" content=\"[vc_section][vc_row][vc_column][vc_column_text][\/vc_column_text][\/vc_column][\/vc_row][\/vc_section]\" \/>\n<meta property=\"og:url\" content=\"https:\/\/insightevents.se\/aiact\/program\/\" \/>\n<meta property=\"og:site_name\" content=\"AI Act\" \/>\n<meta property=\"article:modified_time\" content=\"2024-03-27T15:24:49+00:00\" \/>\n<meta name=\"twitter:card\" content=\"summary_large_image\" \/>\n<meta name=\"twitter:label1\" content=\"Ber\u00e4knad l\u00e4stid\" \/>\n\t<meta name=\"twitter:data1\" content=\"1 minut\" \/>\n<script type=\"application\/ld+json\" class=\"yoast-schema-graph\">{\"@context\":\"https:\\\/\\\/schema.org\",\"@graph\":[{\"@type\":\"WebPage\",\"@id\":\"https:\\\/\\\/insightevents.se\\\/aiact\\\/program\\\/\",\"url\":\"https:\\\/\\\/insightevents.se\\\/aiact\\\/program\\\/\",\"name\":\"Program - AI Act\",\"isPartOf\":{\"@id\":\"https:\\\/\\\/insightevents.se\\\/aiact\\\/#website\"},\"datePublished\":\"2018-04-16T22:42:27+00:00\",\"dateModified\":\"2024-03-27T15:24:49+00:00\",\"breadcrumb\":{\"@id\":\"https:\\\/\\\/insightevents.se\\\/aiact\\\/program\\\/#breadcrumb\"},\"inLanguage\":\"sv-SE\",\"potentialAction\":[{\"@type\":\"ReadAction\",\"target\":[\"https:\\\/\\\/insightevents.se\\\/aiact\\\/program\\\/\"]}]},{\"@type\":\"BreadcrumbList\",\"@id\":\"https:\\\/\\\/insightevents.se\\\/aiact\\\/program\\\/#breadcrumb\",\"itemListElement\":[{\"@type\":\"ListItem\",\"position\":1,\"name\":\"Hem\",\"item\":\"https:\\\/\\\/insightevents.se\\\/aiact\\\/\"},{\"@type\":\"ListItem\",\"position\":2,\"name\":\"Program\"}]},{\"@type\":\"WebSite\",\"@id\":\"https:\\\/\\\/insightevents.se\\\/aiact\\\/#website\",\"url\":\"https:\\\/\\\/insightevents.se\\\/aiact\\\/\",\"name\":\"AI Act\",\"description\":\"\",\"potentialAction\":[{\"@type\":\"SearchAction\",\"target\":{\"@type\":\"EntryPoint\",\"urlTemplate\":\"https:\\\/\\\/insightevents.se\\\/aiact\\\/?s={search_term_string}\"},\"query-input\":{\"@type\":\"PropertyValueSpecification\",\"valueRequired\":true,\"valueName\":\"search_term_string\"}}],\"inLanguage\":\"sv-SE\"}]}<\/script>\n<!-- \/ Yoast SEO plugin. -->","yoast_head_json":{"title":"Program - AI Act","robots":{"index":"index","follow":"follow","max-snippet":"max-snippet:-1","max-image-preview":"max-image-preview:large","max-video-preview":"max-video-preview:-1"},"canonical":"https:\/\/insightevents.se\/aiact\/program\/","og_locale":"sv_SE","og_type":"article","og_title":"Program - AI Act","og_description":"[vc_section][vc_row][vc_column][vc_column_text][\/vc_column_text][\/vc_column][\/vc_row][\/vc_section]","og_url":"https:\/\/insightevents.se\/aiact\/program\/","og_site_name":"AI Act","article_modified_time":"2024-03-27T15:24:49+00:00","twitter_card":"summary_large_image","twitter_misc":{"Ber\u00e4knad l\u00e4stid":"1 minut"},"schema":{"@context":"https:\/\/schema.org","@graph":[{"@type":"WebPage","@id":"https:\/\/insightevents.se\/aiact\/program\/","url":"https:\/\/insightevents.se\/aiact\/program\/","name":"Program - AI Act","isPartOf":{"@id":"https:\/\/insightevents.se\/aiact\/#website"},"datePublished":"2018-04-16T22:42:27+00:00","dateModified":"2024-03-27T15:24:49+00:00","breadcrumb":{"@id":"https:\/\/insightevents.se\/aiact\/program\/#breadcrumb"},"inLanguage":"sv-SE","potentialAction":[{"@type":"ReadAction","target":["https:\/\/insightevents.se\/aiact\/program\/"]}]},{"@type":"BreadcrumbList","@id":"https:\/\/insightevents.se\/aiact\/program\/#breadcrumb","itemListElement":[{"@type":"ListItem","position":1,"name":"Hem","item":"https:\/\/insightevents.se\/aiact\/"},{"@type":"ListItem","position":2,"name":"Program"}]},{"@type":"WebSite","@id":"https:\/\/insightevents.se\/aiact\/#website","url":"https:\/\/insightevents.se\/aiact\/","name":"AI Act","description":"","potentialAction":[{"@type":"SearchAction","target":{"@type":"EntryPoint","urlTemplate":"https:\/\/insightevents.se\/aiact\/?s={search_term_string}"},"query-input":{"@type":"PropertyValueSpecification","valueRequired":true,"valueName":"search_term_string"}}],"inLanguage":"sv-SE"}]}},"_links":{"self":[{"href":"https:\/\/insightevents.se\/aiact\/wp-json\/wp\/v2\/pages\/3517","targetHints":{"allow":["GET"]}}],"collection":[{"href":"https:\/\/insightevents.se\/aiact\/wp-json\/wp\/v2\/pages"}],"about":[{"href":"https:\/\/insightevents.se\/aiact\/wp-json\/wp\/v2\/types\/page"}],"author":[{"embeddable":true,"href":"https:\/\/insightevents.se\/aiact\/wp-json\/wp\/v2\/users\/1"}],"replies":[{"embeddable":true,"href":"https:\/\/insightevents.se\/aiact\/wp-json\/wp\/v2\/comments?post=3517"}],"version-history":[{"count":7,"href":"https:\/\/insightevents.se\/aiact\/wp-json\/wp\/v2\/pages\/3517\/revisions"}],"predecessor-version":[{"id":3814,"href":"https:\/\/insightevents.se\/aiact\/wp-json\/wp\/v2\/pages\/3517\/revisions\/3814"}],"wp:attachment":[{"href":"https:\/\/insightevents.se\/aiact\/wp-json\/wp\/v2\/media?parent=3517"}],"curies":[{"name":"wp","href":"https:\/\/api.w.org\/{rel}","templated":true}]}}