{"id":2699,"date":"2021-09-02T12:16:12","date_gmt":"2021-09-02T12:16:12","guid":{"rendered":"https:\/\/insightevents.se\/cku\/?page_id=2699"},"modified":"2022-12-13T12:01:53","modified_gmt":"2022-12-13T12:01:53","slug":"konferenser","status":"publish","type":"page","link":"https:\/\/insightevents.se\/cku\/konferenser\/","title":{"rendered":"Konferenser"},"content":{"rendered":"<div class=\"fusion-fullwidth fullwidth-box fusion-builder-row-1 nonhundred-percent-fullwidth non-hundred-percent-height-scrolling\" style=\"background-color: rgba(255,255,255,0);background-position: center center;background-repeat: no-repeat;padding-top:0px;padding-right:0px;padding-bottom:0px;padding-left:0px;margin-bottom: 0px;margin-top: 0px;border-width: 0px 0px 0px 0px;border-color:#eae9e9;border-style:solid;\" ><div class=\"fusion-builder-row fusion-row\"><div class=\"fusion-layout-column fusion_builder_column fusion-builder-column-0 fusion_builder_column_1_1 1_1 fusion-one-full fusion-column-first fusion-column-last\" style=\"margin-top:0px;margin-bottom:20px;\"><div class=\"fusion-column-wrapper fusion-flex-column-wrapper-legacy\" style=\"background-position:left top;background-repeat:no-repeat;-webkit-background-size:cover;-moz-background-size:cover;-o-background-size:cover;background-size:cover;padding: 0px 0px 0px 0px;\"><div class=\"fusion-sep-clear\"><\/div><div class=\"fusion-separator fusion-full-width-sep\" style=\"margin-left: auto;margin-right: auto;margin-top:40px;margin-bottom:30px;width:100%;\"><div class=\"fusion-separator-border sep-single sep-solid\" style=\"border-color:#e0dede;border-top-width:1px;\"><\/div><\/div><div class=\"fusion-sep-clear\"><\/div><style type=\"text\/css\"><\/style><div class=\"fusion-title title fusion-title-1 fusion-sep-none fusion-title-text fusion-title-size-one\" style=\"margin-top:0px;margin-right:0px;margin-bottom:31px;margin-left:0px;\"><h1 class=\"title-heading-left\" style=\"margin:0;\"><span style=\"color: #59ac40;\">Aktuella konferenser<\/span><\/h1><\/div><div class=\"fusion-text fusion-text-1\"><div class=\"pt-cv-wrapper\"><div class=\"pt-cv-view pt-cv-grid pt-cv-colsys pt-cv-same-height pt-cv-left\" id=\"pt-cv-view-18a833fb09\"><div data-id=\"pt-cv-page-1\" class=\"pt-cv-page\" data-cvc=\"3\"><div class=\"col-md-4 col-sm-12 col-xs-12 pt-cv-content-item pt-cv-1-col\"  data-pid=\"5061\"><div class='pt-cv-ifield'><div class=\"pt-cv-ctf-list\"><div class=\"col-md-12 pt-cv-ctf-column col-sm-12 col-xs-12\"><div class=\"pt-cv-custom-fields pt-cv-ctf-list_image\"><div class=\"pt-cv-ctf-value\"><a href=\"https:\/\/insightevents.se\/cku\/events\/psykiatridagarna\/\">\n<img decoding=\"async\" src=\"https:\/\/insightevents.se\/cku\/wp-content\/uploads\/sites\/2\/2015\/11\/psykiatri-konferensbild2026-3.png\" alt=\"\" width=\"750\" height=\"393\" \/>\n\n<\/a><\/div><\/div><\/div><div class=\"col-md-12 pt-cv-ctf-column col-sm-12 col-xs-12\"><div class=\"pt-cv-custom-fields pt-cv-ctf-cku_event_date\"><div class=\"pt-cv-ctf-value\">19-20 maj 2026<\/div><\/div><\/div><\/div>\n<h4 class=\"pt-cv-title\"><a href=\"https:\/\/insightevents.se\/cku\/events\/psykiatridagarna\/\" class=\"_self\" target=\"_self\" >Psykiatridagarna<\/a><\/h4><\/div><\/div>\n<div class=\"col-md-4 col-sm-12 col-xs-12 pt-cv-content-item pt-cv-1-col\"  data-pid=\"150\"><div class='pt-cv-ifield'><div class=\"pt-cv-ctf-list\"><div class=\"col-md-12 pt-cv-ctf-column col-sm-12 col-xs-12\"><div class=\"pt-cv-custom-fields pt-cv-ctf-list_image\"><div class=\"pt-cv-ctf-value\"><a href=\"https:\/\/insightevents.se\/cku\/events\/sarbehandlingssymposium\/\">\n<img decoding=\"async\" src=\"https:\/\/insightevents.se\/cku\/wp-content\/uploads\/sites\/2\/2015\/11\/sar-konfbild.png\" alt=\"\" width=\"360\" height=\"189\" \/>\n\n<\/a><\/div><\/div><\/div><div class=\"col-md-12 pt-cv-ctf-column col-sm-12 col-xs-12\"><div class=\"pt-cv-custom-fields pt-cv-ctf-cku_event_date\"><div class=\"pt-cv-ctf-value\">16-17 september 2026<\/div><\/div><\/div><\/div>\n<h4 class=\"pt-cv-title\"><a href=\"https:\/\/insightevents.se\/cku\/events\/sarbehandlingssymposium\/\" class=\"_self\" target=\"_self\" >S\u00e5rbehandlingssymposium<\/a><\/h4><\/div><\/div>\n<div class=\"col-md-4 col-sm-12 col-xs-12 pt-cv-content-item pt-cv-1-col\"  data-pid=\"2993\"><div class='pt-cv-ifield'><div class=\"pt-cv-ctf-list\"><div class=\"col-md-12 pt-cv-ctf-column col-sm-12 col-xs-12\"><div class=\"pt-cv-custom-fields pt-cv-ctf-list_image\"><div class=\"pt-cv-ctf-value\"><a href=\"https:\/\/insightevents.se\/cku\/events\/psykoterapimassan-2\/\">\n<img decoding=\"async\" src=\"https:\/\/insightevents.se\/cku\/wp-content\/uploads\/sites\/2\/2022\/03\/psykoterapimassan-konferensbild.png\" alt=\"\" width=\"750\" height=\"393\" \/>\n\n<\/a><\/div><\/div><\/div><div class=\"col-md-12 pt-cv-ctf-column col-sm-12 col-xs-12\"><div class=\"pt-cv-custom-fields pt-cv-ctf-cku_event_date\"><div class=\"pt-cv-ctf-value\">1-2 oktober 2026<\/div><\/div><\/div><\/div>\n<h4 class=\"pt-cv-title\"><a href=\"https:\/\/insightevents.se\/cku\/events\/psykoterapimassan-2\/\" class=\"_self\" target=\"_self\" >Psykoterapim\u00e4ssan<\/a><\/h4><\/div><\/div>\n<div class=\"col-md-4 col-sm-12 col-xs-12 pt-cv-content-item pt-cv-1-col\"  data-pid=\"107\"><div class='pt-cv-ifield'><div class=\"pt-cv-ctf-list\"><div class=\"col-md-12 pt-cv-ctf-column col-sm-12 col-xs-12\"><div class=\"pt-cv-custom-fields pt-cv-ctf-list_image\"><div class=\"pt-cv-ctf-value\"><a href=\"https:\/\/insightevents.se\/cku\/events\/general-update-i-allmanmedicin\/\">\n<img decoding=\"async\" src=\"https:\/\/insightevents.se\/cku\/wp-content\/uploads\/sites\/2\/2015\/11\/gua-konferensbild.png\" alt=\"\" width=\"750\" height=\"393\" \/>\n\n<\/a><\/div><\/div><\/div><div class=\"col-md-12 pt-cv-ctf-column col-sm-12 col-xs-12\"><div class=\"pt-cv-custom-fields pt-cv-ctf-cku_event_date\"><div class=\"pt-cv-ctf-value\">\u00c5ter 2026<\/div><\/div><\/div><\/div>\n<h4 class=\"pt-cv-title\"><a href=\"https:\/\/insightevents.se\/cku\/events\/general-update-i-allmanmedicin\/\" class=\"_self\" target=\"_self\" >General Update i allm\u00e4nmedicin<\/a><\/h4><\/div><\/div>\n<div class=\"col-md-4 col-sm-12 col-xs-12 pt-cv-content-item pt-cv-1-col\"  data-pid=\"115\"><div class='pt-cv-ifield'><div class=\"pt-cv-ctf-list\"><div class=\"col-md-12 pt-cv-ctf-column col-sm-12 col-xs-12\"><div class=\"pt-cv-custom-fields pt-cv-ctf-list_image\"><div class=\"pt-cv-ctf-value\"><a href=\"https:\/\/insightevents.se\/cku\/events\/hematologi-och-klinisk-kemi-i-primarvarden\/\">\n<img decoding=\"async\" src=\"https:\/\/insightevents.se\/cku\/wp-content\/uploads\/sites\/2\/2015\/11\/hematologi-konferensbild.png\" alt=\"\" width=\"750\" height=\"393\" \/>\n\n<\/a><\/div><\/div><\/div><div class=\"col-md-12 pt-cv-ctf-column col-sm-12 col-xs-12\"><div class=\"pt-cv-custom-fields pt-cv-ctf-cku_event_date\"><div class=\"pt-cv-ctf-value\">\u00c5ter 2026<\/div><\/div><\/div><\/div>\n<h4 class=\"pt-cv-title\"><a href=\"https:\/\/insightevents.se\/cku\/events\/hematologi-och-klinisk-kemi-i-primarvarden\/\" class=\"_self\" target=\"_self\" >Hematologi &#038; klinisk kemi i prim\u00e4rv\u00e5rden<\/a><\/h4><\/div><\/div>\n<div class=\"col-md-4 col-sm-12 col-xs-12 pt-cv-content-item pt-cv-1-col\"  data-pid=\"155\"><div class='pt-cv-ifield'><div class=\"pt-cv-ctf-list\"><div class=\"col-md-12 pt-cv-ctf-column col-sm-12 col-xs-12\"><div class=\"pt-cv-custom-fields pt-cv-ctf-list_image\"><div class=\"pt-cv-ctf-value\"><a href=\"https:\/\/insightevents.se\/cku\/events\/administrator\/\">\n<img decoding=\"async\" src=\"https:\/\/insightevents.se\/cku\/wp-content\/uploads\/sites\/2\/2015\/11\/admin-konfbild.png\" alt=\"\" width=\"750\" height=\"393\" \/>\n\n<\/a><\/div><\/div><\/div><div class=\"col-md-12 pt-cv-ctf-column col-sm-12 col-xs-12\"><div class=\"pt-cv-custom-fields pt-cv-ctf-cku_event_date\"><div class=\"pt-cv-ctf-value\">\u00c5ter 2026<\/div><\/div><\/div><\/div>\n<h4 class=\"pt-cv-title\"><a href=\"https:\/\/insightevents.se\/cku\/events\/administrator\/\" class=\"_self\" target=\"_self\" >Administrat\u00f6r i h\u00f6gre utbildning<\/a><\/h4><\/div><\/div>\n<div class=\"col-md-4 col-sm-12 col-xs-12 pt-cv-content-item pt-cv-1-col\"  data-pid=\"747\"><div class='pt-cv-ifield'><div class=\"pt-cv-ctf-list\"><div class=\"col-md-12 pt-cv-ctf-column col-sm-12 col-xs-12\"><div class=\"pt-cv-custom-fields pt-cv-ctf-list_image\"><div class=\"pt-cv-ctf-value\"><a href=\"https:\/\/insightevents.se\/cku\/events\/myndighetens-styrning-ledning-och-kontroll\/\">\n<img decoding=\"async\" src=\"https:\/\/insightevents.se\/cku\/wp-content\/uploads\/sites\/2\/2016\/11\/ledningochstyrning-konfbild.png\" alt=\"\" width=\"750\" height=\"393\" \/>\n\n<\/a><\/div><\/div><\/div><div class=\"col-md-12 pt-cv-ctf-column col-sm-12 col-xs-12\"><div class=\"pt-cv-custom-fields pt-cv-ctf-cku_event_date\"><div class=\"pt-cv-ctf-value\"><strong>\u00c5ter 2026<\/strong><\/div><\/div><\/div><\/div>\n<h4 class=\"pt-cv-title\"><a href=\"https:\/\/insightevents.se\/cku\/events\/myndighetens-styrning-ledning-och-kontroll\/\" class=\"_self\" target=\"_self\" >Myndighetens styrning, ledning och kontroll<\/a><\/h4><\/div><\/div>\n<div class=\"col-md-4 col-sm-12 col-xs-12 pt-cv-content-item pt-cv-1-col\"  data-pid=\"3556\"><div class='pt-cv-ifield'><div class=\"pt-cv-ctf-list\"><div class=\"col-md-12 pt-cv-ctf-column col-sm-12 col-xs-12\"><div class=\"pt-cv-custom-fields pt-cv-ctf-list_image\"><div class=\"pt-cv-ctf-value\"><a href=\"https:\/\/insightevents.se\/cku\/events\/lss\/\">\n<img decoding=\"async\" src=\"https:\/\/insightevents.se\/cku\/wp-content\/uploads\/sites\/2\/2023\/02\/lss-konferensbild.png\" alt=\"\" width=\"750\" height=\"393\" \/>\n\n<\/a><\/div><\/div><\/div><div class=\"col-md-12 pt-cv-ctf-column col-sm-12 col-xs-12\"><div class=\"pt-cv-custom-fields pt-cv-ctf-cku_event_date\"><div class=\"pt-cv-ctf-value\">Eventuellt \u00e5ter 2026<\/div><\/div><\/div><\/div>\n<h4 class=\"pt-cv-title\"><a href=\"https:\/\/insightevents.se\/cku\/events\/lss\/\" class=\"_self\" target=\"_self\" >Utredning och handl\u00e4ggning av LSS och r\u00e4tten till assistans<\/a><\/h4><\/div><\/div>\n<div class=\"col-md-4 col-sm-12 col-xs-12 pt-cv-content-item pt-cv-1-col\"  data-pid=\"4279\"><div class='pt-cv-ifield'><div class=\"pt-cv-ctf-list\"><div class=\"col-md-12 pt-cv-ctf-column col-sm-12 col-xs-12\"><div class=\"pt-cv-custom-fields pt-cv-ctf-list_image\"><div class=\"pt-cv-ctf-value\"><a href=\"https:\/\/insightevents.se\/cku\/events\/arkiv\/\">\n<img decoding=\"async\" src=\"https:\/\/insightevents.se\/cku\/wp-content\/uploads\/sites\/2\/2024\/03\/arkiv-konfbild.png\" alt=\"\" width=\"750\" height=\"393\" \/>\n\n<\/a><\/div><\/div><\/div><div class=\"col-md-12 pt-cv-ctf-column col-sm-12 col-xs-12\"><div class=\"pt-cv-custom-fields pt-cv-ctf-cku_event_date\"><div class=\"pt-cv-ctf-value\">\u00c5ter 2026<\/div><\/div><\/div><\/div>\n<h4 class=\"pt-cv-title\"><a href=\"https:\/\/insightevents.se\/cku\/events\/arkiv\/\" class=\"_self\" target=\"_self\" >Arkiv och s\u00e4kerhet<\/a><\/h4><\/div><\/div>\n<div class=\"col-md-4 col-sm-12 col-xs-12 pt-cv-content-item pt-cv-1-col\"  data-pid=\"4496\"><div class='pt-cv-ifield'><div class=\"pt-cv-ctf-list\"><div class=\"col-md-12 pt-cv-ctf-column col-sm-12 col-xs-12\"><div class=\"pt-cv-custom-fields pt-cv-ctf-list_image\"><div class=\"pt-cv-ctf-value\"><a href=\"https:\/\/insightevents.se\/cku\/events\/avfallshantering\/\">\n<img decoding=\"async\" src=\"https:\/\/insightevents.se\/cku\/wp-content\/uploads\/sites\/2\/2024\/09\/effektivavfall-konferensbild.png\" alt=\"\" width=\"750\" height=\"393\" \/>\n\n<\/a><\/div><\/div><\/div><div class=\"col-md-12 pt-cv-ctf-column col-sm-12 col-xs-12\"><div class=\"pt-cv-custom-fields pt-cv-ctf-cku_event_date\"><div class=\"pt-cv-ctf-value\">Eventuellt \u00e5ter 2026<\/div><\/div><\/div><\/div>\n<h4 class=\"pt-cv-title\"><a href=\"https:\/\/insightevents.se\/cku\/events\/avfallshantering\/\" class=\"_self\" target=\"_self\" >Effektiv avfallshantering<\/a><\/h4><\/div><\/div><\/div><\/div><\/div>\t\t\t<style type=\"text\/css\" id=\"pt-cv-inline-style-ff7d183j6d\">#pt-cv-view-18a833fb09 .pt-cv-title a, #pt-cv-view-18a833fb09  .panel-title { font-style: normal !important; font-weight: 400 !important; font-size: 14px !important; color: #59ad40 !important; }\n#pt-cv-view-18a833fb09 .pt-cv-content  { font-style: normal !important; font-weight: 400 !important; }\n#pt-cv-view-18a833fb09 .pt-cv-meta-fields * { font-style: normal !important; font-weight: 400 !important; }\n#pt-cv-view-18a833fb09 .pt-cv-specialp * { font-size: 13px !important; }\n#pt-cv-view-18a833fb09 .pt-cv-custom-fields * { font-style: normal !important; font-weight: 400 !important; font-size: 12px !important; }\n#pt-cv-view-18a833fb09  .add_to_cart_button, #pt-cv-view-18a833fb09  .add_to_cart_button *   { font-style: normal !important; font-weight: 400 !important; color: #ffffff !important; background: #00aeef !important; }\n#pt-cv-view-18a833fb09 .pt-cv-readmore  { font-style: normal !important; font-weight: 400 !important; color: #ffffff !important; background: #00aeef !important; }\n#pt-cv-view-18a833fb09  + .pt-cv-pagination-wrapper .pt-cv-more , #pt-cv-view-18a833fb09  + .pt-cv-pagination-wrapper .pagination .active a { font-style: normal !important; font-weight: 400 !important; color: #ffffff !important; background: #00aeef !important; }\n#pt-cv-view-18a833fb09 .pt-cv-gls-header  { font-style: normal !important; font-weight: 400 !important; background: #00aeef !important; }\n#pt-cv-view-18a833fb09 .pt-cv-tao  { font-style: normal !important; font-weight: 400 !important; font-size: 20px !important; color: #ffffff !important; background: #00aeef !important; }\n#pt-cv-view-18a833fb09 { text-align: left; }<\/style>\r\n\t\t\t\n<\/div><div class=\"fusion-clearfix\"><\/div><\/div><\/div><\/div><\/div>\n","protected":false},"excerpt":{"rendered":"Aktuella konferenser 19-20 maj 2026 Psykiatridagarna 16-17 september 2026 S\u00e5rbehandlingssymposium 1-2 oktober 2026 Psykoterapim\u00e4ssan \u00c5ter 2026 General Update i allm\u00e4nmedicin \u00c5ter 2026 Hematologi &#038; klinisk kemi i prim\u00e4rv\u00e5rden \u00c5ter 2026 Administrat\u00f6r i h\u00f6gre utbildning \u00c5ter 2026 Myndighetens styrning, ledning och kontroll Eventuellt \u00e5ter 2026 Utredning och handl\u00e4ggning av LSS och r\u00e4tten till assistans \u00c5ter 2026 [...]","protected":false},"author":1,"featured_media":0,"parent":0,"menu_order":0,"comment_status":"closed","ping_status":"closed","template":"","meta":{"_acf_changed":false,"footnotes":""},"class_list":["post-2699","page","type-page","status-publish","hentry"],"acf":[],"yoast_head":"<!-- This site is optimized with the Yoast SEO plugin v27.3 - https:\/\/yoast.com\/product\/yoast-seo-wordpress\/ -->\n<title>Konferenser - Centrum f\u00f6r Kunskapsutveckling<\/title>\n<meta name=\"description\" content=\"CKU genomf\u00f6r \u00e5rligen ett flertal konferenser p\u00e5 den svenska marknaden fr\u00e4mst inom sjukv\u00e5rd och den offentliga sektorn.\" \/>\n<meta name=\"robots\" content=\"index, follow, max-snippet:-1, max-image-preview:large, max-video-preview:-1\" \/>\n<link rel=\"canonical\" href=\"https:\/\/insightevents.se\/cku\/konferenser\/\" \/>\n<meta property=\"og:locale\" content=\"sv_SE\" \/>\n<meta property=\"og:type\" content=\"article\" \/>\n<meta property=\"og:title\" content=\"Konferenser - Centrum f\u00f6r Kunskapsutveckling\" \/>\n<meta property=\"og:description\" content=\"CKU genomf\u00f6r \u00e5rligen ett flertal konferenser p\u00e5 den svenska marknaden fr\u00e4mst inom sjukv\u00e5rd och den offentliga sektorn.\" \/>\n<meta property=\"og:url\" content=\"https:\/\/insightevents.se\/cku\/konferenser\/\" \/>\n<meta property=\"og:site_name\" content=\"Centrum f\u00f6r Kunskapsutveckling\" \/>\n<meta property=\"article:modified_time\" content=\"2022-12-13T12:01:53+00:00\" \/>\n<meta name=\"twitter:card\" content=\"summary_large_image\" \/>\n<meta name=\"twitter:label1\" content=\"Ber\u00e4knad l\u00e4stid\" \/>\n\t<meta name=\"twitter:data1\" content=\"1 minut\" \/>\n<script type=\"application\/ld+json\" class=\"yoast-schema-graph\">{\"@context\":\"https:\\\/\\\/schema.org\",\"@graph\":[{\"@type\":\"WebPage\",\"@id\":\"https:\\\/\\\/insightevents.se\\\/cku\\\/konferenser\\\/\",\"url\":\"https:\\\/\\\/insightevents.se\\\/cku\\\/konferenser\\\/\",\"name\":\"Konferenser - Centrum f\u00f6r Kunskapsutveckling\",\"isPartOf\":{\"@id\":\"https:\\\/\\\/insightevents.se\\\/cku\\\/#website\"},\"datePublished\":\"2021-09-02T12:16:12+00:00\",\"dateModified\":\"2022-12-13T12:01:53+00:00\",\"description\":\"CKU genomf\u00f6r \u00e5rligen ett flertal konferenser p\u00e5 den svenska marknaden fr\u00e4mst inom sjukv\u00e5rd och den offentliga sektorn.\",\"breadcrumb\":{\"@id\":\"https:\\\/\\\/insightevents.se\\\/cku\\\/konferenser\\\/#breadcrumb\"},\"inLanguage\":\"sv-SE\",\"potentialAction\":[{\"@type\":\"ReadAction\",\"target\":[\"https:\\\/\\\/insightevents.se\\\/cku\\\/konferenser\\\/\"]}]},{\"@type\":\"BreadcrumbList\",\"@id\":\"https:\\\/\\\/insightevents.se\\\/cku\\\/konferenser\\\/#breadcrumb\",\"itemListElement\":[{\"@type\":\"ListItem\",\"position\":1,\"name\":\"Home\",\"item\":\"https:\\\/\\\/insightevents.se\\\/cku\\\/\"},{\"@type\":\"ListItem\",\"position\":2,\"name\":\"Konferenser\"}]},{\"@type\":\"WebSite\",\"@id\":\"https:\\\/\\\/insightevents.se\\\/cku\\\/#website\",\"url\":\"https:\\\/\\\/insightevents.se\\\/cku\\\/\",\"name\":\"Centrum f\u00f6r Kunskapsutveckling\",\"description\":\"Vi genomf\u00f6r \u00e5rligen cirka 50 konferenser och kurser p\u00e5 den svenska marknaden\",\"potentialAction\":[{\"@type\":\"SearchAction\",\"target\":{\"@type\":\"EntryPoint\",\"urlTemplate\":\"https:\\\/\\\/insightevents.se\\\/cku\\\/?s={search_term_string}\"},\"query-input\":{\"@type\":\"PropertyValueSpecification\",\"valueRequired\":true,\"valueName\":\"search_term_string\"}}],\"inLanguage\":\"sv-SE\"}]}<\/script>\n<!-- \/ Yoast SEO plugin. -->","yoast_head_json":{"title":"Konferenser - Centrum f\u00f6r Kunskapsutveckling","description":"CKU genomf\u00f6r \u00e5rligen ett flertal konferenser p\u00e5 den svenska marknaden fr\u00e4mst inom sjukv\u00e5rd och den offentliga sektorn.","robots":{"index":"index","follow":"follow","max-snippet":"max-snippet:-1","max-image-preview":"max-image-preview:large","max-video-preview":"max-video-preview:-1"},"canonical":"https:\/\/insightevents.se\/cku\/konferenser\/","og_locale":"sv_SE","og_type":"article","og_title":"Konferenser - Centrum f\u00f6r Kunskapsutveckling","og_description":"CKU genomf\u00f6r \u00e5rligen ett flertal konferenser p\u00e5 den svenska marknaden fr\u00e4mst inom sjukv\u00e5rd och den offentliga sektorn.","og_url":"https:\/\/insightevents.se\/cku\/konferenser\/","og_site_name":"Centrum f\u00f6r Kunskapsutveckling","article_modified_time":"2022-12-13T12:01:53+00:00","twitter_card":"summary_large_image","twitter_misc":{"Ber\u00e4knad l\u00e4stid":"1 minut"},"schema":{"@context":"https:\/\/schema.org","@graph":[{"@type":"WebPage","@id":"https:\/\/insightevents.se\/cku\/konferenser\/","url":"https:\/\/insightevents.se\/cku\/konferenser\/","name":"Konferenser - Centrum f\u00f6r Kunskapsutveckling","isPartOf":{"@id":"https:\/\/insightevents.se\/cku\/#website"},"datePublished":"2021-09-02T12:16:12+00:00","dateModified":"2022-12-13T12:01:53+00:00","description":"CKU genomf\u00f6r \u00e5rligen ett flertal konferenser p\u00e5 den svenska marknaden fr\u00e4mst inom sjukv\u00e5rd och den offentliga sektorn.","breadcrumb":{"@id":"https:\/\/insightevents.se\/cku\/konferenser\/#breadcrumb"},"inLanguage":"sv-SE","potentialAction":[{"@type":"ReadAction","target":["https:\/\/insightevents.se\/cku\/konferenser\/"]}]},{"@type":"BreadcrumbList","@id":"https:\/\/insightevents.se\/cku\/konferenser\/#breadcrumb","itemListElement":[{"@type":"ListItem","position":1,"name":"Home","item":"https:\/\/insightevents.se\/cku\/"},{"@type":"ListItem","position":2,"name":"Konferenser"}]},{"@type":"WebSite","@id":"https:\/\/insightevents.se\/cku\/#website","url":"https:\/\/insightevents.se\/cku\/","name":"Centrum f\u00f6r Kunskapsutveckling","description":"Vi genomf\u00f6r \u00e5rligen cirka 50 konferenser och kurser p\u00e5 den svenska marknaden","potentialAction":[{"@type":"SearchAction","target":{"@type":"EntryPoint","urlTemplate":"https:\/\/insightevents.se\/cku\/?s={search_term_string}"},"query-input":{"@type":"PropertyValueSpecification","valueRequired":true,"valueName":"search_term_string"}}],"inLanguage":"sv-SE"}]}},"_links":{"self":[{"href":"https:\/\/insightevents.se\/cku\/wp-json\/wp\/v2\/pages\/2699","targetHints":{"allow":["GET"]}}],"collection":[{"href":"https:\/\/insightevents.se\/cku\/wp-json\/wp\/v2\/pages"}],"about":[{"href":"https:\/\/insightevents.se\/cku\/wp-json\/wp\/v2\/types\/page"}],"author":[{"embeddable":true,"href":"https:\/\/insightevents.se\/cku\/wp-json\/wp\/v2\/users\/1"}],"replies":[{"embeddable":true,"href":"https:\/\/insightevents.se\/cku\/wp-json\/wp\/v2\/comments?post=2699"}],"version-history":[{"count":6,"href":"https:\/\/insightevents.se\/cku\/wp-json\/wp\/v2\/pages\/2699\/revisions"}],"predecessor-version":[{"id":3428,"href":"https:\/\/insightevents.se\/cku\/wp-json\/wp\/v2\/pages\/2699\/revisions\/3428"}],"wp:attachment":[{"href":"https:\/\/insightevents.se\/cku\/wp-json\/wp\/v2\/media?parent=2699"}],"curies":[{"name":"wp","href":"https:\/\/api.w.org\/{rel}","templated":true}]}}