{"id":30,"date":"2015-11-03T09:35:53","date_gmt":"2015-11-03T09:35:53","guid":{"rendered":"https:\/\/insightevents.se\/cku\/?page_id=30"},"modified":"2023-02-07T15:48:54","modified_gmt":"2023-02-07T15:48:54","slug":"om-cku","status":"publish","type":"page","link":"https:\/\/insightevents.se\/cku\/om-cku\/","title":{"rendered":"Om Centrum f\u00f6r Kunskapsutveckling"},"content":{"rendered":"<div class=\"fusion-fullwidth fullwidth-box fusion-builder-row-1 nonhundred-percent-fullwidth non-hundred-percent-height-scrolling\" style=\"background-color: rgba(255,255,255,0);background-position: center center;background-repeat: no-repeat;padding-top:0px;padding-right:0px;padding-bottom:0px;padding-left:0px;margin-bottom: 0px;margin-top: 0px;border-width: 0px 0px 0px 0px;border-color:#eae9e9;border-style:solid;\" ><div class=\"fusion-builder-row fusion-row\"><div class=\"fusion-layout-column fusion_builder_column fusion-builder-column-0 fusion_builder_column_1_1 1_1 fusion-one-full fusion-column-first fusion-column-last\" style=\"margin-top:0px;margin-bottom:0px;\"><div class=\"fusion-column-wrapper fusion-flex-column-wrapper-legacy\" style=\"background-position:left top;background-repeat:no-repeat;-webkit-background-size:cover;-moz-background-size:cover;-o-background-size:cover;background-size:cover;padding: 0px 0px 0px 0px;\"><style type=\"text\/css\"><\/style><div class=\"fusion-title title fusion-title-1 fusion-sep-none fusion-title-text fusion-title-size-one\" style=\"margin-top:0px;margin-right:0px;margin-bottom:31px;margin-left:0px;\"><h1 class=\"title-heading-left\" style=\"margin:0;\"><span style=\"color: #59ac40;\">Om CKU<\/span><\/h1><\/div><div class=\"fusion-text fusion-text-1\"><p>CKU genomf\u00f6r \u00e5rligen ett flertal konferenser och kurser p\u00e5 den svenska marknaden. V\u00e5ra tusentals deltagare \u00e4r beslutsfattare fr\u00e5n b\u00e5de n\u00e4ringslivet och den offentliga sektorn. M\u00e5ls\u00e4ttningen \u00e4r att ge v\u00e5ra deltagare ny och utvecklande kunskap i ett inspirerande format med de mest k\u00e4nda experterna inom respektive omr\u00e5de.<\/p>\n<p>P\u00e5 v\u00e5ra konferenser har ni ocks\u00e5 m\u00f6jlighet att personligen m\u00f6ta potentiella kunder och knyta nya aff\u00e4rskontakter inom b\u00e5de n\u00e4ringsliv och offentlig sektor samtidigt som ni f\u00f6rst\u00e4rker ert f\u00f6retags position inom branschen.<\/p>\n<p>F\u00f6r att utveckla och h\u00e5lla h\u00f6gsta kvalitet p\u00e5 v\u00e5ra evenemang s\u00e5 genomf\u00f6r vi dagligen ett antal olika intervjuer med experter och yrkesverksamma inom en m\u00e4ngd olika omr\u00e5den. P\u00e5 dessa evenemang finner du alltid intressanta och uppskattade f\u00f6rel\u00e4sare fr\u00e5n s\u00e5v\u00e4l Sverige som resten av v\u00e4rlden. De \u00e4r erfarna och v\u00e4lrenommerade och delar med sig av sin kunskap och sina erfarenheter.<\/p>\n<p>CKU \u00e4r en del av Insight Events Sweden, l\u00e4s mer p\u00e5 <a href=\"https:\/\/insightevents.se\">insightevents.se<\/a>.<\/p>\n<p><b>Fyra\u00a0goda sk\u00e4l att v\u00e4lja oss:<\/b><\/p>\n<p><b>1.<\/b> V\u00e5ra konferenser och kurser f\u00f6rmedlar alltid relevant\u00a0och h\u00f6gaktuell information<b><br \/>\n2.<\/b> V\u00e5ra konferenser och kurser ger dig f\u00f6rspr\u00e5ng\u00a0och konkurrensf\u00f6rdelar p\u00e5 marknaden<b><br \/>\n3.<\/b> V\u00e5ra konferenser och kurser har noga utvalda f\u00f6rel\u00e4sare &#8211; varje \u00e4mne blir objektivt belyst<b><br \/>\n4.<\/b> V\u00e5ra konferenser och kurser \u00e4r ett utm\u00e4rkt forum\u00a0f\u00f6r att n\u00e4tverka och knyta kontakter<br \/>\n<b><br \/>\nV\u00e4nliga h\u00e4lsningar,<\/b><br \/>\nJosefine Lindblad<br \/>\nCEO<\/p>\n<\/div><div class=\"fusion-clearfix\"><\/div><\/div><\/div><\/div><\/div>\n","protected":false},"excerpt":{"rendered":"Om CKUCKU genomf\u00f6r \u00e5rligen ett flertal konferenser och kurser p\u00e5 den svenska marknaden. V\u00e5ra tusentals deltagare \u00e4r beslutsfattare fr\u00e5n b\u00e5de n\u00e4ringslivet och den offentliga sektorn. M\u00e5ls\u00e4ttningen \u00e4r att ge v\u00e5ra deltagare ny och utvecklande kunskap i ett inspirerande format med de mest k\u00e4nda experterna inom respektive omr\u00e5de. P\u00e5 v\u00e5ra konferenser har ni ocks\u00e5 m\u00f6jlighet att [...]","protected":false},"author":1,"featured_media":0,"parent":0,"menu_order":0,"comment_status":"closed","ping_status":"closed","template":"","meta":{"_acf_changed":false,"footnotes":""},"class_list":["post-30","page","type-page","status-publish","hentry"],"acf":[],"yoast_head":"<!-- This site is optimized with the Yoast SEO plugin v27.3 - https:\/\/yoast.com\/product\/yoast-seo-wordpress\/ -->\n<title>Om Centrum f\u00f6r Kunskapsutveckling - Centrum f\u00f6r Kunskapsutveckling<\/title>\n<meta name=\"description\" content=\"CKU genomf\u00f6r \u00e5rligen ett flertal utbildningar p\u00e5 den svenska marknaden. V\u00e5ra tusentals deltagare kommer b\u00e5de fr\u00e5n n\u00e4ringslivet och den offentliga sektorn.\" \/>\n<meta name=\"robots\" content=\"index, follow, max-snippet:-1, max-image-preview:large, max-video-preview:-1\" \/>\n<link rel=\"canonical\" href=\"https:\/\/insightevents.se\/cku\/om-cku\/\" \/>\n<meta property=\"og:locale\" content=\"sv_SE\" \/>\n<meta property=\"og:type\" content=\"article\" \/>\n<meta property=\"og:title\" content=\"Om Centrum f\u00f6r Kunskapsutveckling - Centrum f\u00f6r Kunskapsutveckling\" \/>\n<meta property=\"og:description\" content=\"CKU genomf\u00f6r \u00e5rligen ett flertal utbildningar p\u00e5 den svenska marknaden. V\u00e5ra tusentals deltagare kommer b\u00e5de fr\u00e5n n\u00e4ringslivet och den offentliga sektorn.\" \/>\n<meta property=\"og:url\" content=\"https:\/\/insightevents.se\/cku\/om-cku\/\" \/>\n<meta property=\"og:site_name\" content=\"Centrum f\u00f6r Kunskapsutveckling\" \/>\n<meta property=\"article:modified_time\" content=\"2023-02-07T15:48:54+00:00\" \/>\n<meta name=\"twitter:card\" content=\"summary_large_image\" \/>\n<meta name=\"twitter:label1\" content=\"Ber\u00e4knad l\u00e4stid\" \/>\n\t<meta name=\"twitter:data1\" content=\"2 minuter\" \/>\n<script type=\"application\/ld+json\" class=\"yoast-schema-graph\">{\"@context\":\"https:\\\/\\\/schema.org\",\"@graph\":[{\"@type\":\"WebPage\",\"@id\":\"https:\\\/\\\/insightevents.se\\\/cku\\\/om-cku\\\/\",\"url\":\"https:\\\/\\\/insightevents.se\\\/cku\\\/om-cku\\\/\",\"name\":\"Om Centrum f\u00f6r Kunskapsutveckling - Centrum f\u00f6r Kunskapsutveckling\",\"isPartOf\":{\"@id\":\"https:\\\/\\\/insightevents.se\\\/cku\\\/#website\"},\"datePublished\":\"2015-11-03T09:35:53+00:00\",\"dateModified\":\"2023-02-07T15:48:54+00:00\",\"description\":\"CKU genomf\u00f6r \u00e5rligen ett flertal utbildningar p\u00e5 den svenska marknaden. V\u00e5ra tusentals deltagare kommer b\u00e5de fr\u00e5n n\u00e4ringslivet och den offentliga sektorn.\",\"breadcrumb\":{\"@id\":\"https:\\\/\\\/insightevents.se\\\/cku\\\/om-cku\\\/#breadcrumb\"},\"inLanguage\":\"sv-SE\",\"potentialAction\":[{\"@type\":\"ReadAction\",\"target\":[\"https:\\\/\\\/insightevents.se\\\/cku\\\/om-cku\\\/\"]}]},{\"@type\":\"BreadcrumbList\",\"@id\":\"https:\\\/\\\/insightevents.se\\\/cku\\\/om-cku\\\/#breadcrumb\",\"itemListElement\":[{\"@type\":\"ListItem\",\"position\":1,\"name\":\"Home\",\"item\":\"https:\\\/\\\/insightevents.se\\\/cku\\\/\"},{\"@type\":\"ListItem\",\"position\":2,\"name\":\"Om Centrum f\u00f6r Kunskapsutveckling\"}]},{\"@type\":\"WebSite\",\"@id\":\"https:\\\/\\\/insightevents.se\\\/cku\\\/#website\",\"url\":\"https:\\\/\\\/insightevents.se\\\/cku\\\/\",\"name\":\"Centrum f\u00f6r Kunskapsutveckling\",\"description\":\"Vi genomf\u00f6r \u00e5rligen cirka 50 konferenser och kurser p\u00e5 den svenska marknaden\",\"potentialAction\":[{\"@type\":\"SearchAction\",\"target\":{\"@type\":\"EntryPoint\",\"urlTemplate\":\"https:\\\/\\\/insightevents.se\\\/cku\\\/?s={search_term_string}\"},\"query-input\":{\"@type\":\"PropertyValueSpecification\",\"valueRequired\":true,\"valueName\":\"search_term_string\"}}],\"inLanguage\":\"sv-SE\"}]}<\/script>\n<!-- \/ Yoast SEO plugin. -->","yoast_head_json":{"title":"Om Centrum f\u00f6r Kunskapsutveckling - Centrum f\u00f6r Kunskapsutveckling","description":"CKU genomf\u00f6r \u00e5rligen ett flertal utbildningar p\u00e5 den svenska marknaden. V\u00e5ra tusentals deltagare kommer b\u00e5de fr\u00e5n n\u00e4ringslivet och den offentliga sektorn.","robots":{"index":"index","follow":"follow","max-snippet":"max-snippet:-1","max-image-preview":"max-image-preview:large","max-video-preview":"max-video-preview:-1"},"canonical":"https:\/\/insightevents.se\/cku\/om-cku\/","og_locale":"sv_SE","og_type":"article","og_title":"Om Centrum f\u00f6r Kunskapsutveckling - Centrum f\u00f6r Kunskapsutveckling","og_description":"CKU genomf\u00f6r \u00e5rligen ett flertal utbildningar p\u00e5 den svenska marknaden. V\u00e5ra tusentals deltagare kommer b\u00e5de fr\u00e5n n\u00e4ringslivet och den offentliga sektorn.","og_url":"https:\/\/insightevents.se\/cku\/om-cku\/","og_site_name":"Centrum f\u00f6r Kunskapsutveckling","article_modified_time":"2023-02-07T15:48:54+00:00","twitter_card":"summary_large_image","twitter_misc":{"Ber\u00e4knad l\u00e4stid":"2 minuter"},"schema":{"@context":"https:\/\/schema.org","@graph":[{"@type":"WebPage","@id":"https:\/\/insightevents.se\/cku\/om-cku\/","url":"https:\/\/insightevents.se\/cku\/om-cku\/","name":"Om Centrum f\u00f6r Kunskapsutveckling - Centrum f\u00f6r Kunskapsutveckling","isPartOf":{"@id":"https:\/\/insightevents.se\/cku\/#website"},"datePublished":"2015-11-03T09:35:53+00:00","dateModified":"2023-02-07T15:48:54+00:00","description":"CKU genomf\u00f6r \u00e5rligen ett flertal utbildningar p\u00e5 den svenska marknaden. V\u00e5ra tusentals deltagare kommer b\u00e5de fr\u00e5n n\u00e4ringslivet och den offentliga sektorn.","breadcrumb":{"@id":"https:\/\/insightevents.se\/cku\/om-cku\/#breadcrumb"},"inLanguage":"sv-SE","potentialAction":[{"@type":"ReadAction","target":["https:\/\/insightevents.se\/cku\/om-cku\/"]}]},{"@type":"BreadcrumbList","@id":"https:\/\/insightevents.se\/cku\/om-cku\/#breadcrumb","itemListElement":[{"@type":"ListItem","position":1,"name":"Home","item":"https:\/\/insightevents.se\/cku\/"},{"@type":"ListItem","position":2,"name":"Om Centrum f\u00f6r Kunskapsutveckling"}]},{"@type":"WebSite","@id":"https:\/\/insightevents.se\/cku\/#website","url":"https:\/\/insightevents.se\/cku\/","name":"Centrum f\u00f6r Kunskapsutveckling","description":"Vi genomf\u00f6r \u00e5rligen cirka 50 konferenser och kurser p\u00e5 den svenska marknaden","potentialAction":[{"@type":"SearchAction","target":{"@type":"EntryPoint","urlTemplate":"https:\/\/insightevents.se\/cku\/?s={search_term_string}"},"query-input":{"@type":"PropertyValueSpecification","valueRequired":true,"valueName":"search_term_string"}}],"inLanguage":"sv-SE"}]}},"_links":{"self":[{"href":"https:\/\/insightevents.se\/cku\/wp-json\/wp\/v2\/pages\/30","targetHints":{"allow":["GET"]}}],"collection":[{"href":"https:\/\/insightevents.se\/cku\/wp-json\/wp\/v2\/pages"}],"about":[{"href":"https:\/\/insightevents.se\/cku\/wp-json\/wp\/v2\/types\/page"}],"author":[{"embeddable":true,"href":"https:\/\/insightevents.se\/cku\/wp-json\/wp\/v2\/users\/1"}],"replies":[{"embeddable":true,"href":"https:\/\/insightevents.se\/cku\/wp-json\/wp\/v2\/comments?post=30"}],"version-history":[{"count":10,"href":"https:\/\/insightevents.se\/cku\/wp-json\/wp\/v2\/pages\/30\/revisions"}],"predecessor-version":[{"id":3555,"href":"https:\/\/insightevents.se\/cku\/wp-json\/wp\/v2\/pages\/30\/revisions\/3555"}],"wp:attachment":[{"href":"https:\/\/insightevents.se\/cku\/wp-json\/wp\/v2\/media?parent=30"}],"curies":[{"name":"wp","href":"https:\/\/api.w.org\/{rel}","templated":true}]}}