{"id":52,"date":"2019-06-04T13:17:04","date_gmt":"2019-06-04T11:17:04","guid":{"rendered":"https:\/\/insightevents.se\/contactcenter\/?page_id=52"},"modified":"2025-10-03T12:32:52","modified_gmt":"2025-10-03T10:32:52","slug":"utstallare","status":"publish","type":"page","link":"https:\/\/insightevents.se\/contactcenter\/utstallare\/","title":{"rendered":"Utst\u00e4llare"},"content":{"rendered":"<div class=\"wpb-content-wrapper\"><p>[vc_section css=&#8221;.vc_custom_1715672891134{margin-top: -125px !important;border-top-width: -125px !important;padding-top: -125px !important;}&#8221;][vc_row hide_on_mobile=&#8221;true&#8221;][vc_column]<div class=\"wpb_content_element \"><style type=\"text\/css\">#ut_header_69f2f5e385a21 h4.page-title, #ut_header_69f2f5e385a21 h4.page-title span { color:#1d80b0; }#ut_header_69f2f5e385a21 h4.page-title { font-size:40px !important;line-height:90px !important;letter-spacing:-0.03em; }#ut_header_69f2f5e385a21.pt-style-2 .page-title span:after, #ut_header_69f2f5e385a21.pt-style-2 .parallax-title span:after, #ut_header_69f2f5e385a21.pt-style-2 .section-title span:after { background-color:#1d80b0 !important;}<\/style><header id=\"ut_header_69f2f5e385a21\" class=\"page-header page-title-module  ut-no-title-linebreak-mobile ut-no-lead-linebreak-mobile pt-style-2 header-center header-tablet-center header-mobile-center element-with-custom-line-height\"><div class=\"element-with-custom-line-height\" ><h4 data-title=\"UTST\u00c4LLARE\/SPONSORER\"  data-responsive-font=\"page_title\" data-responsive-font-settings=\"{&quot;base-font-size&quot;:&quot;40&quot;,&quot;font-size-unit&quot;:&quot;px&quot;,&quot;font-size&quot;:{&quot;desktop_large&quot;:&quot;40&quot;},&quot;base-line-height&quot;:&quot;global&quot;,&quot;line-height&quot;:{&quot;desktop_large&quot;:&quot;90&quot;},&quot;base-letter-spacing&quot;:&quot;global&quot;,&quot;letter-spacing&quot;:{&quot;desktop_large&quot;:&quot;-0.03&quot;}}\" class=\"page-title  \"><span>UTST\u00c4LLARE\/SPONSORER<\/span><\/h4><\/div><\/header><\/div>[\/vc_column][\/vc_row][vc_row css=&#8221;.vc_custom_1715676046422{padding-top: 20px !important;}&#8221;][vc_column][vc_text_separator title=&#8221;SILVERSPONSOR 2025&#8243;][\/vc_column][\/vc_row][vc_row][vc_column width=&#8221;1\/3&#8243;][\/vc_column][vc_column width=&#8221;1\/3&#8243;][vc_column_text]<a href=\"https:\/\/www.nice.com\/\" target=\"_blank\" rel=\"noopener\"><img loading=\"lazy\" decoding=\"async\" class=\"wp-image-10104 aligncenter\" src=\"https:\/\/insightevents.se\/contactcenter\/wp-content\/uploads\/sites\/16\/2025\/07\/nice-logo25.png\" alt=\"\" width=\"200\" height=\"100\" srcset=\"https:\/\/insightevents.se\/contactcenter\/wp-content\/uploads\/sites\/16\/2025\/07\/nice-logo25.png 400w, https:\/\/insightevents.se\/contactcenter\/wp-content\/uploads\/sites\/16\/2025\/07\/nice-logo25-300x150.png 300w\" sizes=\"auto, (max-width: 200px) 100vw, 200px\" \/><\/a>[\/vc_column_text][vc_column_text]<div id=\"ut-accordion-parent-1\" class=\"ut-accordion\"><div class=\"ut-accordion-group\">\n<div class=\"ut-accordion-heading \"><a data-parent=\"#ut-accordion-parent-1\" class=\"accordion-toggle collapsed \" data-toggle=\"collapse\" data-target=\"#accordion0\">Mer info +<\/a><\/div><div id=\"accordion0\" class=\"ut-accordion-body collapse\"><div class=\"ut-accordion-inner entry-content clearfix\">\n<p>NiCE is transforming the world with AI that puts people first.<br \/>\nOur purpose-built AI-powered platforms automate engagements into proactive, safe, intelligent actions, empowering individuals and<br \/>\norganizations to innovate and act, from interaction to resolution.<br \/>\nTrusted by organizations throughout 150+ countries worldwide, NiCE\u2019s platforms are widely adopted across industries connecting people,<br \/>\nsystems, and workflows to work smarter at scale, elevating performance across the organization, delivering proven measurable outcomes.<\/p>\n<\/div><\/div>\n<\/div><\/div>[\/vc_column_text][\/vc_column][vc_column width=&#8221;1\/3&#8243;][\/vc_column][\/vc_row][vc_row css=&#8221;.vc_custom_1715676046422{padding-top: 20px !important;}&#8221;][vc_column][vc_text_separator title=&#8221;UTST\u00c4LLARE 2025&#8243;][\/vc_column][\/vc_row][vc_row][vc_column width=&#8221;1\/3&#8243;][vc_column_text]<\/p>\n<p style=\"text-align: center;\"><a href=\"https:\/\/brilliantfuture.se\/\" target=\"_blank\" rel=\"noopener\"><img loading=\"lazy\" decoding=\"async\" class=\"alignnone wp-image-10154\" src=\"https:\/\/insightevents.se\/contactcenter\/wp-content\/uploads\/sites\/16\/2025\/10\/brilliant-logo25.png\" alt=\"\" width=\"200\" height=\"100\" srcset=\"https:\/\/insightevents.se\/contactcenter\/wp-content\/uploads\/sites\/16\/2025\/10\/brilliant-logo25.png 400w, https:\/\/insightevents.se\/contactcenter\/wp-content\/uploads\/sites\/16\/2025\/10\/brilliant-logo25-300x150.png 300w\" sizes=\"auto, (max-width: 200px) 100vw, 200px\" \/><\/a><\/p>\n<p>[\/vc_column_text][vc_column_text]<div id=\"ut-accordion-parent-2\" class=\"ut-accordion\"><div class=\"ut-accordion-group\">\n<div class=\"ut-accordion-heading \"><a data-parent=\"#ut-accordion-parent-2\" class=\"accordion-toggle collapsed \" data-toggle=\"collapse\" data-target=\"#accordion1\">Mer info +<\/a><\/div><div id=\"accordion1\" class=\"ut-accordion-body collapse\"><div class=\"ut-accordion-inner entry-content clearfix\">\n<p>Brilliant \u00e4r Nordens ledande akt\u00f6r inom att leverera insikter till kundservice. Med \u00f6ver 25 \u00e5rs erfarenhet och den senaste tekniken kombinerar vi kundunders\u00f6kningar i realtid med konversationsanalys. I v\u00e5r plattform finns AI-assistenten Brilliant Copilot d\u00e4r ni direkt kan f\u00e5 svar p\u00e5 fr\u00e5gor om kundernas upplevelser. S\u00e5 tar vi kundrelationer till n\u00e4sta niv\u00e5.<\/p>\n<\/div><\/div>\n<\/div><\/div>[\/vc_column_text][\/vc_column][vc_column width=&#8221;1\/3&#8243;][vc_column_text]<a href=\"https:\/\/www.connectel.se\/\" target=\"_blank\" rel=\"noopener\"><img loading=\"lazy\" decoding=\"async\" class=\"wp-image-10141 aligncenter\" src=\"https:\/\/insightevents.se\/contactcenter\/wp-content\/uploads\/sites\/16\/2025\/09\/connectel-logo25.png\" alt=\"\" width=\"200\" height=\"100\" srcset=\"https:\/\/insightevents.se\/contactcenter\/wp-content\/uploads\/sites\/16\/2025\/09\/connectel-logo25.png 400w, https:\/\/insightevents.se\/contactcenter\/wp-content\/uploads\/sites\/16\/2025\/09\/connectel-logo25-300x150.png 300w\" sizes=\"auto, (max-width: 200px) 100vw, 200px\" \/><\/a>[\/vc_column_text][vc_column_text]<div id=\"ut-accordion-parent-3\" class=\"ut-accordion\"><div class=\"ut-accordion-group\">\n<div class=\"ut-accordion-heading \"><a data-parent=\"#ut-accordion-parent-3\" class=\"accordion-toggle collapsed \" data-toggle=\"collapse\" data-target=\"#accordion2\">Mer info +<\/a><\/div><div id=\"accordion2\" class=\"ut-accordion-body collapse\"><div class=\"ut-accordion-inner entry-content clearfix\">\n<p>Connectel levererar en svensk omnikanalplattform som f\u00f6renar telefoni, e-post, chatt och AI-st\u00f6d. Vi hj\u00e4lper ledning och kundservicechefer att \u00f6ka effektivitet, f\u00f6rb\u00e4ttra NPS och minska svarstider genom smart routing, kunskapsdatabas och datadrivna insikter. Vi g\u00f6r varje kundkontakt till en strategisk konkurrensf\u00f6rdel med resultat och kontinuerlig f\u00f6rb\u00e4ttring varje dag f\u00f6r dig och ditt kundserviceteam.<\/p>\n<\/div><\/div>\n<\/div><\/div>[\/vc_column_text][\/vc_column][vc_column width=&#8221;1\/3&#8243;][vc_column_text]<\/p>\n<p style=\"text-align: center;\"><a href=\"https:\/\/www.kindly.ai\/\" target=\"_blank\" rel=\"noopener\"><img loading=\"lazy\" decoding=\"async\" class=\"alignnone wp-image-10129\" src=\"https:\/\/insightevents.se\/contactcenter\/wp-content\/uploads\/sites\/16\/2025\/09\/KINDLY-LOGO25.png\" alt=\"\" width=\"200\" height=\"100\" srcset=\"https:\/\/insightevents.se\/contactcenter\/wp-content\/uploads\/sites\/16\/2025\/09\/KINDLY-LOGO25.png 400w, https:\/\/insightevents.se\/contactcenter\/wp-content\/uploads\/sites\/16\/2025\/09\/KINDLY-LOGO25-300x150.png 300w\" sizes=\"auto, (max-width: 200px) 100vw, 200px\" \/><\/a><\/p>\n<p>[\/vc_column_text][vc_column_text]<div id=\"ut-accordion-parent-4\" class=\"ut-accordion\"><div class=\"ut-accordion-group\">\n<div class=\"ut-accordion-heading \"><a data-parent=\"#ut-accordion-parent-4\" class=\"accordion-toggle collapsed \" data-toggle=\"collapse\" data-target=\"#accordion3\">Mer info +<\/a><\/div><div id=\"accordion3\" class=\"ut-accordion-body collapse\"><div class=\"ut-accordion-inner entry-content clearfix\">\n<p>Kindly.ai \u00e4r ett tech-bolag som specialiserar sig p\u00e5 utvecklingen av artificiell intelligens och automatiseringsl\u00f6sningar f\u00f6r kundservice och kommunikation. Kindly erbjuder en plattform som kombinerar avancerad maskininl\u00e4rningsteknik, generativ AI och naturlig NLP f\u00f6r att f\u00f6rb\u00e4ttra kundupplevelsen och effektiviteten i kundserviceprocesser.<\/p>\n<p>Kindly \u00e4r en av Europas ledande AI-agentleverant\u00f6rer med kontor i Stockholm, Oslo, K\u00f6penhamn och Amsterdam. Det som utm\u00e4rker Kindly och uppskattas av kunderna \u00e4r dess anv\u00e4ndarv\u00e4nlighet, effektiva underh\u00e5llsarbete samt dedikerade kunduppf\u00f6ljning.<\/p>\n<p>Bland kunderna finns: Blocket, Posten Bring, BookBeat, Filmstaden, Norwegian Air, Elgiganten, Adlibris, Hertz, Tv4 och Voi. F\u00f6r att l\u00e4ra dig mer om Kindly, bes\u00f6k g\u00e4rna <a href=\"http:\/\/kindly.ai\">kindly.ai<\/a>.<\/p>\n<\/div><\/div>\n<\/div><\/div>[\/vc_column_text][\/vc_column][\/vc_row][\/vc_section]<\/p>\n<\/div>","protected":false},"excerpt":{"rendered":"<p>[vc_section css=&#8221;.vc_custom_1715672891134{margin-top: -125px !important;border-top-width: -125px !important;padding-top: -125px !important;}&#8221;][vc_row hide_on_mobile=&#8221;true&#8221;][vc_column][\/vc_column][\/vc_row][vc_row css=&#8221;.vc_custom_1715676046422{padding-top: 20px !important;}&#8221;][vc_column][vc_text_separator title=&#8221;SILVERSPONSOR 2025&#8243;][\/vc_column][\/vc_row][vc_row][vc_column width=&#8221;1\/3&#8243;][\/vc_column][vc_column width=&#8221;1\/3&#8243;][vc_column_text][\/vc_column_text][vc_column_text][\/vc_column_text][\/vc_column][vc_column width=&#8221;1\/3&#8243;][\/vc_column][\/vc_row][vc_row css=&#8221;.vc_custom_1715676046422{padding-top: 20px !important;}&#8221;][vc_column][vc_text_separator title=&#8221;UTST\u00c4LLARE 2025&#8243;][\/vc_column][\/vc_row][vc_row][vc_column width=&#8221;1\/3&#8243;][vc_column_text] [\/vc_column_text][vc_column_text][\/vc_column_text][\/vc_column][vc_column width=&#8221;1\/3&#8243;][vc_column_text][\/vc_column_text][vc_column_text][\/vc_column_text][\/vc_column][vc_column width=&#8221;1\/3&#8243;][vc_column_text] [\/vc_column_text][vc_column_text][\/vc_column_text][\/vc_column][\/vc_row][\/vc_section]<\/p>\n","protected":false},"author":1,"featured_media":0,"parent":0,"menu_order":0,"comment_status":"closed","ping_status":"closed","template":"","meta":{"_acf_changed":false,"footnotes":""},"class_list":["post-52","page","type-page","status-publish","hentry"],"acf":[],"yoast_head":"<!-- This site is optimized with the Yoast SEO plugin v27.3 - https:\/\/yoast.com\/product\/yoast-seo-wordpress\/ -->\n<title>Utst\u00e4llare - Contact Center<\/title>\n<meta name=\"robots\" content=\"index, follow, max-snippet:-1, max-image-preview:large, max-video-preview:-1\" \/>\n<link rel=\"canonical\" href=\"https:\/\/insightevents.se\/contactcenter\/utstallare\/\" \/>\n<meta property=\"og:locale\" content=\"sv_SE\" \/>\n<meta property=\"og:type\" content=\"article\" \/>\n<meta property=\"og:title\" content=\"Utst\u00e4llare - Contact Center\" \/>\n<meta property=\"og:description\" content=\"[vc_section css=&#8221;.vc_custom_1715672891134{margin-top: -125px !important;border-top-width: -125px !important;padding-top: -125px !important;}&#8221;][vc_row hide_on_mobile=&#8221;true&#8221;][vc_column][\/vc_column][\/vc_row][vc_row css=&#8221;.vc_custom_1715676046422{padding-top: 20px !important;}&#8221;][vc_column][vc_text_separator title=&#8221;SILVERSPONSOR 2025&#8243;][\/vc_column][\/vc_row][vc_row][vc_column width=&#8221;1\/3&#8243;][\/vc_column][vc_column width=&#8221;1\/3&#8243;][vc_column_text][\/vc_column_text][vc_column_text][\/vc_column_text][\/vc_column][vc_column width=&#8221;1\/3&#8243;][\/vc_column][\/vc_row][vc_row css=&#8221;.vc_custom_1715676046422{padding-top: 20px !important;}&#8221;][vc_column][vc_text_separator title=&#8221;UTST\u00c4LLARE 2025&#8243;][\/vc_column][\/vc_row][vc_row][vc_column width=&#8221;1\/3&#8243;][vc_column_text] [\/vc_column_text][vc_column_text][\/vc_column_text][\/vc_column][vc_column width=&#8221;1\/3&#8243;][vc_column_text][\/vc_column_text][vc_column_text][\/vc_column_text][\/vc_column][vc_column width=&#8221;1\/3&#8243;][vc_column_text] [\/vc_column_text][vc_column_text][\/vc_column_text][\/vc_column][\/vc_row][\/vc_section]\" \/>\n<meta property=\"og:url\" content=\"https:\/\/insightevents.se\/contactcenter\/utstallare\/\" \/>\n<meta property=\"og:site_name\" content=\"Contact Center\" \/>\n<meta property=\"article:modified_time\" content=\"2025-10-03T10:32:52+00:00\" \/>\n<meta property=\"og:image\" content=\"https:\/\/insightevents.se\/contactcenter\/wp-content\/uploads\/sites\/16\/2025\/07\/nice-logo25.png\" \/>\n\t<meta property=\"og:image:width\" content=\"400\" \/>\n\t<meta property=\"og:image:height\" content=\"200\" \/>\n\t<meta property=\"og:image:type\" content=\"image\/png\" \/>\n<meta name=\"twitter:card\" content=\"summary_large_image\" \/>\n<meta name=\"twitter:label1\" content=\"Ber\u00e4knad l\u00e4stid\" \/>\n\t<meta name=\"twitter:data1\" content=\"3 minuter\" \/>\n<script type=\"application\/ld+json\" class=\"yoast-schema-graph\">{\"@context\":\"https:\\\/\\\/schema.org\",\"@graph\":[{\"@type\":\"WebPage\",\"@id\":\"https:\\\/\\\/insightevents.se\\\/contactcenter\\\/utstallare\\\/\",\"url\":\"https:\\\/\\\/insightevents.se\\\/contactcenter\\\/utstallare\\\/\",\"name\":\"Utst\u00e4llare - Contact Center\",\"isPartOf\":{\"@id\":\"https:\\\/\\\/insightevents.se\\\/contactcenter\\\/#website\"},\"primaryImageOfPage\":{\"@id\":\"https:\\\/\\\/insightevents.se\\\/contactcenter\\\/utstallare\\\/#primaryimage\"},\"image\":{\"@id\":\"https:\\\/\\\/insightevents.se\\\/contactcenter\\\/utstallare\\\/#primaryimage\"},\"thumbnailUrl\":\"https:\\\/\\\/insightevents.se\\\/contactcenter\\\/wp-content\\\/uploads\\\/sites\\\/16\\\/2025\\\/07\\\/nice-logo25.png\",\"datePublished\":\"2019-06-04T11:17:04+00:00\",\"dateModified\":\"2025-10-03T10:32:52+00:00\",\"breadcrumb\":{\"@id\":\"https:\\\/\\\/insightevents.se\\\/contactcenter\\\/utstallare\\\/#breadcrumb\"},\"inLanguage\":\"sv-SE\",\"potentialAction\":[{\"@type\":\"ReadAction\",\"target\":[\"https:\\\/\\\/insightevents.se\\\/contactcenter\\\/utstallare\\\/\"]}]},{\"@type\":\"ImageObject\",\"inLanguage\":\"sv-SE\",\"@id\":\"https:\\\/\\\/insightevents.se\\\/contactcenter\\\/utstallare\\\/#primaryimage\",\"url\":\"https:\\\/\\\/insightevents.se\\\/contactcenter\\\/wp-content\\\/uploads\\\/sites\\\/16\\\/2025\\\/07\\\/nice-logo25.png\",\"contentUrl\":\"https:\\\/\\\/insightevents.se\\\/contactcenter\\\/wp-content\\\/uploads\\\/sites\\\/16\\\/2025\\\/07\\\/nice-logo25.png\",\"width\":400,\"height\":200},{\"@type\":\"BreadcrumbList\",\"@id\":\"https:\\\/\\\/insightevents.se\\\/contactcenter\\\/utstallare\\\/#breadcrumb\",\"itemListElement\":[{\"@type\":\"ListItem\",\"position\":1,\"name\":\"Hem\",\"item\":\"https:\\\/\\\/insightevents.se\\\/contactcenter\\\/\"},{\"@type\":\"ListItem\",\"position\":2,\"name\":\"Utst\u00e4llare\"}]},{\"@type\":\"WebSite\",\"@id\":\"https:\\\/\\\/insightevents.se\\\/contactcenter\\\/#website\",\"url\":\"https:\\\/\\\/insightevents.se\\\/contactcenter\\\/\",\"name\":\"Contact Center\",\"description\":\"Skapa en kundservice i v\u00e4rldsklass\",\"potentialAction\":[{\"@type\":\"SearchAction\",\"target\":{\"@type\":\"EntryPoint\",\"urlTemplate\":\"https:\\\/\\\/insightevents.se\\\/contactcenter\\\/?s={search_term_string}\"},\"query-input\":{\"@type\":\"PropertyValueSpecification\",\"valueRequired\":true,\"valueName\":\"search_term_string\"}}],\"inLanguage\":\"sv-SE\"}]}<\/script>\n<!-- \/ Yoast SEO plugin. -->","yoast_head_json":{"title":"Utst\u00e4llare - Contact Center","robots":{"index":"index","follow":"follow","max-snippet":"max-snippet:-1","max-image-preview":"max-image-preview:large","max-video-preview":"max-video-preview:-1"},"canonical":"https:\/\/insightevents.se\/contactcenter\/utstallare\/","og_locale":"sv_SE","og_type":"article","og_title":"Utst\u00e4llare - Contact Center","og_description":"[vc_section css=&#8221;.vc_custom_1715672891134{margin-top: -125px !important;border-top-width: -125px !important;padding-top: -125px !important;}&#8221;][vc_row hide_on_mobile=&#8221;true&#8221;][vc_column][\/vc_column][\/vc_row][vc_row css=&#8221;.vc_custom_1715676046422{padding-top: 20px !important;}&#8221;][vc_column][vc_text_separator title=&#8221;SILVERSPONSOR 2025&#8243;][\/vc_column][\/vc_row][vc_row][vc_column width=&#8221;1\/3&#8243;][\/vc_column][vc_column width=&#8221;1\/3&#8243;][vc_column_text][\/vc_column_text][vc_column_text][\/vc_column_text][\/vc_column][vc_column width=&#8221;1\/3&#8243;][\/vc_column][\/vc_row][vc_row css=&#8221;.vc_custom_1715676046422{padding-top: 20px !important;}&#8221;][vc_column][vc_text_separator title=&#8221;UTST\u00c4LLARE 2025&#8243;][\/vc_column][\/vc_row][vc_row][vc_column width=&#8221;1\/3&#8243;][vc_column_text] [\/vc_column_text][vc_column_text][\/vc_column_text][\/vc_column][vc_column width=&#8221;1\/3&#8243;][vc_column_text][\/vc_column_text][vc_column_text][\/vc_column_text][\/vc_column][vc_column width=&#8221;1\/3&#8243;][vc_column_text] [\/vc_column_text][vc_column_text][\/vc_column_text][\/vc_column][\/vc_row][\/vc_section]","og_url":"https:\/\/insightevents.se\/contactcenter\/utstallare\/","og_site_name":"Contact Center","article_modified_time":"2025-10-03T10:32:52+00:00","og_image":[{"width":400,"height":200,"url":"https:\/\/insightevents.se\/contactcenter\/wp-content\/uploads\/sites\/16\/2025\/07\/nice-logo25.png","type":"image\/png"}],"twitter_card":"summary_large_image","twitter_misc":{"Ber\u00e4knad l\u00e4stid":"3 minuter"},"schema":{"@context":"https:\/\/schema.org","@graph":[{"@type":"WebPage","@id":"https:\/\/insightevents.se\/contactcenter\/utstallare\/","url":"https:\/\/insightevents.se\/contactcenter\/utstallare\/","name":"Utst\u00e4llare - Contact Center","isPartOf":{"@id":"https:\/\/insightevents.se\/contactcenter\/#website"},"primaryImageOfPage":{"@id":"https:\/\/insightevents.se\/contactcenter\/utstallare\/#primaryimage"},"image":{"@id":"https:\/\/insightevents.se\/contactcenter\/utstallare\/#primaryimage"},"thumbnailUrl":"https:\/\/insightevents.se\/contactcenter\/wp-content\/uploads\/sites\/16\/2025\/07\/nice-logo25.png","datePublished":"2019-06-04T11:17:04+00:00","dateModified":"2025-10-03T10:32:52+00:00","breadcrumb":{"@id":"https:\/\/insightevents.se\/contactcenter\/utstallare\/#breadcrumb"},"inLanguage":"sv-SE","potentialAction":[{"@type":"ReadAction","target":["https:\/\/insightevents.se\/contactcenter\/utstallare\/"]}]},{"@type":"ImageObject","inLanguage":"sv-SE","@id":"https:\/\/insightevents.se\/contactcenter\/utstallare\/#primaryimage","url":"https:\/\/insightevents.se\/contactcenter\/wp-content\/uploads\/sites\/16\/2025\/07\/nice-logo25.png","contentUrl":"https:\/\/insightevents.se\/contactcenter\/wp-content\/uploads\/sites\/16\/2025\/07\/nice-logo25.png","width":400,"height":200},{"@type":"BreadcrumbList","@id":"https:\/\/insightevents.se\/contactcenter\/utstallare\/#breadcrumb","itemListElement":[{"@type":"ListItem","position":1,"name":"Hem","item":"https:\/\/insightevents.se\/contactcenter\/"},{"@type":"ListItem","position":2,"name":"Utst\u00e4llare"}]},{"@type":"WebSite","@id":"https:\/\/insightevents.se\/contactcenter\/#website","url":"https:\/\/insightevents.se\/contactcenter\/","name":"Contact Center","description":"Skapa en kundservice i v\u00e4rldsklass","potentialAction":[{"@type":"SearchAction","target":{"@type":"EntryPoint","urlTemplate":"https:\/\/insightevents.se\/contactcenter\/?s={search_term_string}"},"query-input":{"@type":"PropertyValueSpecification","valueRequired":true,"valueName":"search_term_string"}}],"inLanguage":"sv-SE"}]}},"_links":{"self":[{"href":"https:\/\/insightevents.se\/contactcenter\/wp-json\/wp\/v2\/pages\/52","targetHints":{"allow":["GET"]}}],"collection":[{"href":"https:\/\/insightevents.se\/contactcenter\/wp-json\/wp\/v2\/pages"}],"about":[{"href":"https:\/\/insightevents.se\/contactcenter\/wp-json\/wp\/v2\/types\/page"}],"author":[{"embeddable":true,"href":"https:\/\/insightevents.se\/contactcenter\/wp-json\/wp\/v2\/users\/1"}],"replies":[{"embeddable":true,"href":"https:\/\/insightevents.se\/contactcenter\/wp-json\/wp\/v2\/comments?post=52"}],"version-history":[{"count":70,"href":"https:\/\/insightevents.se\/contactcenter\/wp-json\/wp\/v2\/pages\/52\/revisions"}],"predecessor-version":[{"id":10155,"href":"https:\/\/insightevents.se\/contactcenter\/wp-json\/wp\/v2\/pages\/52\/revisions\/10155"}],"wp:attachment":[{"href":"https:\/\/insightevents.se\/contactcenter\/wp-json\/wp\/v2\/media?parent=52"}],"curies":[{"name":"wp","href":"https:\/\/api.w.org\/{rel}","templated":true}]}}