{"id":104,"date":"2022-02-01T12:57:46","date_gmt":"2022-02-01T11:57:46","guid":{"rendered":"https:\/\/insightevents.se\/cybersakerhet\/?page_id=104"},"modified":"2023-10-16T08:40:50","modified_gmt":"2023-10-16T06:40:50","slug":"partners","status":"publish","type":"page","link":"https:\/\/insightevents.se\/cybersakerhet\/partners\/","title":{"rendered":"Partners"},"content":{"rendered":"<div class=\"wpb-content-wrapper\"><p>[vc_section][vc_row][vc_column]<div class=\"wpb_content_element \"><style type=\"text\/css\">#ut_header_69e4b2d977f5f h1.section-title { font-size:40px !important; }<\/style><header id=\"ut_header_69e4b2d977f5f\" class=\"section-header  ut-no-title-linebreak-mobile ut-no-lead-linebreak-mobile pt-style-2 header-center header-tablet-center header-mobile-center\"><h1 data-title=\"PARTNERS\"  data-responsive-font=\"section_title\" data-responsive-font-settings=\"{&quot;base-font-size&quot;:&quot;40&quot;,&quot;font-size-unit&quot;:&quot;px&quot;,&quot;font-size&quot;:{&quot;desktop_large&quot;:&quot;40&quot;},&quot;base-line-height&quot;:&quot;global&quot;,&quot;base-letter-spacing&quot;:&quot;global&quot;}\" class=\"section-title  \"><span>PARTNERS<\/span><\/h1><\/header><\/div>[vc_row_inner disable_element=&#8221;yes&#8221;][vc_column_inner width=&#8221;1\/4&#8243;]<div  class=\"wpb_content_element   clearfix\"><style type=\"text\/css\">#ut_am_69e4b2d97b612 { opacity: 1; }#ut_am_wrap_69e4b2d97b613 .ut-image-gallery-item-caption-title h3 { letter-spacing: 0em; }#ut_am_wrap_69e4b2d97b613 .ut-gallery-slider-caption { font-weight: bold; }#ut_am_wrap_69e4b2d97b613 { text-align: center; }@media (min-width: 768px) and (max-width: 1024px) { #ut_am_wrap_69e4b2d97b613 { text-align: center !important; } }@media (max-width: 767px) { #ut_am_wrap_69e4b2d97b613 { text-align: center !important; } }<\/style><div id=\"ut_am_wrap_69e4b2d97b613\" class=\"ut-image-gallery-image \"><div id=\"ut_reveal_69e4b2d97b615\"  data-appear-top-offset=\"auto\" class=\"ut-animated-image-item ut-image-gallery-item ut-animation-done \"><a target=\"_blank\" href=\"https:\/\/www.combitech.se\/\" ><div class=\"ut-animated-image-zoom\"><img loading=\"lazy\" decoding=\"async\" class=\"ut-lazy skip-lazy ut-animated-image \"  id=\"ut_am_69e4b2d97b612\" src=\"data:image\/svg+xml;charset=utf-8,%3Csvg xmlns%3D'http%3A%2F%2Fwww.w3.org%2F2000%2Fsvg' viewBox%3D'0 0 200 100'%2F%3E\" data-src=\"https:\/\/insightevents.se\/cybersakerhet\/wp-content\/uploads\/sites\/17\/2022\/04\/combitech.png\" width=\"200\" height=\"100\" alt=\"\"\/><\/div><\/a><\/div><\/div><\/div>[\/vc_column_inner][vc_column_inner width=&#8221;3\/4&#8243;][vc_column_text]<\/p>\n<h2>COMBITECH<\/h2>\n<p>Combitech \u00e4r Nordens ledande konsult och l\u00f6sningsf\u00f6retag inom cybers\u00e4kerhet med \u00f6ver 260 certifierade konsulter som hj\u00e4lper f\u00f6retag och myndigheter att f\u00f6rhindra och hantera cyberhot. Genom v\u00e5rt arbete skapar vi f\u00f6ruts\u00e4ttningar som g\u00f6r att verksamheter kan koncentrera sig p\u00e5 sina k\u00e4rnverksamheter, ta tillvara p\u00e5 nya aff\u00e4rsm\u00f6jligheter och skydda f\u00f6rtroendefulla relationer med anst\u00e4llda, kunder och andra intressenter.<\/p>\n<p>Vi utvecklar kontinuerligt metoder och koncept som bidrar till v\u00e5ra kunders s\u00e4kerhet och effektivitet. D\u00e4rut\u00f6ver erbjuder vi f\u00f6rstklassig laboratorie- och testutrustning inom cybers\u00e4kerhet. Vi hj\u00e4lper dig att f\u00f6lja lagar och regler och i v\u00e5rt arbete f\u00f6ljer vi branschledande standarder.[\/vc_column_text][\/vc_column_inner][\/vc_row_inner][vc_row_inner disable_element=&#8221;yes&#8221;][vc_column_inner width=&#8221;1\/4&#8243;]<div  class=\"wpb_content_element   clearfix\"><style type=\"text\/css\">#ut_am_69e4b2d97b9ef { opacity: 1; }#ut_am_wrap_69e4b2d97b9f0 .ut-image-gallery-item-caption-title h3 { letter-spacing: 0em; }#ut_am_wrap_69e4b2d97b9f0 .ut-gallery-slider-caption { font-weight: bold; }#ut_am_wrap_69e4b2d97b9f0 { text-align: center; }@media (min-width: 768px) and (max-width: 1024px) { #ut_am_wrap_69e4b2d97b9f0 { text-align: center !important; } }@media (max-width: 767px) { #ut_am_wrap_69e4b2d97b9f0 { text-align: center !important; } }<\/style><div id=\"ut_am_wrap_69e4b2d97b9f0\" class=\"ut-image-gallery-image \"><div id=\"ut_reveal_69e4b2d97b9f1\"  data-appear-top-offset=\"auto\" class=\"ut-animated-image-item ut-image-gallery-item ut-animation-done \"><a target=\"_blank\" href=\"https:\/\/www.fortinet.com\/\" ><div class=\"ut-animated-image-zoom\"><img loading=\"lazy\" decoding=\"async\" class=\"ut-lazy skip-lazy ut-animated-image \"  id=\"ut_am_69e4b2d97b9ef\" src=\"data:image\/svg+xml;charset=utf-8,%3Csvg xmlns%3D'http%3A%2F%2Fwww.w3.org%2F2000%2Fsvg' viewBox%3D'0 0 200 100'%2F%3E\" data-src=\"https:\/\/insightevents.se\/cybersakerhet\/wp-content\/uploads\/sites\/17\/2022\/03\/fortinet-logo.png\" width=\"200\" height=\"100\" alt=\"\"\/><\/div><\/a><\/div><\/div><\/div>[\/vc_column_inner][vc_column_inner width=&#8221;3\/4&#8243;][vc_column_text]<\/p>\n<h2>FORTINET<\/h2>\n<p>Fortinet \u00e4r en global leverant\u00f6r av cybers\u00e4kerhetsl\u00f6sningar som s\u00e4kerst\u00e4ller att du kan ligga i framkant med digitalisering och innovation, utan att beh\u00f6va tumma p\u00e5 varken s\u00e4kerhet eller effektivitet. Vi m\u00f6jligg\u00f6r en digital tillvaro som du alltid kan lita p\u00e5, genom v\u00e5r mission att skydda m\u00e4nniskor, enheter och data \u2013 oavsett var de befinner sig. M\u00e5nga av v\u00e4rldens st\u00f6rsta f\u00f6retag och organisationer v\u00e4ljer Fortinet f\u00f6r att kunna accelerera sin digitaliseringsresa p\u00e5 ett s\u00e4kert s\u00e4tt. Plattformen Fortinet Security Fabric ger ett brett, integrerat och automatiserat skydd f\u00f6r hela den digitala attackytan, genom att s\u00e4kra kritiska enheter, data, applikationer samt uppkopplingar fr\u00e5n datacentret till molnet s\u00e5v\u00e4l som till hemkontoret. Som den vanligast f\u00f6rekommande cybers\u00e4kerhetsl\u00f6sningen i v\u00e4rlden, har mer \u00e4n 565\u00a0000 kunder valt att lita p\u00e5 Fortinet f\u00f6r att skydda deras verksamhet.[\/vc_column_text][\/vc_column_inner][\/vc_row_inner][vc_row_inner][vc_column_inner width=&#8221;1\/4&#8243;][vc_column_text]<a href=\"https:\/\/advisense.com\/\"><img loading=\"lazy\" decoding=\"async\" class=\" wp-image-426 aligncenter\" src=\"https:\/\/insightevents.se\/cybersakerhet\/wp-content\/uploads\/sites\/17\/2023\/10\/advisense-logo23.png\" alt=\"\" width=\"200\" height=\"100\" \/><\/a>[\/vc_column_text][\/vc_column_inner][vc_column_inner width=&#8221;3\/4&#8243;][vc_column_text]<\/p>\n<h2>ADVISENSE<\/h2>\n<p>FCG och Transcendent Group har tillsammans bildat Advisense, ett marknadsledande expertf\u00f6retag\u00a0i Europa\u00a0inom governance, risk och compliance med r\u00e5dgivning och techl\u00f6sningar i framkant. Sedan 2008 har vi kombinerat expertis inom regelverk, s\u00e4kerhet, teknologi och riskhantering\u00a0f\u00f6r att\u00a0st\u00f6tta v\u00e5ra kunder med ledande insikter och praktisk erfarenhet.[\/vc_column_text][\/vc_column_inner][\/vc_row_inner][vc_row_inner][vc_column_inner width=&#8221;1\/4&#8243;][vc_column_text]<a href=\"https:\/\/www.springflod.se\/\"><img loading=\"lazy\" decoding=\"async\" class=\"alignnone wp-image-404 aligncenter\" src=\"https:\/\/insightevents.se\/cybersakerhet\/wp-content\/uploads\/sites\/17\/2023\/09\/springflod-logo23.png\" alt=\"\" width=\"200\" height=\"100\" \/><\/a>[\/vc_column_text][\/vc_column_inner][vc_column_inner width=&#8221;3\/4&#8243;][vc_column_text]<\/p>\n<h2>SPRINGFLOD<\/h2>\n<p>Springflod \u00e4r en konsultbyr\u00e5\u00a0inom cybers\u00e4kerhet med fokus p\u00e5 bank och finans.<br \/>\nF\u00f6retaget arbetar med r\u00e5dgivning inom cybers\u00e4kerhet r\u00f6rande bland annat compliance och operativ riskkontroll,\u00a0s\u00e4ker mjukvaruutveckling\u00a0enligt DevOps samt dataskyddsfr\u00e5gor. De \u00e4r sedan 2013 baserade i Stockholm.<\/p>\n<p>[\/vc_column_text][\/vc_column_inner][\/vc_row_inner][vc_row_inner][vc_column_inner width=&#8221;1\/4&#8243;]<div  class=\"wpb_content_element   clearfix\"><style type=\"text\/css\">#ut_am_69e4b2d97bdb6 { opacity: 1; }#ut_am_wrap_69e4b2d97bdb8 .ut-image-gallery-item-caption-title h3 { letter-spacing: 0em; }#ut_am_wrap_69e4b2d97bdb8 .ut-gallery-slider-caption { font-weight: bold; }#ut_am_wrap_69e4b2d97bdb8 { text-align: left; }@media (min-width: 768px) and (max-width: 1024px) { #ut_am_wrap_69e4b2d97bdb8 { text-align: left !important; } }@media (max-width: 767px) { #ut_am_wrap_69e4b2d97bdb8 { text-align: center !important; } }<\/style><div id=\"ut_am_wrap_69e4b2d97bdb8\" class=\"ut-image-gallery-image \"><div id=\"ut_reveal_69e4b2d97bdb9\"  data-appear-top-offset=\"auto\" class=\"ut-animated-image-item ut-image-gallery-item ut-animation-done \"><a class=\"ut-deactivated-link\" href=\"#\"><div class=\"ut-animated-image-zoom\"><img loading=\"lazy\" decoding=\"async\" class=\"ut-lazy skip-lazy ut-animated-image \"  id=\"ut_am_69e4b2d97bdb6\" src=\"data:image\/svg+xml;charset=utf-8,%3Csvg xmlns%3D'http%3A%2F%2Fwww.w3.org%2F2000%2Fsvg' viewBox%3D'0 0 325 217'%2F%3E\" data-src=\"https:\/\/insightevents.se\/cybersakerhet\/wp-content\/uploads\/sites\/17\/2022\/02\/pexels-photo-2148217-325x217.jpeg\" width=\"325\" height=\"217\" alt=\"\"\/><\/div><\/a><\/div><\/div><\/div>[\/vc_column_inner][vc_column_inner width=&#8221;1\/4&#8243;]<div  class=\"wpb_content_element   clearfix\"><style type=\"text\/css\">#ut_am_69e4b2d97c0ef { opacity: 1; }#ut_am_wrap_69e4b2d97c0f0 .ut-image-gallery-item-caption-title h3 { letter-spacing: 0em; }#ut_am_wrap_69e4b2d97c0f0 .ut-gallery-slider-caption { font-weight: bold; }#ut_am_wrap_69e4b2d97c0f0 { text-align: left; }@media (min-width: 768px) and (max-width: 1024px) { #ut_am_wrap_69e4b2d97c0f0 { text-align: left !important; } }@media (max-width: 767px) { #ut_am_wrap_69e4b2d97c0f0 { text-align: center !important; } }<\/style><div id=\"ut_am_wrap_69e4b2d97c0f0\" class=\"ut-image-gallery-image \"><div id=\"ut_reveal_69e4b2d97c0f1\"  data-appear-top-offset=\"auto\" class=\"ut-animated-image-item ut-image-gallery-item ut-animation-done \"><a class=\"ut-deactivated-link\" href=\"#\"><div class=\"ut-animated-image-zoom\"><img loading=\"lazy\" decoding=\"async\" class=\"ut-lazy skip-lazy ut-animated-image \"  id=\"ut_am_69e4b2d97c0ef\" src=\"data:image\/svg+xml;charset=utf-8,%3Csvg xmlns%3D'http%3A%2F%2Fwww.w3.org%2F2000%2Fsvg' viewBox%3D'0 0 325 217'%2F%3E\" data-src=\"https:\/\/insightevents.se\/cybersakerhet\/wp-content\/uploads\/sites\/17\/2022\/02\/pexels-photo-1194713-325x217.jpeg\" width=\"325\" height=\"217\" alt=\"\"\/><\/div><\/a><\/div><\/div><\/div>[\/vc_column_inner][vc_column_inner width=&#8221;1\/4&#8243;]<div  class=\"wpb_content_element   clearfix\"><style type=\"text\/css\">#ut_am_69e4b2d97c452 { opacity: 1; }#ut_am_wrap_69e4b2d97c454 .ut-image-gallery-item-caption-title h3 { letter-spacing: 0em; }#ut_am_wrap_69e4b2d97c454 .ut-gallery-slider-caption { font-weight: bold; }#ut_am_wrap_69e4b2d97c454 { text-align: left; }@media (min-width: 768px) and (max-width: 1024px) { #ut_am_wrap_69e4b2d97c454 { text-align: left !important; } }@media (max-width: 767px) { #ut_am_wrap_69e4b2d97c454 { text-align: center !important; } }<\/style><div id=\"ut_am_wrap_69e4b2d97c454\" class=\"ut-image-gallery-image \"><div id=\"ut_reveal_69e4b2d97c455\"  data-appear-top-offset=\"auto\" class=\"ut-animated-image-item ut-image-gallery-item ut-animation-done \"><a class=\"ut-deactivated-link\" href=\"#\"><div class=\"ut-animated-image-zoom\"><img loading=\"lazy\" decoding=\"async\" class=\"ut-lazy skip-lazy ut-animated-image \"  id=\"ut_am_69e4b2d97c452\" src=\"data:image\/svg+xml;charset=utf-8,%3Csvg xmlns%3D'http%3A%2F%2Fwww.w3.org%2F2000%2Fsvg' viewBox%3D'0 0 325 217'%2F%3E\" data-src=\"https:\/\/insightevents.se\/cybersakerhet\/wp-content\/uploads\/sites\/17\/2022\/02\/pexels-photo-1356300-325x217.jpeg\" width=\"325\" height=\"217\" alt=\"\"\/><\/div><\/a><\/div><\/div><\/div>[\/vc_column_inner][vc_column_inner width=&#8221;1\/4&#8243;]<div  class=\"wpb_content_element   clearfix\"><style type=\"text\/css\">#ut_am_69e4b2d97c7af { opacity: 1; }#ut_am_wrap_69e4b2d97c7b0 .ut-image-gallery-item-caption-title h3 { letter-spacing: 0em; }#ut_am_wrap_69e4b2d97c7b0 .ut-gallery-slider-caption { font-weight: bold; }#ut_am_wrap_69e4b2d97c7b0 { text-align: left; }@media (min-width: 768px) and (max-width: 1024px) { #ut_am_wrap_69e4b2d97c7b0 { text-align: left !important; } }@media (max-width: 767px) { #ut_am_wrap_69e4b2d97c7b0 { text-align: center !important; } }<\/style><div id=\"ut_am_wrap_69e4b2d97c7b0\" class=\"ut-image-gallery-image \"><div id=\"ut_reveal_69e4b2d97c7b1\"  data-appear-top-offset=\"auto\" class=\"ut-animated-image-item ut-image-gallery-item ut-animation-done \"><a class=\"ut-deactivated-link\" href=\"#\"><div class=\"ut-animated-image-zoom\"><img loading=\"lazy\" decoding=\"async\" class=\"ut-lazy skip-lazy ut-animated-image \"  id=\"ut_am_69e4b2d97c7af\" src=\"data:image\/svg+xml;charset=utf-8,%3Csvg xmlns%3D'http%3A%2F%2Fwww.w3.org%2F2000%2Fsvg' viewBox%3D'0 0 325 217'%2F%3E\" data-src=\"https:\/\/insightevents.se\/cybersakerhet\/wp-content\/uploads\/sites\/17\/2022\/02\/pexels-photo-735911-325x217.jpeg\" width=\"325\" height=\"217\" alt=\"\"\/><\/div><\/a><\/div><\/div><\/div>[\/vc_column_inner][\/vc_row_inner][\/vc_column][\/vc_row][\/vc_section]<\/p>\n<\/div>","protected":false},"excerpt":{"rendered":"<p>[vc_section][vc_row][vc_column][vc_row_inner disable_element=&#8221;yes&#8221;][vc_column_inner width=&#8221;1\/4&#8243;][\/vc_column_inner][vc_column_inner width=&#8221;3\/4&#8243;][vc_column_text] COMBITECH Combitech \u00e4r Nordens ledande konsult och l\u00f6sningsf\u00f6retag inom cybers\u00e4kerhet med \u00f6ver 260 certifierade konsulter som hj\u00e4lper f\u00f6retag och myndigheter att f\u00f6rhindra och hantera cyberhot. Genom v\u00e5rt arbete skapar vi f\u00f6ruts\u00e4ttningar som g\u00f6r att verksamheter kan koncentrera sig p\u00e5 sina k\u00e4rnverksamheter, ta tillvara p\u00e5 nya aff\u00e4rsm\u00f6jligheter och skydda f\u00f6rtroendefulla relationer med [&hellip;]<\/p>\n","protected":false},"author":1,"featured_media":0,"parent":0,"menu_order":0,"comment_status":"closed","ping_status":"closed","template":"","meta":{"_acf_changed":false,"footnotes":""},"class_list":["post-104","page","type-page","status-publish","hentry"],"acf":[],"yoast_head":"<!-- This site is optimized with the Yoast SEO plugin v27.3 - https:\/\/yoast.com\/product\/yoast-seo-wordpress\/ -->\n<title>Partners - Cybers\u00e4kerhet inom den finansiella sektorn<\/title>\n<meta name=\"robots\" content=\"index, follow, max-snippet:-1, max-image-preview:large, max-video-preview:-1\" \/>\n<link rel=\"canonical\" href=\"https:\/\/insightevents.se\/cybersakerhet\/partners\/\" \/>\n<meta property=\"og:locale\" content=\"sv_SE\" \/>\n<meta property=\"og:type\" content=\"article\" \/>\n<meta property=\"og:title\" content=\"Partners - Cybers\u00e4kerhet inom den finansiella sektorn\" \/>\n<meta property=\"og:description\" content=\"[vc_section][vc_row][vc_column][vc_row_inner disable_element=&#8221;yes&#8221;][vc_column_inner width=&#8221;1\/4&#8243;][\/vc_column_inner][vc_column_inner width=&#8221;3\/4&#8243;][vc_column_text] COMBITECH Combitech \u00e4r Nordens ledande konsult och l\u00f6sningsf\u00f6retag inom cybers\u00e4kerhet med \u00f6ver 260 certifierade konsulter som hj\u00e4lper f\u00f6retag och myndigheter att f\u00f6rhindra och hantera cyberhot. Genom v\u00e5rt arbete skapar vi f\u00f6ruts\u00e4ttningar som g\u00f6r att verksamheter kan koncentrera sig p\u00e5 sina k\u00e4rnverksamheter, ta tillvara p\u00e5 nya aff\u00e4rsm\u00f6jligheter och skydda f\u00f6rtroendefulla relationer med [&hellip;]\" \/>\n<meta property=\"og:url\" content=\"https:\/\/insightevents.se\/cybersakerhet\/partners\/\" \/>\n<meta property=\"og:site_name\" content=\"Cybers\u00e4kerhet inom den finansiella sektorn\" \/>\n<meta property=\"article:modified_time\" content=\"2023-10-16T06:40:50+00:00\" \/>\n<meta property=\"og:image\" content=\"https:\/\/insightevents.se\/cybersakerhet\/wp-content\/uploads\/sites\/17\/2023\/10\/advisense-logo23.png\" \/>\n<meta name=\"twitter:card\" content=\"summary_large_image\" \/>\n<meta name=\"twitter:label1\" content=\"Ber\u00e4knad l\u00e4stid\" \/>\n\t<meta name=\"twitter:data1\" content=\"5 minuter\" \/>\n<script type=\"application\/ld+json\" class=\"yoast-schema-graph\">{\"@context\":\"https:\\\/\\\/schema.org\",\"@graph\":[{\"@type\":\"WebPage\",\"@id\":\"https:\\\/\\\/insightevents.se\\\/cybersakerhet\\\/partners\\\/\",\"url\":\"https:\\\/\\\/insightevents.se\\\/cybersakerhet\\\/partners\\\/\",\"name\":\"Partners - Cybers\u00e4kerhet inom den finansiella sektorn\",\"isPartOf\":{\"@id\":\"https:\\\/\\\/insightevents.se\\\/cybersakerhet\\\/#website\"},\"primaryImageOfPage\":{\"@id\":\"https:\\\/\\\/insightevents.se\\\/cybersakerhet\\\/partners\\\/#primaryimage\"},\"image\":{\"@id\":\"https:\\\/\\\/insightevents.se\\\/cybersakerhet\\\/partners\\\/#primaryimage\"},\"thumbnailUrl\":\"https:\\\/\\\/insightevents.se\\\/cybersakerhet\\\/wp-content\\\/uploads\\\/sites\\\/17\\\/2023\\\/10\\\/advisense-logo23.png\",\"datePublished\":\"2022-02-01T11:57:46+00:00\",\"dateModified\":\"2023-10-16T06:40:50+00:00\",\"breadcrumb\":{\"@id\":\"https:\\\/\\\/insightevents.se\\\/cybersakerhet\\\/partners\\\/#breadcrumb\"},\"inLanguage\":\"sv-SE\",\"potentialAction\":[{\"@type\":\"ReadAction\",\"target\":[\"https:\\\/\\\/insightevents.se\\\/cybersakerhet\\\/partners\\\/\"]}]},{\"@type\":\"ImageObject\",\"inLanguage\":\"sv-SE\",\"@id\":\"https:\\\/\\\/insightevents.se\\\/cybersakerhet\\\/partners\\\/#primaryimage\",\"url\":\"https:\\\/\\\/insightevents.se\\\/cybersakerhet\\\/wp-content\\\/uploads\\\/sites\\\/17\\\/2023\\\/10\\\/advisense-logo23.png\",\"contentUrl\":\"https:\\\/\\\/insightevents.se\\\/cybersakerhet\\\/wp-content\\\/uploads\\\/sites\\\/17\\\/2023\\\/10\\\/advisense-logo23.png\",\"width\":400,\"height\":200},{\"@type\":\"BreadcrumbList\",\"@id\":\"https:\\\/\\\/insightevents.se\\\/cybersakerhet\\\/partners\\\/#breadcrumb\",\"itemListElement\":[{\"@type\":\"ListItem\",\"position\":1,\"name\":\"Hem\",\"item\":\"https:\\\/\\\/insightevents.se\\\/cybersakerhet\\\/\"},{\"@type\":\"ListItem\",\"position\":2,\"name\":\"Partners\"}]},{\"@type\":\"WebSite\",\"@id\":\"https:\\\/\\\/insightevents.se\\\/cybersakerhet\\\/#website\",\"url\":\"https:\\\/\\\/insightevents.se\\\/cybersakerhet\\\/\",\"name\":\"Cybers\u00e4kerhet inom den finansiella sektorn\",\"description\":\"\u00c4nnu en webbplats hos Insight Events Sweden Websites\",\"potentialAction\":[{\"@type\":\"SearchAction\",\"target\":{\"@type\":\"EntryPoint\",\"urlTemplate\":\"https:\\\/\\\/insightevents.se\\\/cybersakerhet\\\/?s={search_term_string}\"},\"query-input\":{\"@type\":\"PropertyValueSpecification\",\"valueRequired\":true,\"valueName\":\"search_term_string\"}}],\"inLanguage\":\"sv-SE\"}]}<\/script>\n<!-- \/ Yoast SEO plugin. -->","yoast_head_json":{"title":"Partners - Cybers\u00e4kerhet inom den finansiella sektorn","robots":{"index":"index","follow":"follow","max-snippet":"max-snippet:-1","max-image-preview":"max-image-preview:large","max-video-preview":"max-video-preview:-1"},"canonical":"https:\/\/insightevents.se\/cybersakerhet\/partners\/","og_locale":"sv_SE","og_type":"article","og_title":"Partners - Cybers\u00e4kerhet inom den finansiella sektorn","og_description":"[vc_section][vc_row][vc_column][vc_row_inner disable_element=&#8221;yes&#8221;][vc_column_inner width=&#8221;1\/4&#8243;][\/vc_column_inner][vc_column_inner width=&#8221;3\/4&#8243;][vc_column_text] COMBITECH Combitech \u00e4r Nordens ledande konsult och l\u00f6sningsf\u00f6retag inom cybers\u00e4kerhet med \u00f6ver 260 certifierade konsulter som hj\u00e4lper f\u00f6retag och myndigheter att f\u00f6rhindra och hantera cyberhot. Genom v\u00e5rt arbete skapar vi f\u00f6ruts\u00e4ttningar som g\u00f6r att verksamheter kan koncentrera sig p\u00e5 sina k\u00e4rnverksamheter, ta tillvara p\u00e5 nya aff\u00e4rsm\u00f6jligheter och skydda f\u00f6rtroendefulla relationer med [&hellip;]","og_url":"https:\/\/insightevents.se\/cybersakerhet\/partners\/","og_site_name":"Cybers\u00e4kerhet inom den finansiella sektorn","article_modified_time":"2023-10-16T06:40:50+00:00","og_image":[{"url":"https:\/\/insightevents.se\/cybersakerhet\/wp-content\/uploads\/sites\/17\/2023\/10\/advisense-logo23.png","type":"","width":"","height":""}],"twitter_card":"summary_large_image","twitter_misc":{"Ber\u00e4knad l\u00e4stid":"5 minuter"},"schema":{"@context":"https:\/\/schema.org","@graph":[{"@type":"WebPage","@id":"https:\/\/insightevents.se\/cybersakerhet\/partners\/","url":"https:\/\/insightevents.se\/cybersakerhet\/partners\/","name":"Partners - Cybers\u00e4kerhet inom den finansiella sektorn","isPartOf":{"@id":"https:\/\/insightevents.se\/cybersakerhet\/#website"},"primaryImageOfPage":{"@id":"https:\/\/insightevents.se\/cybersakerhet\/partners\/#primaryimage"},"image":{"@id":"https:\/\/insightevents.se\/cybersakerhet\/partners\/#primaryimage"},"thumbnailUrl":"https:\/\/insightevents.se\/cybersakerhet\/wp-content\/uploads\/sites\/17\/2023\/10\/advisense-logo23.png","datePublished":"2022-02-01T11:57:46+00:00","dateModified":"2023-10-16T06:40:50+00:00","breadcrumb":{"@id":"https:\/\/insightevents.se\/cybersakerhet\/partners\/#breadcrumb"},"inLanguage":"sv-SE","potentialAction":[{"@type":"ReadAction","target":["https:\/\/insightevents.se\/cybersakerhet\/partners\/"]}]},{"@type":"ImageObject","inLanguage":"sv-SE","@id":"https:\/\/insightevents.se\/cybersakerhet\/partners\/#primaryimage","url":"https:\/\/insightevents.se\/cybersakerhet\/wp-content\/uploads\/sites\/17\/2023\/10\/advisense-logo23.png","contentUrl":"https:\/\/insightevents.se\/cybersakerhet\/wp-content\/uploads\/sites\/17\/2023\/10\/advisense-logo23.png","width":400,"height":200},{"@type":"BreadcrumbList","@id":"https:\/\/insightevents.se\/cybersakerhet\/partners\/#breadcrumb","itemListElement":[{"@type":"ListItem","position":1,"name":"Hem","item":"https:\/\/insightevents.se\/cybersakerhet\/"},{"@type":"ListItem","position":2,"name":"Partners"}]},{"@type":"WebSite","@id":"https:\/\/insightevents.se\/cybersakerhet\/#website","url":"https:\/\/insightevents.se\/cybersakerhet\/","name":"Cybers\u00e4kerhet inom den finansiella sektorn","description":"\u00c4nnu en webbplats hos Insight Events Sweden Websites","potentialAction":[{"@type":"SearchAction","target":{"@type":"EntryPoint","urlTemplate":"https:\/\/insightevents.se\/cybersakerhet\/?s={search_term_string}"},"query-input":{"@type":"PropertyValueSpecification","valueRequired":true,"valueName":"search_term_string"}}],"inLanguage":"sv-SE"}]}},"_links":{"self":[{"href":"https:\/\/insightevents.se\/cybersakerhet\/wp-json\/wp\/v2\/pages\/104","targetHints":{"allow":["GET"]}}],"collection":[{"href":"https:\/\/insightevents.se\/cybersakerhet\/wp-json\/wp\/v2\/pages"}],"about":[{"href":"https:\/\/insightevents.se\/cybersakerhet\/wp-json\/wp\/v2\/types\/page"}],"author":[{"embeddable":true,"href":"https:\/\/insightevents.se\/cybersakerhet\/wp-json\/wp\/v2\/users\/1"}],"replies":[{"embeddable":true,"href":"https:\/\/insightevents.se\/cybersakerhet\/wp-json\/wp\/v2\/comments?post=104"}],"version-history":[{"count":20,"href":"https:\/\/insightevents.se\/cybersakerhet\/wp-json\/wp\/v2\/pages\/104\/revisions"}],"predecessor-version":[{"id":428,"href":"https:\/\/insightevents.se\/cybersakerhet\/wp-json\/wp\/v2\/pages\/104\/revisions\/428"}],"wp:attachment":[{"href":"https:\/\/insightevents.se\/cybersakerhet\/wp-json\/wp\/v2\/media?parent=104"}],"curies":[{"name":"wp","href":"https:\/\/api.w.org\/{rel}","templated":true}]}}