{"id":131,"date":"2022-02-01T13:16:41","date_gmt":"2022-02-01T12:16:41","guid":{"rendered":"https:\/\/insightevents.se\/cybersakerhet\/?page_id=131"},"modified":"2026-02-12T15:35:39","modified_gmt":"2026-02-12T14:35:39","slug":"praktisk-info","status":"publish","type":"page","link":"https:\/\/insightevents.se\/cybersakerhet\/praktisk-info\/","title":{"rendered":"PRAKTISK INFO"},"content":{"rendered":"<div class=\"wpb-content-wrapper\"><p>[vc_section][vc_row equal_height=&#8221;yes&#8221;][vc_column width=&#8221;1\/2&#8243; css=&#8221;.vc_custom_1728456302860{background-image: url(https:\/\/insightevents.se\/cybersakerhet\/wp-content\/uploads\/sites\/17\/2024\/06\/pexels-photo-2582937.jpeg?id=4023) !important;background-position: center !important;background-repeat: no-repeat !important;background-size: cover !important;}&#8221;][\/vc_column][vc_column width=&#8221;1\/2&#8243;]<div class=\"wpb_content_element \"><style type=\"text\/css\">#ut_header_69dd1a5dda4bd h1.section-title { font-size:40px !important; }<\/style><header id=\"ut_header_69dd1a5dda4bd\" class=\"section-header  ut-no-title-linebreak-mobile ut-no-lead-linebreak-mobile pt-style-2 header-left header-tablet-left header-mobile-center\"><h1 data-title=\"PRAKTISK INFO\"  data-responsive-font=\"section_title\" data-responsive-font-settings=\"{&quot;base-font-size&quot;:&quot;40&quot;,&quot;font-size-unit&quot;:&quot;px&quot;,&quot;font-size&quot;:{&quot;desktop_large&quot;:&quot;40&quot;},&quot;base-line-height&quot;:&quot;global&quot;,&quot;base-letter-spacing&quot;:&quot;global&quot;}\" class=\"section-title  \"><span>PRAKTISK INFO<\/span><\/h1><\/header><\/div>[vc_column_text]<\/p>\n<h2>Datum &amp; lokal<\/h2>\n<p>2025 november<br \/>\nStockholm<\/p>\n<h2>Pris<\/h2>\n<p>Konferens \u2013 7.990kr<\/p>\n<h6>Anm\u00e4lan av deltagarbiljett \u00e4r \u00f6ppen f\u00f6r dig som arbetar strategiskt och operativ med IT- och cybers\u00e4kerhet inom den finansiella sektorn. Begr\u00e4nsat antal platser f\u00f6r b\u00e4sta interaktion och \u00f6msesidigt utbyte. \u00c4r du konsult eller leverant\u00f6r h\u00e4nvisar vi dig till v\u00e5ra partners-\/sponsorpaket och ber dig kontakta: Roland Behrendt; +46 (0)8 587 662 77,\u00a0<a href=\"mailto:roland.behrendt@insightevents.se\">roland.behrendt@insightevents.se<\/a><\/h6>\n<h6>\u00c4r du intresserad av att delta men tillh\u00f6r ej ovan funktioner, v\u00e4nligen kontakta oss p\u00e5\u00a0<a href=\"mailto:info@insightevents.se\">info@insightevents.se<\/a><\/h6>\n<h6>*Vi f\u00f6rbeh\u00e5ller oss r\u00e4tten att avb\u00f6ja bokningar som hamnar utanf\u00f6r den kategori vi avser som prim\u00e4ra m\u00e5lgruppen.<\/h6>\n<h2>Dokumentation<\/h2>\n<p>M\u00e5nga av v\u00e5ra f\u00f6redragsh\u00e5llare uppdaterar sina anf\u00f6randen i sista stund. F\u00f6r att kunna erbjuda en uppdaterad och korrekt version har vi d\u00e4rf\u00f6r valt att tillhandah\u00e5lla dokumentationerna elektroniskt. I anslutning till konferensen f\u00e5r du, via l\u00f6senord, tillg\u00e5ng till dokumentationen via webbl\u00e4nk. Vid problem med nedladdning v\u00e4nligen kontakta Kundtj\u00e4nst, tfn: 08-587 662 00. Vill du anteckna i dokumentationen rekommenderar vi att du skriver ut och tar med dig den till konferensen.<\/p>\n<h2>Bokning av hotell<\/h2>\n<p>I samband med konferensen har du m\u00f6jlighet att boka \u00f6vernattning p\u00e5 utvalda hotell i Stockholm till ett rabatterat pris. <strong>Gl\u00f6m inte att uppge avtalskoden<\/strong>.<\/p>\n<p><a href=\"https:\/\/insightevents.se\/bokning-av-hotell\/\" target=\"_blank\" rel=\"noopener noreferrer\">Se listan \u00f6ver v\u00e5ra hotell-partners h\u00e4r!<\/a><\/p>\n<h2>Anm\u00e4lningsvillkor<\/h2>\n<p><a href=\"https:\/\/insightevents.se\/regler-och-villkor\/\" target=\"_blank\" rel=\"noopener noreferrer\">V\u00e5ra anm\u00e4lningsvillkor hittar du h\u00e4r.<\/a><\/p>\n<h2>Foto\/film<\/h2>\n<p>I syfte att dokumentera och kommunicera konferensen, f\u00f6rekommer det att vi fotograferar eller filmar eventet. Det inneb\u00e4r att deltagare kan f\u00f6rekomma p\u00e5 bilderna \u00e4ven om fokus \u00e4r p\u00e5 arrangemanget i stort.[\/vc_column_text][\/vc_column][\/vc_row][vc_row][vc_column][vc_column_text]<\/p>\n<hr \/>\n<h2 style=\"text-align: center;\">Kontakt<\/h2>\n<p>[\/vc_column_text][vc_row_inner][vc_column_inner width=&#8221;1\/2&#8243;]<style type=\"text\/css\">#ut_custom_heading69dd1a5ddc091 { font-family: \"Fuggles\";font-weight:400;font-style:normal; }#ut_custom_heading69dd1a5ddc091 { font-size:28px !important; }#ut_custom_heading69dd1a5ddc091 { text-align:center; }@media (min-width: 768px) and (max-width: 1024px) { #ut_custom_heading69dd1a5ddc091 { text-align:center; } }@media (max-width: 767px) { #ut_custom_heading69dd1a5ddc091 { text-align:center; } }<\/style><div id=\"ut_custom_heading69dd1a5ddc091\" data-responsive-font=\"div\" data-responsive-font-settings=\"{&quot;base-font-size&quot;:&quot;28&quot;,&quot;font-size-unit&quot;:&quot;px&quot;,&quot;font-size&quot;:{&quot;desktop_large&quot;:&quot;28&quot;},&quot;base-line-height&quot;:&quot;global&quot;,&quot;base-letter-spacing&quot;:&quot;global&quot;}\" class=\"ut-custom-heading-module  \" ><span class=\"\" >Roland Behrendt<\/span><\/div>[vc_column_text]<\/p>\n<p style=\"text-align: center;\">Head of sponsorship &amp; exhibition<br \/>\n+46(0)8 587 662 77<br \/>\n<a href=\"mailto:roland.behrendt@insightevents.se\">roland.behrendt@insightevents.se<\/a><\/p>\n<p>[\/vc_column_text][\/vc_column_inner][vc_column_inner width=&#8221;1\/2&#8243;]<style type=\"text\/css\">#ut_custom_heading69dd1a5ddc0de { font-family: \"Courgette\";font-weight:400;font-style:normal; }#ut_custom_heading69dd1a5ddc0de { font-size:23px !important; }#ut_custom_heading69dd1a5ddc0de { text-align:center; }@media (min-width: 768px) and (max-width: 1024px) { #ut_custom_heading69dd1a5ddc0de { text-align:center; } }@media (max-width: 767px) { #ut_custom_heading69dd1a5ddc0de { text-align:center; } }<\/style><div id=\"ut_custom_heading69dd1a5ddc0de\" data-responsive-font=\"div\" data-responsive-font-settings=\"{&quot;base-font-size&quot;:&quot;23&quot;,&quot;font-size-unit&quot;:&quot;px&quot;,&quot;font-size&quot;:{&quot;desktop_large&quot;:&quot;23&quot;},&quot;base-line-height&quot;:&quot;global&quot;,&quot;base-letter-spacing&quot;:&quot;global&quot;}\" class=\"ut-custom-heading-module  \" ><span class=\"\" >Stefan Broman<\/span><\/div>[vc_column_text]<\/p>\n<p style=\"text-align: center;\">Projektledare<br \/>\n+46 (0)8 587 662 23<br \/>\n<a href=\"mailto:stefan.broman@insightevents.se\">stefan.broman@insightevents.se<\/a><\/p>\n<p>[\/vc_column_text][\/vc_column_inner][\/vc_row_inner][\/vc_column][\/vc_row][\/vc_section]<\/p>\n<\/div>","protected":false},"excerpt":{"rendered":"<p>[vc_section][vc_row equal_height=&#8221;yes&#8221;][vc_column width=&#8221;1\/2&#8243; css=&#8221;.vc_custom_1728456302860{background-image: url(https:\/\/insightevents.se\/cybersakerhet\/wp-content\/uploads\/sites\/17\/2024\/06\/pexels-photo-2582937.jpeg?id=4023) !important;background-position: center !important;background-repeat: no-repeat !important;background-size: cover !important;}&#8221;][\/vc_column][vc_column width=&#8221;1\/2&#8243;][vc_column_text] Datum &amp; lokal 2025 november Stockholm Pris Konferens \u2013 7.990kr Anm\u00e4lan av deltagarbiljett \u00e4r \u00f6ppen f\u00f6r dig som arbetar strategiskt och operativ med IT- och cybers\u00e4kerhet inom den finansiella sektorn. Begr\u00e4nsat antal platser f\u00f6r b\u00e4sta interaktion och \u00f6msesidigt utbyte. \u00c4r du konsult [&hellip;]<\/p>\n","protected":false},"author":1,"featured_media":0,"parent":0,"menu_order":0,"comment_status":"closed","ping_status":"closed","template":"","meta":{"_acf_changed":false,"footnotes":""},"class_list":["post-131","page","type-page","status-publish","hentry"],"acf":[],"yoast_head":"<!-- This site is optimized with the Yoast SEO plugin v27.3 - https:\/\/yoast.com\/product\/yoast-seo-wordpress\/ -->\n<title>PRAKTISK INFO - Cybers\u00e4kerhet inom den finansiella sektorn<\/title>\n<meta name=\"robots\" content=\"index, follow, max-snippet:-1, max-image-preview:large, max-video-preview:-1\" \/>\n<link rel=\"canonical\" href=\"https:\/\/insightevents.se\/cybersakerhet\/praktisk-info\/\" \/>\n<meta property=\"og:locale\" content=\"sv_SE\" \/>\n<meta property=\"og:type\" content=\"article\" \/>\n<meta property=\"og:title\" content=\"PRAKTISK INFO - Cybers\u00e4kerhet inom den finansiella sektorn\" \/>\n<meta property=\"og:description\" content=\"[vc_section][vc_row equal_height=&#8221;yes&#8221;][vc_column width=&#8221;1\/2&#8243; css=&#8221;.vc_custom_1728456302860{background-image: url(https:\/\/insightevents.se\/cybersakerhet\/wp-content\/uploads\/sites\/17\/2024\/06\/pexels-photo-2582937.jpeg?id=4023) !important;background-position: center !important;background-repeat: no-repeat !important;background-size: cover !important;}&#8221;][\/vc_column][vc_column width=&#8221;1\/2&#8243;][vc_column_text] Datum &amp; lokal 2025 november Stockholm Pris Konferens \u2013 7.990kr Anm\u00e4lan av deltagarbiljett \u00e4r \u00f6ppen f\u00f6r dig som arbetar strategiskt och operativ med IT- och cybers\u00e4kerhet inom den finansiella sektorn. Begr\u00e4nsat antal platser f\u00f6r b\u00e4sta interaktion och \u00f6msesidigt utbyte. \u00c4r du konsult [&hellip;]\" \/>\n<meta property=\"og:url\" content=\"https:\/\/insightevents.se\/cybersakerhet\/praktisk-info\/\" \/>\n<meta property=\"og:site_name\" content=\"Cybers\u00e4kerhet inom den finansiella sektorn\" \/>\n<meta property=\"article:modified_time\" content=\"2026-02-12T14:35:39+00:00\" \/>\n<meta name=\"twitter:card\" content=\"summary_large_image\" \/>\n<meta name=\"twitter:label1\" content=\"Ber\u00e4knad l\u00e4stid\" \/>\n\t<meta name=\"twitter:data1\" content=\"2 minuter\" \/>\n<script type=\"application\/ld+json\" class=\"yoast-schema-graph\">{\"@context\":\"https:\\\/\\\/schema.org\",\"@graph\":[{\"@type\":\"WebPage\",\"@id\":\"https:\\\/\\\/insightevents.se\\\/cybersakerhet\\\/praktisk-info\\\/\",\"url\":\"https:\\\/\\\/insightevents.se\\\/cybersakerhet\\\/praktisk-info\\\/\",\"name\":\"PRAKTISK INFO - Cybers\u00e4kerhet inom den finansiella sektorn\",\"isPartOf\":{\"@id\":\"https:\\\/\\\/insightevents.se\\\/cybersakerhet\\\/#website\"},\"datePublished\":\"2022-02-01T12:16:41+00:00\",\"dateModified\":\"2026-02-12T14:35:39+00:00\",\"breadcrumb\":{\"@id\":\"https:\\\/\\\/insightevents.se\\\/cybersakerhet\\\/praktisk-info\\\/#breadcrumb\"},\"inLanguage\":\"sv-SE\",\"potentialAction\":[{\"@type\":\"ReadAction\",\"target\":[\"https:\\\/\\\/insightevents.se\\\/cybersakerhet\\\/praktisk-info\\\/\"]}]},{\"@type\":\"BreadcrumbList\",\"@id\":\"https:\\\/\\\/insightevents.se\\\/cybersakerhet\\\/praktisk-info\\\/#breadcrumb\",\"itemListElement\":[{\"@type\":\"ListItem\",\"position\":1,\"name\":\"Hem\",\"item\":\"https:\\\/\\\/insightevents.se\\\/cybersakerhet\\\/\"},{\"@type\":\"ListItem\",\"position\":2,\"name\":\"PRAKTISK INFO\"}]},{\"@type\":\"WebSite\",\"@id\":\"https:\\\/\\\/insightevents.se\\\/cybersakerhet\\\/#website\",\"url\":\"https:\\\/\\\/insightevents.se\\\/cybersakerhet\\\/\",\"name\":\"Cybers\u00e4kerhet inom den finansiella sektorn\",\"description\":\"\u00c4nnu en webbplats hos Insight Events Sweden Websites\",\"potentialAction\":[{\"@type\":\"SearchAction\",\"target\":{\"@type\":\"EntryPoint\",\"urlTemplate\":\"https:\\\/\\\/insightevents.se\\\/cybersakerhet\\\/?s={search_term_string}\"},\"query-input\":{\"@type\":\"PropertyValueSpecification\",\"valueRequired\":true,\"valueName\":\"search_term_string\"}}],\"inLanguage\":\"sv-SE\"}]}<\/script>\n<!-- \/ Yoast SEO plugin. -->","yoast_head_json":{"title":"PRAKTISK INFO - Cybers\u00e4kerhet inom den finansiella sektorn","robots":{"index":"index","follow":"follow","max-snippet":"max-snippet:-1","max-image-preview":"max-image-preview:large","max-video-preview":"max-video-preview:-1"},"canonical":"https:\/\/insightevents.se\/cybersakerhet\/praktisk-info\/","og_locale":"sv_SE","og_type":"article","og_title":"PRAKTISK INFO - Cybers\u00e4kerhet inom den finansiella sektorn","og_description":"[vc_section][vc_row equal_height=&#8221;yes&#8221;][vc_column width=&#8221;1\/2&#8243; css=&#8221;.vc_custom_1728456302860{background-image: url(https:\/\/insightevents.se\/cybersakerhet\/wp-content\/uploads\/sites\/17\/2024\/06\/pexels-photo-2582937.jpeg?id=4023) !important;background-position: center !important;background-repeat: no-repeat !important;background-size: cover !important;}&#8221;][\/vc_column][vc_column width=&#8221;1\/2&#8243;][vc_column_text] Datum &amp; lokal 2025 november Stockholm Pris Konferens \u2013 7.990kr Anm\u00e4lan av deltagarbiljett \u00e4r \u00f6ppen f\u00f6r dig som arbetar strategiskt och operativ med IT- och cybers\u00e4kerhet inom den finansiella sektorn. Begr\u00e4nsat antal platser f\u00f6r b\u00e4sta interaktion och \u00f6msesidigt utbyte. \u00c4r du konsult [&hellip;]","og_url":"https:\/\/insightevents.se\/cybersakerhet\/praktisk-info\/","og_site_name":"Cybers\u00e4kerhet inom den finansiella sektorn","article_modified_time":"2026-02-12T14:35:39+00:00","twitter_card":"summary_large_image","twitter_misc":{"Ber\u00e4knad l\u00e4stid":"2 minuter"},"schema":{"@context":"https:\/\/schema.org","@graph":[{"@type":"WebPage","@id":"https:\/\/insightevents.se\/cybersakerhet\/praktisk-info\/","url":"https:\/\/insightevents.se\/cybersakerhet\/praktisk-info\/","name":"PRAKTISK INFO - Cybers\u00e4kerhet inom den finansiella sektorn","isPartOf":{"@id":"https:\/\/insightevents.se\/cybersakerhet\/#website"},"datePublished":"2022-02-01T12:16:41+00:00","dateModified":"2026-02-12T14:35:39+00:00","breadcrumb":{"@id":"https:\/\/insightevents.se\/cybersakerhet\/praktisk-info\/#breadcrumb"},"inLanguage":"sv-SE","potentialAction":[{"@type":"ReadAction","target":["https:\/\/insightevents.se\/cybersakerhet\/praktisk-info\/"]}]},{"@type":"BreadcrumbList","@id":"https:\/\/insightevents.se\/cybersakerhet\/praktisk-info\/#breadcrumb","itemListElement":[{"@type":"ListItem","position":1,"name":"Hem","item":"https:\/\/insightevents.se\/cybersakerhet\/"},{"@type":"ListItem","position":2,"name":"PRAKTISK INFO"}]},{"@type":"WebSite","@id":"https:\/\/insightevents.se\/cybersakerhet\/#website","url":"https:\/\/insightevents.se\/cybersakerhet\/","name":"Cybers\u00e4kerhet inom den finansiella sektorn","description":"\u00c4nnu en webbplats hos Insight Events Sweden Websites","potentialAction":[{"@type":"SearchAction","target":{"@type":"EntryPoint","urlTemplate":"https:\/\/insightevents.se\/cybersakerhet\/?s={search_term_string}"},"query-input":{"@type":"PropertyValueSpecification","valueRequired":true,"valueName":"search_term_string"}}],"inLanguage":"sv-SE"}]}},"_links":{"self":[{"href":"https:\/\/insightevents.se\/cybersakerhet\/wp-json\/wp\/v2\/pages\/131","targetHints":{"allow":["GET"]}}],"collection":[{"href":"https:\/\/insightevents.se\/cybersakerhet\/wp-json\/wp\/v2\/pages"}],"about":[{"href":"https:\/\/insightevents.se\/cybersakerhet\/wp-json\/wp\/v2\/types\/page"}],"author":[{"embeddable":true,"href":"https:\/\/insightevents.se\/cybersakerhet\/wp-json\/wp\/v2\/users\/1"}],"replies":[{"embeddable":true,"href":"https:\/\/insightevents.se\/cybersakerhet\/wp-json\/wp\/v2\/comments?post=131"}],"version-history":[{"count":18,"href":"https:\/\/insightevents.se\/cybersakerhet\/wp-json\/wp\/v2\/pages\/131\/revisions"}],"predecessor-version":[{"id":4022,"href":"https:\/\/insightevents.se\/cybersakerhet\/wp-json\/wp\/v2\/pages\/131\/revisions\/4022"}],"wp:attachment":[{"href":"https:\/\/insightevents.se\/cybersakerhet\/wp-json\/wp\/v2\/media?parent=131"}],"curies":[{"name":"wp","href":"https:\/\/api.w.org\/{rel}","templated":true}]}}