{"id":145,"date":"2022-02-01T16:18:11","date_gmt":"2022-02-01T15:18:11","guid":{"rendered":"https:\/\/insightevents.se\/cybersakerhet\/?page_id=145"},"modified":"2023-12-05T15:47:32","modified_gmt":"2023-12-05T14:47:32","slug":"anmalan","status":"publish","type":"page","link":"https:\/\/insightevents.se\/cybersakerhet\/anmalan\/","title":{"rendered":"Anm\u00e4lan"},"content":{"rendered":"<div class=\"wpb-content-wrapper\"><p>[vc_section][vc_row disable_element=&#8221;yes&#8221;][vc_column]<div class=\"wpb_content_element \"><style type=\"text\/css\">#ut_header_69e03f9c57ed3 h1.section-title { font-size:40px !important; }<\/style><header id=\"ut_header_69e03f9c57ed3\" class=\"section-header  ut-no-title-linebreak-mobile ut-no-lead-linebreak-mobile pt-style-2 header-center header-tablet-center header-mobile-center\"><h1 data-title=\"ANM\u00c4LAN\"  data-responsive-font=\"section_title\" data-responsive-font-settings=\"{&quot;base-font-size&quot;:&quot;40&quot;,&quot;font-size-unit&quot;:&quot;px&quot;,&quot;font-size&quot;:{&quot;desktop_large&quot;:&quot;40&quot;},&quot;base-line-height&quot;:&quot;global&quot;,&quot;base-letter-spacing&quot;:&quot;global&quot;}\" class=\"section-title  \"><span>ANM\u00c4LAN<\/span><\/h1><\/header><\/div><style type=\"text\/css\"><\/style><div id=\"bklyn_btn_69e03f9c59c3d\" class=\"bklyn-btn-holder  bklyn-btn-center bklyn-btn-tablet-center bklyn-btn-mobile-center\"><a title=\"\"   href=\"https:\/\/my.eventbuizz.com\/event\/cybers-kerhet-inom-den-finansiella-sektorn-2023-12143\/detail\/registration#get_register\" target=\"_self\" class=\"bklyn-btn  bklyn-btn-normal\" ><span class=\"ut-btn-text\">ANM\u00c4L DIG H\u00c4R<\/span><\/a><\/div>[\/vc_column][\/vc_row][vc_row][vc_column]<div class=\"wpb_content_element \"><style type=\"text\/css\">#ut_header_69e03f9c59ff1 h1.section-title { font-size:40px !important; }<\/style><header id=\"ut_header_69e03f9c59ff1\" class=\"section-header  ut-no-title-linebreak-mobile ut-no-lead-linebreak-mobile pt-style-2 header-center header-tablet-center header-mobile-center\"><h1 data-title=\"INTRESSEANM\u00c4LAN\"  data-responsive-font=\"section_title\" data-responsive-font-settings=\"{&quot;base-font-size&quot;:&quot;40&quot;,&quot;font-size-unit&quot;:&quot;px&quot;,&quot;font-size&quot;:{&quot;desktop_large&quot;:&quot;40&quot;},&quot;base-line-height&quot;:&quot;global&quot;,&quot;base-letter-spacing&quot;:&quot;global&quot;}\" class=\"section-title  \"><span>INTRESSEANM\u00c4LAN<\/span><\/h1><\/header><\/div>[vc_column_text]<\/p>\n<h3 style=\"text-align: center;\">Anm\u00e4lan \u00e4r inte uppe f\u00f6r n\u00e4sta g\u00e5ng, men fyll g\u00e4rna i en intresseanm\u00e4lan.<br \/>\nIntresseanm\u00e4lan \u00e4r inte bindande.<\/h3>\n<p>[\/vc_column_text][vc_column_text]<\/p>\n<p style=\"color: white; text-align: center;\"><span style=\"color: #000000;\">H\u00e4r kan du l\u00e4sa om v\u00e5ra <a style=\"color: #000000;\" href=\"https:\/\/insightevents.se\/regler-och-villkor\/\">anm\u00e4lningsvillkor<\/a><\/span><br \/>\n<span style=\"color: #000000;\">L\u00e4s mer om v\u00e5r hantering av personuppgifter p\u00e5: <a style=\"color: #000000;\" href=\"https:\/\/one-lnk.com\/x1eVcgITHJNUvWFBNOo-b71M536VGffzAJUsjTCR8ftBhf5-LaaSONRpg1OvEbNBEy8Yr8vhI2FVFK8OH0Mt2B9yw\/x1eWawA5fRqllRxtUQP_lPcz9JS2_X1aN7rliAdvq2eV2pUa1GCClkOenAnP2-UTvxuBQ_5HuIkVFQ1hm5xll936MhgJ8Fawa0VF23m2M5aNhXPp68NuT0LrblKFVfcUZ0foZer_WkNx6NvxyLtHgE_tO9KxIeDfhZVychAJZeSvDmHMk0V0KoTlxYg8yvNBVkJ_dcBU7gGaqlIx1aMvTSeS21yATCFLKoxbcBhoOEXdjQ9NPnQZ2UINHH1P69GIcy33Pj5b0SRtW_CltjcTQQLBymmn7Wq4WgKjdQGqjpCG9ojcMh1BiQ4JktOXOx29unjb8AoIHb0qOsxMCunZ-E2Rw\/x1eI-U5NB_XwKKd3LySYldBriZ8LW2I-IU4MzcDQfZ6AbtvGXqstnB1d-I3Dtu9hzbPtvwATIpJ-tThSK8dnS8hSv69saBEcrEKGuJzPhAo6oRY1vbWcILNPGo4-qThj2Mb\/\">Privacy Policy<\/a><\/span><\/p>\n<p>[\/vc_column_text][\/vc_column][\/vc_row][vc_row][vc_column width=&#8221;1\/4&#8243;][\/vc_column][vc_column width=&#8221;3\/4&#8243;][vc_column_text]<\/p>\n<p style=\"text-align: center;\"><script type=\"text\/javascript\">\n\/* <![CDATA[ *\/\nvar gform;gform||(document.addEventListener(\"gform_main_scripts_loaded\",function(){gform.scriptsLoaded=!0}),document.addEventListener(\"gform\/theme\/scripts_loaded\",function(){gform.themeScriptsLoaded=!0}),window.addEventListener(\"DOMContentLoaded\",function(){gform.domLoaded=!0}),gform={domLoaded:!1,scriptsLoaded:!1,themeScriptsLoaded:!1,isFormEditor:()=>\"function\"==typeof InitializeEditor,callIfLoaded:function(o){return!(!gform.domLoaded||!gform.scriptsLoaded||!gform.themeScriptsLoaded&&!gform.isFormEditor()||(gform.isFormEditor()&&console.warn(\"The use of gform.initializeOnLoaded() is deprecated in the form editor context and will be removed in Gravity Forms 3.1.\"),o(),0))},initializeOnLoaded:function(o){gform.callIfLoaded(o)||(document.addEventListener(\"gform_main_scripts_loaded\",()=>{gform.scriptsLoaded=!0,gform.callIfLoaded(o)}),document.addEventListener(\"gform\/theme\/scripts_loaded\",()=>{gform.themeScriptsLoaded=!0,gform.callIfLoaded(o)}),window.addEventListener(\"DOMContentLoaded\",()=>{gform.domLoaded=!0,gform.callIfLoaded(o)}))},hooks:{action:{},filter:{}},addAction:function(o,r,e,t){gform.addHook(\"action\",o,r,e,t)},addFilter:function(o,r,e,t){gform.addHook(\"filter\",o,r,e,t)},doAction:function(o){gform.doHook(\"action\",o,arguments)},applyFilters:function(o){return gform.doHook(\"filter\",o,arguments)},removeAction:function(o,r){gform.removeHook(\"action\",o,r)},removeFilter:function(o,r,e){gform.removeHook(\"filter\",o,r,e)},addHook:function(o,r,e,t,n){null==gform.hooks[o][r]&&(gform.hooks[o][r]=[]);var d=gform.hooks[o][r];null==n&&(n=r+\"_\"+d.length),gform.hooks[o][r].push({tag:n,callable:e,priority:t=null==t?10:t})},doHook:function(r,o,e){var t;if(e=Array.prototype.slice.call(e,1),null!=gform.hooks[r][o]&&((o=gform.hooks[r][o]).sort(function(o,r){return o.priority-r.priority}),o.forEach(function(o){\"function\"!=typeof(t=o.callable)&&(t=window[t]),\"action\"==r?t.apply(null,e):e[0]=t.apply(null,e)})),\"filter\"==r)return e[0]},removeHook:function(o,r,t,n){var e;null!=gform.hooks[o][r]&&(e=(e=gform.hooks[o][r]).filter(function(o,r,e){return!!(null!=n&&n!=o.tag||null!=t&&t!=o.priority)}),gform.hooks[o][r]=e)}});\n\/* ]]> *\/\n<\/script>\n\n                <div class='gf_browser_gecko gform_wrapper gform_legacy_markup_wrapper gform-theme--no-framework' data-form-theme='legacy' data-form-index='0' id='gform_wrapper_1' ><form method='post' enctype='multipart\/form-data'  id='gform_1'  action='\/cybersakerhet\/wp-json\/wp\/v2\/pages\/145' data-formid='1' novalidate>\n                        <div class='gform-body gform_body'><ul id='gform_fields_1' class='gform_fields top_label form_sublabel_below description_below validation_below'><li id=\"field_1_1\" class=\"gfield gfield--type-text gfield_contains_required field_sublabel_below gfield--no-description field_description_below field_validation_below gfield_visibility_visible\"  ><label class='gfield_label gform-field-label' for='input_1_1'>F\u00f6rnamn<span class=\"gfield_required\"><span class=\"gfield_required gfield_required_asterisk\">*<\/span><\/span><\/label><div class='ginput_container ginput_container_text'><input name='input_1' id='input_1_1' type='text' value='' class='medium'     aria-required=\"true\" aria-invalid=\"false\"   \/><\/div><\/li><li id=\"field_1_2\" class=\"gfield gfield--type-text gfield_contains_required field_sublabel_below gfield--no-description field_description_below field_validation_below gfield_visibility_visible\"  ><label class='gfield_label gform-field-label' for='input_1_2'>Efternamn<span class=\"gfield_required\"><span class=\"gfield_required gfield_required_asterisk\">*<\/span><\/span><\/label><div class='ginput_container ginput_container_text'><input name='input_2' id='input_1_2' type='text' value='' class='medium'     aria-required=\"true\" aria-invalid=\"false\"   \/><\/div><\/li><li id=\"field_1_3\" class=\"gfield gfield--type-text gfield_contains_required field_sublabel_below gfield--no-description field_description_below field_validation_below gfield_visibility_visible\"  ><label class='gfield_label gform-field-label' for='input_1_3'>F\u00f6retag<span class=\"gfield_required\"><span class=\"gfield_required gfield_required_asterisk\">*<\/span><\/span><\/label><div class='ginput_container ginput_container_text'><input name='input_3' id='input_1_3' type='text' value='' class='medium'     aria-required=\"true\" aria-invalid=\"false\"   \/><\/div><\/li><li id=\"field_1_4\" class=\"gfield gfield--type-text gfield_contains_required field_sublabel_below gfield--no-description field_description_below field_validation_below gfield_visibility_visible\"  ><label class='gfield_label gform-field-label' for='input_1_4'>E-mail<span class=\"gfield_required\"><span class=\"gfield_required gfield_required_asterisk\">*<\/span><\/span><\/label><div class='ginput_container ginput_container_text'><input name='input_4' id='input_1_4' type='text' value='' class='medium'     aria-required=\"true\" aria-invalid=\"false\"   \/><\/div><\/li><li id=\"field_1_5\" class=\"gfield gfield--type-text gfield_contains_required field_sublabel_below gfield--no-description field_description_below field_validation_below gfield_visibility_visible\"  ><label class='gfield_label gform-field-label' for='input_1_5'>Telefon<span class=\"gfield_required\"><span class=\"gfield_required gfield_required_asterisk\">*<\/span><\/span><\/label><div class='ginput_container ginput_container_text'><input name='input_5' id='input_1_5' type='text' value='' class='medium'     aria-required=\"true\" aria-invalid=\"false\"   \/><\/div><\/li><li id=\"field_1_7\" class=\"gfield gfield--type-text gfield--input-type-adminonly_hidden field_admin_only field_sublabel_below gfield--no-description field_description_below field_validation_below gfield_visibility_administrative\"  ><input name='input_7' id='input_1_7' class='gform_hidden' type='hidden' value=''\/><\/li><\/ul><\/div>\n        <div class='gform-footer gform_footer top_label'> <input type='submit' id='gform_submit_button_1' class='gform_button button' onclick='gform.submission.handleButtonClick(this);' data-submission-type='submit' value='Skicka in'  \/> \n            <input type='hidden' class='gform_hidden' name='gform_submission_method' data-js='gform_submission_method_1' value='postback' \/>\n            <input type='hidden' class='gform_hidden' name='gform_theme' data-js='gform_theme_1' id='gform_theme_1' value='legacy' \/>\n            <input type='hidden' class='gform_hidden' name='gform_style_settings' data-js='gform_style_settings_1' id='gform_style_settings_1' value='[]' \/>\n            <input type='hidden' class='gform_hidden' name='is_submit_1' value='1' \/>\n            <input type='hidden' class='gform_hidden' name='gform_submit' value='1' \/>\n            \n            <input type='hidden' class='gform_hidden' name='gform_currency' data-currency='SEK' value='QmCDVDFUrVzDdBX\/aoA6GYnoV0RmwogW\/oLuQgygge45BqJVBGvV2eh+oazWBoA3F5rsw4aWrZNzO1ttObtO++3kLOytSltpo4Slyl8R6gstBsw=' \/>\n            <input type='hidden' class='gform_hidden' name='gform_unique_id' value='' \/>\n            <input type='hidden' class='gform_hidden' name='state_1' value='WyJbXSIsIjRiZDYyYTQ1NWE2MTI3NzRkYjk4OTRhZmRiODg1ZTUyIl0=' \/>\n            <input type='hidden' autocomplete='off' class='gform_hidden' name='gform_target_page_number_1' id='gform_target_page_number_1' value='0' \/>\n            <input type='hidden' autocomplete='off' class='gform_hidden' name='gform_source_page_number_1' id='gform_source_page_number_1' value='1' \/>\n            <input type='hidden' name='gform_field_values' value='' \/>\n            \n        <\/div>\n                        <p style=\"display: none !important;\" class=\"akismet-fields-container\" data-prefix=\"ak_\"><label>&#916;<textarea name=\"ak_hp_textarea\" cols=\"45\" rows=\"8\" maxlength=\"100\"><\/textarea><\/label><input type=\"hidden\" id=\"ak_js_1\" name=\"ak_js\" value=\"222\"\/><script>document.getElementById( \"ak_js_1\" ).setAttribute( \"value\", ( new Date() ).getTime() );<\/script><\/p><\/form>\n                        <\/div><script type=\"text\/javascript\">\n\/* <![CDATA[ *\/\n gform.initializeOnLoaded( function() {gformInitSpinner( 1, 'https:\/\/insightevents.se\/cybersakerhet\/wp-content\/plugins\/gravityforms\/images\/spinner.svg', true );jQuery('#gform_ajax_frame_1').on('load',function(){var contents = jQuery(this).contents().find('*').html();var is_postback = contents.indexOf('GF_AJAX_POSTBACK') >= 0;if(!is_postback){return;}var form_content = jQuery(this).contents().find('#gform_wrapper_1');var is_confirmation = jQuery(this).contents().find('#gform_confirmation_wrapper_1').length > 0;var is_redirect = contents.indexOf('gformRedirect(){') >= 0;var is_form = form_content.length > 0 && ! is_redirect && ! is_confirmation;var mt = parseInt(jQuery('html').css('margin-top'), 10) + parseInt(jQuery('body').css('margin-top'), 10) + 100;if(is_form){jQuery('#gform_wrapper_1').html(form_content.html());if(form_content.hasClass('gform_validation_error')){jQuery('#gform_wrapper_1').addClass('gform_validation_error');} else {jQuery('#gform_wrapper_1').removeClass('gform_validation_error');}setTimeout( function() { \/* delay the scroll by 50 milliseconds to fix a bug in chrome *\/  }, 50 );if(window['gformInitDatepicker']) {gformInitDatepicker();}if(window['gformInitPriceFields']) {gformInitPriceFields();}var current_page = jQuery('#gform_source_page_number_1').val();gformInitSpinner( 1, 'https:\/\/insightevents.se\/cybersakerhet\/wp-content\/plugins\/gravityforms\/images\/spinner.svg', true );jQuery(document).trigger('gform_page_loaded', [1, current_page]);window['gf_submitting_1'] = false;}else if(!is_redirect){var confirmation_content = jQuery(this).contents().find('.GF_AJAX_POSTBACK').html();if(!confirmation_content){confirmation_content = contents;}jQuery('#gform_wrapper_1').replaceWith(confirmation_content);jQuery(document).trigger('gform_confirmation_loaded', [1]);window['gf_submitting_1'] = false;wp.a11y.speak(jQuery('#gform_confirmation_message_1').text());}else{jQuery('#gform_1').append(contents);if(window['gformRedirect']) {gformRedirect();}}jQuery(document).trigger(\"gform_pre_post_render\", [{ formId: \"1\", currentPage: \"current_page\", abort: function() { this.preventDefault(); } }]);        if (event && event.defaultPrevented) {                return;        }        const gformWrapperDiv = document.getElementById( \"gform_wrapper_1\" );        if ( gformWrapperDiv ) {            const visibilitySpan = document.createElement( \"span\" );            visibilitySpan.id = \"gform_visibility_test_1\";            gformWrapperDiv.insertAdjacentElement( \"afterend\", visibilitySpan );        }        const visibilityTestDiv = document.getElementById( \"gform_visibility_test_1\" );        let postRenderFired = false;        function triggerPostRender() {            if ( postRenderFired ) {                return;            }            postRenderFired = true;            gform.core.triggerPostRenderEvents( 1, current_page );            if ( visibilityTestDiv ) {                visibilityTestDiv.parentNode.removeChild( visibilityTestDiv );            }        }        function debounce( func, wait, immediate ) {            var timeout;            return function() {                var context = this, args = arguments;                var later = function() {                    timeout = null;                    if ( !immediate ) func.apply( context, args );                };                var callNow = immediate && !timeout;                clearTimeout( timeout );                timeout = setTimeout( later, wait );                if ( callNow ) func.apply( context, args );            };        }        const debouncedTriggerPostRender = debounce( function() {            triggerPostRender();        }, 200 );        if ( visibilityTestDiv && visibilityTestDiv.offsetParent === null ) {            const observer = new MutationObserver( ( mutations ) => {                mutations.forEach( ( mutation ) => {                    if ( mutation.type === 'attributes' && visibilityTestDiv.offsetParent !== null ) {                        debouncedTriggerPostRender();                        observer.disconnect();                    }                });            });            observer.observe( document.body, {                attributes: true,                childList: false,                subtree: true,                attributeFilter: [ 'style', 'class' ],            });        } else {            triggerPostRender();        }    } );} ); \n\/* ]]> *\/\n<\/script>\n<\/p>\n<p>[\/vc_column_text][\/vc_column][\/vc_row][vc_row disable_element=&#8221;yes&#8221; css=&#8221;.vc_custom_1701787170387{background-color: rgba(0, 0, 0, 0.11) !important;*background-color: rgba(0,0, 0, 0.11) !important;}&#8221;][vc_column][vc_column_text]<\/p>\n<h2 style=\"text-align: center;\">Pris (priserna \u00e4r exkl.moms)<\/h2>\n<p style=\"text-align: center;\"><strong>Deltagarbiljett: 7990 kr<\/strong><\/p>\n<p style=\"text-align: center;\">Anm\u00e4lan av deltagarbiljett \u00e4r \u00f6ppen f\u00f6r dig som arbetar strategiskt och operativ med IT- och cybers\u00e4kerhet inom den finansiella sektorn. Begr\u00e4nsat antal platser f\u00f6r b\u00e4sta interaktion och \u00f6msesidigt utbyte.<\/p>\n<p style=\"text-align: center;\">\u00c4r du konsult eller leverant\u00f6r h\u00e4nvisar vi dig till v\u00e5ra partners-\/sponsorpaket och ber dig kontakta:<\/p>\n<p style=\"text-align: center;\">Roland Behrendt, +46 (0)8 587 662 77, <a href=\"mailto:roland.behrendt@insightevents.se\">roland.behrendt@insightevents.se<\/a><\/p>\n<p style=\"text-align: center;\">\u00c4r du intresserad av att delta men tillh\u00f6r ej ovan funktioner, v\u00e4nligen kontakta oss p\u00e5 <a href=\"mailto:info@insightevents.se\">info@insightevents.se<\/a><\/p>\n<p style=\"text-align: center;\"><em>*Vi f\u00f6rbeh\u00e5ller oss r\u00e4tten att avb\u00f6ja bokningar som hamnar utanf\u00f6r den kategori vi avser som prim\u00e4ra m\u00e5lgruppen.<\/em><\/p>\n<p style=\"text-align: center;\"><a href=\"https:\/\/insightevents.se\/regler-och-villkor\/\">V\u00e5ra anm\u00e4lningsvillkor hittar du h\u00e4r<\/a><br \/>\n<a href=\"https:\/\/insightevents.se\/integritetspolicy\/\">H\u00e4r kan du l\u00e4sa om v\u00e5r hantering av personuppgifter och Insight Events integritetspolicy<\/a><\/p>\n<p>[\/vc_column_text][\/vc_column][\/vc_row][\/vc_section]<\/p>\n<\/div>","protected":false},"excerpt":{"rendered":"<p>[vc_section][vc_row disable_element=&#8221;yes&#8221;][vc_column][\/vc_column][\/vc_row][vc_row][vc_column][vc_column_text] Anm\u00e4lan \u00e4r inte uppe f\u00f6r n\u00e4sta g\u00e5ng, men fyll g\u00e4rna i en intresseanm\u00e4lan. Intresseanm\u00e4lan \u00e4r inte bindande. [\/vc_column_text][vc_column_text] H\u00e4r kan du l\u00e4sa om v\u00e5ra anm\u00e4lningsvillkor L\u00e4s mer om v\u00e5r hantering av personuppgifter p\u00e5: Privacy Policy [\/vc_column_text][\/vc_column][\/vc_row][vc_row][vc_column width=&#8221;1\/4&#8243;][\/vc_column][vc_column width=&#8221;3\/4&#8243;][vc_column_text] [\/vc_column_text][\/vc_column][\/vc_row][vc_row disable_element=&#8221;yes&#8221; css=&#8221;.vc_custom_1701787170387{background-color: rgba(0, 0, 0, 0.11) !important;*background-color: rgba(0,0, 0, 0.11) !important;}&#8221;][vc_column][vc_column_text] Pris (priserna \u00e4r [&hellip;]<\/p>\n","protected":false},"author":1,"featured_media":0,"parent":0,"menu_order":0,"comment_status":"closed","ping_status":"closed","template":"","meta":{"_acf_changed":false,"footnotes":""},"class_list":["post-145","page","type-page","status-publish","hentry"],"acf":[],"yoast_head":"<!-- This site is optimized with the Yoast SEO plugin v27.3 - https:\/\/yoast.com\/product\/yoast-seo-wordpress\/ -->\n<title>Anm\u00e4lan - Cybers\u00e4kerhet inom den finansiella sektorn<\/title>\n<meta name=\"robots\" content=\"index, follow, max-snippet:-1, max-image-preview:large, max-video-preview:-1\" \/>\n<link rel=\"canonical\" href=\"https:\/\/insightevents.se\/cybersakerhet\/anmalan\/\" \/>\n<meta property=\"og:locale\" content=\"sv_SE\" \/>\n<meta property=\"og:type\" content=\"article\" \/>\n<meta property=\"og:title\" content=\"Anm\u00e4lan - Cybers\u00e4kerhet inom den finansiella sektorn\" \/>\n<meta property=\"og:description\" content=\"[vc_section][vc_row disable_element=&#8221;yes&#8221;][vc_column][\/vc_column][\/vc_row][vc_row][vc_column][vc_column_text] Anm\u00e4lan \u00e4r inte uppe f\u00f6r n\u00e4sta g\u00e5ng, men fyll g\u00e4rna i en intresseanm\u00e4lan. Intresseanm\u00e4lan \u00e4r inte bindande. [\/vc_column_text][vc_column_text] H\u00e4r kan du l\u00e4sa om v\u00e5ra anm\u00e4lningsvillkor L\u00e4s mer om v\u00e5r hantering av personuppgifter p\u00e5: Privacy Policy [\/vc_column_text][\/vc_column][\/vc_row][vc_row][vc_column width=&#8221;1\/4&#8243;][\/vc_column][vc_column width=&#8221;3\/4&#8243;][vc_column_text] [\/vc_column_text][\/vc_column][\/vc_row][vc_row disable_element=&#8221;yes&#8221; css=&#8221;.vc_custom_1701787170387{background-color: rgba(0, 0, 0, 0.11) !important;*background-color: rgba(0,0, 0, 0.11) !important;}&#8221;][vc_column][vc_column_text] Pris (priserna \u00e4r [&hellip;]\" \/>\n<meta property=\"og:url\" content=\"https:\/\/insightevents.se\/cybersakerhet\/anmalan\/\" \/>\n<meta property=\"og:site_name\" content=\"Cybers\u00e4kerhet inom den finansiella sektorn\" \/>\n<meta property=\"article:modified_time\" content=\"2023-12-05T14:47:32+00:00\" \/>\n<meta name=\"twitter:card\" content=\"summary_large_image\" \/>\n<meta name=\"twitter:label1\" content=\"Ber\u00e4knad l\u00e4stid\" \/>\n\t<meta name=\"twitter:data1\" content=\"1 minut\" \/>\n<script type=\"application\/ld+json\" class=\"yoast-schema-graph\">{\"@context\":\"https:\\\/\\\/schema.org\",\"@graph\":[{\"@type\":\"WebPage\",\"@id\":\"https:\\\/\\\/insightevents.se\\\/cybersakerhet\\\/anmalan\\\/\",\"url\":\"https:\\\/\\\/insightevents.se\\\/cybersakerhet\\\/anmalan\\\/\",\"name\":\"Anm\u00e4lan - Cybers\u00e4kerhet inom den finansiella sektorn\",\"isPartOf\":{\"@id\":\"https:\\\/\\\/insightevents.se\\\/cybersakerhet\\\/#website\"},\"datePublished\":\"2022-02-01T15:18:11+00:00\",\"dateModified\":\"2023-12-05T14:47:32+00:00\",\"breadcrumb\":{\"@id\":\"https:\\\/\\\/insightevents.se\\\/cybersakerhet\\\/anmalan\\\/#breadcrumb\"},\"inLanguage\":\"sv-SE\",\"potentialAction\":[{\"@type\":\"ReadAction\",\"target\":[\"https:\\\/\\\/insightevents.se\\\/cybersakerhet\\\/anmalan\\\/\"]}]},{\"@type\":\"BreadcrumbList\",\"@id\":\"https:\\\/\\\/insightevents.se\\\/cybersakerhet\\\/anmalan\\\/#breadcrumb\",\"itemListElement\":[{\"@type\":\"ListItem\",\"position\":1,\"name\":\"Hem\",\"item\":\"https:\\\/\\\/insightevents.se\\\/cybersakerhet\\\/\"},{\"@type\":\"ListItem\",\"position\":2,\"name\":\"Anm\u00e4lan\"}]},{\"@type\":\"WebSite\",\"@id\":\"https:\\\/\\\/insightevents.se\\\/cybersakerhet\\\/#website\",\"url\":\"https:\\\/\\\/insightevents.se\\\/cybersakerhet\\\/\",\"name\":\"Cybers\u00e4kerhet inom den finansiella sektorn\",\"description\":\"\u00c4nnu en webbplats hos Insight Events Sweden Websites\",\"potentialAction\":[{\"@type\":\"SearchAction\",\"target\":{\"@type\":\"EntryPoint\",\"urlTemplate\":\"https:\\\/\\\/insightevents.se\\\/cybersakerhet\\\/?s={search_term_string}\"},\"query-input\":{\"@type\":\"PropertyValueSpecification\",\"valueRequired\":true,\"valueName\":\"search_term_string\"}}],\"inLanguage\":\"sv-SE\"}]}<\/script>\n<!-- \/ Yoast SEO plugin. -->","yoast_head_json":{"title":"Anm\u00e4lan - Cybers\u00e4kerhet inom den finansiella sektorn","robots":{"index":"index","follow":"follow","max-snippet":"max-snippet:-1","max-image-preview":"max-image-preview:large","max-video-preview":"max-video-preview:-1"},"canonical":"https:\/\/insightevents.se\/cybersakerhet\/anmalan\/","og_locale":"sv_SE","og_type":"article","og_title":"Anm\u00e4lan - Cybers\u00e4kerhet inom den finansiella sektorn","og_description":"[vc_section][vc_row disable_element=&#8221;yes&#8221;][vc_column][\/vc_column][\/vc_row][vc_row][vc_column][vc_column_text] Anm\u00e4lan \u00e4r inte uppe f\u00f6r n\u00e4sta g\u00e5ng, men fyll g\u00e4rna i en intresseanm\u00e4lan. Intresseanm\u00e4lan \u00e4r inte bindande. [\/vc_column_text][vc_column_text] H\u00e4r kan du l\u00e4sa om v\u00e5ra anm\u00e4lningsvillkor L\u00e4s mer om v\u00e5r hantering av personuppgifter p\u00e5: Privacy Policy [\/vc_column_text][\/vc_column][\/vc_row][vc_row][vc_column width=&#8221;1\/4&#8243;][\/vc_column][vc_column width=&#8221;3\/4&#8243;][vc_column_text] [\/vc_column_text][\/vc_column][\/vc_row][vc_row disable_element=&#8221;yes&#8221; css=&#8221;.vc_custom_1701787170387{background-color: rgba(0, 0, 0, 0.11) !important;*background-color: rgba(0,0, 0, 0.11) !important;}&#8221;][vc_column][vc_column_text] Pris (priserna \u00e4r [&hellip;]","og_url":"https:\/\/insightevents.se\/cybersakerhet\/anmalan\/","og_site_name":"Cybers\u00e4kerhet inom den finansiella sektorn","article_modified_time":"2023-12-05T14:47:32+00:00","twitter_card":"summary_large_image","twitter_misc":{"Ber\u00e4knad l\u00e4stid":"1 minut"},"schema":{"@context":"https:\/\/schema.org","@graph":[{"@type":"WebPage","@id":"https:\/\/insightevents.se\/cybersakerhet\/anmalan\/","url":"https:\/\/insightevents.se\/cybersakerhet\/anmalan\/","name":"Anm\u00e4lan - Cybers\u00e4kerhet inom den finansiella sektorn","isPartOf":{"@id":"https:\/\/insightevents.se\/cybersakerhet\/#website"},"datePublished":"2022-02-01T15:18:11+00:00","dateModified":"2023-12-05T14:47:32+00:00","breadcrumb":{"@id":"https:\/\/insightevents.se\/cybersakerhet\/anmalan\/#breadcrumb"},"inLanguage":"sv-SE","potentialAction":[{"@type":"ReadAction","target":["https:\/\/insightevents.se\/cybersakerhet\/anmalan\/"]}]},{"@type":"BreadcrumbList","@id":"https:\/\/insightevents.se\/cybersakerhet\/anmalan\/#breadcrumb","itemListElement":[{"@type":"ListItem","position":1,"name":"Hem","item":"https:\/\/insightevents.se\/cybersakerhet\/"},{"@type":"ListItem","position":2,"name":"Anm\u00e4lan"}]},{"@type":"WebSite","@id":"https:\/\/insightevents.se\/cybersakerhet\/#website","url":"https:\/\/insightevents.se\/cybersakerhet\/","name":"Cybers\u00e4kerhet inom den finansiella sektorn","description":"\u00c4nnu en webbplats hos Insight Events Sweden Websites","potentialAction":[{"@type":"SearchAction","target":{"@type":"EntryPoint","urlTemplate":"https:\/\/insightevents.se\/cybersakerhet\/?s={search_term_string}"},"query-input":{"@type":"PropertyValueSpecification","valueRequired":true,"valueName":"search_term_string"}}],"inLanguage":"sv-SE"}]}},"_links":{"self":[{"href":"https:\/\/insightevents.se\/cybersakerhet\/wp-json\/wp\/v2\/pages\/145","targetHints":{"allow":["GET"]}}],"collection":[{"href":"https:\/\/insightevents.se\/cybersakerhet\/wp-json\/wp\/v2\/pages"}],"about":[{"href":"https:\/\/insightevents.se\/cybersakerhet\/wp-json\/wp\/v2\/types\/page"}],"author":[{"embeddable":true,"href":"https:\/\/insightevents.se\/cybersakerhet\/wp-json\/wp\/v2\/users\/1"}],"replies":[{"embeddable":true,"href":"https:\/\/insightevents.se\/cybersakerhet\/wp-json\/wp\/v2\/comments?post=145"}],"version-history":[{"count":23,"href":"https:\/\/insightevents.se\/cybersakerhet\/wp-json\/wp\/v2\/pages\/145\/revisions"}],"predecessor-version":[{"id":472,"href":"https:\/\/insightevents.se\/cybersakerhet\/wp-json\/wp\/v2\/pages\/145\/revisions\/472"}],"wp:attachment":[{"href":"https:\/\/insightevents.se\/cybersakerhet\/wp-json\/wp\/v2\/media?parent=145"}],"curies":[{"name":"wp","href":"https:\/\/api.w.org\/{rel}","templated":true}]}}