{"id":106,"date":"2017-05-09T14:45:49","date_gmt":"2017-05-09T14:45:49","guid":{"rendered":"https:\/\/insightevents.se\/ekonomidagarna\/program-2017-copy\/"},"modified":"2023-12-22T14:14:27","modified_gmt":"2023-12-22T14:14:27","slug":"program-detalj-2","status":"publish","type":"page","link":"https:\/\/insightevents.se\/ekonomidagarna\/program-detalj-2\/","title":{"rendered":"Program &#8211; dag 2"},"content":{"rendered":"<div class=\"wpb-content-wrapper\"><p>[vc_row css=&#8221;.vc_custom_1566466741035{margin-top: 50px !important;}&#8221;][vc_column][vc_custom_heading text=&#8221;PROGRAM EKONOMIDAGARNA 2024 &#8211; DAG 2&#8243; font_container=&#8221;tag:h1|text_align:center|color:%233690b3&#8243; google_fonts=&#8221;font_family:Roboto%3A100%2C100italic%2C300%2C300italic%2Cregular%2Citalic%2C500%2C500italic%2C700%2C700italic%2C900%2C900italic|font_style:700%20bold%20regular%3A700%3Anormal&#8221;][\/vc_column][\/vc_row][vc_row css=&#8221;.vc_custom_1494338756918{padding-top: 20px !important;}&#8221;][vc_column width=&#8221;1\/3&#8243;][vc_btn title=&#8221;PROGRAM DAG 1&#8243; color=&#8221;primary&#8221; align=&#8221;center&#8221; button_block=&#8221;true&#8221; link=&#8221;url:https%3A%2F%2Finsightevents.se%2Fekonomidagarna%2Fprogram-detalj|||&#8221;][\/vc_column][vc_column width=&#8221;1\/3&#8243;][vc_btn title=&#8221;PROGRAM DAG 2&#8243; color=&#8221;primary&#8221; align=&#8221;center&#8221; button_block=&#8221;true&#8221; link=&#8221;url:https%3A%2F%2Finsightevents.se%2Fekonomidagarna%2Fprogram-detalj-2|||&#8221;][\/vc_column][vc_column width=&#8221;1\/3&#8243;][vc_btn title=&#8221;LADDA NER PDF&#8221; color=&#8221;success&#8221; align=&#8221;center&#8221; button_block=&#8221;true&#8221; link=&#8221;url:https%3A%2F%2Finsightevents.se%2Fekonomidagarna%2Fbroschyr-ekonomidagarna%2F|||&#8221;][\/vc_column][\/vc_row][vc_row][vc_column][vc_empty_space height=&#8221;25px&#8221;][vc_column_text]<\/p>\n<p style=\"text-align: center;\">\n<table id=\"tablepress-13\" class=\"tablepress tablepress-id-13\">\n<tbody>\n<tr class=\"row-1\">\n\t<td class=\"column-1\"><strong>08:30<\/strong><\/td><td class=\"column-2\"><strong>Registrering och morgonkaffe<\/strong><\/td>\n<\/tr>\n<tr class=\"row-2\">\n\t<td class=\"column-1\"><strong>09:00<\/strong><\/td><td class=\"column-2\"><strong>Vi startar upp konferensens andra dag<\/strong><\/td>\n<\/tr>\n<tr class=\"row-3\">\n\t<td class=\"column-1\"><strong>09:10<\/strong><\/td><td class=\"column-2\"><strong>Ekonomiska utsikter och behovet av en ny balanspunkt mellan finans- och penningpolitiken<\/strong><br \/>\n<br \/>\n\u2022\tSveriges l\u00e5gkonjunktur till stor del hemmasnickrad - on\u00f6digt stram penningpolitik?<br \/>\n\u2022\tHur stor \u00e4r risken f\u00f6r en l\u00e5ngvarig l\u00e5gkonjunktur och hur p\u00e5verkar det v\u00e5ra kommuner och regioner?<br \/>\n\u2022\tHur skapar vi en b\u00e4ttre policymix mellan finans- och penningpolitik f\u00f6r en betydelsefull stabiliseringspolitik?<br \/>\n<br \/>\n<i><strong>Peter Gerlach,<\/strong> LO-ekonom, Landsorganisationen i Sverige (LO) <\/i><\/td>\n<\/tr>\n<tr class=\"row-4\">\n\t<td class=\"column-1\"><strong>09:50<\/strong><\/td><td class=\"column-2\"><strong>Automatiserat beslutsfattande i kommunal verksamhet: vad \u00e4r lagligt och vad \u00e4r l\u00e4mpligt? <\/strong><br \/>\n<br \/>\n\u2022\tVilka r\u00e4ttsliga och etiska gr\u00e4nser b\u00f6r beaktas n\u00e4r en kommun \u00f6verv\u00e4ger att automatisera en viss beslutsprocess? <br \/>\n\u2022\tVilka slutsatser kan vi dra utifr\u00e5n redan genomf\u00f6rda eller p\u00e5b\u00f6rjade automatiseringsprojekt i kommunal regi, s\u00e5som Trelleborgsmodellen? <br \/>\n\u2022\tHur kan vi skapa ett bra AI-klimat inom den offentliga sektorn?<br \/>\n<br \/>\n<i><strong>Katarina Fast Lappalainen,<\/strong> jur. dr. i offentlig r\u00e4tt och universitetslektor i r\u00e4ttsinformatik vid Institutet f\u00f6r r\u00e4ttsinformatik (IRI), Juridiska institutionen, Stockholms universitet <\/i><\/td>\n<\/tr>\n<tr class=\"row-5\">\n\t<td class=\"column-1\"><strong>10:40<\/strong><\/td><td class=\"column-2\"><strong>F\u00f6rmiddagskaffe med n\u00e4tverkande<\/strong><\/td>\n<\/tr>\n<tr class=\"row-6\">\n\t<td class=\"column-1\"><strong>11:20<\/strong><\/td><td class=\"column-2\"><strong>Samarbete kring kollektiv digitalisering - gemensam digital v\u00e4lf\u00e4rd f\u00f6r kommuninv\u00e5narna<\/strong><br \/>\n<br \/>\nSundsvalls kommun och \u00c5nge kommuns samverkan kring digitalisering \u00e4r v\u00e4rldsunikt. Regeringen har \u00e4ven valt att f\u00f6lja samarbetet, som kan komma att bidra med nya arbetss\u00e4tt f\u00f6r kommuner att hantera samh\u00e4llsutmaningar.<br \/>\n<br \/>\n\u2022\tDigitala l\u00f6sningar och lagarbete b\u00e4rande konceptet n\u00e4r vi tillsammans skapar en j\u00e4mlik v\u00e4lf\u00e4rd i de b\u00e5da kommunerna <br \/>\n\u2022\tVad inneb\u00e4r en kollektiv digitalisering f\u00f6r oss inom \u00c5nge och Sundsvall?<br \/>\n\u2022\tSamarbetet ska generera nya arbetss\u00e4tt f\u00f6r hur kommuner kan jobba f\u00f6r att l\u00f6sa utmaningar tillsammans<br \/>\n\u2022\tTankar fram\u00e5t \u2013 utmaningar och m\u00f6jligheter<br \/>\n<br \/>\n<i><strong>Mattias Robertsson Bly,<\/strong> kommunchef, \u00c5nge kommun &amp; Marcus Matteby, IT-direkt\u00f6r, Sundsvalls kommun <br \/>\n<strong>Marcus Matteby, <\/strong>IT-direkt\u00f6r, Sundsvalls kommun &amp; Mattias Robertsson Bly, kommunchef, \u00c5nge kommun <\/i><\/td>\n<\/tr>\n<tr class=\"row-7\">\n\t<td class=\"column-1\"><strong>12:10<\/strong><\/td><td class=\"column-2\"><strong>Lunch med n\u00e4tverkande<\/strong><\/td>\n<\/tr>\n<tr class=\"row-8\">\n\t<td class=\"column-1\"><strong>13:20<\/strong><\/td><td class=\"column-2\"><strong>Gemensam uppstart av de digitala sp\u00e5ren<\/strong><\/td>\n<\/tr>\n<\/tbody>\n<\/table>\n<\/p>\n<p>[\/vc_column_text][vc_column_text]<\/p>\n<h2 style=\"text-align: center;\"><span style=\"color: #3690b3;\">MELLAN KL13:30-14:30 V\u00c4LJER DU MELLAN SP\u00c5R C och SP\u00c5R D:<\/span><\/h2>\n<p>[\/vc_column_text][vc_column_text]<\/p>\n<p style=\"text-align: center;\"><div id=\"ut-accordion-parent-1\" class=\"ut-accordion\"><div class=\"ut-accordion-group\"><\/div><\/div><div class=\"ut-accordion-heading \"><a data-parent=\"#ut-accordion-parent-1\" class=\"accordion-toggle collapsed \" data-toggle=\"collapse\" data-target=\"#accordion0\"> <strong>C \u2013 DIGITALA UTMANINGAR OCH M\u00d6JLIGHETER INOM REGIONEN <\/strong>+<\/a><\/div><div id=\"accordion0\" class=\"ut-accordion-body collapse\"><div class=\"ut-accordion-inner entry-content clearfix\">\n\n<table id=\"tablepress-14\" class=\"tablepress tablepress-id-14\">\n<tbody>\n<tr class=\"row-1\">\n\t<td class=\"column-1\"><strong>13:30<\/strong><\/td><td class=\"column-2\"><strong>DIGITALA UTMANINGAR OCH M\u00d6JLIGHETER INOM REGIONEN<\/strong><br \/>\n<br \/>\nSamtal inom gruppen om hur vi inom regionerna kan samverka och ge varandra konkreta tips och id\u00e9er kring hur vi kan uppr\u00e4tth\u00e5lla en bra v\u00e4lf\u00e4rd med hj\u00e4lp av digitaliseringen.<br \/>\n<br \/>\nFr\u00e5gor att diskutera kring:<br \/>\n\u2022\tAutomatisera v\u00e4lf\u00e4rdssektorn \u2013 utmaningar och m\u00f6jligheter <br \/>\n\u2022\tHur har artificiell intelligens f\u00f6r\u00e4ndrat v\u00e5r vardag och beslutsfattandet inom v\u00e4lf\u00e4rdssektorn? <br \/>\n\u2022\tHur kan vi skapa ett bra AI-klimat inom den offentliga sektorn?<br \/>\n\u2022\tVad kan en kollektiv digitalisering inneb\u00e4ra f\u00f6r oss?<br \/>\n\u2022\tHur l\u00e5ngt har Sverige kommit i j\u00e4mf\u00f6relse med \u00f6vriga Europa med att automatisera v\u00e4lf\u00e4rdssektorn? <br \/>\n\u2022\tSmarta tekniska l\u00f6sningar f\u00f6r att effektivisera v\u00e5rden \u2013 l\u00e4ra av varandra<br \/>\n<\/td>\n<\/tr>\n<tr class=\"row-2\">\n\t<td class=\"column-1\"><strong>14:10<\/strong><\/td><td class=\"column-2\"><strong>Vad har vi kommit fram till under samtalen \u2013 l\u00e4ra av varandra<\/strong><\/td>\n<\/tr>\n<\/tbody>\n<\/table>\n<br \/>\n<\/div><\/div>\n<p style=\"text-align: center;\"><div id=\"ut-accordion-parent-2\" class=\"ut-accordion\"><div class=\"ut-accordion-group\"><\/div><\/div><div class=\"ut-accordion-heading \"><a data-parent=\"#ut-accordion-parent-2\" class=\"accordion-toggle collapsed \" data-toggle=\"collapse\" data-target=\"#accordion1\"> <strong>D \u2013 DIGITALA UTMANINGAR OCH M\u00d6JLIGHETER INOM KOMMUNEN <\/strong>+<\/a><\/div><div id=\"accordion1\" class=\"ut-accordion-body collapse\"><div class=\"ut-accordion-inner entry-content clearfix\">\n\n<table id=\"tablepress-15\" class=\"tablepress tablepress-id-15\">\n<tbody>\n<tr class=\"row-1\">\n\t<td class=\"column-1\"><strong>13:30<\/strong><\/td><td class=\"column-2\"><strong>DIGITALA UTMANINGAR OCH M\u00d6JLIGHETER INOM KOMMUNEN<\/strong><br \/>\n<br \/>\nSamtal inom gruppen om hur vi inom kommunerna kan samverka och ge varandra konkreta tips och id\u00e9er kring hur vi kan uppr\u00e4tth\u00e5lla en bra v\u00e4lf\u00e4rd med hj\u00e4lp av digitaliseringen. <br \/>\n<br \/>\nAkademikerf\u00f6rbundet SSR \u00e4r processledare f\u00f6r diskussionen.<br \/>\n<br \/>\n<br \/>\nFr\u00e5gor att diskutera kring:<br \/>\n\u2022\tKostnadsbesparing och effektivisering<br \/>\n\u2022\tEtik i ekonomifr\u00e5gor\/ledarskapet<br \/>\n\u2022\tDigital f\u00e4rdplan inom kommunen \u2013 inspireras av andra kommuner<br \/>\n\u2022\tVad kan en kollektiv digitalisering inneb\u00e4ra f\u00f6r oss?<br \/>\n\u2022\tAlgoritmer\/AI och datadrivna prognoser - hur kan vi konkret anv\u00e4nda detta?<br \/>\n\u2022\tHur f\u00e5r vi ut mer nytta av v\u00e5ra befintliga system? <br \/>\n\u2022\tLagligheten att automatisera kommunalt beslutsfattande<\/td>\n<\/tr>\n<tr class=\"row-2\">\n\t<td class=\"column-1\"><strong>14:10<\/strong><\/td><td class=\"column-2\"><strong>Vad har vi kommit fram till under samtalen \u2013 l\u00e4ra av varandra<\/strong><\/td>\n<\/tr>\n<\/tbody>\n<\/table>\n<br \/>\n<\/div><\/div>\n<p>[\/vc_column_text][vc_column_text]<\/p>\n<h2 style=\"text-align: center;\"><span style=\"color: #3690b3;\">GEMENSAM AVSLUTNING<br \/>\n<\/span><\/h2>\n<p style=\"text-align: center;\">\n<table id=\"tablepress-16\" class=\"tablepress tablepress-id-16\">\n<tbody>\n<tr class=\"row-1\">\n\t<td class=\"column-1\"><strong>14:30<\/strong><\/td><td class=\"column-2\"><strong>Eftermiddagskaffe med n\u00e4tverkande<\/strong><\/td>\n<\/tr>\n<tr class=\"row-2\">\n\t<td class=\"column-1\"><strong>15:10<\/strong><\/td><td class=\"column-2\"><strong>Styrning av digitalisering \u2013 varf\u00f6r \u00e4r det s\u00e5 sv\u00e5rt?<\/strong><br \/>\n<br \/>\n\u2022\tHur kommer vi bortom planer och ambitioner till att skapa resultat? <br \/>\n\u2022\tHur f\u00e5r man organisationen med sig och vilka utmaningar finns? <br \/>\n\u2022\tTankar och erfarenheter kring hur man g\u00e5r fr\u00e5n ord till handling och faktiskt f\u00e5r till f\u00f6r\u00e4ndringen i en organisation<br \/>\n<br \/>\n<i><strong>Anna G\u00e4rdin,<\/strong> framtidsdirekt\u00f6r, CIO\/CDO, Huddinge kommun <\/i><\/td>\n<\/tr>\n<tr class=\"row-3\">\n\t<td class=\"column-1\"><strong>15:50<\/strong><\/td><td class=\"column-2\"><strong>\u00c4r AI och digitalisering l\u00f6sningen p\u00e5 v\u00e4lf\u00e4rdens utmaningar?<\/strong><br \/>\n<br \/>\n\u2022\tD\u00e4rf\u00f6r ska du inte fokusera p\u00e5 sj\u00e4lva tekniken - det r\u00e4cker inte att bara k\u00f6pa in och implementera ny teknik<br \/>\n\u2022\tViktigt att fokusera p\u00e5 f\u00f6r\u00e4ndringsarbetet som \u00e4r nyckeln till att uppn\u00e5 effekter av digitaliseringen<br \/>\n\u2022\tFramg\u00e5ngsfaktorer och fallgropar vid arbetet med att digitalisera v\u00e4lf\u00e4rden?<br \/>\n<br \/>\n<i><strong>Mats Sn\u00e4ll,<\/strong> senior r\u00e5dgivare digitalisering, DIGG <\/i><\/td>\n<\/tr>\n<tr class=\"row-4\">\n\t<td class=\"column-1\"><strong>16:30<\/strong><\/td><td class=\"column-2\"><strong>Ekonomidagarna 2024 slut<\/strong><\/td>\n<\/tr>\n<\/tbody>\n<\/table>\n<span style=\"color: #3690b3;\"><br \/>\n<\/span><\/p>\n<p>[\/vc_column_text][\/vc_column][\/vc_row]<\/p>\n<\/div>","protected":false},"excerpt":{"rendered":"<p>[vc_row css=&#8221;.vc_custom_1566466741035{margin-top: 50px !important;}&#8221;][vc_column][vc_custom_heading text=&#8221;PROGRAM EKONOMIDAGARNA 2024 &#8211; DAG 2&#8243; font_container=&#8221;tag:h1|text_align:center|color:%233690b3&#8243; google_fonts=&#8221;font_family:Roboto%3A100%2C100italic%2C300%2C300italic%2Cregular%2Citalic%2C500%2C500italic%2C700%2C700italic%2C900%2C900italic|font_style:700%20bold%20regular%3A700%3Anormal&#8221;][\/vc_column][\/vc_row][vc_row css=&#8221;.vc_custom_1494338756918{padding-top: 20px !important;}&#8221;][vc_column width=&#8221;1\/3&#8243;][vc_btn title=&#8221;PROGRAM DAG 1&#8243; color=&#8221;primary&#8221; align=&#8221;center&#8221; button_block=&#8221;true&#8221; link=&#8221;url:https%3A%2F%2Finsightevents.se%2Fekonomidagarna%2Fprogram-detalj|||&#8221;][\/vc_column][vc_column width=&#8221;1\/3&#8243;][vc_btn title=&#8221;PROGRAM DAG 2&#8243; color=&#8221;primary&#8221; align=&#8221;center&#8221; button_block=&#8221;true&#8221; link=&#8221;url:https%3A%2F%2Finsightevents.se%2Fekonomidagarna%2Fprogram-detalj-2|||&#8221;][\/vc_column][vc_column width=&#8221;1\/3&#8243;][vc_btn title=&#8221;LADDA NER PDF&#8221; color=&#8221;success&#8221; align=&#8221;center&#8221; button_block=&#8221;true&#8221; link=&#8221;url:https%3A%2F%2Finsightevents.se%2Fekonomidagarna%2Fbroschyr-ekonomidagarna%2F|||&#8221;][\/vc_column][\/vc_row][vc_row][vc_column][vc_empty_space height=&#8221;25px&#8221;][vc_column_text] [\/vc_column_text][vc_column_text] MELLAN KL13:30-14:30 V\u00c4LJER DU MELLAN SP\u00c5R C och SP\u00c5R D: [\/vc_column_text][vc_column_text] [\/vc_column_text][vc_column_text] GEMENSAM AVSLUTNING [&hellip;]<\/p>\n","protected":false},"author":1,"featured_media":0,"parent":0,"menu_order":0,"comment_status":"closed","ping_status":"closed","template":"","meta":{"_acf_changed":false,"footnotes":""},"class_list":["post-106","page","type-page","status-publish","hentry"],"acf":[],"yoast_head":"<!-- This site is optimized with the Yoast SEO plugin v27.3 - https:\/\/yoast.com\/product\/yoast-seo-wordpress\/ -->\n<title>Program - dag 2 - Ekonomidagarna<\/title>\n<meta name=\"description\" content=\"Program dag 2 f\u00f6r Ekonomidagarna - \u00c5rlig konferens om framtidens v\u00e4gval och visioner f\u00f6r offentlig ekonomi\" \/>\n<meta name=\"robots\" content=\"index, follow, max-snippet:-1, max-image-preview:large, max-video-preview:-1\" \/>\n<link rel=\"canonical\" href=\"https:\/\/insightevents.se\/ekonomidagarna\/program-detalj-2\/\" \/>\n<meta property=\"og:locale\" content=\"sv_SE\" \/>\n<meta property=\"og:type\" content=\"article\" \/>\n<meta property=\"og:title\" content=\"Program - dag 2 - Ekonomidagarna\" \/>\n<meta property=\"og:description\" content=\"Program dag 2 f\u00f6r Ekonomidagarna - \u00c5rlig konferens om framtidens v\u00e4gval och visioner f\u00f6r offentlig ekonomi\" \/>\n<meta property=\"og:url\" content=\"https:\/\/insightevents.se\/ekonomidagarna\/program-detalj-2\/\" \/>\n<meta property=\"og:site_name\" content=\"Ekonomidagarna\" \/>\n<meta property=\"article:modified_time\" content=\"2023-12-22T14:14:27+00:00\" \/>\n<meta name=\"twitter:card\" content=\"summary_large_image\" \/>\n<meta name=\"twitter:label1\" content=\"Ber\u00e4knad l\u00e4stid\" \/>\n\t<meta name=\"twitter:data1\" content=\"1 minut\" \/>\n<script type=\"application\/ld+json\" class=\"yoast-schema-graph\">{\"@context\":\"https:\\\/\\\/schema.org\",\"@graph\":[{\"@type\":\"WebPage\",\"@id\":\"https:\\\/\\\/insightevents.se\\\/ekonomidagarna\\\/program-detalj-2\\\/\",\"url\":\"https:\\\/\\\/insightevents.se\\\/ekonomidagarna\\\/program-detalj-2\\\/\",\"name\":\"Program - dag 2 - Ekonomidagarna\",\"isPartOf\":{\"@id\":\"https:\\\/\\\/insightevents.se\\\/ekonomidagarna\\\/#website\"},\"datePublished\":\"2017-05-09T14:45:49+00:00\",\"dateModified\":\"2023-12-22T14:14:27+00:00\",\"description\":\"Program dag 2 f\u00f6r Ekonomidagarna - \u00c5rlig konferens om framtidens v\u00e4gval och visioner f\u00f6r offentlig ekonomi\",\"breadcrumb\":{\"@id\":\"https:\\\/\\\/insightevents.se\\\/ekonomidagarna\\\/program-detalj-2\\\/#breadcrumb\"},\"inLanguage\":\"sv-SE\",\"potentialAction\":[{\"@type\":\"ReadAction\",\"target\":[\"https:\\\/\\\/insightevents.se\\\/ekonomidagarna\\\/program-detalj-2\\\/\"]}]},{\"@type\":\"BreadcrumbList\",\"@id\":\"https:\\\/\\\/insightevents.se\\\/ekonomidagarna\\\/program-detalj-2\\\/#breadcrumb\",\"itemListElement\":[{\"@type\":\"ListItem\",\"position\":1,\"name\":\"Home\",\"item\":\"https:\\\/\\\/insightevents.se\\\/ekonomidagarna\\\/\"},{\"@type\":\"ListItem\",\"position\":2,\"name\":\"Program &#8211; dag 2\"}]},{\"@type\":\"WebSite\",\"@id\":\"https:\\\/\\\/insightevents.se\\\/ekonomidagarna\\\/#website\",\"url\":\"https:\\\/\\\/insightevents.se\\\/ekonomidagarna\\\/\",\"name\":\"Ekonomidagarna\",\"description\":\"Just another Insight Events Sweden Websites site\",\"potentialAction\":[{\"@type\":\"SearchAction\",\"target\":{\"@type\":\"EntryPoint\",\"urlTemplate\":\"https:\\\/\\\/insightevents.se\\\/ekonomidagarna\\\/?s={search_term_string}\"},\"query-input\":{\"@type\":\"PropertyValueSpecification\",\"valueRequired\":true,\"valueName\":\"search_term_string\"}}],\"inLanguage\":\"sv-SE\"}]}<\/script>\n<!-- \/ Yoast SEO plugin. -->","yoast_head_json":{"title":"Program - dag 2 - Ekonomidagarna","description":"Program dag 2 f\u00f6r Ekonomidagarna - \u00c5rlig konferens om framtidens v\u00e4gval och visioner f\u00f6r offentlig ekonomi","robots":{"index":"index","follow":"follow","max-snippet":"max-snippet:-1","max-image-preview":"max-image-preview:large","max-video-preview":"max-video-preview:-1"},"canonical":"https:\/\/insightevents.se\/ekonomidagarna\/program-detalj-2\/","og_locale":"sv_SE","og_type":"article","og_title":"Program - dag 2 - Ekonomidagarna","og_description":"Program dag 2 f\u00f6r Ekonomidagarna - \u00c5rlig konferens om framtidens v\u00e4gval och visioner f\u00f6r offentlig ekonomi","og_url":"https:\/\/insightevents.se\/ekonomidagarna\/program-detalj-2\/","og_site_name":"Ekonomidagarna","article_modified_time":"2023-12-22T14:14:27+00:00","twitter_card":"summary_large_image","twitter_misc":{"Ber\u00e4knad l\u00e4stid":"1 minut"},"schema":{"@context":"https:\/\/schema.org","@graph":[{"@type":"WebPage","@id":"https:\/\/insightevents.se\/ekonomidagarna\/program-detalj-2\/","url":"https:\/\/insightevents.se\/ekonomidagarna\/program-detalj-2\/","name":"Program - dag 2 - Ekonomidagarna","isPartOf":{"@id":"https:\/\/insightevents.se\/ekonomidagarna\/#website"},"datePublished":"2017-05-09T14:45:49+00:00","dateModified":"2023-12-22T14:14:27+00:00","description":"Program dag 2 f\u00f6r Ekonomidagarna - \u00c5rlig konferens om framtidens v\u00e4gval och visioner f\u00f6r offentlig ekonomi","breadcrumb":{"@id":"https:\/\/insightevents.se\/ekonomidagarna\/program-detalj-2\/#breadcrumb"},"inLanguage":"sv-SE","potentialAction":[{"@type":"ReadAction","target":["https:\/\/insightevents.se\/ekonomidagarna\/program-detalj-2\/"]}]},{"@type":"BreadcrumbList","@id":"https:\/\/insightevents.se\/ekonomidagarna\/program-detalj-2\/#breadcrumb","itemListElement":[{"@type":"ListItem","position":1,"name":"Home","item":"https:\/\/insightevents.se\/ekonomidagarna\/"},{"@type":"ListItem","position":2,"name":"Program &#8211; dag 2"}]},{"@type":"WebSite","@id":"https:\/\/insightevents.se\/ekonomidagarna\/#website","url":"https:\/\/insightevents.se\/ekonomidagarna\/","name":"Ekonomidagarna","description":"Just another Insight Events Sweden Websites site","potentialAction":[{"@type":"SearchAction","target":{"@type":"EntryPoint","urlTemplate":"https:\/\/insightevents.se\/ekonomidagarna\/?s={search_term_string}"},"query-input":{"@type":"PropertyValueSpecification","valueRequired":true,"valueName":"search_term_string"}}],"inLanguage":"sv-SE"}]}},"_links":{"self":[{"href":"https:\/\/insightevents.se\/ekonomidagarna\/wp-json\/wp\/v2\/pages\/106","targetHints":{"allow":["GET"]}}],"collection":[{"href":"https:\/\/insightevents.se\/ekonomidagarna\/wp-json\/wp\/v2\/pages"}],"about":[{"href":"https:\/\/insightevents.se\/ekonomidagarna\/wp-json\/wp\/v2\/types\/page"}],"author":[{"embeddable":true,"href":"https:\/\/insightevents.se\/ekonomidagarna\/wp-json\/wp\/v2\/users\/1"}],"replies":[{"embeddable":true,"href":"https:\/\/insightevents.se\/ekonomidagarna\/wp-json\/wp\/v2\/comments?post=106"}],"version-history":[{"count":16,"href":"https:\/\/insightevents.se\/ekonomidagarna\/wp-json\/wp\/v2\/pages\/106\/revisions"}],"predecessor-version":[{"id":618,"href":"https:\/\/insightevents.se\/ekonomidagarna\/wp-json\/wp\/v2\/pages\/106\/revisions\/618"}],"wp:attachment":[{"href":"https:\/\/insightevents.se\/ekonomidagarna\/wp-json\/wp\/v2\/media?parent=106"}],"curies":[{"name":"wp","href":"https:\/\/api.w.org\/{rel}","templated":true}]}}