{"id":144,"date":"2017-05-23T13:19:56","date_gmt":"2017-05-23T13:19:56","guid":{"rendered":"https:\/\/insightevents.se\/ekonomidagarna\/?page_id=144"},"modified":"2023-11-28T13:12:52","modified_gmt":"2023-11-28T13:12:52","slug":"nyheter","status":"publish","type":"page","link":"https:\/\/insightevents.se\/ekonomidagarna\/valkommen\/partners\/nyheter\/","title":{"rendered":"Nyheter"},"content":{"rendered":"<div class=\"wpb-content-wrapper\"><p>[vc_row][vc_column][vc_icon icon_fontawesome=&#8221;fa fa-newspaper-o&#8221; color=&#8221;white&#8221; background_style=&#8221;rounded&#8221; background_color=&#8221;custom&#8221; size=&#8221;xl&#8221; align=&#8221;center&#8221; css_animation=&#8221;appear&#8221; custom_background_color=&#8221;#98bdd5&#8243;][vc_custom_heading text=&#8221;SENASTE NYTT!&#8221; font_container=&#8221;tag:h1|text_align:center|color:%2398bdd5&#8243; google_fonts=&#8221;font_family:Roboto%3A100%2C100italic%2C300%2C300italic%2Cregular%2Citalic%2C500%2C500italic%2C700%2C700italic%2C900%2C900italic|font_style:700%20bold%20regular%3A700%3Anormal&#8221; css=&#8221;.vc_custom_1495545957363{padding-bottom: 30px !important;}&#8221;]<style type=\"text\/css\">#ut_blog_grid_69e102ab24bba .ut-blog-grid-article-inner { -webkit-box-shadow:none; -moz-box-shadow:none; box-shadow:none; }#ut_blog_grid_69e102ab24bba .ut-blog-grid-article-inner { border:none; }#ut_blog_grid_69e102ab24bba .ut-blog-grid-content-wrap { padding:40px 0 0 0; }<\/style><div id=\"ut_blog_grid_69e102ab24bba\" class=\"ut-blog-grid-module blog\"><div class=\"ut-blog-grid  clearfix ut-blog-grid-date-default\">\r\n<article id=\"post-552\" class=\"grid-33 tablet-grid-50 mobile-grid-100 ut-blog-grid-article clearfix post-552 post type-post status-publish format-standard has-post-thumbnail hentry category-uncategorized\">\r\n    \r\n    <div class=\"ut-blog-grid-article-inner\">\r\n    \t\r\n\t\t\t\t\r\n                        \r\n\r\n        <!-- ut-post-thumbnail -->\r\n        <div class=\"ut-post-thumbnail\">     \r\n\r\n            <div class=\"entry-thumbnail\">\r\n\r\n                \r\n                <a title=\"Permanent Link to Ekonomidagarna 2024\" href=\"https:\/\/insightevents.se\/ekonomidagarna\/2023\/12\/12\/ekonomidagarna-2024\/\">                \r\n                    \r\n                    <figure class=\"ut-post-thumbnail-caption-wrap\">\r\n\r\n                        \r\n        <img loading=\"lazy\" decoding=\"async\" data-adaptive-images=\"{&quot;300&quot;:&quot;https:\\\/\\\/insightevents.se\\\/ekonomidagarna\\\/wp-content\\\/uploads\\\/sites\\\/13\\\/2023\\\/12\\\/nyhetbild2-1.png&quot;,&quot;500&quot;:&quot;https:\\\/\\\/insightevents.se\\\/ekonomidagarna\\\/wp-content\\\/uploads\\\/sites\\\/13\\\/2023\\\/12\\\/nyhetbild2-1.png&quot;,&quot;750&quot;:&quot;https:\\\/\\\/insightevents.se\\\/ekonomidagarna\\\/wp-content\\\/uploads\\\/sites\\\/13\\\/2023\\\/12\\\/nyhetbild2-1.png&quot;,&quot;1000&quot;:&quot;https:\\\/\\\/insightevents.se\\\/ekonomidagarna\\\/wp-content\\\/uploads\\\/sites\\\/13\\\/2023\\\/12\\\/nyhetbild2-1.png&quot;,&quot;1500&quot;:&quot;https:\\\/\\\/insightevents.se\\\/ekonomidagarna\\\/wp-content\\\/uploads\\\/sites\\\/13\\\/2023\\\/12\\\/nyhetbild2-1.png&quot;,&quot;2500&quot;:&quot;https:\\\/\\\/insightevents.se\\\/ekonomidagarna\\\/wp-content\\\/uploads\\\/sites\\\/13\\\/2023\\\/12\\\/nyhetbild2-1.png&quot;}\" src=\"data:image\/svg+xml;charset=utf-8,%3Csvg xmlns%3D&#039;http%3A%2F%2Fwww.w3.org%2F2000%2Fsvg&#039; viewBox%3D&#039;0 0 400 400&#039;%2F%3E\" width=\"400\" height=\"400\" data-src=\"https:\/\/insightevents.se\/ekonomidagarna\/wp-content\/uploads\/sites\/13\/2023\/12\/nyhetbild2-1.png\" data-image-id=\"553\" class=\"ut-adaptive-image wp-post-image skip-lazy \">\r\n\r\n        \r\n                        \r\n                    <\/figure>\r\n                    \r\n                <\/a>  \r\n                \r\n                <a href=\"https:\/\/insightevents.se\/ekonomidagarna\/2023\/12\/\">\r\n                \r\n                    <div class=\"date-format\">\r\n                        <span class=\"day\">12<\/span>\r\n                        <span class=\"month\">dec 2023<\/span>\r\n                    <\/div>\r\n                \r\n                <\/a>\r\n\r\n            <\/div>                                                                                                                         \r\n\r\n        <\/div><!-- close ut-post-thumbnail -->\r\n\r\n                \r\n                \r\n        <a class=\"ut-blog-link\" title=\"Ekonomidagarna 2024\" href=\"https:\/\/insightevents.se\/ekonomidagarna\/2023\/12\/12\/ekonomidagarna-2024\/\" rel=\"bookmark\">     \r\n              \r\n            <div class=\"ut-blog-grid-content-wrap\"> \r\n\r\n                \r\n                    <header class=\"entry-header\">\r\n\r\n                        <h2 data-responsive-font=\"grid_blog_title\" class=\"entry-title\">Ekonomidagarna 2024<\/h2>\r\n\r\n                    <\/header>\r\n                    <!-- close entry-header -->\r\n\r\n                 \r\n\r\n                <!-- entry-content -->\r\n                <div class=\"entry-content clearfix\">\r\n\r\n                    <p>P\u00e5 Ekonomidagarna 2024 m\u00f6ter ni bland annat Katrin Stjernfeldt Jammeh, Kommunstyrelsens ordf\u00f6rande i Malm\u00f6 stad som medverkar i ett samtal om Framtidens offentliga ekonomi \u2013&hellip;<\/p>\n\r\n                <\/div>\r\n                <!-- entry-content -->\r\n\r\n            <\/div>\r\n        \r\n        <\/a>\r\n        \r\n\t\t                        \r\n    <\/div>\r\n    \r\n<\/article>\r\n<!-- #post-552 -->\r\n\r\n<article id=\"post-549\" class=\"grid-33 tablet-grid-50 mobile-grid-100 ut-blog-grid-article clearfix post-549 post type-post status-publish format-standard has-post-thumbnail hentry category-uncategorized\">\r\n    \r\n    <div class=\"ut-blog-grid-article-inner\">\r\n    \t\r\n\t\t\t\t\r\n                        \r\n\r\n        <!-- ut-post-thumbnail -->\r\n        <div class=\"ut-post-thumbnail\">     \r\n\r\n            <div class=\"entry-thumbnail\">\r\n\r\n                \r\n                <a title=\"Permanent Link to Ekonomidagarna tillbaka 23-24 april 2024 \u2013 nu i Stockholm\" href=\"https:\/\/insightevents.se\/ekonomidagarna\/2023\/11\/27\/ekonomidagarna-tillbaka-23-24-april-2024-nu-i-stockholm\/\">                \r\n                    \r\n                    <figure class=\"ut-post-thumbnail-caption-wrap\">\r\n\r\n                        \r\n        <img loading=\"lazy\" decoding=\"async\" data-adaptive-images=\"{&quot;300&quot;:&quot;https:\\\/\\\/insightevents.se\\\/ekonomidagarna\\\/wp-content\\\/uploads\\\/sites\\\/13\\\/2023\\\/12\\\/nyhetbild2.png&quot;,&quot;500&quot;:&quot;https:\\\/\\\/insightevents.se\\\/ekonomidagarna\\\/wp-content\\\/uploads\\\/sites\\\/13\\\/2023\\\/12\\\/nyhetbild2.png&quot;,&quot;750&quot;:&quot;https:\\\/\\\/insightevents.se\\\/ekonomidagarna\\\/wp-content\\\/uploads\\\/sites\\\/13\\\/2023\\\/12\\\/nyhetbild2.png&quot;,&quot;1000&quot;:&quot;https:\\\/\\\/insightevents.se\\\/ekonomidagarna\\\/wp-content\\\/uploads\\\/sites\\\/13\\\/2023\\\/12\\\/nyhetbild2.png&quot;,&quot;1500&quot;:&quot;https:\\\/\\\/insightevents.se\\\/ekonomidagarna\\\/wp-content\\\/uploads\\\/sites\\\/13\\\/2023\\\/12\\\/nyhetbild2.png&quot;,&quot;2500&quot;:&quot;https:\\\/\\\/insightevents.se\\\/ekonomidagarna\\\/wp-content\\\/uploads\\\/sites\\\/13\\\/2023\\\/12\\\/nyhetbild2.png&quot;}\" src=\"data:image\/svg+xml;charset=utf-8,%3Csvg xmlns%3D&#039;http%3A%2F%2Fwww.w3.org%2F2000%2Fsvg&#039; viewBox%3D&#039;0 0 400 400&#039;%2F%3E\" width=\"400\" height=\"400\" data-src=\"https:\/\/insightevents.se\/ekonomidagarna\/wp-content\/uploads\/sites\/13\/2023\/12\/nyhetbild2.png\" data-image-id=\"550\" class=\"ut-adaptive-image wp-post-image skip-lazy \">\r\n\r\n        \r\n                        \r\n                    <\/figure>\r\n                    \r\n                <\/a>  \r\n                \r\n                <a href=\"https:\/\/insightevents.se\/ekonomidagarna\/2023\/11\/\">\r\n                \r\n                    <div class=\"date-format\">\r\n                        <span class=\"day\">27<\/span>\r\n                        <span class=\"month\">nov 2023<\/span>\r\n                    <\/div>\r\n                \r\n                <\/a>\r\n\r\n            <\/div>                                                                                                                         \r\n\r\n        <\/div><!-- close ut-post-thumbnail -->\r\n\r\n                \r\n                \r\n        <a class=\"ut-blog-link\" title=\"Ekonomidagarna tillbaka 23-24 april 2024 \u2013 nu i Stockholm\" href=\"https:\/\/insightevents.se\/ekonomidagarna\/2023\/11\/27\/ekonomidagarna-tillbaka-23-24-april-2024-nu-i-stockholm\/\" rel=\"bookmark\">     \r\n              \r\n            <div class=\"ut-blog-grid-content-wrap\"> \r\n\r\n                \r\n                    <header class=\"entry-header\">\r\n\r\n                        <h2 data-responsive-font=\"grid_blog_title\" class=\"entry-title\">Ekonomidagarna tillbaka 23-24 april 2024 \u2013 nu i Stockholm<\/h2>\r\n\r\n                    <\/header>\r\n                    <!-- close entry-header -->\r\n\r\n                 \r\n\r\n                <!-- entry-content -->\r\n                <div class=\"entry-content clearfix\">\r\n\r\n                    <p>Boka redan nu in 23-24 april 2024 d\u00e5 nya Ekonomidagarna \u00e4r tillbaka, och denna g\u00e5ng i Stockholm! \u00c5rets viktigaste m\u00f6tesplatsen f\u00f6r dig inom offentlig ekonomi.&hellip;<\/p>\n\r\n                <\/div>\r\n                <!-- entry-content -->\r\n\r\n            <\/div>\r\n        \r\n        <\/a>\r\n        \r\n\t\t                        \r\n    <\/div>\r\n    \r\n<\/article>\r\n<!-- #post-549 -->\r\n\r\n<article id=\"post-461\" class=\"grid-33 tablet-grid-50 mobile-grid-100 ut-blog-grid-article clearfix post-461 post type-post status-publish format-standard has-post-thumbnail hentry category-nyhet\">\r\n    \r\n    <div class=\"ut-blog-grid-article-inner\">\r\n    \t\r\n\t\t\t\t\r\n                        \r\n\r\n        <!-- ut-post-thumbnail -->\r\n        <div class=\"ut-post-thumbnail\">     \r\n\r\n            <div class=\"entry-thumbnail\">\r\n\r\n                \r\n                <a title=\"Permanent Link to Ekonomidagarna 2021 &#8211; Viktig uppdatering, Ekonomidagrna flyttas!\" href=\"https:\/\/insightevents.se\/ekonomidagarna\/2021\/09\/01\/ekonomidagarna-2021-viktig-uppdatering-ekonomidagrna-flyttas\/\">                \r\n                    \r\n                    <figure class=\"ut-post-thumbnail-caption-wrap\">\r\n\r\n                        \r\n        <img loading=\"lazy\" decoding=\"async\" data-adaptive-images=\"{&quot;300&quot;:&quot;https:\\\/\\\/insightevents.se\\\/ekonomidagarna\\\/wp-content\\\/uploads\\\/sites\\\/13\\\/2021\\\/09\\\/nyhetbild1.png&quot;,&quot;500&quot;:&quot;https:\\\/\\\/insightevents.se\\\/ekonomidagarna\\\/wp-content\\\/uploads\\\/sites\\\/13\\\/2021\\\/09\\\/nyhetbild1.png&quot;,&quot;750&quot;:&quot;https:\\\/\\\/insightevents.se\\\/ekonomidagarna\\\/wp-content\\\/uploads\\\/sites\\\/13\\\/2021\\\/09\\\/nyhetbild1.png&quot;,&quot;1000&quot;:&quot;https:\\\/\\\/insightevents.se\\\/ekonomidagarna\\\/wp-content\\\/uploads\\\/sites\\\/13\\\/2021\\\/09\\\/nyhetbild1.png&quot;,&quot;1500&quot;:&quot;https:\\\/\\\/insightevents.se\\\/ekonomidagarna\\\/wp-content\\\/uploads\\\/sites\\\/13\\\/2021\\\/09\\\/nyhetbild1.png&quot;,&quot;2500&quot;:&quot;https:\\\/\\\/insightevents.se\\\/ekonomidagarna\\\/wp-content\\\/uploads\\\/sites\\\/13\\\/2021\\\/09\\\/nyhetbild1.png&quot;}\" src=\"data:image\/svg+xml;charset=utf-8,%3Csvg xmlns%3D&#039;http%3A%2F%2Fwww.w3.org%2F2000%2Fsvg&#039; viewBox%3D&#039;0 0 400 400&#039;%2F%3E\" width=\"400\" height=\"400\" data-src=\"https:\/\/insightevents.se\/ekonomidagarna\/wp-content\/uploads\/sites\/13\/2021\/09\/nyhetbild1.png\" data-image-id=\"547\" class=\"ut-adaptive-image wp-post-image skip-lazy \">\r\n\r\n        \r\n                        \r\n                    <\/figure>\r\n                    \r\n                <\/a>  \r\n                \r\n                <a href=\"https:\/\/insightevents.se\/ekonomidagarna\/2021\/09\/\">\r\n                \r\n                    <div class=\"date-format\">\r\n                        <span class=\"day\">01<\/span>\r\n                        <span class=\"month\">sep 2021<\/span>\r\n                    <\/div>\r\n                \r\n                <\/a>\r\n\r\n            <\/div>                                                                                                                         \r\n\r\n        <\/div><!-- close ut-post-thumbnail -->\r\n\r\n                \r\n                \r\n        <a class=\"ut-blog-link\" title=\"Ekonomidagarna 2021 &#8211; Viktig uppdatering, Ekonomidagrna flyttas!\" href=\"https:\/\/insightevents.se\/ekonomidagarna\/2021\/09\/01\/ekonomidagarna-2021-viktig-uppdatering-ekonomidagrna-flyttas\/\" rel=\"bookmark\">     \r\n              \r\n            <div class=\"ut-blog-grid-content-wrap\"> \r\n\r\n                \r\n                    <header class=\"entry-header\">\r\n\r\n                        <h2 data-responsive-font=\"grid_blog_title\" class=\"entry-title\">Ekonomidagarna 2021 &#8211; Viktig uppdatering, Ekonomidagrna flyttas!<\/h2>\r\n\r\n                    <\/header>\r\n                    <!-- close entry-header -->\r\n\r\n                 \r\n\r\n                <!-- entry-content -->\r\n                <div class=\"entry-content clearfix\">\r\n\r\n                    <p>P\u00e5 grund av r\u00e5dande pandemil\u00e4ge och restriktioner tvingas vi tyv\u00e4rr skjuta ekonomidagarna 2021 p\u00e5 framtiden. Ett nytt datum f\u00f6r konferensen publiceras snart! Till dess ser&hellip;<\/p>\n\r\n                <\/div>\r\n                <!-- entry-content -->\r\n\r\n            <\/div>\r\n        \r\n        <\/a>\r\n        \r\n\t\t                        \r\n    <\/div>\r\n    \r\n<\/article>\r\n<!-- #post-461 -->\r\n<\/div><\/div>[\/vc_column][\/vc_row]<\/p>\n<\/div>","protected":false},"excerpt":{"rendered":"<p>[vc_row][vc_column][vc_icon icon_fontawesome=&#8221;fa fa-newspaper-o&#8221; color=&#8221;white&#8221; background_style=&#8221;rounded&#8221; background_color=&#8221;custom&#8221; size=&#8221;xl&#8221; align=&#8221;center&#8221; css_animation=&#8221;appear&#8221; custom_background_color=&#8221;#98bdd5&#8243;][vc_custom_heading text=&#8221;SENASTE NYTT!&#8221; font_container=&#8221;tag:h1|text_align:center|color:%2398bdd5&#8243; google_fonts=&#8221;font_family:Roboto%3A100%2C100italic%2C300%2C300italic%2Cregular%2Citalic%2C500%2C500italic%2C700%2C700italic%2C900%2C900italic|font_style:700%20bold%20regular%3A700%3Anormal&#8221; css=&#8221;.vc_custom_1495545957363{padding-bottom: 30px !important;}&#8221;][\/vc_column][\/vc_row]<\/p>\n","protected":false},"author":1,"featured_media":0,"parent":40,"menu_order":0,"comment_status":"closed","ping_status":"closed","template":"","meta":{"_acf_changed":false,"footnotes":""},"class_list":["post-144","page","type-page","status-publish","hentry"],"acf":[],"yoast_head":"<!-- This site is optimized with the Yoast SEO plugin v27.3 - https:\/\/yoast.com\/product\/yoast-seo-wordpress\/ -->\n<title>Nyheter - Ekonomidagarna<\/title>\n<meta name=\"description\" content=\"Nyheter - Ekonomidagarna - \u00c5rlig konferens om framtidens v\u00e4gval och visioner f\u00f6r offentlig ekonomi\" \/>\n<meta name=\"robots\" content=\"index, follow, max-snippet:-1, max-image-preview:large, max-video-preview:-1\" \/>\n<link rel=\"canonical\" href=\"https:\/\/insightevents.se\/ekonomidagarna\/valkommen\/partners\/nyheter\/\" \/>\n<meta property=\"og:locale\" content=\"sv_SE\" \/>\n<meta property=\"og:type\" content=\"article\" \/>\n<meta property=\"og:title\" content=\"Nyheter - Ekonomidagarna\" \/>\n<meta property=\"og:description\" content=\"Nyheter - Ekonomidagarna - \u00c5rlig konferens om framtidens v\u00e4gval och visioner f\u00f6r offentlig ekonomi\" \/>\n<meta property=\"og:url\" content=\"https:\/\/insightevents.se\/ekonomidagarna\/valkommen\/partners\/nyheter\/\" \/>\n<meta property=\"og:site_name\" content=\"Ekonomidagarna\" \/>\n<meta property=\"article:modified_time\" content=\"2023-11-28T13:12:52+00:00\" \/>\n<meta name=\"twitter:card\" content=\"summary_large_image\" \/>\n<meta name=\"twitter:label1\" content=\"Ber\u00e4knad l\u00e4stid\" \/>\n\t<meta name=\"twitter:data1\" content=\"1 minut\" \/>\n<script type=\"application\/ld+json\" class=\"yoast-schema-graph\">{\"@context\":\"https:\\\/\\\/schema.org\",\"@graph\":[{\"@type\":\"WebPage\",\"@id\":\"https:\\\/\\\/insightevents.se\\\/ekonomidagarna\\\/valkommen\\\/partners\\\/nyheter\\\/\",\"url\":\"https:\\\/\\\/insightevents.se\\\/ekonomidagarna\\\/valkommen\\\/partners\\\/nyheter\\\/\",\"name\":\"Nyheter - Ekonomidagarna\",\"isPartOf\":{\"@id\":\"https:\\\/\\\/insightevents.se\\\/ekonomidagarna\\\/#website\"},\"datePublished\":\"2017-05-23T13:19:56+00:00\",\"dateModified\":\"2023-11-28T13:12:52+00:00\",\"description\":\"Nyheter - Ekonomidagarna - \u00c5rlig konferens om framtidens v\u00e4gval och visioner f\u00f6r offentlig ekonomi\",\"breadcrumb\":{\"@id\":\"https:\\\/\\\/insightevents.se\\\/ekonomidagarna\\\/valkommen\\\/partners\\\/nyheter\\\/#breadcrumb\"},\"inLanguage\":\"sv-SE\",\"potentialAction\":[{\"@type\":\"ReadAction\",\"target\":[\"https:\\\/\\\/insightevents.se\\\/ekonomidagarna\\\/valkommen\\\/partners\\\/nyheter\\\/\"]}]},{\"@type\":\"BreadcrumbList\",\"@id\":\"https:\\\/\\\/insightevents.se\\\/ekonomidagarna\\\/valkommen\\\/partners\\\/nyheter\\\/#breadcrumb\",\"itemListElement\":[{\"@type\":\"ListItem\",\"position\":1,\"name\":\"Home\",\"item\":\"https:\\\/\\\/insightevents.se\\\/ekonomidagarna\\\/\"},{\"@type\":\"ListItem\",\"position\":2,\"name\":\"V\u00e4lkommen\",\"item\":\"https:\\\/\\\/insightevents.se\\\/ekonomidagarna\\\/valkommen\\\/\"},{\"@type\":\"ListItem\",\"position\":3,\"name\":\"Partners\",\"item\":\"https:\\\/\\\/insightevents.se\\\/ekonomidagarna\\\/valkommen\\\/partners\\\/\"},{\"@type\":\"ListItem\",\"position\":4,\"name\":\"Nyheter\"}]},{\"@type\":\"WebSite\",\"@id\":\"https:\\\/\\\/insightevents.se\\\/ekonomidagarna\\\/#website\",\"url\":\"https:\\\/\\\/insightevents.se\\\/ekonomidagarna\\\/\",\"name\":\"Ekonomidagarna\",\"description\":\"Just another Insight Events Sweden Websites site\",\"potentialAction\":[{\"@type\":\"SearchAction\",\"target\":{\"@type\":\"EntryPoint\",\"urlTemplate\":\"https:\\\/\\\/insightevents.se\\\/ekonomidagarna\\\/?s={search_term_string}\"},\"query-input\":{\"@type\":\"PropertyValueSpecification\",\"valueRequired\":true,\"valueName\":\"search_term_string\"}}],\"inLanguage\":\"sv-SE\"}]}<\/script>\n<!-- \/ Yoast SEO plugin. -->","yoast_head_json":{"title":"Nyheter - Ekonomidagarna","description":"Nyheter - Ekonomidagarna - \u00c5rlig konferens om framtidens v\u00e4gval och visioner f\u00f6r offentlig ekonomi","robots":{"index":"index","follow":"follow","max-snippet":"max-snippet:-1","max-image-preview":"max-image-preview:large","max-video-preview":"max-video-preview:-1"},"canonical":"https:\/\/insightevents.se\/ekonomidagarna\/valkommen\/partners\/nyheter\/","og_locale":"sv_SE","og_type":"article","og_title":"Nyheter - Ekonomidagarna","og_description":"Nyheter - Ekonomidagarna - \u00c5rlig konferens om framtidens v\u00e4gval och visioner f\u00f6r offentlig ekonomi","og_url":"https:\/\/insightevents.se\/ekonomidagarna\/valkommen\/partners\/nyheter\/","og_site_name":"Ekonomidagarna","article_modified_time":"2023-11-28T13:12:52+00:00","twitter_card":"summary_large_image","twitter_misc":{"Ber\u00e4knad l\u00e4stid":"1 minut"},"schema":{"@context":"https:\/\/schema.org","@graph":[{"@type":"WebPage","@id":"https:\/\/insightevents.se\/ekonomidagarna\/valkommen\/partners\/nyheter\/","url":"https:\/\/insightevents.se\/ekonomidagarna\/valkommen\/partners\/nyheter\/","name":"Nyheter - Ekonomidagarna","isPartOf":{"@id":"https:\/\/insightevents.se\/ekonomidagarna\/#website"},"datePublished":"2017-05-23T13:19:56+00:00","dateModified":"2023-11-28T13:12:52+00:00","description":"Nyheter - Ekonomidagarna - \u00c5rlig konferens om framtidens v\u00e4gval och visioner f\u00f6r offentlig ekonomi","breadcrumb":{"@id":"https:\/\/insightevents.se\/ekonomidagarna\/valkommen\/partners\/nyheter\/#breadcrumb"},"inLanguage":"sv-SE","potentialAction":[{"@type":"ReadAction","target":["https:\/\/insightevents.se\/ekonomidagarna\/valkommen\/partners\/nyheter\/"]}]},{"@type":"BreadcrumbList","@id":"https:\/\/insightevents.se\/ekonomidagarna\/valkommen\/partners\/nyheter\/#breadcrumb","itemListElement":[{"@type":"ListItem","position":1,"name":"Home","item":"https:\/\/insightevents.se\/ekonomidagarna\/"},{"@type":"ListItem","position":2,"name":"V\u00e4lkommen","item":"https:\/\/insightevents.se\/ekonomidagarna\/valkommen\/"},{"@type":"ListItem","position":3,"name":"Partners","item":"https:\/\/insightevents.se\/ekonomidagarna\/valkommen\/partners\/"},{"@type":"ListItem","position":4,"name":"Nyheter"}]},{"@type":"WebSite","@id":"https:\/\/insightevents.se\/ekonomidagarna\/#website","url":"https:\/\/insightevents.se\/ekonomidagarna\/","name":"Ekonomidagarna","description":"Just another Insight Events Sweden Websites site","potentialAction":[{"@type":"SearchAction","target":{"@type":"EntryPoint","urlTemplate":"https:\/\/insightevents.se\/ekonomidagarna\/?s={search_term_string}"},"query-input":{"@type":"PropertyValueSpecification","valueRequired":true,"valueName":"search_term_string"}}],"inLanguage":"sv-SE"}]}},"_links":{"self":[{"href":"https:\/\/insightevents.se\/ekonomidagarna\/wp-json\/wp\/v2\/pages\/144","targetHints":{"allow":["GET"]}}],"collection":[{"href":"https:\/\/insightevents.se\/ekonomidagarna\/wp-json\/wp\/v2\/pages"}],"about":[{"href":"https:\/\/insightevents.se\/ekonomidagarna\/wp-json\/wp\/v2\/types\/page"}],"author":[{"embeddable":true,"href":"https:\/\/insightevents.se\/ekonomidagarna\/wp-json\/wp\/v2\/users\/1"}],"replies":[{"embeddable":true,"href":"https:\/\/insightevents.se\/ekonomidagarna\/wp-json\/wp\/v2\/comments?post=144"}],"version-history":[{"count":10,"href":"https:\/\/insightevents.se\/ekonomidagarna\/wp-json\/wp\/v2\/pages\/144\/revisions"}],"predecessor-version":[{"id":334,"href":"https:\/\/insightevents.se\/ekonomidagarna\/wp-json\/wp\/v2\/pages\/144\/revisions\/334"}],"up":[{"embeddable":true,"href":"https:\/\/insightevents.se\/ekonomidagarna\/wp-json\/wp\/v2\/pages\/40"}],"wp:attachment":[{"href":"https:\/\/insightevents.se\/ekonomidagarna\/wp-json\/wp\/v2\/media?parent=144"}],"curies":[{"name":"wp","href":"https:\/\/api.w.org\/{rel}","templated":true}]}}