{"id":187,"date":"2017-06-16T13:00:02","date_gmt":"2017-06-16T13:00:02","guid":{"rendered":"https:\/\/insightevents.se\/ekonomidagarna\/?page_id=187"},"modified":"2026-02-12T14:28:47","modified_gmt":"2026-02-12T14:28:47","slug":"info","status":"publish","type":"page","link":"https:\/\/insightevents.se\/ekonomidagarna\/info\/","title":{"rendered":"Info"},"content":{"rendered":"<div class=\"wpb-content-wrapper\"><p>[vc_row css=&#8221;.vc_custom_1566467113745{margin-top: 50px !important;}&#8221;][vc_column][vc_custom_heading text=&#8221;PRAKTISK INFORMATION&#8221; font_container=&#8221;tag:h1|text_align:center|color:%2398bdd5&#8243; google_fonts=&#8221;font_family:Roboto%3A100%2C100italic%2C300%2C300italic%2Cregular%2Citalic%2C500%2C500italic%2C700%2C700italic%2C900%2C900italic|font_style:700%20bold%20regular%3A700%3Anormal&#8221; text_transform=&#8221;capitalize&#8221;][vc_column_text css=&#8221;.vc_custom_1770906525723{padding-top: 20px !important;}&#8221;]<\/p>\n<h3>DATUM<\/h3>\n<p>&#8211;<\/p>\n<h3>LOKAL<\/h3>\n<p>Stockholm, lokal meddelas n\u00e4rmre event<\/p>\n<h3>PRISER<\/h3>\n<p>Uppdateras snart<\/p>\n<h2>Dokumentation<\/h2>\n<p>M\u00e5nga av v\u00e5ra f\u00f6redragsh\u00e5llare uppdaterar sina anf\u00f6randen i sista stund. F\u00f6r att kunna erbjuda en uppdaterad och korrekt version har vi d\u00e4rf\u00f6r valt att tillhandah\u00e5lla dokumentationerna elektroniskt. I anslutning till konferensen f\u00e5r du, via l\u00f6senord, tillg\u00e5ng till dokumentationen via webbl\u00e4nk. Vid problem med nedladdning v\u00e4nligen kontakta Kundtj\u00e4nst, tfn: 08-587 662 00. Vill du anteckna i dokumentationen rekommenderar vi att du skriver ut och tar med dig den till konferensen.<\/p>\n<h2>Anm\u00e4lningsvillkor<\/h2>\n<p><a href=\"https:\/\/insightevents.se\/regler-och-villkor\/\">V\u00e5ra anm\u00e4lningsvillkor hittar du h\u00e4r<\/a><br \/>\n<a href=\"https:\/\/insightevents.se\/integritetspolicy\/\">H\u00e4r kan du l\u00e4sa om v\u00e5r hantering av personuppgifter och Insight Events integritetspolicy<\/a><\/p>\n<h2>Foto\/film<\/h2>\n<p>I syfte att dokumentera och kommunicera konferensen, f\u00f6rekommer det att vi fotograferar eller filmar eventet. Det inneb\u00e4r att deltagare kan f\u00f6rekomma p\u00e5 bilderna \u00e4ven om fokus \u00e4r p\u00e5 arrangemanget i stort.<\/p>\n<h3 style=\"text-align: left;\">HOTELL<\/h3>\n<p>I samband med Ekonomidagarna har du m\u00f6jlighet att boka \u00f6vernattning p\u00e5 n\u00e5got av v\u00e5ra samarbetshotell till ett rabatterat pris. Mer information finns p\u00e5 denna sidan:\u00a0<a href=\"https:\/\/insightevents.se\/bokning-av-hotell\/\"><strong>www.insightevents.se\/bokning-av-hotell\/<\/strong><\/a><\/p>\n<h3>KONTAKT<\/h3>\n<p><strong>Deltagarplats<\/strong><br \/>\nMagnus Sj\u00f6lander<br \/>\nTfn: 08-587 662 14<br \/>\nE-post: <a href=\"mailto:Magnus.Sjolander@insightevents.se\">Magnus.Sjolander@insightevents.se<\/a>[\/vc_column_text][\/vc_column][\/vc_row]<\/p>\n<\/div>","protected":false},"excerpt":{"rendered":"<p>[vc_row css=&#8221;.vc_custom_1566467113745{margin-top: 50px !important;}&#8221;][vc_column][vc_custom_heading text=&#8221;PRAKTISK INFORMATION&#8221; font_container=&#8221;tag:h1|text_align:center|color:%2398bdd5&#8243; google_fonts=&#8221;font_family:Roboto%3A100%2C100italic%2C300%2C300italic%2Cregular%2Citalic%2C500%2C500italic%2C700%2C700italic%2C900%2C900italic|font_style:700%20bold%20regular%3A700%3Anormal&#8221; text_transform=&#8221;capitalize&#8221;][vc_column_text css=&#8221;.vc_custom_1770906525723{padding-top: 20px !important;}&#8221;] DATUM &#8211; LOKAL Stockholm, lokal meddelas n\u00e4rmre event PRISER Uppdateras snart Dokumentation M\u00e5nga av v\u00e5ra f\u00f6redragsh\u00e5llare uppdaterar sina anf\u00f6randen i sista stund. F\u00f6r att kunna erbjuda en uppdaterad och korrekt version har vi d\u00e4rf\u00f6r valt att tillhandah\u00e5lla dokumentationerna elektroniskt. I anslutning till konferensen [&hellip;]<\/p>\n","protected":false},"author":1,"featured_media":0,"parent":0,"menu_order":0,"comment_status":"closed","ping_status":"closed","template":"","meta":{"_acf_changed":false,"footnotes":""},"class_list":["post-187","page","type-page","status-publish","hentry"],"acf":[],"yoast_head":"<!-- This site is optimized with the Yoast SEO plugin v27.3 - https:\/\/yoast.com\/product\/yoast-seo-wordpress\/ -->\n<title>Info - Ekonomidagarna<\/title>\n<meta name=\"description\" content=\"Praktiskt information om Ekonomidagarna - \u00c5rlig konferens om framtidens v\u00e4gval och visioner f\u00f6r offentlig ekonomi\" \/>\n<meta name=\"robots\" content=\"index, follow, max-snippet:-1, max-image-preview:large, max-video-preview:-1\" \/>\n<link rel=\"canonical\" href=\"https:\/\/insightevents.se\/ekonomidagarna\/info\/\" \/>\n<meta property=\"og:locale\" content=\"sv_SE\" \/>\n<meta property=\"og:type\" content=\"article\" \/>\n<meta property=\"og:title\" content=\"Info - Ekonomidagarna\" \/>\n<meta property=\"og:description\" content=\"Praktiskt information om Ekonomidagarna - \u00c5rlig konferens om framtidens v\u00e4gval och visioner f\u00f6r offentlig ekonomi\" \/>\n<meta property=\"og:url\" content=\"https:\/\/insightevents.se\/ekonomidagarna\/info\/\" \/>\n<meta property=\"og:site_name\" content=\"Ekonomidagarna\" \/>\n<meta property=\"article:modified_time\" content=\"2026-02-12T14:28:47+00:00\" \/>\n<meta name=\"twitter:card\" content=\"summary_large_image\" \/>\n<meta name=\"twitter:label1\" content=\"Ber\u00e4knad l\u00e4stid\" \/>\n\t<meta name=\"twitter:data1\" content=\"1 minut\" \/>\n<script type=\"application\/ld+json\" class=\"yoast-schema-graph\">{\"@context\":\"https:\\\/\\\/schema.org\",\"@graph\":[{\"@type\":\"WebPage\",\"@id\":\"https:\\\/\\\/insightevents.se\\\/ekonomidagarna\\\/info\\\/\",\"url\":\"https:\\\/\\\/insightevents.se\\\/ekonomidagarna\\\/info\\\/\",\"name\":\"Info - Ekonomidagarna\",\"isPartOf\":{\"@id\":\"https:\\\/\\\/insightevents.se\\\/ekonomidagarna\\\/#website\"},\"datePublished\":\"2017-06-16T13:00:02+00:00\",\"dateModified\":\"2026-02-12T14:28:47+00:00\",\"description\":\"Praktiskt information om Ekonomidagarna - \u00c5rlig konferens om framtidens v\u00e4gval och visioner f\u00f6r offentlig ekonomi\",\"breadcrumb\":{\"@id\":\"https:\\\/\\\/insightevents.se\\\/ekonomidagarna\\\/info\\\/#breadcrumb\"},\"inLanguage\":\"sv-SE\",\"potentialAction\":[{\"@type\":\"ReadAction\",\"target\":[\"https:\\\/\\\/insightevents.se\\\/ekonomidagarna\\\/info\\\/\"]}]},{\"@type\":\"BreadcrumbList\",\"@id\":\"https:\\\/\\\/insightevents.se\\\/ekonomidagarna\\\/info\\\/#breadcrumb\",\"itemListElement\":[{\"@type\":\"ListItem\",\"position\":1,\"name\":\"Home\",\"item\":\"https:\\\/\\\/insightevents.se\\\/ekonomidagarna\\\/\"},{\"@type\":\"ListItem\",\"position\":2,\"name\":\"Info\"}]},{\"@type\":\"WebSite\",\"@id\":\"https:\\\/\\\/insightevents.se\\\/ekonomidagarna\\\/#website\",\"url\":\"https:\\\/\\\/insightevents.se\\\/ekonomidagarna\\\/\",\"name\":\"Ekonomidagarna\",\"description\":\"Just another Insight Events Sweden Websites site\",\"potentialAction\":[{\"@type\":\"SearchAction\",\"target\":{\"@type\":\"EntryPoint\",\"urlTemplate\":\"https:\\\/\\\/insightevents.se\\\/ekonomidagarna\\\/?s={search_term_string}\"},\"query-input\":{\"@type\":\"PropertyValueSpecification\",\"valueRequired\":true,\"valueName\":\"search_term_string\"}}],\"inLanguage\":\"sv-SE\"}]}<\/script>\n<!-- \/ Yoast SEO plugin. -->","yoast_head_json":{"title":"Info - Ekonomidagarna","description":"Praktiskt information om Ekonomidagarna - \u00c5rlig konferens om framtidens v\u00e4gval och visioner f\u00f6r offentlig ekonomi","robots":{"index":"index","follow":"follow","max-snippet":"max-snippet:-1","max-image-preview":"max-image-preview:large","max-video-preview":"max-video-preview:-1"},"canonical":"https:\/\/insightevents.se\/ekonomidagarna\/info\/","og_locale":"sv_SE","og_type":"article","og_title":"Info - Ekonomidagarna","og_description":"Praktiskt information om Ekonomidagarna - \u00c5rlig konferens om framtidens v\u00e4gval och visioner f\u00f6r offentlig ekonomi","og_url":"https:\/\/insightevents.se\/ekonomidagarna\/info\/","og_site_name":"Ekonomidagarna","article_modified_time":"2026-02-12T14:28:47+00:00","twitter_card":"summary_large_image","twitter_misc":{"Ber\u00e4knad l\u00e4stid":"1 minut"},"schema":{"@context":"https:\/\/schema.org","@graph":[{"@type":"WebPage","@id":"https:\/\/insightevents.se\/ekonomidagarna\/info\/","url":"https:\/\/insightevents.se\/ekonomidagarna\/info\/","name":"Info - Ekonomidagarna","isPartOf":{"@id":"https:\/\/insightevents.se\/ekonomidagarna\/#website"},"datePublished":"2017-06-16T13:00:02+00:00","dateModified":"2026-02-12T14:28:47+00:00","description":"Praktiskt information om Ekonomidagarna - \u00c5rlig konferens om framtidens v\u00e4gval och visioner f\u00f6r offentlig ekonomi","breadcrumb":{"@id":"https:\/\/insightevents.se\/ekonomidagarna\/info\/#breadcrumb"},"inLanguage":"sv-SE","potentialAction":[{"@type":"ReadAction","target":["https:\/\/insightevents.se\/ekonomidagarna\/info\/"]}]},{"@type":"BreadcrumbList","@id":"https:\/\/insightevents.se\/ekonomidagarna\/info\/#breadcrumb","itemListElement":[{"@type":"ListItem","position":1,"name":"Home","item":"https:\/\/insightevents.se\/ekonomidagarna\/"},{"@type":"ListItem","position":2,"name":"Info"}]},{"@type":"WebSite","@id":"https:\/\/insightevents.se\/ekonomidagarna\/#website","url":"https:\/\/insightevents.se\/ekonomidagarna\/","name":"Ekonomidagarna","description":"Just another Insight Events Sweden Websites site","potentialAction":[{"@type":"SearchAction","target":{"@type":"EntryPoint","urlTemplate":"https:\/\/insightevents.se\/ekonomidagarna\/?s={search_term_string}"},"query-input":{"@type":"PropertyValueSpecification","valueRequired":true,"valueName":"search_term_string"}}],"inLanguage":"sv-SE"}]}},"_links":{"self":[{"href":"https:\/\/insightevents.se\/ekonomidagarna\/wp-json\/wp\/v2\/pages\/187","targetHints":{"allow":["GET"]}}],"collection":[{"href":"https:\/\/insightevents.se\/ekonomidagarna\/wp-json\/wp\/v2\/pages"}],"about":[{"href":"https:\/\/insightevents.se\/ekonomidagarna\/wp-json\/wp\/v2\/types\/page"}],"author":[{"embeddable":true,"href":"https:\/\/insightevents.se\/ekonomidagarna\/wp-json\/wp\/v2\/users\/1"}],"replies":[{"embeddable":true,"href":"https:\/\/insightevents.se\/ekonomidagarna\/wp-json\/wp\/v2\/comments?post=187"}],"version-history":[{"count":12,"href":"https:\/\/insightevents.se\/ekonomidagarna\/wp-json\/wp\/v2\/pages\/187\/revisions"}],"predecessor-version":[{"id":666,"href":"https:\/\/insightevents.se\/ekonomidagarna\/wp-json\/wp\/v2\/pages\/187\/revisions\/666"}],"wp:attachment":[{"href":"https:\/\/insightevents.se\/ekonomidagarna\/wp-json\/wp\/v2\/media?parent=187"}],"curies":[{"name":"wp","href":"https:\/\/api.w.org\/{rel}","templated":true}]}}