{"id":30,"date":"2017-05-09T12:12:41","date_gmt":"2017-05-09T12:12:41","guid":{"rendered":"https:\/\/insightevents.se\/ekonomidagarna\/?page_id=30"},"modified":"2023-11-28T13:12:50","modified_gmt":"2023-11-28T13:12:50","slug":"utstallningsponsorskap","status":"publish","type":"page","link":"https:\/\/insightevents.se\/ekonomidagarna\/utstallningsponsorskap\/","title":{"rendered":"Utst\u00e4llning\/sponsorskap"},"content":{"rendered":"<div class=\"wpb-content-wrapper\"><p>[vc_row][vc_column][vc_empty_space][vc_icon icon_fontawesome=&#8221;fa fa-star&#8221; color=&#8221;white&#8221; background_style=&#8221;rounded&#8221; background_color=&#8221;custom&#8221; size=&#8221;xl&#8221; align=&#8221;center&#8221; css_animation=&#8221;appear&#8221; custom_background_color=&#8221;#98bdd5&#8243;][vc_custom_heading text=&#8221;Utst\u00e4llning\/sponsorskap&#8221; font_container=&#8221;tag:h1|text_align:center|color:%2398bdd5&#8243; google_fonts=&#8221;font_family:Roboto%3A100%2C100italic%2C300%2C300italic%2Cregular%2Citalic%2C500%2C500italic%2C700%2C700italic%2C900%2C900italic|font_style:700%20bold%20regular%3A700%3Anormal&#8221; text_transform=&#8221;uppercase&#8221;][vc_column_text css=&#8221;.vc_custom_1634466465160{padding-top: 20px !important;}&#8221;]<\/p>\n<h3 style=\"text-align: left;\">\u00c4r du intresserad av att medverka som sponsor eller utst\u00e4llare p\u00e5 Ekonomidagarna?<\/h3>\n<p style=\"text-align: left;\">Under Ekonomidagarna tr\u00e4ffar du ekonomichefer, controllers, ekonomer och andra inom offentliga ekonomifunktioner fr\u00e5n hela landet. Tillsammans hittar vi ett marknadsf\u00f6ringspaket som passar er verksamhet. Kontakta oss:<\/p>\n<h3 style=\"text-align: left;\">Roland Behrendt<\/h3>\n<p style=\"text-align: left;\">Sales Manager<br \/>\nDirect line: +46 (0)8 58766277<br \/>\nEmail: <a href=\"mailto:roland.behrendt@insightevents.se\">roland.behrendt@insightevents.se<\/a><\/p>\n<p>[\/vc_column_text][\/vc_column][\/vc_row]<\/p>\n<\/div>","protected":false},"excerpt":{"rendered":"<p>[vc_row][vc_column][vc_empty_space][vc_icon icon_fontawesome=&#8221;fa fa-star&#8221; color=&#8221;white&#8221; background_style=&#8221;rounded&#8221; background_color=&#8221;custom&#8221; size=&#8221;xl&#8221; align=&#8221;center&#8221; css_animation=&#8221;appear&#8221; custom_background_color=&#8221;#98bdd5&#8243;][vc_custom_heading text=&#8221;Utst\u00e4llning\/sponsorskap&#8221; font_container=&#8221;tag:h1|text_align:center|color:%2398bdd5&#8243; google_fonts=&#8221;font_family:Roboto%3A100%2C100italic%2C300%2C300italic%2Cregular%2Citalic%2C500%2C500italic%2C700%2C700italic%2C900%2C900italic|font_style:700%20bold%20regular%3A700%3Anormal&#8221; text_transform=&#8221;uppercase&#8221;][vc_column_text css=&#8221;.vc_custom_1634466465160{padding-top: 20px !important;}&#8221;] \u00c4r du intresserad av att medverka som sponsor eller utst\u00e4llare p\u00e5 Ekonomidagarna? Under Ekonomidagarna tr\u00e4ffar du ekonomichefer, controllers, ekonomer och andra inom offentliga ekonomifunktioner fr\u00e5n hela landet. Tillsammans hittar vi ett marknadsf\u00f6ringspaket som passar er verksamhet. Kontakta oss: [&hellip;]<\/p>\n","protected":false},"author":1,"featured_media":0,"parent":0,"menu_order":0,"comment_status":"closed","ping_status":"closed","template":"","meta":{"_acf_changed":false,"footnotes":""},"class_list":["post-30","page","type-page","status-publish","hentry"],"acf":[],"yoast_head":"<!-- This site is optimized with the Yoast SEO plugin v27.3 - https:\/\/yoast.com\/product\/yoast-seo-wordpress\/ -->\n<title>Utst\u00e4llning\/sponsorskap - Ekonomidagarna<\/title>\n<meta name=\"description\" content=\"Utst\u00e4llning och sponsorskap p\u00e5 Ekonomidagarna - \u00c5rlig konferens om framtidens v\u00e4gval och visioner f\u00f6r offentlig ekonomi\" \/>\n<meta name=\"robots\" content=\"index, follow, max-snippet:-1, max-image-preview:large, max-video-preview:-1\" \/>\n<link rel=\"canonical\" href=\"https:\/\/insightevents.se\/ekonomidagarna\/utstallningsponsorskap\/\" \/>\n<meta property=\"og:locale\" content=\"sv_SE\" \/>\n<meta property=\"og:type\" content=\"article\" \/>\n<meta property=\"og:title\" content=\"Utst\u00e4llning\/sponsorskap - Ekonomidagarna\" \/>\n<meta property=\"og:description\" content=\"Utst\u00e4llning och sponsorskap p\u00e5 Ekonomidagarna - \u00c5rlig konferens om framtidens v\u00e4gval och visioner f\u00f6r offentlig ekonomi\" \/>\n<meta property=\"og:url\" content=\"https:\/\/insightevents.se\/ekonomidagarna\/utstallningsponsorskap\/\" \/>\n<meta property=\"og:site_name\" content=\"Ekonomidagarna\" \/>\n<meta property=\"article:modified_time\" content=\"2023-11-28T13:12:50+00:00\" \/>\n<meta name=\"twitter:card\" content=\"summary_large_image\" \/>\n<meta name=\"twitter:label1\" content=\"Ber\u00e4knad l\u00e4stid\" \/>\n\t<meta name=\"twitter:data1\" content=\"1 minut\" \/>\n<script type=\"application\/ld+json\" class=\"yoast-schema-graph\">{\"@context\":\"https:\\\/\\\/schema.org\",\"@graph\":[{\"@type\":\"WebPage\",\"@id\":\"https:\\\/\\\/insightevents.se\\\/ekonomidagarna\\\/utstallningsponsorskap\\\/\",\"url\":\"https:\\\/\\\/insightevents.se\\\/ekonomidagarna\\\/utstallningsponsorskap\\\/\",\"name\":\"Utst\u00e4llning\\\/sponsorskap - Ekonomidagarna\",\"isPartOf\":{\"@id\":\"https:\\\/\\\/insightevents.se\\\/ekonomidagarna\\\/#website\"},\"datePublished\":\"2017-05-09T12:12:41+00:00\",\"dateModified\":\"2023-11-28T13:12:50+00:00\",\"description\":\"Utst\u00e4llning och sponsorskap p\u00e5 Ekonomidagarna - \u00c5rlig konferens om framtidens v\u00e4gval och visioner f\u00f6r offentlig ekonomi\",\"breadcrumb\":{\"@id\":\"https:\\\/\\\/insightevents.se\\\/ekonomidagarna\\\/utstallningsponsorskap\\\/#breadcrumb\"},\"inLanguage\":\"sv-SE\",\"potentialAction\":[{\"@type\":\"ReadAction\",\"target\":[\"https:\\\/\\\/insightevents.se\\\/ekonomidagarna\\\/utstallningsponsorskap\\\/\"]}]},{\"@type\":\"BreadcrumbList\",\"@id\":\"https:\\\/\\\/insightevents.se\\\/ekonomidagarna\\\/utstallningsponsorskap\\\/#breadcrumb\",\"itemListElement\":[{\"@type\":\"ListItem\",\"position\":1,\"name\":\"Home\",\"item\":\"https:\\\/\\\/insightevents.se\\\/ekonomidagarna\\\/\"},{\"@type\":\"ListItem\",\"position\":2,\"name\":\"Utst\u00e4llning\\\/sponsorskap\"}]},{\"@type\":\"WebSite\",\"@id\":\"https:\\\/\\\/insightevents.se\\\/ekonomidagarna\\\/#website\",\"url\":\"https:\\\/\\\/insightevents.se\\\/ekonomidagarna\\\/\",\"name\":\"Ekonomidagarna\",\"description\":\"Just another Insight Events Sweden Websites site\",\"potentialAction\":[{\"@type\":\"SearchAction\",\"target\":{\"@type\":\"EntryPoint\",\"urlTemplate\":\"https:\\\/\\\/insightevents.se\\\/ekonomidagarna\\\/?s={search_term_string}\"},\"query-input\":{\"@type\":\"PropertyValueSpecification\",\"valueRequired\":true,\"valueName\":\"search_term_string\"}}],\"inLanguage\":\"sv-SE\"}]}<\/script>\n<!-- \/ Yoast SEO plugin. -->","yoast_head_json":{"title":"Utst\u00e4llning\/sponsorskap - Ekonomidagarna","description":"Utst\u00e4llning och sponsorskap p\u00e5 Ekonomidagarna - \u00c5rlig konferens om framtidens v\u00e4gval och visioner f\u00f6r offentlig ekonomi","robots":{"index":"index","follow":"follow","max-snippet":"max-snippet:-1","max-image-preview":"max-image-preview:large","max-video-preview":"max-video-preview:-1"},"canonical":"https:\/\/insightevents.se\/ekonomidagarna\/utstallningsponsorskap\/","og_locale":"sv_SE","og_type":"article","og_title":"Utst\u00e4llning\/sponsorskap - Ekonomidagarna","og_description":"Utst\u00e4llning och sponsorskap p\u00e5 Ekonomidagarna - \u00c5rlig konferens om framtidens v\u00e4gval och visioner f\u00f6r offentlig ekonomi","og_url":"https:\/\/insightevents.se\/ekonomidagarna\/utstallningsponsorskap\/","og_site_name":"Ekonomidagarna","article_modified_time":"2023-11-28T13:12:50+00:00","twitter_card":"summary_large_image","twitter_misc":{"Ber\u00e4knad l\u00e4stid":"1 minut"},"schema":{"@context":"https:\/\/schema.org","@graph":[{"@type":"WebPage","@id":"https:\/\/insightevents.se\/ekonomidagarna\/utstallningsponsorskap\/","url":"https:\/\/insightevents.se\/ekonomidagarna\/utstallningsponsorskap\/","name":"Utst\u00e4llning\/sponsorskap - Ekonomidagarna","isPartOf":{"@id":"https:\/\/insightevents.se\/ekonomidagarna\/#website"},"datePublished":"2017-05-09T12:12:41+00:00","dateModified":"2023-11-28T13:12:50+00:00","description":"Utst\u00e4llning och sponsorskap p\u00e5 Ekonomidagarna - \u00c5rlig konferens om framtidens v\u00e4gval och visioner f\u00f6r offentlig ekonomi","breadcrumb":{"@id":"https:\/\/insightevents.se\/ekonomidagarna\/utstallningsponsorskap\/#breadcrumb"},"inLanguage":"sv-SE","potentialAction":[{"@type":"ReadAction","target":["https:\/\/insightevents.se\/ekonomidagarna\/utstallningsponsorskap\/"]}]},{"@type":"BreadcrumbList","@id":"https:\/\/insightevents.se\/ekonomidagarna\/utstallningsponsorskap\/#breadcrumb","itemListElement":[{"@type":"ListItem","position":1,"name":"Home","item":"https:\/\/insightevents.se\/ekonomidagarna\/"},{"@type":"ListItem","position":2,"name":"Utst\u00e4llning\/sponsorskap"}]},{"@type":"WebSite","@id":"https:\/\/insightevents.se\/ekonomidagarna\/#website","url":"https:\/\/insightevents.se\/ekonomidagarna\/","name":"Ekonomidagarna","description":"Just another Insight Events Sweden Websites site","potentialAction":[{"@type":"SearchAction","target":{"@type":"EntryPoint","urlTemplate":"https:\/\/insightevents.se\/ekonomidagarna\/?s={search_term_string}"},"query-input":{"@type":"PropertyValueSpecification","valueRequired":true,"valueName":"search_term_string"}}],"inLanguage":"sv-SE"}]}},"_links":{"self":[{"href":"https:\/\/insightevents.se\/ekonomidagarna\/wp-json\/wp\/v2\/pages\/30","targetHints":{"allow":["GET"]}}],"collection":[{"href":"https:\/\/insightevents.se\/ekonomidagarna\/wp-json\/wp\/v2\/pages"}],"about":[{"href":"https:\/\/insightevents.se\/ekonomidagarna\/wp-json\/wp\/v2\/types\/page"}],"author":[{"embeddable":true,"href":"https:\/\/insightevents.se\/ekonomidagarna\/wp-json\/wp\/v2\/users\/1"}],"replies":[{"embeddable":true,"href":"https:\/\/insightevents.se\/ekonomidagarna\/wp-json\/wp\/v2\/comments?post=30"}],"version-history":[{"count":8,"href":"https:\/\/insightevents.se\/ekonomidagarna\/wp-json\/wp\/v2\/pages\/30\/revisions"}],"predecessor-version":[{"id":479,"href":"https:\/\/insightevents.se\/ekonomidagarna\/wp-json\/wp\/v2\/pages\/30\/revisions\/479"}],"wp:attachment":[{"href":"https:\/\/insightevents.se\/ekonomidagarna\/wp-json\/wp\/v2\/media?parent=30"}],"curies":[{"name":"wp","href":"https:\/\/api.w.org\/{rel}","templated":true}]}}