{"id":40,"date":"2017-05-09T12:32:28","date_gmt":"2017-05-09T12:32:28","guid":{"rendered":"https:\/\/insightevents.se\/ekonomidagarna\/?page_id=40"},"modified":"2023-11-28T13:12:51","modified_gmt":"2023-11-28T13:12:51","slug":"partners","status":"publish","type":"page","link":"https:\/\/insightevents.se\/ekonomidagarna\/valkommen\/partners\/","title":{"rendered":"Partners"},"content":{"rendered":"<div class=\"wpb-content-wrapper\"><p>[vc_row][vc_column width=&#8221;1\/3&#8243;][vc_custom_heading text=&#8221;ARRANG\u00d6R&#8221; font_container=&#8221;tag:h3|text_align:center|color:%233690b3&#8243; google_fonts=&#8221;font_family:Roboto%3A100%2C100italic%2C300%2C300italic%2Cregular%2Citalic%2C500%2C500italic%2C700%2C700italic%2C900%2C900italic|font_style:500%20bold%20regular%3A500%3Anormal&#8221;][vc_single_image image=&#8221;47&#8243; img_size=&#8221;full&#8221; alignment=&#8221;center&#8221; onclick=&#8221;custom_link&#8221; img_link_target=&#8221;_blank&#8221; link=&#8221;https:\/\/akademssr.se\/&#8221; css=&#8221;.vc_custom_1494334265067{padding-top: 15px !important;}&#8221;][\/vc_column][vc_column width=&#8221;1\/3&#8243;][vc_custom_heading text=&#8221;ORGANISAT\u00d6R&#8221; font_container=&#8221;tag:h3|text_align:center|color:%233690b3&#8243; google_fonts=&#8221;font_family:Roboto%3A100%2C100italic%2C300%2C300italic%2Cregular%2Citalic%2C500%2C500italic%2C700%2C700italic%2C900%2C900italic|font_style:500%20bold%20regular%3A500%3Anormal&#8221;][vc_single_image image=&#8221;48&#8243; img_size=&#8221;full&#8221; alignment=&#8221;center&#8221; onclick=&#8221;custom_link&#8221; img_link_target=&#8221;_blank&#8221; link=&#8221;https:\/\/insightevents.se&#8221; css=&#8221;.vc_custom_1494334279072{padding-top: 15px !important;}&#8221;][\/vc_column][vc_column width=&#8221;1\/3&#8243;][vc_custom_heading text=&#8221;SAMARBETSPARTNER&#8221; font_container=&#8221;tag:h3|text_align:center|color:%233690b3&#8243; google_fonts=&#8221;font_family:Roboto%3A100%2C100italic%2C300%2C300italic%2Cregular%2Citalic%2C500%2C500italic%2C700%2C700italic%2C900%2C900italic|font_style:500%20bold%20regular%3A500%3Anormal&#8221;][vc_single_image image=&#8221;49&#8243; img_size=&#8221;full&#8221; alignment=&#8221;center&#8221; onclick=&#8221;custom_link&#8221; img_link_target=&#8221;_blank&#8221; link=&#8221;http:\/\/www.orebro.se\/&#8221; css=&#8221;.vc_custom_1494334292832{padding-top: 15px !important;}&#8221;][\/vc_column][\/vc_row][vc_row css=&#8221;.vc_custom_1499067280811{padding-top: 20px !important;}&#8221;][vc_column width=&#8221;1\/3&#8243;][\/vc_column][vc_column width=&#8221;1\/3&#8243;][vc_custom_heading text=&#8221;MEDIAPARTNERS&#8221; font_container=&#8221;tag:h3|text_align:center|color:%233690b3&#8243; google_fonts=&#8221;font_family:Roboto%3A100%2C100italic%2C300%2C300italic%2Cregular%2Citalic%2C500%2C500italic%2C700%2C700italic%2C900%2C900italic|font_style:500%20bold%20regular%3A500%3Anormal&#8221;][\/vc_column][vc_column width=&#8221;1\/3&#8243;][\/vc_column][\/vc_row][vc_row][vc_column width=&#8221;1\/4&#8243;][\/vc_column][vc_column width=&#8221;1\/4&#8243;][vc_single_image image=&#8221;185&#8243; img_size=&#8221;full&#8221; alignment=&#8221;center&#8221; onclick=&#8221;custom_link&#8221; img_link_target=&#8221;_blank&#8221; link=&#8221;http:\/\/chefstidningen.se\/&#8221; css=&#8221;.vc_custom_1499067338830{padding-top: 15px !important;}&#8221;][\/vc_column][vc_column width=&#8221;1\/4&#8243;][vc_single_image image=&#8221;200&#8243; img_size=&#8221;full&#8221; alignment=&#8221;center&#8221; onclick=&#8221;custom_link&#8221; img_link_target=&#8221;_blank&#8221; link=&#8221;https:\/\/svenskchefsforening.se\/&#8221; css=&#8221;.vc_custom_1499067322956{padding-top: 15px !important;}&#8221;][\/vc_column][vc_column width=&#8221;1\/4&#8243;][\/vc_column][\/vc_row]<\/p>\n<\/div>","protected":false},"excerpt":{"rendered":"<p>[vc_row][vc_column width=&#8221;1\/3&#8243;][vc_custom_heading text=&#8221;ARRANG\u00d6R&#8221; font_container=&#8221;tag:h3|text_align:center|color:%233690b3&#8243; google_fonts=&#8221;font_family:Roboto%3A100%2C100italic%2C300%2C300italic%2Cregular%2Citalic%2C500%2C500italic%2C700%2C700italic%2C900%2C900italic|font_style:500%20bold%20regular%3A500%3Anormal&#8221;][vc_single_image image=&#8221;47&#8243; img_size=&#8221;full&#8221; alignment=&#8221;center&#8221; onclick=&#8221;custom_link&#8221; img_link_target=&#8221;_blank&#8221; link=&#8221;https:\/\/akademssr.se\/&#8221; css=&#8221;.vc_custom_1494334265067{padding-top: 15px !important;}&#8221;][\/vc_column][vc_column width=&#8221;1\/3&#8243;][vc_custom_heading text=&#8221;ORGANISAT\u00d6R&#8221; font_container=&#8221;tag:h3|text_align:center|color:%233690b3&#8243; google_fonts=&#8221;font_family:Roboto%3A100%2C100italic%2C300%2C300italic%2Cregular%2Citalic%2C500%2C500italic%2C700%2C700italic%2C900%2C900italic|font_style:500%20bold%20regular%3A500%3Anormal&#8221;][vc_single_image image=&#8221;48&#8243; img_size=&#8221;full&#8221; alignment=&#8221;center&#8221; onclick=&#8221;custom_link&#8221; img_link_target=&#8221;_blank&#8221; link=&#8221;https:\/\/insightevents.se&#8221; css=&#8221;.vc_custom_1494334279072{padding-top: 15px !important;}&#8221;][\/vc_column][vc_column width=&#8221;1\/3&#8243;][vc_custom_heading text=&#8221;SAMARBETSPARTNER&#8221; font_container=&#8221;tag:h3|text_align:center|color:%233690b3&#8243; google_fonts=&#8221;font_family:Roboto%3A100%2C100italic%2C300%2C300italic%2Cregular%2Citalic%2C500%2C500italic%2C700%2C700italic%2C900%2C900italic|font_style:500%20bold%20regular%3A500%3Anormal&#8221;][vc_single_image image=&#8221;49&#8243; img_size=&#8221;full&#8221; alignment=&#8221;center&#8221; onclick=&#8221;custom_link&#8221; img_link_target=&#8221;_blank&#8221; link=&#8221;http:\/\/www.orebro.se\/&#8221; css=&#8221;.vc_custom_1494334292832{padding-top: 15px !important;}&#8221;][\/vc_column][\/vc_row][vc_row css=&#8221;.vc_custom_1499067280811{padding-top: 20px !important;}&#8221;][vc_column width=&#8221;1\/3&#8243;][\/vc_column][vc_column width=&#8221;1\/3&#8243;][vc_custom_heading text=&#8221;MEDIAPARTNERS&#8221; font_container=&#8221;tag:h3|text_align:center|color:%233690b3&#8243; google_fonts=&#8221;font_family:Roboto%3A100%2C100italic%2C300%2C300italic%2Cregular%2Citalic%2C500%2C500italic%2C700%2C700italic%2C900%2C900italic|font_style:500%20bold%20regular%3A500%3Anormal&#8221;][\/vc_column][vc_column width=&#8221;1\/3&#8243;][\/vc_column][\/vc_row][vc_row][vc_column width=&#8221;1\/4&#8243;][\/vc_column][vc_column width=&#8221;1\/4&#8243;][vc_single_image image=&#8221;185&#8243; img_size=&#8221;full&#8221; alignment=&#8221;center&#8221; onclick=&#8221;custom_link&#8221; [&hellip;]<\/p>\n","protected":false},"author":1,"featured_media":0,"parent":8,"menu_order":0,"comment_status":"closed","ping_status":"closed","template":"","meta":{"_acf_changed":false,"footnotes":""},"class_list":["post-40","page","type-page","status-publish","hentry"],"acf":[],"yoast_head":"<!-- This site is optimized with the Yoast SEO plugin v27.3 - https:\/\/yoast.com\/product\/yoast-seo-wordpress\/ -->\n<title>Partners - Ekonomidagarna<\/title>\n<meta name=\"description\" content=\"Partners till Ekonomidagarna - \u00c5rlig konferens om framtidens v\u00e4gval och visioner f\u00f6r offentlig ekonomi\" \/>\n<meta name=\"robots\" content=\"index, follow, max-snippet:-1, max-image-preview:large, max-video-preview:-1\" \/>\n<link rel=\"canonical\" href=\"https:\/\/insightevents.se\/ekonomidagarna\/valkommen\/partners\/\" \/>\n<meta property=\"og:locale\" content=\"sv_SE\" \/>\n<meta property=\"og:type\" content=\"article\" \/>\n<meta property=\"og:title\" content=\"Partners - Ekonomidagarna\" \/>\n<meta property=\"og:description\" content=\"Partners till Ekonomidagarna - \u00c5rlig konferens om framtidens v\u00e4gval och visioner f\u00f6r offentlig ekonomi\" \/>\n<meta property=\"og:url\" content=\"https:\/\/insightevents.se\/ekonomidagarna\/valkommen\/partners\/\" \/>\n<meta property=\"og:site_name\" content=\"Ekonomidagarna\" \/>\n<meta property=\"article:modified_time\" content=\"2023-11-28T13:12:51+00:00\" \/>\n<meta name=\"twitter:card\" content=\"summary_large_image\" \/>\n<meta name=\"twitter:label1\" content=\"Ber\u00e4knad l\u00e4stid\" \/>\n\t<meta name=\"twitter:data1\" content=\"1 minut\" \/>\n<script type=\"application\/ld+json\" class=\"yoast-schema-graph\">{\"@context\":\"https:\\\/\\\/schema.org\",\"@graph\":[{\"@type\":\"WebPage\",\"@id\":\"https:\\\/\\\/insightevents.se\\\/ekonomidagarna\\\/valkommen\\\/partners\\\/\",\"url\":\"https:\\\/\\\/insightevents.se\\\/ekonomidagarna\\\/valkommen\\\/partners\\\/\",\"name\":\"Partners - Ekonomidagarna\",\"isPartOf\":{\"@id\":\"https:\\\/\\\/insightevents.se\\\/ekonomidagarna\\\/#website\"},\"datePublished\":\"2017-05-09T12:32:28+00:00\",\"dateModified\":\"2023-11-28T13:12:51+00:00\",\"description\":\"Partners till Ekonomidagarna - \u00c5rlig konferens om framtidens v\u00e4gval och visioner f\u00f6r offentlig ekonomi\",\"breadcrumb\":{\"@id\":\"https:\\\/\\\/insightevents.se\\\/ekonomidagarna\\\/valkommen\\\/partners\\\/#breadcrumb\"},\"inLanguage\":\"sv-SE\",\"potentialAction\":[{\"@type\":\"ReadAction\",\"target\":[\"https:\\\/\\\/insightevents.se\\\/ekonomidagarna\\\/valkommen\\\/partners\\\/\"]}]},{\"@type\":\"BreadcrumbList\",\"@id\":\"https:\\\/\\\/insightevents.se\\\/ekonomidagarna\\\/valkommen\\\/partners\\\/#breadcrumb\",\"itemListElement\":[{\"@type\":\"ListItem\",\"position\":1,\"name\":\"Home\",\"item\":\"https:\\\/\\\/insightevents.se\\\/ekonomidagarna\\\/\"},{\"@type\":\"ListItem\",\"position\":2,\"name\":\"V\u00e4lkommen\",\"item\":\"https:\\\/\\\/insightevents.se\\\/ekonomidagarna\\\/valkommen\\\/\"},{\"@type\":\"ListItem\",\"position\":3,\"name\":\"Partners\"}]},{\"@type\":\"WebSite\",\"@id\":\"https:\\\/\\\/insightevents.se\\\/ekonomidagarna\\\/#website\",\"url\":\"https:\\\/\\\/insightevents.se\\\/ekonomidagarna\\\/\",\"name\":\"Ekonomidagarna\",\"description\":\"Just another Insight Events Sweden Websites site\",\"potentialAction\":[{\"@type\":\"SearchAction\",\"target\":{\"@type\":\"EntryPoint\",\"urlTemplate\":\"https:\\\/\\\/insightevents.se\\\/ekonomidagarna\\\/?s={search_term_string}\"},\"query-input\":{\"@type\":\"PropertyValueSpecification\",\"valueRequired\":true,\"valueName\":\"search_term_string\"}}],\"inLanguage\":\"sv-SE\"}]}<\/script>\n<!-- \/ Yoast SEO plugin. -->","yoast_head_json":{"title":"Partners - Ekonomidagarna","description":"Partners till Ekonomidagarna - \u00c5rlig konferens om framtidens v\u00e4gval och visioner f\u00f6r offentlig ekonomi","robots":{"index":"index","follow":"follow","max-snippet":"max-snippet:-1","max-image-preview":"max-image-preview:large","max-video-preview":"max-video-preview:-1"},"canonical":"https:\/\/insightevents.se\/ekonomidagarna\/valkommen\/partners\/","og_locale":"sv_SE","og_type":"article","og_title":"Partners - Ekonomidagarna","og_description":"Partners till Ekonomidagarna - \u00c5rlig konferens om framtidens v\u00e4gval och visioner f\u00f6r offentlig ekonomi","og_url":"https:\/\/insightevents.se\/ekonomidagarna\/valkommen\/partners\/","og_site_name":"Ekonomidagarna","article_modified_time":"2023-11-28T13:12:51+00:00","twitter_card":"summary_large_image","twitter_misc":{"Ber\u00e4knad l\u00e4stid":"1 minut"},"schema":{"@context":"https:\/\/schema.org","@graph":[{"@type":"WebPage","@id":"https:\/\/insightevents.se\/ekonomidagarna\/valkommen\/partners\/","url":"https:\/\/insightevents.se\/ekonomidagarna\/valkommen\/partners\/","name":"Partners - Ekonomidagarna","isPartOf":{"@id":"https:\/\/insightevents.se\/ekonomidagarna\/#website"},"datePublished":"2017-05-09T12:32:28+00:00","dateModified":"2023-11-28T13:12:51+00:00","description":"Partners till Ekonomidagarna - \u00c5rlig konferens om framtidens v\u00e4gval och visioner f\u00f6r offentlig ekonomi","breadcrumb":{"@id":"https:\/\/insightevents.se\/ekonomidagarna\/valkommen\/partners\/#breadcrumb"},"inLanguage":"sv-SE","potentialAction":[{"@type":"ReadAction","target":["https:\/\/insightevents.se\/ekonomidagarna\/valkommen\/partners\/"]}]},{"@type":"BreadcrumbList","@id":"https:\/\/insightevents.se\/ekonomidagarna\/valkommen\/partners\/#breadcrumb","itemListElement":[{"@type":"ListItem","position":1,"name":"Home","item":"https:\/\/insightevents.se\/ekonomidagarna\/"},{"@type":"ListItem","position":2,"name":"V\u00e4lkommen","item":"https:\/\/insightevents.se\/ekonomidagarna\/valkommen\/"},{"@type":"ListItem","position":3,"name":"Partners"}]},{"@type":"WebSite","@id":"https:\/\/insightevents.se\/ekonomidagarna\/#website","url":"https:\/\/insightevents.se\/ekonomidagarna\/","name":"Ekonomidagarna","description":"Just another Insight Events Sweden Websites site","potentialAction":[{"@type":"SearchAction","target":{"@type":"EntryPoint","urlTemplate":"https:\/\/insightevents.se\/ekonomidagarna\/?s={search_term_string}"},"query-input":{"@type":"PropertyValueSpecification","valueRequired":true,"valueName":"search_term_string"}}],"inLanguage":"sv-SE"}]}},"_links":{"self":[{"href":"https:\/\/insightevents.se\/ekonomidagarna\/wp-json\/wp\/v2\/pages\/40","targetHints":{"allow":["GET"]}}],"collection":[{"href":"https:\/\/insightevents.se\/ekonomidagarna\/wp-json\/wp\/v2\/pages"}],"about":[{"href":"https:\/\/insightevents.se\/ekonomidagarna\/wp-json\/wp\/v2\/types\/page"}],"author":[{"embeddable":true,"href":"https:\/\/insightevents.se\/ekonomidagarna\/wp-json\/wp\/v2\/users\/1"}],"replies":[{"embeddable":true,"href":"https:\/\/insightevents.se\/ekonomidagarna\/wp-json\/wp\/v2\/comments?post=40"}],"version-history":[{"count":6,"href":"https:\/\/insightevents.se\/ekonomidagarna\/wp-json\/wp\/v2\/pages\/40\/revisions"}],"predecessor-version":[{"id":201,"href":"https:\/\/insightevents.se\/ekonomidagarna\/wp-json\/wp\/v2\/pages\/40\/revisions\/201"}],"up":[{"embeddable":true,"href":"https:\/\/insightevents.se\/ekonomidagarna\/wp-json\/wp\/v2\/pages\/8"}],"wp:attachment":[{"href":"https:\/\/insightevents.se\/ekonomidagarna\/wp-json\/wp\/v2\/media?parent=40"}],"curies":[{"name":"wp","href":"https:\/\/api.w.org\/{rel}","templated":true}]}}