{"id":85,"date":"2017-05-09T14:08:21","date_gmt":"2017-05-09T14:08:21","guid":{"rendered":"https:\/\/insightevents.se\/ekonomidagarna\/?page_id=85"},"modified":"2024-01-08T12:08:56","modified_gmt":"2024-01-08T12:08:56","slug":"program-detalj","status":"publish","type":"page","link":"https:\/\/insightevents.se\/ekonomidagarna\/program-detalj\/","title":{"rendered":"Program"},"content":{"rendered":"<div class=\"wpb-content-wrapper\"><p>[vc_row css=&#8221;.vc_custom_1566466562905{margin-top: 50px !important;}&#8221;][vc_column][vc_custom_heading text=&#8221;PROGRAM EKONOMIDAGARNA 2024 &#8211; DAG 1&#8243; font_container=&#8221;tag:h1|text_align:center|color:%233690b3&#8243; google_fonts=&#8221;font_family:Roboto%3A100%2C100italic%2C300%2C300italic%2Cregular%2Citalic%2C500%2C500italic%2C700%2C700italic%2C900%2C900italic|font_style:700%20bold%20regular%3A700%3Anormal&#8221;][\/vc_column][\/vc_row][vc_row css=&#8221;.vc_custom_1702634446006{padding-top: 20px !important;}&#8221;][vc_column width=&#8221;1\/3&#8243;][vc_btn title=&#8221;PROGRAM DAG 1&#8243; color=&#8221;primary&#8221; align=&#8221;center&#8221; button_block=&#8221;true&#8221; link=&#8221;url:https%3A%2F%2Finsightevents.se%2Fekonomidagarna%2Fprogram-detalj|||&#8221;][\/vc_column][vc_column width=&#8221;1\/3&#8243;][vc_btn title=&#8221;PROGRAM DAG 2&#8243; color=&#8221;primary&#8221; align=&#8221;center&#8221; button_block=&#8221;true&#8221; link=&#8221;url:https%3A%2F%2Finsightevents.se%2Fekonomidagarna%2Fprogram-detalj-2|||&#8221;][\/vc_column][vc_column width=&#8221;1\/3&#8243;][vc_btn title=&#8221;LADDA NER PDF&#8221; color=&#8221;success&#8221; align=&#8221;center&#8221; button_block=&#8221;true&#8221; link=&#8221;url:https%3A%2F%2Finsightevents.se%2Fekonomidagarna%2Fbroschyr-ekonomidagarna%2F|||&#8221;][\/vc_column][\/vc_row][vc_row][vc_column][vc_column_text css=&#8221;.vc_custom_1559136327273{padding-top: 20px !important;}&#8221;]\n<table id=\"tablepress-1\" class=\"tablepress tablepress-id-1\">\n<tbody>\n<tr class=\"row-1\">\n\t<td class=\"column-1\"><strong>09:00<\/strong><\/td><td class=\"column-2\"><strong>Registrering och morgonkaffe<\/strong><\/td>\n<\/tr>\n<tr class=\"row-2\">\n\t<td class=\"column-1\"><strong>09:30<\/strong><\/td><td class=\"column-2\"><strong>Heike Erkers, f\u00f6rbundsordf\u00f6rande, Akademikerf\u00f6rbundet SSR &amp; Insight Events Sweden h\u00e4lsar v\u00e4lkomna <\/strong><\/td>\n<\/tr>\n<tr class=\"row-3\">\n\t<td class=\"column-1\"><strong>09:40<\/strong><\/td><td class=\"column-2\"><strong>Simon Vinge, chefsekonom, Akademikerf\u00f6rbundet SSR inleder f\u00f6rmiddagens tema om Sveriges offentliga finanser och v\u00e4lf\u00e4rdens utmaningar och h\u00e4lsar representant fr\u00e5n Regeringen v\u00e4lkommen<\/strong><\/td>\n<\/tr>\n<tr class=\"row-4\">\n\t<td class=\"column-1\"><strong>10:20<\/strong><\/td><td class=\"column-2\"><strong>Framtidens ekonomiska utmaningar f\u00f6r Sveriges kommuner och regioner <\/strong><br \/>\n<br \/>\n\u2022\tHur \u00e4r kommunernas och regionernas ekonomiska f\u00f6ruts\u00e4ttningar f\u00f6r att klara \u00f6kad inflation och h\u00f6gre r\u00e4ntor? Utmaningen \u00e4r enorm!<br \/>\n\u2022\tRegionens underskott st\u00f6rre nu \u00e4n vid 90-tals krisen<br \/>\n\u2022\tDemografiska utvecklingen under de kommande \u00e5ren och dess ekonomiska konsekvenser <br \/>\n<br \/>\n<i><strong>Erik T\u00f6rnblom,<\/strong> analyschef, Sveriges Kommuner &amp; Regioner (SKR) <\/i><\/td>\n<\/tr>\n<tr class=\"row-5\">\n\t<td class=\"column-1\"><strong>11:10<\/strong><\/td><td class=\"column-2\"><strong>F\u00f6rmiddagskaffe med n\u00e4tverkande<\/strong><\/td>\n<\/tr>\n<tr class=\"row-6\">\n\t<td class=\"column-1\"><strong>11:40<\/strong><\/td><td class=\"column-2\"><strong>Var slutar penningpolitiken och var b\u00f6rjar finanspolitiken?<\/strong><br \/>\n<br \/>\n\u2022\tM\u00e5ste vi bli fattigare f\u00f6r att bek\u00e4mpa inflationen?<br \/>\n\u2022\tPolitiken bakom pris\u00f6kningarna<br \/>\n\u2022\t\u00c4r vi redo att t\u00e4nka nytt kring ekonomisk politik?<br \/>\n<br \/>\n<i><strong>Elinor Odeberg,<\/strong> chefsekonom, tankesmedjan Arena Id\u00e9 <\/i><\/td>\n<\/tr>\n<tr class=\"row-7\">\n\t<td class=\"column-1\"><strong>12:10<\/strong><\/td><td class=\"column-2\"><strong>PANELDISKUSSION<br \/>\nEkonomiska l\u00e4get samt penning- och finanspolitikens m\u00f6jligheter och begr\u00e4nsningar \u2013 g\u00f6r vi tillr\u00e4ckligt f\u00f6r att ta oss ur krisen?<\/strong><br \/>\n<br \/>\nSamtalet leds av <strong>Simon Vinge,<\/strong> chefsekonom, Akademikerf\u00f6rbundet SSR<br \/>\n<br \/>\nFr\u00e5gest\u00e4llningar:<br \/>\n\u2022\tVad kan vi f\u00f6rv\u00e4nta oss av v\u00e4rldsekonomin och det makroekonomiska l\u00e4get fram\u00e5t? <br \/>\n\u2022\tHur p\u00e5verkar inflation och r\u00e4ntor den offentliga sektorn framtid?<br \/>\n\u2022\tVilken roll har det finanspolitiska ramverket spelat och hur skapas utrymme f\u00f6r offentliga investeringar?<br \/>\n\u2022\tResursbehoven \u00e4r stora inom m\u00e5nga delar av ekonomin men hur frig\u00f6r vi kapital f\u00f6r investeringar samtidigt som inflationen h\u00e5lls i balans?<br \/>\n\u2022\tFramtida trender och analyser \u2013 hot &amp; m\u00f6jligheter<br \/>\n<br \/>\nDeltagare:<br \/>\n<i><strong>Andreas Wallstr\u00f6m,<\/strong> prognoschef, Swedbank <br \/>\n<strong>Susanne Spector,<\/strong> Head of Macro Research, Nordea <br \/>\n<strong>Elinor Odeberg,<\/strong> chefsekonom, tankesmedjan Arena Id\u00e9 <\/i><\/td>\n<\/tr>\n<tr class=\"row-8\">\n\t<td class=\"column-1\"><strong>12:50<\/strong><\/td><td class=\"column-2\"><strong>Lunch med n\u00e4tverkande<\/strong><\/td>\n<\/tr>\n<tr class=\"row-9\">\n\t<td class=\"column-1\"><strong>14:00<\/strong><\/td><td class=\"column-2\"><strong>PANELDISKUSSION<br \/>\nFramtidens offentliga ekonomi \u2013 v\u00e4lf\u00e4rd i fokus!<\/strong><br \/>\n<br \/>\nSamtalet leds av <strong>Simon Vinge,<\/strong> chefsekonom, Akademikerf\u00f6rbundet SSR.<br \/>\n<br \/>\nFramtidens offentliga ekonomi \u2013 v\u00e4lf\u00e4rd i fokus<br \/>\nRunt om i landet arbetar v\u00e4lf\u00e4rdens ekonomer. I s\u00e5v\u00e4l kommuner som regioner. De k\u00e4nner sin verksamhet v\u00e4l och kan bevittna om s\u00e5v\u00e4l positiv utveckling som tuffare tider.<br \/>\n<br \/>\nUr paneldiskussionen:<br \/>\n\ud83d\udd39 Hur har decennier av besparingar och effektiviseringar p\u00e5verkat v\u00e4lf\u00e4rden.<br \/>\n\ud83d\udd39 Hur har privatiseringar av offentliga verksamheter p\u00e5verkat kvaliteten?<br \/>\n\ud83d\udd39 \u00c4r lagstiftningen tillr\u00e4cklig?<br \/>\n\ud83d\udd39 Administrativa b\u00f6rdor och v\u00e4lf\u00e4rd under hot - hur tacklar vi de stora ekonomiska underskotten under 2023 och 2024?<br \/>\n\ud83d\udd39 Framtiden - tillf\u00f6rsikt<br \/>\n<br \/>\nDeltagare:<br \/>\n<i><strong>Karin Wanng\u00e5rd,<\/strong> finansborgarr\u00e5d, Stockholms stad <br \/>\n<strong>Erik T\u00f6rnblom,<\/strong> analyschef, Sveriges Kommuner &amp; Regioner (SKR) <br \/>\n<strong>Fredrik Hjulstr\u00f6m,<\/strong> socialpolitisk chef, Akademikerf\u00f6rbundet SSR<\/i><\/td>\n<\/tr>\n<tr class=\"row-10\">\n\t<td class=\"column-1\"><strong>14:40<\/strong><\/td><td class=\"column-2\"><strong>Eftermiddagskaffe med n\u00e4tverkande<\/strong><\/td>\n<\/tr>\n<\/tbody>\n<\/table>\n[\/vc_column_text][vc_column_text]<\/p>\n<h2 style=\"text-align: center;\"><span style=\"color: #3690b3;\">V\u00c4LJ MELLAN SP\u00c5R A OCH SP\u00c5R B<\/span><\/h2>\n<p>[\/vc_column_text][vc_column_text]<\/p>\n<p style=\"text-align: center;\"><div id=\"ut-accordion-parent-1\" class=\"ut-accordion\"><div class=\"ut-accordion-group\"><\/div><\/div><div class=\"ut-accordion-heading \"><a data-parent=\"#ut-accordion-parent-1\" class=\"accordion-toggle collapsed \" data-toggle=\"collapse\" data-target=\"#accordion0\"><strong>A \u2013 EKONOMISKA UTMANINGAR INOM REGIONEN <\/strong>+<\/a><\/div><div id=\"accordion0\" class=\"ut-accordion-body collapse\"><div class=\"ut-accordion-inner entry-content clearfix\">\n\n<table id=\"tablepress-11\" class=\"tablepress tablepress-id-11\">\n<tbody>\n<tr class=\"row-1\">\n\t<td class=\"column-1\"><strong>15:20<\/strong><\/td><td class=\"column-2\"><strong>HUR UPPR\u00c4TTH\u00c5LLER VI EN BRA V\u00c4LF\u00c4RD I DENNA UTMANANDE TID?<\/strong><br \/>\n<br \/>\nSamtal tillsammans inom gruppen om hur vi tillsammans inom regionerna kan samverka och ge varandra konkreta tips och id\u00e9er kring hur vi kan uppr\u00e4tth\u00e5lla en bra v\u00e4lf\u00e4rd i denna utmanande period som vi befinner oss i. Tanken \u00e4r att vi under samtalen lyfter upp och s\u00f6ker konkreta verktyg f\u00f6r hur vi tillsammans skapar en starkare v\u00e4lf\u00e4rd.<br \/>\n<br \/>\nAkademikerf\u00f6rbundet SSR \u00e4r processledare f\u00f6r diskussionen.<br \/>\n<br \/>\nFr\u00e5gor att diskutera kring:<br \/>\n\u2022\tHur skapar vi l\u00e5ngsiktigt h\u00e5llbara offentliga finanser trots den akuta krisen?<br \/>\n\u2022\tEfter ett tufft 2023 v\u00e4ntar historiskt stora underskott under 2024. Vad g\u00f6r vi f\u00f6r att hitta v\u00e4gar fram\u00e5t?<br \/>\n\u2022\tHur finansierar vi en framtida v\u00e4lf\u00e4rd och investeringar i klimatomst\u00e4llningen? <br \/>\n\u2022\tVill regeringen f\u00f6rstatliga v\u00e5rden? Statlig styrning?<br \/>\n\u2022\tL\u00e5ngsiktiga planeringsf\u00f6ruts\u00e4ttningar - ett m\u00e5ste f\u00f6r att kunna utf\u00f6ra v\u00e5rt jobb p\u00e5 ett tillfredst\u00e4llande s\u00e4tt<br \/>\n\u2022\tDramatiskt \u00f6kade pensionskostnader\/avs\u00e4ttningar \u2013 hur hantera detta?<br \/>\n\u2022\tDemografins utmaningar fram\u00f6ver<br \/>\n\u2022\tRekrytering\/bemanning \u2013 hur minska kostnaden och samtidigt beh\u00e5lla en v\u00e4rdig v\u00e5rd?<br \/>\n\u2022\tKompetensf\u00f6rs\u00f6rjningsutmaningar \u2013 sv\u00e5rt att hitta arbetskraft<br \/>\n<\/td>\n<\/tr>\n<tr class=\"row-2\">\n\t<td class=\"column-1\"><strong>16:00<\/strong><\/td><td class=\"column-2\"><strong>Vad har vi kommit fram till under samtalen \u2013 l\u00e4ra av varandra<\/strong><\/td>\n<\/tr>\n<tr class=\"row-3\">\n\t<td class=\"column-1\"><strong>16:20<\/strong><\/td><td class=\"column-2\"><strong>Konferensens f\u00f6rsta dag avslutas<\/strong><\/td>\n<\/tr>\n<tr class=\"row-4\">\n\t<td class=\"column-1\"><strong>16:30-18:00<\/strong><\/td><td class=\"column-2\"><strong>Mingel med n\u00e4tverkande<\/strong><\/td>\n<\/tr>\n<\/tbody>\n<\/table>\n<br \/>\n<\/div><\/div>\n<p style=\"text-align: center;\"><div id=\"ut-accordion-parent-2\" class=\"ut-accordion\"><div class=\"ut-accordion-group\"><\/div><\/div><div class=\"ut-accordion-heading \"><a data-parent=\"#ut-accordion-parent-2\" class=\"accordion-toggle collapsed \" data-toggle=\"collapse\" data-target=\"#accordion1\"> <strong>B \u2013 EKONOMISKA UTMANINGAR INOM KOMMUNEN <\/strong>+<\/a><\/div><div id=\"accordion1\" class=\"ut-accordion-body collapse\"><div class=\"ut-accordion-inner entry-content clearfix\">\n\n<table id=\"tablepress-12\" class=\"tablepress tablepress-id-12\">\n<tbody>\n<tr class=\"row-1\">\n\t<td class=\"column-1\"><strong>15:20<\/strong><\/td><td class=\"column-2\"><strong>G\u00c5R DET ATT EFFEKTIVISERA MER I DESSA UTMANANDE EKONOMISKA TIDER? <\/strong><br \/>\n<br \/>\nSamtal tillsammans inom gruppen om hur vi inom kommunerna kan samverka och ge varandra konkreta tips och id\u00e9er kring hur vi kan uppr\u00e4tth\u00e5lla en bra v\u00e4lf\u00e4rd i denna utmanande period som vi befinner oss i. Tanken \u00e4r att vi under samtalen lyfter upp och s\u00f6ker konkreta verktyg f\u00f6r hur vi tillsammans skapar en starkare v\u00e4lf\u00e4rd.<br \/>\n<br \/>\nAkademikerf\u00f6rbundet SSR \u00e4r processledare f\u00f6r diskussionen.<br \/>\n<br \/>\n<br \/>\nFr\u00e5gor att diskutera kring:<br \/>\n\u2022\tBudgetering i os\u00e4kra tider<br \/>\n\u2022\tL\u00e5ngsiktiga planeringsf\u00f6ruts\u00e4ttningar ett m\u00e5ste f\u00f6r att klara ekonomin<br \/>\n\u2022\tHur g\u00e5r vi fr\u00e5n kortsiktig planering till l\u00e5ngsiktig?<br \/>\n\u2022\tG\u00e5r det att effektivisera mera?<br \/>\n\u2022\tHur kommunicerar vi tuffa ekonomiska beslut inom verksamheten?<br \/>\n\u2022\tHur f\u00e5r vi inom kommunen arbetskraften att r\u00e4cka till?<br \/>\n\u2022\tFr\u00e5n traditionell redovisningsekonom till proaktivt arbete inom ekonomifunktionen \u2013 ny kompetens beh\u00f6vs<br \/>\n\u2022\tBehovet av analytisk kompetens och att skapa en r\u00e5dgivande verksamhet inom ekonomifunktionen<br \/>\n\u2022\tUtmaningen att integrera de globala h\u00e5llbarhetsm\u00e5len inom redovisningen i den politiska och ekonomiska styrningen<br \/>\n\u2022\tHur skapar vi ett investeringsutrymme f\u00f6r den gr\u00f6na omst\u00e4llningen?<br \/>\n<\/td>\n<\/tr>\n<tr class=\"row-2\">\n\t<td class=\"column-1\"><strong>16:00<\/strong><\/td><td class=\"column-2\"><strong>Vad har vi kommit fram till under samtalen \u2013 l\u00e4ra av varandra<\/strong><\/td>\n<\/tr>\n<tr class=\"row-3\">\n\t<td class=\"column-1\"><strong>16:20<\/strong><\/td><td class=\"column-2\"><strong>Konferensens f\u00f6rsta dag avslutas<\/strong><\/td>\n<\/tr>\n<tr class=\"row-4\">\n\t<td class=\"column-1\"><strong>16:30-18:00<\/strong><\/td><td class=\"column-2\"><strong>Mingel med n\u00e4tverkande<\/strong><\/td>\n<\/tr>\n<\/tbody>\n<\/table>\n<br \/>\n<\/div><\/div>\n<p>[\/vc_column_text][vc_column_text]<\/p>\n<h2 style=\"text-align: center;\"><span style=\"color: #3690b3;\">GEMENSAM AVSLUTNING<\/span><\/h2>\n<p style=\"text-align: center;\">\n<table id=\"tablepress-17\" class=\"tablepress tablepress-id-17\">\n<tbody>\n<tr class=\"row-1\">\n\t<td class=\"column-1\"><strong>16:00<\/strong><\/td><td class=\"column-2\"> <strong>Vad har vi kommit fram till under samtalen \u2013 l\u00e4ra av varandra <\/strong><\/td>\n<\/tr>\n<tr class=\"row-2\">\n\t<td class=\"column-1\"><strong>16:20<\/strong><\/td><td class=\"column-2\">  <strong>Konferensens f\u00f6rsta dag avslutas <\/strong><\/td>\n<\/tr>\n<tr class=\"row-3\">\n\t<td class=\"column-1\"><strong>16:30-18:00<\/strong><\/td><td class=\"column-2\"> <strong>Mingel med n\u00e4tverkande<\/strong><\/td>\n<\/tr>\n<\/tbody>\n<\/table>\n<\/p>\n<p>[\/vc_column_text][\/vc_column][\/vc_row][vc_section][vc_row][vc_column][vc_empty_space height=&#8221;3px&#8221;][\/vc_column][\/vc_row][\/vc_section]<\/p>\n<\/div>","protected":false},"excerpt":{"rendered":"<p>[vc_row css=&#8221;.vc_custom_1566466562905{margin-top: 50px !important;}&#8221;][vc_column][vc_custom_heading text=&#8221;PROGRAM EKONOMIDAGARNA 2024 &#8211; DAG 1&#8243; font_container=&#8221;tag:h1|text_align:center|color:%233690b3&#8243; google_fonts=&#8221;font_family:Roboto%3A100%2C100italic%2C300%2C300italic%2Cregular%2Citalic%2C500%2C500italic%2C700%2C700italic%2C900%2C900italic|font_style:700%20bold%20regular%3A700%3Anormal&#8221;][\/vc_column][\/vc_row][vc_row css=&#8221;.vc_custom_1702634446006{padding-top: 20px !important;}&#8221;][vc_column width=&#8221;1\/3&#8243;][vc_btn title=&#8221;PROGRAM DAG 1&#8243; color=&#8221;primary&#8221; align=&#8221;center&#8221; button_block=&#8221;true&#8221; link=&#8221;url:https%3A%2F%2Finsightevents.se%2Fekonomidagarna%2Fprogram-detalj|||&#8221;][\/vc_column][vc_column width=&#8221;1\/3&#8243;][vc_btn title=&#8221;PROGRAM DAG 2&#8243; color=&#8221;primary&#8221; align=&#8221;center&#8221; button_block=&#8221;true&#8221; link=&#8221;url:https%3A%2F%2Finsightevents.se%2Fekonomidagarna%2Fprogram-detalj-2|||&#8221;][\/vc_column][vc_column width=&#8221;1\/3&#8243;][vc_btn title=&#8221;LADDA NER PDF&#8221; color=&#8221;success&#8221; align=&#8221;center&#8221; button_block=&#8221;true&#8221; link=&#8221;url:https%3A%2F%2Finsightevents.se%2Fekonomidagarna%2Fbroschyr-ekonomidagarna%2F|||&#8221;][\/vc_column][\/vc_row][vc_row][vc_column][vc_column_text css=&#8221;.vc_custom_1559136327273{padding-top: 20px !important;}&#8221;][\/vc_column_text][vc_column_text] V\u00c4LJ MELLAN SP\u00c5R A OCH SP\u00c5R B [\/vc_column_text][vc_column_text] [\/vc_column_text][vc_column_text] GEMENSAM AVSLUTNING [\/vc_column_text][\/vc_column][\/vc_row][vc_section][vc_row][vc_column][vc_empty_space height=&#8221;3px&#8221;][\/vc_column][\/vc_row][\/vc_section]<\/p>\n","protected":false},"author":1,"featured_media":0,"parent":0,"menu_order":0,"comment_status":"closed","ping_status":"closed","template":"","meta":{"_acf_changed":false,"footnotes":""},"class_list":["post-85","page","type-page","status-publish","hentry"],"acf":[],"yoast_head":"<!-- This site is optimized with the Yoast SEO plugin v27.3 - https:\/\/yoast.com\/product\/yoast-seo-wordpress\/ -->\n<title>Program - Ekonomidagarna<\/title>\n<meta name=\"description\" content=\"Program f\u00f6r Ekonomidagarna - \u00c5rlig konferens om framtidens v\u00e4gval och visioner f\u00f6r offentlig ekonomi\" \/>\n<meta name=\"robots\" content=\"index, follow, max-snippet:-1, max-image-preview:large, max-video-preview:-1\" \/>\n<link rel=\"canonical\" href=\"https:\/\/insightevents.se\/ekonomidagarna\/program-detalj\/\" \/>\n<meta property=\"og:locale\" content=\"sv_SE\" \/>\n<meta property=\"og:type\" content=\"article\" \/>\n<meta property=\"og:title\" content=\"Program - Ekonomidagarna\" \/>\n<meta property=\"og:description\" content=\"Program f\u00f6r Ekonomidagarna - \u00c5rlig konferens om framtidens v\u00e4gval och visioner f\u00f6r offentlig ekonomi\" \/>\n<meta property=\"og:url\" content=\"https:\/\/insightevents.se\/ekonomidagarna\/program-detalj\/\" \/>\n<meta property=\"og:site_name\" content=\"Ekonomidagarna\" \/>\n<meta property=\"article:modified_time\" content=\"2024-01-08T12:08:56+00:00\" \/>\n<meta name=\"twitter:card\" content=\"summary_large_image\" \/>\n<meta name=\"twitter:label1\" content=\"Ber\u00e4knad l\u00e4stid\" \/>\n\t<meta name=\"twitter:data1\" content=\"1 minut\" \/>\n<script type=\"application\/ld+json\" class=\"yoast-schema-graph\">{\"@context\":\"https:\\\/\\\/schema.org\",\"@graph\":[{\"@type\":\"WebPage\",\"@id\":\"https:\\\/\\\/insightevents.se\\\/ekonomidagarna\\\/program-detalj\\\/\",\"url\":\"https:\\\/\\\/insightevents.se\\\/ekonomidagarna\\\/program-detalj\\\/\",\"name\":\"Program - Ekonomidagarna\",\"isPartOf\":{\"@id\":\"https:\\\/\\\/insightevents.se\\\/ekonomidagarna\\\/#website\"},\"datePublished\":\"2017-05-09T14:08:21+00:00\",\"dateModified\":\"2024-01-08T12:08:56+00:00\",\"description\":\"Program f\u00f6r Ekonomidagarna - \u00c5rlig konferens om framtidens v\u00e4gval och visioner f\u00f6r offentlig ekonomi\",\"breadcrumb\":{\"@id\":\"https:\\\/\\\/insightevents.se\\\/ekonomidagarna\\\/program-detalj\\\/#breadcrumb\"},\"inLanguage\":\"sv-SE\",\"potentialAction\":[{\"@type\":\"ReadAction\",\"target\":[\"https:\\\/\\\/insightevents.se\\\/ekonomidagarna\\\/program-detalj\\\/\"]}]},{\"@type\":\"BreadcrumbList\",\"@id\":\"https:\\\/\\\/insightevents.se\\\/ekonomidagarna\\\/program-detalj\\\/#breadcrumb\",\"itemListElement\":[{\"@type\":\"ListItem\",\"position\":1,\"name\":\"Home\",\"item\":\"https:\\\/\\\/insightevents.se\\\/ekonomidagarna\\\/\"},{\"@type\":\"ListItem\",\"position\":2,\"name\":\"Program\"}]},{\"@type\":\"WebSite\",\"@id\":\"https:\\\/\\\/insightevents.se\\\/ekonomidagarna\\\/#website\",\"url\":\"https:\\\/\\\/insightevents.se\\\/ekonomidagarna\\\/\",\"name\":\"Ekonomidagarna\",\"description\":\"Just another Insight Events Sweden Websites site\",\"potentialAction\":[{\"@type\":\"SearchAction\",\"target\":{\"@type\":\"EntryPoint\",\"urlTemplate\":\"https:\\\/\\\/insightevents.se\\\/ekonomidagarna\\\/?s={search_term_string}\"},\"query-input\":{\"@type\":\"PropertyValueSpecification\",\"valueRequired\":true,\"valueName\":\"search_term_string\"}}],\"inLanguage\":\"sv-SE\"}]}<\/script>\n<!-- \/ Yoast SEO plugin. -->","yoast_head_json":{"title":"Program - Ekonomidagarna","description":"Program f\u00f6r Ekonomidagarna - \u00c5rlig konferens om framtidens v\u00e4gval och visioner f\u00f6r offentlig ekonomi","robots":{"index":"index","follow":"follow","max-snippet":"max-snippet:-1","max-image-preview":"max-image-preview:large","max-video-preview":"max-video-preview:-1"},"canonical":"https:\/\/insightevents.se\/ekonomidagarna\/program-detalj\/","og_locale":"sv_SE","og_type":"article","og_title":"Program - Ekonomidagarna","og_description":"Program f\u00f6r Ekonomidagarna - \u00c5rlig konferens om framtidens v\u00e4gval och visioner f\u00f6r offentlig ekonomi","og_url":"https:\/\/insightevents.se\/ekonomidagarna\/program-detalj\/","og_site_name":"Ekonomidagarna","article_modified_time":"2024-01-08T12:08:56+00:00","twitter_card":"summary_large_image","twitter_misc":{"Ber\u00e4knad l\u00e4stid":"1 minut"},"schema":{"@context":"https:\/\/schema.org","@graph":[{"@type":"WebPage","@id":"https:\/\/insightevents.se\/ekonomidagarna\/program-detalj\/","url":"https:\/\/insightevents.se\/ekonomidagarna\/program-detalj\/","name":"Program - Ekonomidagarna","isPartOf":{"@id":"https:\/\/insightevents.se\/ekonomidagarna\/#website"},"datePublished":"2017-05-09T14:08:21+00:00","dateModified":"2024-01-08T12:08:56+00:00","description":"Program f\u00f6r Ekonomidagarna - \u00c5rlig konferens om framtidens v\u00e4gval och visioner f\u00f6r offentlig ekonomi","breadcrumb":{"@id":"https:\/\/insightevents.se\/ekonomidagarna\/program-detalj\/#breadcrumb"},"inLanguage":"sv-SE","potentialAction":[{"@type":"ReadAction","target":["https:\/\/insightevents.se\/ekonomidagarna\/program-detalj\/"]}]},{"@type":"BreadcrumbList","@id":"https:\/\/insightevents.se\/ekonomidagarna\/program-detalj\/#breadcrumb","itemListElement":[{"@type":"ListItem","position":1,"name":"Home","item":"https:\/\/insightevents.se\/ekonomidagarna\/"},{"@type":"ListItem","position":2,"name":"Program"}]},{"@type":"WebSite","@id":"https:\/\/insightevents.se\/ekonomidagarna\/#website","url":"https:\/\/insightevents.se\/ekonomidagarna\/","name":"Ekonomidagarna","description":"Just another Insight Events Sweden Websites site","potentialAction":[{"@type":"SearchAction","target":{"@type":"EntryPoint","urlTemplate":"https:\/\/insightevents.se\/ekonomidagarna\/?s={search_term_string}"},"query-input":{"@type":"PropertyValueSpecification","valueRequired":true,"valueName":"search_term_string"}}],"inLanguage":"sv-SE"}]}},"_links":{"self":[{"href":"https:\/\/insightevents.se\/ekonomidagarna\/wp-json\/wp\/v2\/pages\/85","targetHints":{"allow":["GET"]}}],"collection":[{"href":"https:\/\/insightevents.se\/ekonomidagarna\/wp-json\/wp\/v2\/pages"}],"about":[{"href":"https:\/\/insightevents.se\/ekonomidagarna\/wp-json\/wp\/v2\/types\/page"}],"author":[{"embeddable":true,"href":"https:\/\/insightevents.se\/ekonomidagarna\/wp-json\/wp\/v2\/users\/1"}],"replies":[{"embeddable":true,"href":"https:\/\/insightevents.se\/ekonomidagarna\/wp-json\/wp\/v2\/comments?post=85"}],"version-history":[{"count":24,"href":"https:\/\/insightevents.se\/ekonomidagarna\/wp-json\/wp\/v2\/pages\/85\/revisions"}],"predecessor-version":[{"id":627,"href":"https:\/\/insightevents.se\/ekonomidagarna\/wp-json\/wp\/v2\/pages\/85\/revisions\/627"}],"wp:attachment":[{"href":"https:\/\/insightevents.se\/ekonomidagarna\/wp-json\/wp\/v2\/media?parent=85"}],"curies":[{"name":"wp","href":"https:\/\/api.w.org\/{rel}","templated":true}]}}