{"id":2,"date":"2024-05-29T10:44:41","date_gmt":"2024-05-29T08:44:41","guid":{"rendered":"https:\/\/insightevents.se\/kritiskaravaror\/?page_id=2"},"modified":"2024-05-30T15:27:35","modified_gmt":"2024-05-30T13:27:35","slug":"program","status":"publish","type":"page","link":"https:\/\/insightevents.se\/kritiskaravaror\/program\/","title":{"rendered":"Program"},"content":{"rendered":"<div class=\"wpb-content-wrapper\"><p>[vc_row][vc_column][vc_empty_space height=&#8221;50px&#8221;]<div class=\"wpb_content_element \"><style type=\"text\/css\">#ut_header_69eb37a17d8ce h2.section-title, #ut_header_69eb37a17d8ce h2.section-title span { color:#000000; }#ut_header_69eb37a17d8ce h2.section-title { font-size:50px !important;line-height:50px !important;letter-spacing:-0.05em; }#ut_header_69eb37a17d8ce .lead { color:#00c8ad; }#ut_header_69eb37a17d8ce .lead p { color:#00c8ad; }#ut_header_69eb37a17d8ce .section-title ins { color:#0a0a0a; }#ut_header_69eb37a17d8ce .section-title ins { background:#0a0a0a; }#ut_header_69eb37a17d8ce.pt-style-2 .page-title span:after, #ut_header_69eb37a17d8ce.pt-style-2 .parallax-title span:after, #ut_header_69eb37a17d8ce.pt-style-2 .section-title span:after { background-color:#000000 !important;}<\/style><header id=\"ut_header_69eb37a17d8ce\" class=\"section-header  ut-no-title-linebreak-mobile ut-no-lead-linebreak-mobile pt-style-2 header-left header-tablet-left header-mobile-center element-with-custom-line-height\"><div class=\"element-with-custom-line-height\" ><h2 data-title=\"PROGRAM\"  data-responsive-font=\"section_title\" data-responsive-font-settings=\"{&quot;base-font-size&quot;:&quot;global&quot;,&quot;font-size&quot;:{&quot;desktop_large&quot;:&quot;50&quot;},&quot;base-line-height&quot;:&quot;global&quot;,&quot;line-height&quot;:{&quot;desktop_large&quot;:&quot;50&quot;},&quot;base-letter-spacing&quot;:&quot;global&quot;,&quot;letter-spacing&quot;:{&quot;desktop_large&quot;:&quot;-0.05&quot;}}\" class=\"section-title  \"><span>PROGRAM<\/span><\/h2><\/div><div data-delay=\"0\" class=\"lead \"><p>2024<\/p>\n<\/div><\/header><\/div>[vc_column_text]\n<table id=\"tablepress-1\" class=\"tablepress tablepress-id-1\">\n<tbody class=\"row-striping\">\n<tr class=\"row-1\">\n\t<td class=\"column-1\"><strong>08:30<strong><\/td><td class=\"column-2\"><strong>Registrering och n\u00e4tverkande<\/strong><\/td>\n<\/tr>\n<tr class=\"row-2\">\n\t<td class=\"column-1\"><strong>09:00<strong><\/td><td class=\"column-2\"><strong>Konferensen \u00f6ppnas<\/strong><\/td>\n<\/tr>\n<tr class=\"row-3\">\n\t<td class=\"column-1\"><strong>09:10<strong><\/td><td class=\"column-2\"><strong>MAKRO<br \/>\nCritical Raw Materials and Global Trade<\/strong><br \/>\n<br \/>\n\u2022 Global supply chains and security<br \/>\n\u2022 Strategic partnerships and diversification<br \/>\n\u2022 Political and economic implications<br \/>\n<br \/>\n<i><strong>Nima Khorrami,<\/strong> Research Associate, The Arctic Institute, Center for Circumpolar Security Studies<\/i><\/td>\n<\/tr>\n<tr class=\"row-4\">\n\t<td class=\"column-1\"><strong>09:50<strong><\/td><td class=\"column-2\"><strong>Rocks and Hard Places: Navigating the Geopolitics of Critical Minerals and Metals Markets<\/strong><br \/>\n<br \/>\n\u2022 The post-pandemic recovery in commodities deflated after the Russia shock of 2022. How can we make sense of the intersection of market structures for critical minerals and metals with political developments?<br \/>\n\u2022 How has the IRA changed markets globally over the last two years?<br \/>\n\u2022 How are China\u2019s cleantech exports, trade surpluses, and real estate slowdown driving change?<br \/>\n\u2022 What effect will US elections have for investors entering the space?<br \/>\n<br \/>\n<i><strong>Nicholas Trickett,<\/strong> Senior Analyst, Mining &amp; Metals, S&amp;P Global Commodity Insights<\/i><\/td>\n<\/tr>\n<tr class=\"row-5\">\n\t<td class=\"column-1\"><strong>10:20<strong><\/td><td class=\"column-2\"><strong>F\u00f6rmiddagskaffe och n\u00e4tverkande<\/strong><\/td>\n<\/tr>\n<tr class=\"row-6\">\n\t<td class=\"column-1\"><strong>11:00<strong><\/td><td class=\"column-2\"><strong>Investeringar med mening \u2013 Skapa avkastning och impact<\/strong><br \/>\n<br \/>\n\u2022 Hur du kan investera ansvarsfullt och g\u00f6ra skillnad<br \/>\n\u2022 Vilka etiska och milj\u00f6m\u00e4ssiga aspekter du b\u00f6r beakta<br \/>\n\u2022 Hur du kan bygga en portf\u00f6lj som b\u00e5de ger avkastning och bidrar till en b\u00e4ttre framtid<br \/>\n<br \/>\n<i><strong>Eric Strand,<\/strong> Founder &amp; Portfolio Manager, AuAg Funds<\/i><\/td>\n<\/tr>\n<tr class=\"row-7\">\n\t<td class=\"column-1\"><strong>11:40<strong><\/td><td class=\"column-2\"><strong>Rundabordssamtal med aktuella teman - H\u00e5llbarhet och risk<\/strong><br \/>\n<br \/>\n\u2022 Hur kan man investera i kritiska r\u00e5varor p\u00e5 ett h\u00e5llbart s\u00e4tt som tar h\u00e4nsyn till milj\u00f6m\u00e4ssiga, sociala och styrningsm\u00e4ssiga fr\u00e5gor?<br \/>\n\u2022 Hur kan man hantera geopolitiska risker och os\u00e4kerhet n\u00e4r man investerar i kritiska r\u00e5varor?<\/td>\n<\/tr>\n<tr class=\"row-8\">\n\t<td class=\"column-1\"><strong>12:10<strong><\/td><td class=\"column-2\"><strong>Lunch och n\u00e4tverkande<\/strong><\/td>\n<\/tr>\n<tr class=\"row-9\">\n\t<td class=\"column-1\"><strong>13:20<strong><\/td><td class=\"column-2\"><strong>Energiomst\u00e4llningen driver en enorm tillv\u00e4xt i efterfr\u00e5gan p\u00e5 metaller och mineraler - Gruvindustrin \u00e4r en nyckelindustri i omst\u00e4llningen till en gr\u00f6n ekonomi<\/strong><br \/>\n<br \/>\n\u2022 Hur kan branschen bidra positivt till lokalsamh\u00e4llet<br \/>\n\u2022 F\u00f6r att m\u00f6ta efterfr\u00e5gan kommer gruvbolagen att beh\u00f6va f\u00e5 tillg\u00e5ng till stora omr\u00e5den med ny mark, vilka \u00e5tg\u00e4rder kan gruvbolag vidta och b\u00f6r de vidta f\u00f6r att s\u00e4kra tillg\u00e5ngen till mark och hantera relaterade effekter p\u00e5 f\u00f6rskjutningen?<br \/>\n\u2022 Vilka fr\u00e5gor brottas investerare med idag och vad skulle beh\u00f6va vara annorlunda f\u00f6r att investerare ska v\u00e4rdera upp gruvbolagens h\u00e5llbarhetsarbetet?<br \/>\n<br \/>\n<i><strong>Fredric Nystr\u00f6m,<\/strong> Head of Sustainability and Governance, Third Swedish National Pension Fund (AP3)<\/i><\/td>\n<\/tr>\n<tr class=\"row-10\">\n\t<td class=\"column-1\"><strong>13:40<strong><\/td><td class=\"column-2\"><strong>PANELDISKUSSION<br \/>\nFramtidens r\u00e5varumarknad \u2013 Expertpanel<\/strong><br \/>\n<br \/>\n\u2022 Framtidsscenarier och trender<br \/>\n\u2022 Policyrekommendationer<br \/>\n\u2022 Innovationsbehov och forskningsinriktningar<br \/>\n\u2022 Vad \u00e4r n\u00e4sta stora gr\u00f6na omst\u00e4llning?<br \/>\n<br \/>\nPanel:<br \/>\n<i><strong>Alex Basu,<\/strong> Investment Manager, Navigare Ventures<br \/>\n<strong>Andr\u00e9 M\u00e5nberger,<\/strong> lektor i milj\u00f6- och energisystemanalys vid Lunds universitet och programchef f\u00f6r Mistra Governing critical raw material supply chains for a sustainable transition<br \/>\nPaneldeltagare uppdateras l\u00f6pande<\/i><\/td>\n<\/tr>\n<tr class=\"row-11\">\n\t<td class=\"column-1\"><strong>14:00<strong><\/td><td class=\"column-2\"><strong>Eftermiddagskaffe och n\u00e4tverkande<\/strong><\/td>\n<\/tr>\n<tr class=\"row-12\">\n\t<td class=\"column-1\"><strong>14:40<strong><\/td><td class=\"column-2\"><strong>Kritiska mineral ur gruvavfall<\/strong><br \/>\n<br \/>\n\u2022 LKAB:s strategi att skapa v\u00e4rde fr\u00e5n gruvavfall<br \/>\n\u2022 \u00d6ka EU:s sj\u00e4lvf\u00f6rs\u00f6rjning av kritiska mineral<br \/>\n\u2022 S\u00e4llsynta jordartsmetaller i en europeisk v\u00e4rdekedja<br \/>\n\u2022 Framv\u00e4xten av en ny industri i Norrbotten<br \/>\n<br \/>\n<i><strong>Ulrika H\u00e5kansson,<\/strong> Projektchef, Aff\u00e4rsomr\u00e5de Specialprodukter, LKAB<\/i><\/td>\n<\/tr>\n<tr class=\"row-13\">\n\t<td class=\"column-1\"><strong>15:10<strong><\/td><td class=\"column-2\"><strong>N\u00c4TVERKSDISKUSSION<br \/>\nH\u00e5llbarhetsdefinition fr\u00e5n ett investerarperspektiv<\/strong><br \/>\n<br \/>\n\u2022 ESG \u2013 v\u00e4ger alla delar lika tungt?<br \/>\n\u2022 Tillg\u00e5ng och efterfr\u00e5gan p\u00e5 gr\u00f6nare material \u2013 vad h\u00e4nder n\u00e4r efterfr\u00e5gan \u00f6verstiger tillg\u00e5ngen<\/td>\n<\/tr>\n<tr class=\"row-14\">\n\t<td class=\"column-1\"><strong>16:00-17:10<strong><\/td><td class=\"column-2\"><strong>Mingel med dryck och tilltugg<\/strong><\/td>\n<\/tr>\n<\/tbody>\n<\/table>\n[\/vc_column_text][\/vc_column][\/vc_row]<\/p>\n<\/div>","protected":false},"excerpt":{"rendered":"<p>[vc_row][vc_column][vc_empty_space height=&#8221;50px&#8221;][vc_column_text][\/vc_column_text][\/vc_column][\/vc_row]<\/p>\n","protected":false},"author":10,"featured_media":0,"parent":0,"menu_order":0,"comment_status":"closed","ping_status":"open","template":"","meta":{"_acf_changed":false,"footnotes":""},"class_list":["post-2","page","type-page","status-publish","hentry"],"acf":[],"yoast_head":"<!-- This site is optimized with the Yoast SEO plugin v27.3 - https:\/\/yoast.com\/product\/yoast-seo-wordpress\/ -->\n<title>Program - Kritiska r\u00e5varor<\/title>\n<meta name=\"robots\" content=\"index, follow, max-snippet:-1, max-image-preview:large, max-video-preview:-1\" \/>\n<link rel=\"canonical\" href=\"https:\/\/insightevents.se\/kritiskaravaror\/program\/\" \/>\n<meta property=\"og:locale\" content=\"sv_SE\" \/>\n<meta property=\"og:type\" content=\"article\" \/>\n<meta property=\"og:title\" content=\"Program - Kritiska r\u00e5varor\" \/>\n<meta property=\"og:description\" content=\"[vc_row][vc_column][vc_empty_space height=&#8221;50px&#8221;][vc_column_text][\/vc_column_text][\/vc_column][\/vc_row]\" \/>\n<meta property=\"og:url\" content=\"https:\/\/insightevents.se\/kritiskaravaror\/program\/\" \/>\n<meta property=\"og:site_name\" content=\"Kritiska r\u00e5varor\" \/>\n<meta property=\"article:modified_time\" content=\"2024-05-30T13:27:35+00:00\" \/>\n<meta name=\"twitter:card\" content=\"summary_large_image\" \/>\n<meta name=\"twitter:label1\" content=\"Ber\u00e4knad l\u00e4stid\" \/>\n\t<meta name=\"twitter:data1\" content=\"1 minut\" \/>\n<script type=\"application\/ld+json\" class=\"yoast-schema-graph\">{\"@context\":\"https:\\\/\\\/schema.org\",\"@graph\":[{\"@type\":\"WebPage\",\"@id\":\"https:\\\/\\\/insightevents.se\\\/kritiskaravaror\\\/program\\\/\",\"url\":\"https:\\\/\\\/insightevents.se\\\/kritiskaravaror\\\/program\\\/\",\"name\":\"Program - Kritiska r\u00e5varor\",\"isPartOf\":{\"@id\":\"https:\\\/\\\/insightevents.se\\\/kritiskaravaror\\\/#website\"},\"datePublished\":\"2024-05-29T08:44:41+00:00\",\"dateModified\":\"2024-05-30T13:27:35+00:00\",\"breadcrumb\":{\"@id\":\"https:\\\/\\\/insightevents.se\\\/kritiskaravaror\\\/program\\\/#breadcrumb\"},\"inLanguage\":\"sv-SE\",\"potentialAction\":[{\"@type\":\"ReadAction\",\"target\":[\"https:\\\/\\\/insightevents.se\\\/kritiskaravaror\\\/program\\\/\"]}]},{\"@type\":\"BreadcrumbList\",\"@id\":\"https:\\\/\\\/insightevents.se\\\/kritiskaravaror\\\/program\\\/#breadcrumb\",\"itemListElement\":[{\"@type\":\"ListItem\",\"position\":1,\"name\":\"Hem\",\"item\":\"https:\\\/\\\/insightevents.se\\\/kritiskaravaror\\\/\"},{\"@type\":\"ListItem\",\"position\":2,\"name\":\"Program\"}]},{\"@type\":\"WebSite\",\"@id\":\"https:\\\/\\\/insightevents.se\\\/kritiskaravaror\\\/#website\",\"url\":\"https:\\\/\\\/insightevents.se\\\/kritiskaravaror\\\/\",\"name\":\"Kritiska r\u00e5varor\",\"description\":\"\",\"potentialAction\":[{\"@type\":\"SearchAction\",\"target\":{\"@type\":\"EntryPoint\",\"urlTemplate\":\"https:\\\/\\\/insightevents.se\\\/kritiskaravaror\\\/?s={search_term_string}\"},\"query-input\":{\"@type\":\"PropertyValueSpecification\",\"valueRequired\":true,\"valueName\":\"search_term_string\"}}],\"inLanguage\":\"sv-SE\"}]}<\/script>\n<!-- \/ Yoast SEO plugin. -->","yoast_head_json":{"title":"Program - Kritiska r\u00e5varor","robots":{"index":"index","follow":"follow","max-snippet":"max-snippet:-1","max-image-preview":"max-image-preview:large","max-video-preview":"max-video-preview:-1"},"canonical":"https:\/\/insightevents.se\/kritiskaravaror\/program\/","og_locale":"sv_SE","og_type":"article","og_title":"Program - Kritiska r\u00e5varor","og_description":"[vc_row][vc_column][vc_empty_space height=&#8221;50px&#8221;][vc_column_text][\/vc_column_text][\/vc_column][\/vc_row]","og_url":"https:\/\/insightevents.se\/kritiskaravaror\/program\/","og_site_name":"Kritiska r\u00e5varor","article_modified_time":"2024-05-30T13:27:35+00:00","twitter_card":"summary_large_image","twitter_misc":{"Ber\u00e4knad l\u00e4stid":"1 minut"},"schema":{"@context":"https:\/\/schema.org","@graph":[{"@type":"WebPage","@id":"https:\/\/insightevents.se\/kritiskaravaror\/program\/","url":"https:\/\/insightevents.se\/kritiskaravaror\/program\/","name":"Program - Kritiska r\u00e5varor","isPartOf":{"@id":"https:\/\/insightevents.se\/kritiskaravaror\/#website"},"datePublished":"2024-05-29T08:44:41+00:00","dateModified":"2024-05-30T13:27:35+00:00","breadcrumb":{"@id":"https:\/\/insightevents.se\/kritiskaravaror\/program\/#breadcrumb"},"inLanguage":"sv-SE","potentialAction":[{"@type":"ReadAction","target":["https:\/\/insightevents.se\/kritiskaravaror\/program\/"]}]},{"@type":"BreadcrumbList","@id":"https:\/\/insightevents.se\/kritiskaravaror\/program\/#breadcrumb","itemListElement":[{"@type":"ListItem","position":1,"name":"Hem","item":"https:\/\/insightevents.se\/kritiskaravaror\/"},{"@type":"ListItem","position":2,"name":"Program"}]},{"@type":"WebSite","@id":"https:\/\/insightevents.se\/kritiskaravaror\/#website","url":"https:\/\/insightevents.se\/kritiskaravaror\/","name":"Kritiska r\u00e5varor","description":"","potentialAction":[{"@type":"SearchAction","target":{"@type":"EntryPoint","urlTemplate":"https:\/\/insightevents.se\/kritiskaravaror\/?s={search_term_string}"},"query-input":{"@type":"PropertyValueSpecification","valueRequired":true,"valueName":"search_term_string"}}],"inLanguage":"sv-SE"}]}},"_links":{"self":[{"href":"https:\/\/insightevents.se\/kritiskaravaror\/wp-json\/wp\/v2\/pages\/2","targetHints":{"allow":["GET"]}}],"collection":[{"href":"https:\/\/insightevents.se\/kritiskaravaror\/wp-json\/wp\/v2\/pages"}],"about":[{"href":"https:\/\/insightevents.se\/kritiskaravaror\/wp-json\/wp\/v2\/types\/page"}],"author":[{"embeddable":true,"href":"https:\/\/insightevents.se\/kritiskaravaror\/wp-json\/wp\/v2\/users\/10"}],"replies":[{"embeddable":true,"href":"https:\/\/insightevents.se\/kritiskaravaror\/wp-json\/wp\/v2\/comments?post=2"}],"version-history":[{"count":3,"href":"https:\/\/insightevents.se\/kritiskaravaror\/wp-json\/wp\/v2\/pages\/2\/revisions"}],"predecessor-version":[{"id":5187,"href":"https:\/\/insightevents.se\/kritiskaravaror\/wp-json\/wp\/v2\/pages\/2\/revisions\/5187"}],"wp:attachment":[{"href":"https:\/\/insightevents.se\/kritiskaravaror\/wp-json\/wp\/v2\/media?parent=2"}],"curies":[{"name":"wp","href":"https:\/\/api.w.org\/{rel}","templated":true}]}}