{"id":5194,"date":"2024-05-30T15:45:42","date_gmt":"2024-05-30T13:45:42","guid":{"rendered":"https:\/\/insightevents.se\/kritiskaravaror\/?page_id=5194"},"modified":"2026-02-12T15:41:11","modified_gmt":"2026-02-12T14:41:11","slug":"praktisk-information","status":"publish","type":"page","link":"https:\/\/insightevents.se\/kritiskaravaror\/praktisk-information\/","title":{"rendered":"Praktisk information"},"content":{"rendered":"<div class=\"wpb-content-wrapper\"><p>[vc_row full_width=&#8221;stretch_row_content_no_spaces&#8221; equal_height=&#8221;yes&#8221;][vc_column width=&#8221;1\/2&#8243; css=&#8221;.vc_custom_1717076424363{background-image: url(https:\/\/insightevents.se\/kritiskaravaror\/wp-content\/uploads\/sites\/23\/2024\/05\/utfyllnad_crystal-1685590_1920.jpg?id=5160) !important;background-position: center !important;background-repeat: no-repeat !important;background-size: cover !important;}&#8221;][\/vc_column][vc_column width=&#8221;1\/2&#8243; css=&#8221;.vc_custom_1717076470346{padding-right: 10px !important;padding-left: 10px !important;}&#8221;]<div class=\"wpb_content_element \"><style type=\"text\/css\">#ut_header_69de702a13f47 h2.section-title, #ut_header_69de702a13f47 h2.section-title span { color:#000000; }#ut_header_69de702a13f47 h2.section-title { font-size:50px !important;line-height:50px !important;letter-spacing:-0.05em; }#ut_header_69de702a13f47 .lead { color:#00c8ad; }#ut_header_69de702a13f47 .lead p { color:#00c8ad; }#ut_header_69de702a13f47 .section-title ins { color:#0a0a0a; }#ut_header_69de702a13f47 .section-title ins { background:#0a0a0a; }#ut_header_69de702a13f47.pt-style-2 .page-title span:after, #ut_header_69de702a13f47.pt-style-2 .parallax-title span:after, #ut_header_69de702a13f47.pt-style-2 .section-title span:after { background-color:#000000 !important;}<\/style><header id=\"ut_header_69de702a13f47\" class=\"section-header  ut-no-title-linebreak-mobile ut-no-lead-linebreak-mobile pt-style-2 header-left header-tablet-left header-mobile-center element-with-custom-line-height\"><div class=\"element-with-custom-line-height\" ><h2 data-title=\"PRAKTISK INFORMATION\"  data-responsive-font=\"section_title\" data-responsive-font-settings=\"{&quot;base-font-size&quot;:&quot;global&quot;,&quot;font-size&quot;:{&quot;desktop_large&quot;:&quot;50&quot;},&quot;base-line-height&quot;:&quot;global&quot;,&quot;line-height&quot;:{&quot;desktop_large&quot;:&quot;50&quot;},&quot;base-letter-spacing&quot;:&quot;global&quot;,&quot;letter-spacing&quot;:{&quot;desktop_large&quot;:&quot;-0.05&quot;}}\" class=\"section-title  \"><span>PRAKTISK INFORMATION<\/span><\/h2><\/div><\/header><\/div>[vc_column_text]<\/p>\n<h2 class=\"fusion-responsive-typography-calculated\" data-fontsize=\"30\" data-lineheight=\"37.5px\">Datum &amp; lokal<\/h2>\n<p>Inst\u00e4lld 2024<br \/>\nStockholm, lokal meddelas n\u00e4rmre event<\/p>\n<h2><b>PRIS<\/b><\/h2>\n<p><b><\/b>Konferens \u2013 7.990 kr<\/p>\n<h2 class=\"fusion-responsive-typography-calculated\" data-fontsize=\"30\" data-lineheight=\"37.5px\">Dokumentation<\/h2>\n<p>M\u00e5nga av v\u00e5ra f\u00f6redragsh\u00e5llare uppdaterar sina anf\u00f6randen i sista stund. F\u00f6r att kunna erbjuda en uppdaterad och korrekt version har vi d\u00e4rf\u00f6r valt att tillhandah\u00e5lla dokumentationerna elektroniskt. I anslutning till konferensen f\u00e5r du, via l\u00f6senord, tillg\u00e5ng till dokumentationen via webbl\u00e4nk. Vid problem med nedladdning v\u00e4nligen kontakta Kundtj\u00e4nst, tfn: 08-587 662 00. Vill du anteckna i dokumentationen rekommenderar vi att du skriver ut och tar med dig den till konferensen.<\/p>\n<h2 class=\"fusion-responsive-typography-calculated\" data-fontsize=\"30\" data-lineheight=\"37.5px\">Bokning av hotell<\/h2>\n<p>I samband med konferensen har du m\u00f6jlighet att boka \u00f6vernattning p\u00e5 utvalda hotell i Stockholm till ett rabatterat pris.\u00a0<strong>Gl\u00f6m inte att uppge avtalskoden<\/strong>.<\/p>\n<p><a href=\"https:\/\/insightevents.se\/bokning-av-hotell\/\" target=\"_blank\" rel=\"noopener noreferrer\">Se listan \u00f6ver v\u00e5ra hotell-partners h\u00e4r!<\/a><\/p>\n<h2 class=\"fusion-responsive-typography-calculated\" data-fontsize=\"30\" data-lineheight=\"37.5px\">Anm\u00e4lningsvillkor<\/h2>\n<p><a href=\"https:\/\/insightevents.se\/regler-och-villkor\/\" target=\"_blank\" rel=\"noopener noreferrer\">V\u00e5ra anm\u00e4lningsvillkor hittar du h\u00e4r.<\/a><\/p>\n<h2 class=\"fusion-responsive-typography-calculated\" data-fontsize=\"30\" data-lineheight=\"37.5px\">Foto\/Film<\/h2>\n<p>I syfte att dokumentera och kommunicera konferensen, f\u00f6rekommer det att vi fotograferar eller filmar eventet. Det inneb\u00e4r att deltagare kan f\u00f6rekomma p\u00e5 bilderna \u00e4ven om fokus \u00e4r p\u00e5 arrangemanget i stort.<\/p>\n<hr \/>\n<h2 class=\"fusion-responsive-typography-calculated\" style=\"text-align: center;\" data-fontsize=\"30\" data-lineheight=\"37.5px\">Kontakt<\/h2>\n<p>[\/vc_column_text][vc_row_inner][vc_column_inner width=&#8221;1\/2&#8243;]<style type=\"text\/css\">#ut_custom_heading69de702a159f6 { font-family: \"Sacramento\";font-weight:400;font-style:normal; }#ut_custom_heading69de702a159f6 { font-size:35px !important;letter-spacing:-0.05em; }#ut_custom_heading69de702a159f6 { text-align:center; }@media (min-width: 768px) and (max-width: 1024px) { #ut_custom_heading69de702a159f6 { text-align:center; } }@media (max-width: 767px) { #ut_custom_heading69de702a159f6 { text-align:center; } }<\/style><h1 id=\"ut_custom_heading69de702a159f6\" data-responsive-font=\"h1\" data-responsive-font-settings=\"{&quot;base-font-size&quot;:&quot;35&quot;,&quot;font-size-unit&quot;:&quot;px&quot;,&quot;font-size&quot;:{&quot;desktop_large&quot;:&quot;35&quot;},&quot;base-line-height&quot;:&quot;global&quot;,&quot;base-letter-spacing&quot;:&quot;global&quot;,&quot;letter-spacing&quot;:{&quot;desktop_large&quot;:&quot;-0.05&quot;}}\" class=\"ut-custom-heading-module  \" ><span class=\"\" >Tomas Bj\u00f6rnberg<\/span><\/h1>[vc_column_text]<\/p>\n<p style=\"text-align: center;\">Projektledare<br \/>\n<a href=\"mailto:tomas.bjornberg@insightevents.se\">tomas.bjornberg@insightevents.se<\/a><br \/>\n08 587 662 79<\/p>\n<p>[\/vc_column_text][\/vc_column_inner][vc_column_inner width=&#8221;1\/2&#8243;]<style type=\"text\/css\">#ut_custom_heading69de702a15a6a { font-family: \"Fuggles\";font-weight:400;font-style:normal; }#ut_custom_heading69de702a15a6a { font-size:35px !important;letter-spacing:-0.05em; }#ut_custom_heading69de702a15a6a { text-align:center; }@media (min-width: 768px) and (max-width: 1024px) { #ut_custom_heading69de702a15a6a { text-align:center; } }@media (max-width: 767px) { #ut_custom_heading69de702a15a6a { text-align:center; } }<\/style><h1 id=\"ut_custom_heading69de702a15a6a\" data-responsive-font=\"h1\" data-responsive-font-settings=\"{&quot;base-font-size&quot;:&quot;35&quot;,&quot;font-size-unit&quot;:&quot;px&quot;,&quot;font-size&quot;:{&quot;desktop_large&quot;:&quot;35&quot;},&quot;base-line-height&quot;:&quot;global&quot;,&quot;base-letter-spacing&quot;:&quot;global&quot;,&quot;letter-spacing&quot;:{&quot;desktop_large&quot;:&quot;-0.05&quot;}}\" class=\"ut-custom-heading-module  \" ><span class=\"\" >Roland Behrendt<\/span><\/h1>[vc_column_text]<\/p>\n<p style=\"text-align: center;\">Utst\u00e4llning\/sponsorskap<br \/>\n<a href=\"mailto:roland.behrendt@insightevents.se\">roland.behrendt@insightevents.se<\/a><br \/>\n+46 70 862 73 80<\/p>\n<p>[\/vc_column_text][\/vc_column_inner][\/vc_row_inner][vc_empty_space height=&#8221;30px&#8221;][\/vc_column][\/vc_row]<\/p>\n<\/div>","protected":false},"excerpt":{"rendered":"<p>[vc_row full_width=&#8221;stretch_row_content_no_spaces&#8221; equal_height=&#8221;yes&#8221;][vc_column width=&#8221;1\/2&#8243; css=&#8221;.vc_custom_1717076424363{background-image: url(https:\/\/insightevents.se\/kritiskaravaror\/wp-content\/uploads\/sites\/23\/2024\/05\/utfyllnad_crystal-1685590_1920.jpg?id=5160) !important;background-position: center !important;background-repeat: no-repeat !important;background-size: cover !important;}&#8221;][\/vc_column][vc_column width=&#8221;1\/2&#8243; css=&#8221;.vc_custom_1717076470346{padding-right: 10px !important;padding-left: 10px !important;}&#8221;][vc_column_text] Datum &amp; lokal Inst\u00e4lld 2024 Stockholm, lokal meddelas n\u00e4rmre event PRIS Konferens \u2013 7.990 kr Dokumentation M\u00e5nga av v\u00e5ra f\u00f6redragsh\u00e5llare uppdaterar sina anf\u00f6randen i sista stund. F\u00f6r att kunna erbjuda en uppdaterad och korrekt version har [&hellip;]<\/p>\n","protected":false},"author":1,"featured_media":0,"parent":0,"menu_order":0,"comment_status":"closed","ping_status":"open","template":"","meta":{"_acf_changed":false,"footnotes":""},"class_list":["post-5194","page","type-page","status-publish","hentry"],"acf":[],"yoast_head":"<!-- This site is optimized with the Yoast SEO plugin v27.3 - https:\/\/yoast.com\/product\/yoast-seo-wordpress\/ -->\n<title>Praktisk information - Kritiska r\u00e5varor<\/title>\n<meta name=\"robots\" content=\"index, follow, max-snippet:-1, max-image-preview:large, max-video-preview:-1\" \/>\n<link rel=\"canonical\" href=\"https:\/\/insightevents.se\/kritiskaravaror\/praktisk-information\/\" \/>\n<meta property=\"og:locale\" content=\"sv_SE\" \/>\n<meta property=\"og:type\" content=\"article\" \/>\n<meta property=\"og:title\" content=\"Praktisk information - Kritiska r\u00e5varor\" \/>\n<meta property=\"og:description\" content=\"[vc_row full_width=&#8221;stretch_row_content_no_spaces&#8221; equal_height=&#8221;yes&#8221;][vc_column width=&#8221;1\/2&#8243; css=&#8221;.vc_custom_1717076424363{background-image: url(https:\/\/insightevents.se\/kritiskaravaror\/wp-content\/uploads\/sites\/23\/2024\/05\/utfyllnad_crystal-1685590_1920.jpg?id=5160) !important;background-position: center !important;background-repeat: no-repeat !important;background-size: cover !important;}&#8221;][\/vc_column][vc_column width=&#8221;1\/2&#8243; css=&#8221;.vc_custom_1717076470346{padding-right: 10px !important;padding-left: 10px !important;}&#8221;][vc_column_text] Datum &amp; lokal Inst\u00e4lld 2024 Stockholm, lokal meddelas n\u00e4rmre event PRIS Konferens \u2013 7.990 kr Dokumentation M\u00e5nga av v\u00e5ra f\u00f6redragsh\u00e5llare uppdaterar sina anf\u00f6randen i sista stund. F\u00f6r att kunna erbjuda en uppdaterad och korrekt version har [&hellip;]\" \/>\n<meta property=\"og:url\" content=\"https:\/\/insightevents.se\/kritiskaravaror\/praktisk-information\/\" \/>\n<meta property=\"og:site_name\" content=\"Kritiska r\u00e5varor\" \/>\n<meta property=\"article:modified_time\" content=\"2026-02-12T14:41:11+00:00\" \/>\n<meta name=\"twitter:card\" content=\"summary_large_image\" \/>\n<meta name=\"twitter:label1\" content=\"Ber\u00e4knad l\u00e4stid\" \/>\n\t<meta name=\"twitter:data1\" content=\"2 minuter\" \/>\n<script type=\"application\/ld+json\" class=\"yoast-schema-graph\">{\"@context\":\"https:\\\/\\\/schema.org\",\"@graph\":[{\"@type\":\"WebPage\",\"@id\":\"https:\\\/\\\/insightevents.se\\\/kritiskaravaror\\\/praktisk-information\\\/\",\"url\":\"https:\\\/\\\/insightevents.se\\\/kritiskaravaror\\\/praktisk-information\\\/\",\"name\":\"Praktisk information - Kritiska r\u00e5varor\",\"isPartOf\":{\"@id\":\"https:\\\/\\\/insightevents.se\\\/kritiskaravaror\\\/#website\"},\"datePublished\":\"2024-05-30T13:45:42+00:00\",\"dateModified\":\"2026-02-12T14:41:11+00:00\",\"breadcrumb\":{\"@id\":\"https:\\\/\\\/insightevents.se\\\/kritiskaravaror\\\/praktisk-information\\\/#breadcrumb\"},\"inLanguage\":\"sv-SE\",\"potentialAction\":[{\"@type\":\"ReadAction\",\"target\":[\"https:\\\/\\\/insightevents.se\\\/kritiskaravaror\\\/praktisk-information\\\/\"]}]},{\"@type\":\"BreadcrumbList\",\"@id\":\"https:\\\/\\\/insightevents.se\\\/kritiskaravaror\\\/praktisk-information\\\/#breadcrumb\",\"itemListElement\":[{\"@type\":\"ListItem\",\"position\":1,\"name\":\"Hem\",\"item\":\"https:\\\/\\\/insightevents.se\\\/kritiskaravaror\\\/\"},{\"@type\":\"ListItem\",\"position\":2,\"name\":\"Praktisk information\"}]},{\"@type\":\"WebSite\",\"@id\":\"https:\\\/\\\/insightevents.se\\\/kritiskaravaror\\\/#website\",\"url\":\"https:\\\/\\\/insightevents.se\\\/kritiskaravaror\\\/\",\"name\":\"Kritiska r\u00e5varor\",\"description\":\"\",\"potentialAction\":[{\"@type\":\"SearchAction\",\"target\":{\"@type\":\"EntryPoint\",\"urlTemplate\":\"https:\\\/\\\/insightevents.se\\\/kritiskaravaror\\\/?s={search_term_string}\"},\"query-input\":{\"@type\":\"PropertyValueSpecification\",\"valueRequired\":true,\"valueName\":\"search_term_string\"}}],\"inLanguage\":\"sv-SE\"}]}<\/script>\n<!-- \/ Yoast SEO plugin. -->","yoast_head_json":{"title":"Praktisk information - Kritiska r\u00e5varor","robots":{"index":"index","follow":"follow","max-snippet":"max-snippet:-1","max-image-preview":"max-image-preview:large","max-video-preview":"max-video-preview:-1"},"canonical":"https:\/\/insightevents.se\/kritiskaravaror\/praktisk-information\/","og_locale":"sv_SE","og_type":"article","og_title":"Praktisk information - Kritiska r\u00e5varor","og_description":"[vc_row full_width=&#8221;stretch_row_content_no_spaces&#8221; equal_height=&#8221;yes&#8221;][vc_column width=&#8221;1\/2&#8243; css=&#8221;.vc_custom_1717076424363{background-image: url(https:\/\/insightevents.se\/kritiskaravaror\/wp-content\/uploads\/sites\/23\/2024\/05\/utfyllnad_crystal-1685590_1920.jpg?id=5160) !important;background-position: center !important;background-repeat: no-repeat !important;background-size: cover !important;}&#8221;][\/vc_column][vc_column width=&#8221;1\/2&#8243; css=&#8221;.vc_custom_1717076470346{padding-right: 10px !important;padding-left: 10px !important;}&#8221;][vc_column_text] Datum &amp; lokal Inst\u00e4lld 2024 Stockholm, lokal meddelas n\u00e4rmre event PRIS Konferens \u2013 7.990 kr Dokumentation M\u00e5nga av v\u00e5ra f\u00f6redragsh\u00e5llare uppdaterar sina anf\u00f6randen i sista stund. F\u00f6r att kunna erbjuda en uppdaterad och korrekt version har [&hellip;]","og_url":"https:\/\/insightevents.se\/kritiskaravaror\/praktisk-information\/","og_site_name":"Kritiska r\u00e5varor","article_modified_time":"2026-02-12T14:41:11+00:00","twitter_card":"summary_large_image","twitter_misc":{"Ber\u00e4knad l\u00e4stid":"2 minuter"},"schema":{"@context":"https:\/\/schema.org","@graph":[{"@type":"WebPage","@id":"https:\/\/insightevents.se\/kritiskaravaror\/praktisk-information\/","url":"https:\/\/insightevents.se\/kritiskaravaror\/praktisk-information\/","name":"Praktisk information - Kritiska r\u00e5varor","isPartOf":{"@id":"https:\/\/insightevents.se\/kritiskaravaror\/#website"},"datePublished":"2024-05-30T13:45:42+00:00","dateModified":"2026-02-12T14:41:11+00:00","breadcrumb":{"@id":"https:\/\/insightevents.se\/kritiskaravaror\/praktisk-information\/#breadcrumb"},"inLanguage":"sv-SE","potentialAction":[{"@type":"ReadAction","target":["https:\/\/insightevents.se\/kritiskaravaror\/praktisk-information\/"]}]},{"@type":"BreadcrumbList","@id":"https:\/\/insightevents.se\/kritiskaravaror\/praktisk-information\/#breadcrumb","itemListElement":[{"@type":"ListItem","position":1,"name":"Hem","item":"https:\/\/insightevents.se\/kritiskaravaror\/"},{"@type":"ListItem","position":2,"name":"Praktisk information"}]},{"@type":"WebSite","@id":"https:\/\/insightevents.se\/kritiskaravaror\/#website","url":"https:\/\/insightevents.se\/kritiskaravaror\/","name":"Kritiska r\u00e5varor","description":"","potentialAction":[{"@type":"SearchAction","target":{"@type":"EntryPoint","urlTemplate":"https:\/\/insightevents.se\/kritiskaravaror\/?s={search_term_string}"},"query-input":{"@type":"PropertyValueSpecification","valueRequired":true,"valueName":"search_term_string"}}],"inLanguage":"sv-SE"}]}},"_links":{"self":[{"href":"https:\/\/insightevents.se\/kritiskaravaror\/wp-json\/wp\/v2\/pages\/5194","targetHints":{"allow":["GET"]}}],"collection":[{"href":"https:\/\/insightevents.se\/kritiskaravaror\/wp-json\/wp\/v2\/pages"}],"about":[{"href":"https:\/\/insightevents.se\/kritiskaravaror\/wp-json\/wp\/v2\/types\/page"}],"author":[{"embeddable":true,"href":"https:\/\/insightevents.se\/kritiskaravaror\/wp-json\/wp\/v2\/users\/1"}],"replies":[{"embeddable":true,"href":"https:\/\/insightevents.se\/kritiskaravaror\/wp-json\/wp\/v2\/comments?post=5194"}],"version-history":[{"count":15,"href":"https:\/\/insightevents.se\/kritiskaravaror\/wp-json\/wp\/v2\/pages\/5194\/revisions"}],"predecessor-version":[{"id":5278,"href":"https:\/\/insightevents.se\/kritiskaravaror\/wp-json\/wp\/v2\/pages\/5194\/revisions\/5278"}],"wp:attachment":[{"href":"https:\/\/insightevents.se\/kritiskaravaror\/wp-json\/wp\/v2\/media?parent=5194"}],"curies":[{"name":"wp","href":"https:\/\/api.w.org\/{rel}","templated":true}]}}