{"id":5236,"date":"2024-05-31T14:38:05","date_gmt":"2024-05-31T12:38:05","guid":{"rendered":"https:\/\/insightevents.se\/kritiskaravaror\/?page_id=5236"},"modified":"2024-08-21T16:07:34","modified_gmt":"2024-08-21T14:07:34","slug":"talare","status":"publish","type":"page","link":"https:\/\/insightevents.se\/kritiskaravaror\/talare\/","title":{"rendered":"Talare"},"content":{"rendered":"<div class=\"wpb-content-wrapper\"><p>[vc_row][vc_column][vc_empty_space height=&#8221;50px&#8221;][\/vc_column][\/vc_row][vc_row][vc_column width=&#8221;1\/4&#8243;]<div class=\"wpb_content_element \"><style type=\"text\/css\">#ut_header_69e129d54919a h2.section-title, #ut_header_69e129d54919a h2.section-title span { color:#000000; }#ut_header_69e129d54919a h2.section-title { font-size:50px !important;line-height:50px !important;letter-spacing:-0.05em; }#ut_header_69e129d54919a .lead { color:#00c8ad; }#ut_header_69e129d54919a .lead p { color:#00c8ad; }#ut_header_69e129d54919a .section-title ins { color:#0a0a0a; }#ut_header_69e129d54919a .section-title ins { background:#0a0a0a; }#ut_header_69e129d54919a.pt-style-2 .page-title span:after, #ut_header_69e129d54919a.pt-style-2 .parallax-title span:after, #ut_header_69e129d54919a.pt-style-2 .section-title span:after { background-color:#000000 !important;}<\/style><header id=\"ut_header_69e129d54919a\" class=\"section-header  ut-no-title-linebreak-mobile ut-no-lead-linebreak-mobile pt-style-2 header-left header-tablet-left header-mobile-center element-with-custom-line-height\"><div class=\"element-with-custom-line-height\" ><h2 data-title=\"TALARE\"  data-responsive-font=\"section_title\" data-responsive-font-settings=\"{&quot;base-font-size&quot;:&quot;global&quot;,&quot;font-size&quot;:{&quot;desktop_large&quot;:&quot;50&quot;},&quot;base-line-height&quot;:&quot;global&quot;,&quot;line-height&quot;:{&quot;desktop_large&quot;:&quot;50&quot;},&quot;base-letter-spacing&quot;:&quot;global&quot;,&quot;letter-spacing&quot;:{&quot;desktop_large&quot;:&quot;-0.05&quot;}}\" class=\"section-title  \"><span>TALARE<\/span><\/h2><\/div><div data-delay=\"0\" class=\"lead \"><p>2024<\/p>\n<\/div><\/header><\/div>[\/vc_column][vc_column width=&#8221;1\/4&#8243;]<div class=\"wpb_content_element \"><style type=\"text\/css\">#ut_tm_69e129d55a1ab .bklyn-team-member-ocupation { font-weight: normal; }#ut_tm_69e129d55a1ab .bklyn-team-member-social-icons a:hover { color: rgba(0, 200, 173, 1); }#ut_tm_69e129d55a1ab .bklyn-team-member-social-icons a:focus { color: rgba(0, 200, 173, 1); }#ut_tm_69e129d55a1ab .bklyn-team-member-social-icons a:active { color: rgba(0, 200, 173, 1); }<\/style><div id=\"ut_tm_69e129d55a1ab\" class=\"bklyn-team-member bklyn-team-member-style-1  bklyn-team-member-center\"><div class=\"bklyn-team-member-avatar \"><img decoding=\"async\" alt=\"Alex\" class=\"ut-lozad\" src=\"data:image\/svg+xml;charset=utf-8,%3Csvg xmlns%3D'http%3A%2F%2Fwww.w3.org%2F2000%2Fsvg' viewBox%3D'0 0 400 400'%2F%3E\" data-src=\"https:\/\/insightevents.se\/kritiskaravaror\/wp-content\/uploads\/sites\/23\/2024\/06\/Alex.jpg\"><\/div><div class=\"bklyn-team-member-info\"><h3 class=\"bklyn-team-member-name\">Alex Basu<\/h3><p class=\"bklyn-team-member-ocupation\">Investment Manager<\/p><p class=\"bklyn-team-member-description\">Navigare Ventures<\/p><\/div><\/div><\/div>[\/vc_column][vc_column width=&#8221;1\/4&#8243;]<div class=\"wpb_content_element \"><style type=\"text\/css\">#ut_tm_69e129d567310 .bklyn-team-member-ocupation { font-weight: normal; }#ut_tm_69e129d567310 .bklyn-team-member-social-icons a:hover { color: rgba(0, 200, 173, 1); }#ut_tm_69e129d567310 .bklyn-team-member-social-icons a:focus { color: rgba(0, 200, 173, 1); }#ut_tm_69e129d567310 .bklyn-team-member-social-icons a:active { color: rgba(0, 200, 173, 1); }<\/style><div id=\"ut_tm_69e129d567310\" class=\"bklyn-team-member bklyn-team-member-style-1  bklyn-team-member-center\"><div class=\"bklyn-team-member-avatar \"><img decoding=\"async\" alt=\"Andre\" class=\"ut-lozad\" src=\"data:image\/svg+xml;charset=utf-8,%3Csvg xmlns%3D'http%3A%2F%2Fwww.w3.org%2F2000%2Fsvg' viewBox%3D'0 0 400 400'%2F%3E\" data-src=\"https:\/\/insightevents.se\/kritiskaravaror\/wp-content\/uploads\/sites\/23\/2024\/06\/Andre.jpg\"><\/div><div class=\"bklyn-team-member-info\"><h3 class=\"bklyn-team-member-name\">Andr\u00e9 M\u00e5nberger<\/h3><p class=\"bklyn-team-member-ocupation\">Lektor i milj\u00f6- och energisystemanalys<\/p><p class=\"bklyn-team-member-description\">Lunds universitet och programchef f\u00f6r Mistra Governing critical raw material supply chains for a sustainable transition<\/p><\/div><\/div><\/div>[\/vc_column][vc_column width=&#8221;1\/4&#8243;]<div class=\"wpb_content_element \"><style type=\"text\/css\">#ut_tm_69e129d5745ea .bklyn-team-member-ocupation { font-weight: normal; }#ut_tm_69e129d5745ea .bklyn-team-member-social-icons a:hover { color: rgba(0, 200, 173, 1); }#ut_tm_69e129d5745ea .bklyn-team-member-social-icons a:focus { color: rgba(0, 200, 173, 1); }#ut_tm_69e129d5745ea .bklyn-team-member-social-icons a:active { color: rgba(0, 200, 173, 1); }<\/style><div id=\"ut_tm_69e129d5745ea\" class=\"bklyn-team-member bklyn-team-member-style-1  bklyn-team-member-center\"><div class=\"bklyn-team-member-avatar \"><img decoding=\"async\" alt=\"Eric\" class=\"ut-lozad\" src=\"data:image\/svg+xml;charset=utf-8,%3Csvg xmlns%3D'http%3A%2F%2Fwww.w3.org%2F2000%2Fsvg' viewBox%3D'0 0 400 400'%2F%3E\" data-src=\"https:\/\/insightevents.se\/kritiskaravaror\/wp-content\/uploads\/sites\/23\/2024\/06\/Eric.jpg\"><\/div><div class=\"bklyn-team-member-info\"><h3 class=\"bklyn-team-member-name\">Eric Strand<\/h3><p class=\"bklyn-team-member-ocupation\">Founder &amp; Portfolio Manager<\/p><p class=\"bklyn-team-member-description\">AuAg Funds<\/p><\/div><\/div><\/div>[\/vc_column][\/vc_row][vc_row][vc_column width=&#8221;1\/4&#8243;]<div class=\"wpb_content_element \"><style type=\"text\/css\">#ut_tm_69e129d581c36 .bklyn-team-member-ocupation { font-weight: normal; }#ut_tm_69e129d581c36 .bklyn-team-member-social-icons a:hover { color: rgba(0, 200, 173, 1); }#ut_tm_69e129d581c36 .bklyn-team-member-social-icons a:focus { color: rgba(0, 200, 173, 1); }#ut_tm_69e129d581c36 .bklyn-team-member-social-icons a:active { color: rgba(0, 200, 173, 1); }<\/style><div id=\"ut_tm_69e129d581c36\" class=\"bklyn-team-member bklyn-team-member-style-1  bklyn-team-member-center\"><div class=\"bklyn-team-member-avatar \"><img decoding=\"async\" alt=\"Fredric\" class=\"ut-lozad\" src=\"data:image\/svg+xml;charset=utf-8,%3Csvg xmlns%3D'http%3A%2F%2Fwww.w3.org%2F2000%2Fsvg' viewBox%3D'0 0 400 400'%2F%3E\" data-src=\"https:\/\/insightevents.se\/kritiskaravaror\/wp-content\/uploads\/sites\/23\/2024\/06\/Fredric.jpg\"><\/div><div class=\"bklyn-team-member-info\"><h3 class=\"bklyn-team-member-name\">Fredric Nystr\u00f6m<\/h3><p class=\"bklyn-team-member-ocupation\">Head of Sustainability and Governance<\/p><p class=\"bklyn-team-member-description\">Third Swedish National Pension Fund (AP3)<\/p><\/div><\/div><\/div>[\/vc_column][vc_column width=&#8221;1\/4&#8243;]<div class=\"wpb_content_element \"><style type=\"text\/css\">#ut_tm_69e129d58f8d7 .bklyn-team-member-ocupation { font-weight: normal; }#ut_tm_69e129d58f8d7 .bklyn-team-member-social-icons a:hover { color: rgba(0, 200, 173, 1); }#ut_tm_69e129d58f8d7 .bklyn-team-member-social-icons a:focus { color: rgba(0, 200, 173, 1); }#ut_tm_69e129d58f8d7 .bklyn-team-member-social-icons a:active { color: rgba(0, 200, 173, 1); }<\/style><div id=\"ut_tm_69e129d58f8d7\" class=\"bklyn-team-member bklyn-team-member-style-1  bklyn-team-member-center\"><div class=\"bklyn-team-member-avatar \"><img decoding=\"async\" alt=\"Nicholas Trickett\" class=\"ut-lozad\" src=\"data:image\/svg+xml;charset=utf-8,%3Csvg xmlns%3D'http%3A%2F%2Fwww.w3.org%2F2000%2Fsvg' viewBox%3D'0 0 400 400'%2F%3E\" data-src=\"https:\/\/insightevents.se\/kritiskaravaror\/wp-content\/uploads\/sites\/23\/2024\/07\/Nicholas-Trickett.jpg\"><\/div><div class=\"bklyn-team-member-info\"><h3 class=\"bklyn-team-member-name\">Nicholas Trickett<\/h3><p class=\"bklyn-team-member-ocupation\">Senior Analyst, Mining &amp; Metals<\/p><p class=\"bklyn-team-member-description\">S&amp;P Global Commodity Insights<\/p><\/div><\/div><\/div>[\/vc_column][vc_column width=&#8221;1\/4&#8243;]<div class=\"wpb_content_element \"><style type=\"text\/css\">#ut_tm_69e129d59d8a3 .bklyn-team-member-ocupation { font-weight: normal; }#ut_tm_69e129d59d8a3 .bklyn-team-member-social-icons a:hover { color: rgba(0, 200, 173, 1); }#ut_tm_69e129d59d8a3 .bklyn-team-member-social-icons a:focus { color: rgba(0, 200, 173, 1); }#ut_tm_69e129d59d8a3 .bklyn-team-member-social-icons a:active { color: rgba(0, 200, 173, 1); }<\/style><div id=\"ut_tm_69e129d59d8a3\" class=\"bklyn-team-member bklyn-team-member-style-1  bklyn-team-member-center\"><div class=\"bklyn-team-member-avatar \"><img decoding=\"async\" alt=\"Nima\" class=\"ut-lozad\" src=\"data:image\/svg+xml;charset=utf-8,%3Csvg xmlns%3D'http%3A%2F%2Fwww.w3.org%2F2000%2Fsvg' viewBox%3D'0 0 400 400'%2F%3E\" data-src=\"https:\/\/insightevents.se\/kritiskaravaror\/wp-content\/uploads\/sites\/23\/2024\/06\/Nima.jpg\"><\/div><div class=\"bklyn-team-member-info\"><h3 class=\"bklyn-team-member-name\">Nima Khorrami<\/h3><p class=\"bklyn-team-member-ocupation\">Research Associate, The Arctic Institute<\/p><p class=\"bklyn-team-member-description\">Center for Circumpolar Security Studies<\/p><\/div><\/div><\/div>[\/vc_column][vc_column width=&#8221;1\/4&#8243;]<div class=\"wpb_content_element \"><style type=\"text\/css\">#ut_tm_69e129d5aaa99 .bklyn-team-member-ocupation { font-weight: normal; }#ut_tm_69e129d5aaa99 .bklyn-team-member-social-icons a:hover { color: rgba(0, 200, 173, 1); }#ut_tm_69e129d5aaa99 .bklyn-team-member-social-icons a:focus { color: rgba(0, 200, 173, 1); }#ut_tm_69e129d5aaa99 .bklyn-team-member-social-icons a:active { color: rgba(0, 200, 173, 1); }<\/style><div id=\"ut_tm_69e129d5aaa99\" class=\"bklyn-team-member bklyn-team-member-style-1  bklyn-team-member-center\"><div class=\"bklyn-team-member-avatar \"><img decoding=\"async\" alt=\"Ulrika\" class=\"ut-lozad\" src=\"data:image\/svg+xml;charset=utf-8,%3Csvg xmlns%3D'http%3A%2F%2Fwww.w3.org%2F2000%2Fsvg' viewBox%3D'0 0 400 400'%2F%3E\" data-src=\"https:\/\/insightevents.se\/kritiskaravaror\/wp-content\/uploads\/sites\/23\/2024\/06\/Ulrika.jpg\"><\/div><div class=\"bklyn-team-member-info\"><h3 class=\"bklyn-team-member-name\">Ulrika H\u00e5kansson<\/h3><p class=\"bklyn-team-member-ocupation\">Projektchef<\/p><p class=\"bklyn-team-member-description\">Aff\u00e4rsomr\u00e5de Specialprodukter LKAB<\/p><\/div><\/div><\/div>[\/vc_column][\/vc_row][vc_row][vc_column][vc_empty_space][\/vc_column][\/vc_row]<\/p>\n<\/div>","protected":false},"excerpt":{"rendered":"<p>[vc_row][vc_column][vc_empty_space height=&#8221;50px&#8221;][\/vc_column][\/vc_row][vc_row][vc_column width=&#8221;1\/4&#8243;][\/vc_column][vc_column width=&#8221;1\/4&#8243;][\/vc_column][vc_column width=&#8221;1\/4&#8243;][\/vc_column][vc_column width=&#8221;1\/4&#8243;][\/vc_column][\/vc_row][vc_row][vc_column width=&#8221;1\/4&#8243;][\/vc_column][vc_column width=&#8221;1\/4&#8243;][\/vc_column][vc_column width=&#8221;1\/4&#8243;][\/vc_column][vc_column width=&#8221;1\/4&#8243;][\/vc_column][\/vc_row][vc_row][vc_column][vc_empty_space][\/vc_column][\/vc_row]<\/p>\n","protected":false},"author":1,"featured_media":0,"parent":0,"menu_order":0,"comment_status":"closed","ping_status":"open","template":"","meta":{"_acf_changed":false,"footnotes":""},"class_list":["post-5236","page","type-page","status-publish","hentry"],"acf":[],"yoast_head":"<!-- This site is optimized with the Yoast SEO plugin v27.3 - https:\/\/yoast.com\/product\/yoast-seo-wordpress\/ -->\n<title>Talare - Kritiska r\u00e5varor<\/title>\n<meta name=\"robots\" content=\"index, follow, max-snippet:-1, max-image-preview:large, max-video-preview:-1\" \/>\n<link rel=\"canonical\" href=\"https:\/\/insightevents.se\/kritiskaravaror\/talare\/\" \/>\n<meta property=\"og:locale\" content=\"sv_SE\" \/>\n<meta property=\"og:type\" content=\"article\" \/>\n<meta property=\"og:title\" content=\"Talare - Kritiska r\u00e5varor\" \/>\n<meta property=\"og:description\" content=\"[vc_row][vc_column][vc_empty_space height=&#8221;50px&#8221;][\/vc_column][\/vc_row][vc_row][vc_column width=&#8221;1\/4&#8243;][\/vc_column][vc_column width=&#8221;1\/4&#8243;][\/vc_column][vc_column width=&#8221;1\/4&#8243;][\/vc_column][vc_column width=&#8221;1\/4&#8243;][\/vc_column][\/vc_row][vc_row][vc_column width=&#8221;1\/4&#8243;][\/vc_column][vc_column width=&#8221;1\/4&#8243;][\/vc_column][vc_column width=&#8221;1\/4&#8243;][\/vc_column][vc_column width=&#8221;1\/4&#8243;][\/vc_column][\/vc_row][vc_row][vc_column][vc_empty_space][\/vc_column][\/vc_row]\" \/>\n<meta property=\"og:url\" content=\"https:\/\/insightevents.se\/kritiskaravaror\/talare\/\" \/>\n<meta property=\"og:site_name\" content=\"Kritiska r\u00e5varor\" \/>\n<meta property=\"article:modified_time\" content=\"2024-08-21T14:07:34+00:00\" \/>\n<meta name=\"twitter:card\" content=\"summary_large_image\" \/>\n<meta name=\"twitter:label1\" content=\"Ber\u00e4knad l\u00e4stid\" \/>\n\t<meta name=\"twitter:data1\" content=\"2 minuter\" \/>\n<script type=\"application\/ld+json\" class=\"yoast-schema-graph\">{\"@context\":\"https:\\\/\\\/schema.org\",\"@graph\":[{\"@type\":\"WebPage\",\"@id\":\"https:\\\/\\\/insightevents.se\\\/kritiskaravaror\\\/talare\\\/\",\"url\":\"https:\\\/\\\/insightevents.se\\\/kritiskaravaror\\\/talare\\\/\",\"name\":\"Talare - Kritiska r\u00e5varor\",\"isPartOf\":{\"@id\":\"https:\\\/\\\/insightevents.se\\\/kritiskaravaror\\\/#website\"},\"datePublished\":\"2024-05-31T12:38:05+00:00\",\"dateModified\":\"2024-08-21T14:07:34+00:00\",\"breadcrumb\":{\"@id\":\"https:\\\/\\\/insightevents.se\\\/kritiskaravaror\\\/talare\\\/#breadcrumb\"},\"inLanguage\":\"sv-SE\",\"potentialAction\":[{\"@type\":\"ReadAction\",\"target\":[\"https:\\\/\\\/insightevents.se\\\/kritiskaravaror\\\/talare\\\/\"]}]},{\"@type\":\"BreadcrumbList\",\"@id\":\"https:\\\/\\\/insightevents.se\\\/kritiskaravaror\\\/talare\\\/#breadcrumb\",\"itemListElement\":[{\"@type\":\"ListItem\",\"position\":1,\"name\":\"Hem\",\"item\":\"https:\\\/\\\/insightevents.se\\\/kritiskaravaror\\\/\"},{\"@type\":\"ListItem\",\"position\":2,\"name\":\"Talare\"}]},{\"@type\":\"WebSite\",\"@id\":\"https:\\\/\\\/insightevents.se\\\/kritiskaravaror\\\/#website\",\"url\":\"https:\\\/\\\/insightevents.se\\\/kritiskaravaror\\\/\",\"name\":\"Kritiska r\u00e5varor\",\"description\":\"\",\"potentialAction\":[{\"@type\":\"SearchAction\",\"target\":{\"@type\":\"EntryPoint\",\"urlTemplate\":\"https:\\\/\\\/insightevents.se\\\/kritiskaravaror\\\/?s={search_term_string}\"},\"query-input\":{\"@type\":\"PropertyValueSpecification\",\"valueRequired\":true,\"valueName\":\"search_term_string\"}}],\"inLanguage\":\"sv-SE\"}]}<\/script>\n<!-- \/ Yoast SEO plugin. -->","yoast_head_json":{"title":"Talare - Kritiska r\u00e5varor","robots":{"index":"index","follow":"follow","max-snippet":"max-snippet:-1","max-image-preview":"max-image-preview:large","max-video-preview":"max-video-preview:-1"},"canonical":"https:\/\/insightevents.se\/kritiskaravaror\/talare\/","og_locale":"sv_SE","og_type":"article","og_title":"Talare - Kritiska r\u00e5varor","og_description":"[vc_row][vc_column][vc_empty_space height=&#8221;50px&#8221;][\/vc_column][\/vc_row][vc_row][vc_column width=&#8221;1\/4&#8243;][\/vc_column][vc_column width=&#8221;1\/4&#8243;][\/vc_column][vc_column width=&#8221;1\/4&#8243;][\/vc_column][vc_column width=&#8221;1\/4&#8243;][\/vc_column][\/vc_row][vc_row][vc_column width=&#8221;1\/4&#8243;][\/vc_column][vc_column width=&#8221;1\/4&#8243;][\/vc_column][vc_column width=&#8221;1\/4&#8243;][\/vc_column][vc_column width=&#8221;1\/4&#8243;][\/vc_column][\/vc_row][vc_row][vc_column][vc_empty_space][\/vc_column][\/vc_row]","og_url":"https:\/\/insightevents.se\/kritiskaravaror\/talare\/","og_site_name":"Kritiska r\u00e5varor","article_modified_time":"2024-08-21T14:07:34+00:00","twitter_card":"summary_large_image","twitter_misc":{"Ber\u00e4knad l\u00e4stid":"2 minuter"},"schema":{"@context":"https:\/\/schema.org","@graph":[{"@type":"WebPage","@id":"https:\/\/insightevents.se\/kritiskaravaror\/talare\/","url":"https:\/\/insightevents.se\/kritiskaravaror\/talare\/","name":"Talare - Kritiska r\u00e5varor","isPartOf":{"@id":"https:\/\/insightevents.se\/kritiskaravaror\/#website"},"datePublished":"2024-05-31T12:38:05+00:00","dateModified":"2024-08-21T14:07:34+00:00","breadcrumb":{"@id":"https:\/\/insightevents.se\/kritiskaravaror\/talare\/#breadcrumb"},"inLanguage":"sv-SE","potentialAction":[{"@type":"ReadAction","target":["https:\/\/insightevents.se\/kritiskaravaror\/talare\/"]}]},{"@type":"BreadcrumbList","@id":"https:\/\/insightevents.se\/kritiskaravaror\/talare\/#breadcrumb","itemListElement":[{"@type":"ListItem","position":1,"name":"Hem","item":"https:\/\/insightevents.se\/kritiskaravaror\/"},{"@type":"ListItem","position":2,"name":"Talare"}]},{"@type":"WebSite","@id":"https:\/\/insightevents.se\/kritiskaravaror\/#website","url":"https:\/\/insightevents.se\/kritiskaravaror\/","name":"Kritiska r\u00e5varor","description":"","potentialAction":[{"@type":"SearchAction","target":{"@type":"EntryPoint","urlTemplate":"https:\/\/insightevents.se\/kritiskaravaror\/?s={search_term_string}"},"query-input":{"@type":"PropertyValueSpecification","valueRequired":true,"valueName":"search_term_string"}}],"inLanguage":"sv-SE"}]}},"_links":{"self":[{"href":"https:\/\/insightevents.se\/kritiskaravaror\/wp-json\/wp\/v2\/pages\/5236","targetHints":{"allow":["GET"]}}],"collection":[{"href":"https:\/\/insightevents.se\/kritiskaravaror\/wp-json\/wp\/v2\/pages"}],"about":[{"href":"https:\/\/insightevents.se\/kritiskaravaror\/wp-json\/wp\/v2\/types\/page"}],"author":[{"embeddable":true,"href":"https:\/\/insightevents.se\/kritiskaravaror\/wp-json\/wp\/v2\/users\/1"}],"replies":[{"embeddable":true,"href":"https:\/\/insightevents.se\/kritiskaravaror\/wp-json\/wp\/v2\/comments?post=5236"}],"version-history":[{"count":7,"href":"https:\/\/insightevents.se\/kritiskaravaror\/wp-json\/wp\/v2\/pages\/5236\/revisions"}],"predecessor-version":[{"id":5268,"href":"https:\/\/insightevents.se\/kritiskaravaror\/wp-json\/wp\/v2\/pages\/5236\/revisions\/5268"}],"wp:attachment":[{"href":"https:\/\/insightevents.se\/kritiskaravaror\/wp-json\/wp\/v2\/media?parent=5236"}],"curies":[{"name":"wp","href":"https:\/\/api.w.org\/{rel}","templated":true}]}}