{"id":7,"date":"2017-10-31T10:00:09","date_gmt":"2017-10-31T09:00:09","guid":{"rendered":"https:\/\/insightevents.se\/psykiatridagarna\/?page_id=7"},"modified":"2019-01-31T09:57:18","modified_gmt":"2019-01-31T08:57:18","slug":"start","status":"publish","type":"page","link":"https:\/\/insightevents.se\/psykiatridagarna\/","title":{"rendered":"Start"},"content":{"rendered":"","protected":false},"excerpt":{"rendered":"","protected":false},"author":1,"featured_media":181,"parent":0,"menu_order":0,"comment_status":"closed","ping_status":"closed","template":"","meta":{"_acf_changed":false,"footnotes":""},"class_list":["post-7","page","type-page","status-publish","has-post-thumbnail","hentry"],"acf":[],"yoast_head":"<!-- This site is optimized with the Yoast SEO plugin v27.3 - https:\/\/yoast.com\/product\/yoast-seo-wordpress\/ -->\n<title>Start - Psykiatridagarna<\/title>\n<meta name=\"description\" content=\"V\u00e4lkommen till den \u00e5rliga m\u00f6tesplatsen f\u00f6r kunskap och n\u00e4tverkande som v\u00e4nder sig till hela psykiatrim\u00e5lgruppen - Psykiatridagarna!\" \/>\n<meta name=\"robots\" content=\"index, follow, max-snippet:-1, max-image-preview:large, max-video-preview:-1\" \/>\n<link rel=\"canonical\" href=\"https:\/\/insightevents.se\/psykiatridagarna\/\" \/>\n<meta property=\"og:locale\" content=\"sv_SE\" \/>\n<meta property=\"og:type\" content=\"article\" \/>\n<meta property=\"og:title\" content=\"Start - Psykiatridagarna\" \/>\n<meta property=\"og:description\" content=\"V\u00e4lkommen till den \u00e5rliga m\u00f6tesplatsen f\u00f6r kunskap och n\u00e4tverkande som v\u00e4nder sig till hela psykiatrim\u00e5lgruppen - Psykiatridagarna!\" \/>\n<meta property=\"og:url\" content=\"https:\/\/insightevents.se\/psykiatridagarna\/\" \/>\n<meta property=\"og:site_name\" content=\"Psykiatridagarna\" \/>\n<meta property=\"article:modified_time\" content=\"2019-01-31T08:57:18+00:00\" \/>\n<meta property=\"og:image\" content=\"https:\/\/insightevents.se\/psykiatridagarna\/wp-content\/uploads\/sites\/15\/2017\/10\/visningsbild_psykiatridagarna.jpg\" \/>\n\t<meta property=\"og:image:width\" content=\"720\" \/>\n\t<meta property=\"og:image:height\" content=\"377\" \/>\n\t<meta property=\"og:image:type\" content=\"image\/jpeg\" \/>\n<meta name=\"twitter:card\" content=\"summary_large_image\" \/>\n<script type=\"application\/ld+json\" class=\"yoast-schema-graph\">{\"@context\":\"https:\\\/\\\/schema.org\",\"@graph\":[{\"@type\":\"WebPage\",\"@id\":\"https:\\\/\\\/insightevents.se\\\/psykiatridagarna\\\/\",\"url\":\"https:\\\/\\\/insightevents.se\\\/psykiatridagarna\\\/\",\"name\":\"Start - Psykiatridagarna\",\"isPartOf\":{\"@id\":\"https:\\\/\\\/insightevents.se\\\/psykiatridagarna\\\/#website\"},\"primaryImageOfPage\":{\"@id\":\"https:\\\/\\\/insightevents.se\\\/psykiatridagarna\\\/#primaryimage\"},\"image\":{\"@id\":\"https:\\\/\\\/insightevents.se\\\/psykiatridagarna\\\/#primaryimage\"},\"thumbnailUrl\":\"https:\\\/\\\/insightevents.se\\\/psykiatridagarna\\\/wp-content\\\/uploads\\\/sites\\\/15\\\/2017\\\/10\\\/visningsbild_psykiatridagarna.jpg\",\"datePublished\":\"2017-10-31T09:00:09+00:00\",\"dateModified\":\"2019-01-31T08:57:18+00:00\",\"description\":\"V\u00e4lkommen till den \u00e5rliga m\u00f6tesplatsen f\u00f6r kunskap och n\u00e4tverkande som v\u00e4nder sig till hela psykiatrim\u00e5lgruppen - Psykiatridagarna!\",\"breadcrumb\":{\"@id\":\"https:\\\/\\\/insightevents.se\\\/psykiatridagarna\\\/#breadcrumb\"},\"inLanguage\":\"sv-SE\",\"potentialAction\":[{\"@type\":\"ReadAction\",\"target\":[\"https:\\\/\\\/insightevents.se\\\/psykiatridagarna\\\/\"]}]},{\"@type\":\"ImageObject\",\"inLanguage\":\"sv-SE\",\"@id\":\"https:\\\/\\\/insightevents.se\\\/psykiatridagarna\\\/#primaryimage\",\"url\":\"https:\\\/\\\/insightevents.se\\\/psykiatridagarna\\\/wp-content\\\/uploads\\\/sites\\\/15\\\/2017\\\/10\\\/visningsbild_psykiatridagarna.jpg\",\"contentUrl\":\"https:\\\/\\\/insightevents.se\\\/psykiatridagarna\\\/wp-content\\\/uploads\\\/sites\\\/15\\\/2017\\\/10\\\/visningsbild_psykiatridagarna.jpg\",\"width\":720,\"height\":377},{\"@type\":\"BreadcrumbList\",\"@id\":\"https:\\\/\\\/insightevents.se\\\/psykiatridagarna\\\/#breadcrumb\",\"itemListElement\":[{\"@type\":\"ListItem\",\"position\":1,\"name\":\"Hem\",\"item\":\"https:\\\/\\\/insightevents.se\\\/psykiatridagarna\\\/\"},{\"@type\":\"ListItem\",\"position\":2,\"name\":\"Start\"}]},{\"@type\":\"WebSite\",\"@id\":\"https:\\\/\\\/insightevents.se\\\/psykiatridagarna\\\/#website\",\"url\":\"https:\\\/\\\/insightevents.se\\\/psykiatridagarna\\\/\",\"name\":\"Psykiatridagarna\",\"description\":\"En till Insight Events Sweden Websites webbplats\",\"potentialAction\":[{\"@type\":\"SearchAction\",\"target\":{\"@type\":\"EntryPoint\",\"urlTemplate\":\"https:\\\/\\\/insightevents.se\\\/psykiatridagarna\\\/?s={search_term_string}\"},\"query-input\":{\"@type\":\"PropertyValueSpecification\",\"valueRequired\":true,\"valueName\":\"search_term_string\"}}],\"inLanguage\":\"sv-SE\"}]}<\/script>\n<!-- \/ Yoast SEO plugin. -->","yoast_head_json":{"title":"Start - Psykiatridagarna","description":"V\u00e4lkommen till den \u00e5rliga m\u00f6tesplatsen f\u00f6r kunskap och n\u00e4tverkande som v\u00e4nder sig till hela psykiatrim\u00e5lgruppen - Psykiatridagarna!","robots":{"index":"index","follow":"follow","max-snippet":"max-snippet:-1","max-image-preview":"max-image-preview:large","max-video-preview":"max-video-preview:-1"},"canonical":"https:\/\/insightevents.se\/psykiatridagarna\/","og_locale":"sv_SE","og_type":"article","og_title":"Start - Psykiatridagarna","og_description":"V\u00e4lkommen till den \u00e5rliga m\u00f6tesplatsen f\u00f6r kunskap och n\u00e4tverkande som v\u00e4nder sig till hela psykiatrim\u00e5lgruppen - Psykiatridagarna!","og_url":"https:\/\/insightevents.se\/psykiatridagarna\/","og_site_name":"Psykiatridagarna","article_modified_time":"2019-01-31T08:57:18+00:00","og_image":[{"width":720,"height":377,"url":"https:\/\/insightevents.se\/psykiatridagarna\/wp-content\/uploads\/sites\/15\/2017\/10\/visningsbild_psykiatridagarna.jpg","type":"image\/jpeg"}],"twitter_card":"summary_large_image","schema":{"@context":"https:\/\/schema.org","@graph":[{"@type":"WebPage","@id":"https:\/\/insightevents.se\/psykiatridagarna\/","url":"https:\/\/insightevents.se\/psykiatridagarna\/","name":"Start - Psykiatridagarna","isPartOf":{"@id":"https:\/\/insightevents.se\/psykiatridagarna\/#website"},"primaryImageOfPage":{"@id":"https:\/\/insightevents.se\/psykiatridagarna\/#primaryimage"},"image":{"@id":"https:\/\/insightevents.se\/psykiatridagarna\/#primaryimage"},"thumbnailUrl":"https:\/\/insightevents.se\/psykiatridagarna\/wp-content\/uploads\/sites\/15\/2017\/10\/visningsbild_psykiatridagarna.jpg","datePublished":"2017-10-31T09:00:09+00:00","dateModified":"2019-01-31T08:57:18+00:00","description":"V\u00e4lkommen till den \u00e5rliga m\u00f6tesplatsen f\u00f6r kunskap och n\u00e4tverkande som v\u00e4nder sig till hela psykiatrim\u00e5lgruppen - Psykiatridagarna!","breadcrumb":{"@id":"https:\/\/insightevents.se\/psykiatridagarna\/#breadcrumb"},"inLanguage":"sv-SE","potentialAction":[{"@type":"ReadAction","target":["https:\/\/insightevents.se\/psykiatridagarna\/"]}]},{"@type":"ImageObject","inLanguage":"sv-SE","@id":"https:\/\/insightevents.se\/psykiatridagarna\/#primaryimage","url":"https:\/\/insightevents.se\/psykiatridagarna\/wp-content\/uploads\/sites\/15\/2017\/10\/visningsbild_psykiatridagarna.jpg","contentUrl":"https:\/\/insightevents.se\/psykiatridagarna\/wp-content\/uploads\/sites\/15\/2017\/10\/visningsbild_psykiatridagarna.jpg","width":720,"height":377},{"@type":"BreadcrumbList","@id":"https:\/\/insightevents.se\/psykiatridagarna\/#breadcrumb","itemListElement":[{"@type":"ListItem","position":1,"name":"Hem","item":"https:\/\/insightevents.se\/psykiatridagarna\/"},{"@type":"ListItem","position":2,"name":"Start"}]},{"@type":"WebSite","@id":"https:\/\/insightevents.se\/psykiatridagarna\/#website","url":"https:\/\/insightevents.se\/psykiatridagarna\/","name":"Psykiatridagarna","description":"En till Insight Events Sweden Websites webbplats","potentialAction":[{"@type":"SearchAction","target":{"@type":"EntryPoint","urlTemplate":"https:\/\/insightevents.se\/psykiatridagarna\/?s={search_term_string}"},"query-input":{"@type":"PropertyValueSpecification","valueRequired":true,"valueName":"search_term_string"}}],"inLanguage":"sv-SE"}]}},"_links":{"self":[{"href":"https:\/\/insightevents.se\/psykiatridagarna\/wp-json\/wp\/v2\/pages\/7","targetHints":{"allow":["GET"]}}],"collection":[{"href":"https:\/\/insightevents.se\/psykiatridagarna\/wp-json\/wp\/v2\/pages"}],"about":[{"href":"https:\/\/insightevents.se\/psykiatridagarna\/wp-json\/wp\/v2\/types\/page"}],"author":[{"embeddable":true,"href":"https:\/\/insightevents.se\/psykiatridagarna\/wp-json\/wp\/v2\/users\/1"}],"replies":[{"embeddable":true,"href":"https:\/\/insightevents.se\/psykiatridagarna\/wp-json\/wp\/v2\/comments?post=7"}],"version-history":[{"count":1,"href":"https:\/\/insightevents.se\/psykiatridagarna\/wp-json\/wp\/v2\/pages\/7\/revisions"}],"predecessor-version":[{"id":9,"href":"https:\/\/insightevents.se\/psykiatridagarna\/wp-json\/wp\/v2\/pages\/7\/revisions\/9"}],"wp:featuredmedia":[{"embeddable":true,"href":"https:\/\/insightevents.se\/psykiatridagarna\/wp-json\/wp\/v2\/media\/181"}],"wp:attachment":[{"href":"https:\/\/insightevents.se\/psykiatridagarna\/wp-json\/wp\/v2\/media?parent=7"}],"curies":[{"name":"wp","href":"https:\/\/api.w.org\/{rel}","templated":true}]}}