{"id":567,"date":"2019-10-01T12:56:50","date_gmt":"2019-10-01T12:56:50","guid":{"rendered":"https:\/\/insightevents.se\/servicedeskforum\/?page_id=567"},"modified":"2026-02-12T14:25:16","modified_gmt":"2026-02-12T14:25:16","slug":"praktisk-info","status":"publish","type":"page","link":"https:\/\/insightevents.se\/supportochservice\/praktisk-info\/","title":{"rendered":"Praktisk info"},"content":{"rendered":"<div class=\"wpb-content-wrapper\"><p>[vc_row css=&#8221;.vc_custom_1569930237116{margin-top: 40px !important;}&#8221;][vc_column][vc_row_inner equal_height=&#8221;yes&#8221;][vc_column_inner width=&#8221;1\/2&#8243; css=&#8221;.vc_custom_1745308353595{background-image: url(https:\/\/insightevents.se\/supportochservice\/wp-content\/uploads\/sites\/8\/2025\/04\/pexels-olha-ruskykh-7504896.jpg?id=1507) !important;background-position: center !important;background-repeat: no-repeat !important;background-size: cover !important;}&#8221;][\/vc_column_inner][vc_column_inner width=&#8221;1\/2&#8243;]<div class=\"wpb_content_element \"><style type=\"text\/css\">#ut_header_69d9c1e092b09 h2.section-title { font-size:35px !important; }<\/style><header id=\"ut_header_69d9c1e092b09\" class=\"section-header  ut-no-title-linebreak-mobile ut-no-lead-linebreak-mobile pt-style-2 header-left header-tablet-left header-mobile-center\"><h2 data-title=\"Praktisk information\"  data-responsive-font=\"section_title\" data-responsive-font-settings=\"{&quot;base-font-size&quot;:&quot;global&quot;,&quot;font-size&quot;:{&quot;desktop_large&quot;:&quot;35&quot;},&quot;base-line-height&quot;:&quot;global&quot;,&quot;base-letter-spacing&quot;:&quot;global&quot;}\" class=\"section-title  \"><span>Praktisk information<\/span><\/h2><\/header><\/div>[vc_column_text]<\/p>\n<div class=\"wpb_text_column wpb_content_element vc_custom_1569574645747\">\n<div class=\"wpb_wrapper\">\n<h2>Datum\/Lokal<\/h2>\n<p>\u00c5ter 2026<\/p>\n<p>Lokal meddelas senast en m\u00e5nad innan konferens<\/p>\n<h2>Priser<\/h2>\n<p>Uppdateras snart<\/p>\n<h2>Dokumentation<\/h2>\n<p>M\u00e5nga av v\u00e5ra f\u00f6redragsh\u00e5llare uppdaterar sina anf\u00f6randen i sista stund. F\u00f6r att kunna erbjuda en uppdaterad och korrekt version har vi d\u00e4rf\u00f6r valt att tillhandah\u00e5lla dokumentationerna elektroniskt. I anslutning till konferensen f\u00e5r du, via l\u00f6senord, tillg\u00e5ng till dokumentationen via webbl\u00e4nk. Vid problem med nedladdning v\u00e4nligen kontakta Kundtj\u00e4nst, tfn: 08-587 662 00. Vill du anteckna i dokumentationen rekommenderar vi att du skriver ut och tar med dig den till konferensen.<\/p>\n<h2>Bokning av hotell<\/h2>\n<p>I samband med konferensen har du m\u00f6jlighet att boka \u00f6vernattning p\u00e5 utvalda hotell i Stockholm till ett rabatterat pris. <strong>Gl\u00f6m inte att uppge avtalskoden<\/strong>.<\/p>\n<p><a href=\"https:\/\/insightevents.se\/bokning-av-hotell\/\" target=\"_blank\" rel=\"noopener noreferrer\">Se listan \u00f6ver v\u00e5ra hotell-partners h\u00e4r!<\/a><\/p>\n<h2>Anm\u00e4lningsvillkor<\/h2>\n<p><a href=\"https:\/\/insightevents.se\/regler-och-villkor\/\" target=\"_blank\" rel=\"noopener noreferrer\">V\u00e5ra anm\u00e4lningsvillkor hittar du h\u00e4r.<\/a><\/p>\n<h2>Foto\/film<\/h2>\n<p>I syfte att dokumentera och kommunicera konferensen, f\u00f6rekommer det att vi fotograferar eller filmar eventet. Det inneb\u00e4r att deltagare kan f\u00f6rekomma p\u00e5 bilderna \u00e4ven om fokus \u00e4r p\u00e5 arrangemanget i stort.<\/p>\n<h2>Kontakt<\/h2>\n<p><strong>Stefan Broman, <\/strong>Projektledare<br \/>\n+46(0)8 587 662 23 | stefan.broman@insightevents.se<\/p>\n<p><strong>Roland Behrendt, <\/strong>Utst\u00e4llning\/sponsorskap<br \/>\n+46 70 862 73 80 | roland.behrendt@insightevents.se<\/p>\n<\/div>\n<\/div>\n<p>[\/vc_column_text][\/vc_column_inner][\/vc_row_inner][vc_empty_space height=&#8221;60px&#8221;][\/vc_column][\/vc_row]<\/p>\n<\/div>","protected":false},"excerpt":{"rendered":"<p>[vc_row css=&#8221;.vc_custom_1569930237116{margin-top: 40px !important;}&#8221;][vc_column][vc_row_inner equal_height=&#8221;yes&#8221;][vc_column_inner width=&#8221;1\/2&#8243; css=&#8221;.vc_custom_1745308353595{background-image: url(https:\/\/insightevents.se\/supportochservice\/wp-content\/uploads\/sites\/8\/2025\/04\/pexels-olha-ruskykh-7504896.jpg?id=1507) !important;background-position: center !important;background-repeat: no-repeat !important;background-size: cover !important;}&#8221;][\/vc_column_inner][vc_column_inner width=&#8221;1\/2&#8243;][vc_column_text] Datum\/Lokal \u00c5ter 2026 Lokal meddelas senast en m\u00e5nad innan konferens Priser Uppdateras snart Dokumentation M\u00e5nga av v\u00e5ra f\u00f6redragsh\u00e5llare uppdaterar sina anf\u00f6randen i sista stund. F\u00f6r att kunna erbjuda en uppdaterad och korrekt version har vi d\u00e4rf\u00f6r valt att tillhandah\u00e5lla [&hellip;]<\/p>\n","protected":false},"author":1,"featured_media":0,"parent":0,"menu_order":0,"comment_status":"closed","ping_status":"closed","template":"","meta":{"_acf_changed":false,"footnotes":""},"class_list":["post-567","page","type-page","status-publish","hentry"],"acf":[],"yoast_head":"<!-- This site is optimized with the Yoast SEO plugin v27.3 - https:\/\/yoast.com\/product\/yoast-seo-wordpress\/ -->\n<title>Praktisk info - Support och service<\/title>\n<meta name=\"robots\" content=\"index, follow, max-snippet:-1, max-image-preview:large, max-video-preview:-1\" \/>\n<link rel=\"canonical\" href=\"https:\/\/insightevents.se\/supportochservice\/praktisk-info\/\" \/>\n<meta property=\"og:locale\" content=\"sv_SE\" \/>\n<meta property=\"og:type\" content=\"article\" \/>\n<meta property=\"og:title\" content=\"Praktisk info - Support och service\" \/>\n<meta property=\"og:description\" content=\"[vc_row css=&#8221;.vc_custom_1569930237116{margin-top: 40px !important;}&#8221;][vc_column][vc_row_inner equal_height=&#8221;yes&#8221;][vc_column_inner width=&#8221;1\/2&#8243; css=&#8221;.vc_custom_1745308353595{background-image: url(https:\/\/insightevents.se\/supportochservice\/wp-content\/uploads\/sites\/8\/2025\/04\/pexels-olha-ruskykh-7504896.jpg?id=1507) !important;background-position: center !important;background-repeat: no-repeat !important;background-size: cover !important;}&#8221;][\/vc_column_inner][vc_column_inner width=&#8221;1\/2&#8243;][vc_column_text] Datum\/Lokal \u00c5ter 2026 Lokal meddelas senast en m\u00e5nad innan konferens Priser Uppdateras snart Dokumentation M\u00e5nga av v\u00e5ra f\u00f6redragsh\u00e5llare uppdaterar sina anf\u00f6randen i sista stund. F\u00f6r att kunna erbjuda en uppdaterad och korrekt version har vi d\u00e4rf\u00f6r valt att tillhandah\u00e5lla [&hellip;]\" \/>\n<meta property=\"og:url\" content=\"https:\/\/insightevents.se\/supportochservice\/praktisk-info\/\" \/>\n<meta property=\"og:site_name\" content=\"Support och service\" \/>\n<meta property=\"article:modified_time\" content=\"2026-02-12T14:25:16+00:00\" \/>\n<meta name=\"twitter:card\" content=\"summary_large_image\" \/>\n<meta name=\"twitter:label1\" content=\"Ber\u00e4knad l\u00e4stid\" \/>\n\t<meta name=\"twitter:data1\" content=\"2 minuter\" \/>\n<script type=\"application\/ld+json\" class=\"yoast-schema-graph\">{\"@context\":\"https:\\\/\\\/schema.org\",\"@graph\":[{\"@type\":\"WebPage\",\"@id\":\"https:\\\/\\\/insightevents.se\\\/supportochservice\\\/praktisk-info\\\/\",\"url\":\"https:\\\/\\\/insightevents.se\\\/supportochservice\\\/praktisk-info\\\/\",\"name\":\"Praktisk info - Support och service\",\"isPartOf\":{\"@id\":\"https:\\\/\\\/insightevents.se\\\/supportochservice\\\/#website\"},\"datePublished\":\"2019-10-01T12:56:50+00:00\",\"dateModified\":\"2026-02-12T14:25:16+00:00\",\"breadcrumb\":{\"@id\":\"https:\\\/\\\/insightevents.se\\\/supportochservice\\\/praktisk-info\\\/#breadcrumb\"},\"inLanguage\":\"sv-SE\",\"potentialAction\":[{\"@type\":\"ReadAction\",\"target\":[\"https:\\\/\\\/insightevents.se\\\/supportochservice\\\/praktisk-info\\\/\"]}]},{\"@type\":\"BreadcrumbList\",\"@id\":\"https:\\\/\\\/insightevents.se\\\/supportochservice\\\/praktisk-info\\\/#breadcrumb\",\"itemListElement\":[{\"@type\":\"ListItem\",\"position\":1,\"name\":\"Home\",\"item\":\"https:\\\/\\\/insightevents.se\\\/supportochservice\\\/\"},{\"@type\":\"ListItem\",\"position\":2,\"name\":\"Praktisk info\"}]},{\"@type\":\"WebSite\",\"@id\":\"https:\\\/\\\/insightevents.se\\\/supportochservice\\\/#website\",\"url\":\"https:\\\/\\\/insightevents.se\\\/supportochservice\\\/\",\"name\":\"Support och service\",\"description\":\"Just another Insight Events Sweden Websites site\",\"potentialAction\":[{\"@type\":\"SearchAction\",\"target\":{\"@type\":\"EntryPoint\",\"urlTemplate\":\"https:\\\/\\\/insightevents.se\\\/supportochservice\\\/?s={search_term_string}\"},\"query-input\":{\"@type\":\"PropertyValueSpecification\",\"valueRequired\":true,\"valueName\":\"search_term_string\"}}],\"inLanguage\":\"sv-SE\"}]}<\/script>\n<!-- \/ Yoast SEO plugin. -->","yoast_head_json":{"title":"Praktisk info - Support och service","robots":{"index":"index","follow":"follow","max-snippet":"max-snippet:-1","max-image-preview":"max-image-preview:large","max-video-preview":"max-video-preview:-1"},"canonical":"https:\/\/insightevents.se\/supportochservice\/praktisk-info\/","og_locale":"sv_SE","og_type":"article","og_title":"Praktisk info - Support och service","og_description":"[vc_row css=&#8221;.vc_custom_1569930237116{margin-top: 40px !important;}&#8221;][vc_column][vc_row_inner equal_height=&#8221;yes&#8221;][vc_column_inner width=&#8221;1\/2&#8243; css=&#8221;.vc_custom_1745308353595{background-image: url(https:\/\/insightevents.se\/supportochservice\/wp-content\/uploads\/sites\/8\/2025\/04\/pexels-olha-ruskykh-7504896.jpg?id=1507) !important;background-position: center !important;background-repeat: no-repeat !important;background-size: cover !important;}&#8221;][\/vc_column_inner][vc_column_inner width=&#8221;1\/2&#8243;][vc_column_text] Datum\/Lokal \u00c5ter 2026 Lokal meddelas senast en m\u00e5nad innan konferens Priser Uppdateras snart Dokumentation M\u00e5nga av v\u00e5ra f\u00f6redragsh\u00e5llare uppdaterar sina anf\u00f6randen i sista stund. F\u00f6r att kunna erbjuda en uppdaterad och korrekt version har vi d\u00e4rf\u00f6r valt att tillhandah\u00e5lla [&hellip;]","og_url":"https:\/\/insightevents.se\/supportochservice\/praktisk-info\/","og_site_name":"Support och service","article_modified_time":"2026-02-12T14:25:16+00:00","twitter_card":"summary_large_image","twitter_misc":{"Ber\u00e4knad l\u00e4stid":"2 minuter"},"schema":{"@context":"https:\/\/schema.org","@graph":[{"@type":"WebPage","@id":"https:\/\/insightevents.se\/supportochservice\/praktisk-info\/","url":"https:\/\/insightevents.se\/supportochservice\/praktisk-info\/","name":"Praktisk info - Support och service","isPartOf":{"@id":"https:\/\/insightevents.se\/supportochservice\/#website"},"datePublished":"2019-10-01T12:56:50+00:00","dateModified":"2026-02-12T14:25:16+00:00","breadcrumb":{"@id":"https:\/\/insightevents.se\/supportochservice\/praktisk-info\/#breadcrumb"},"inLanguage":"sv-SE","potentialAction":[{"@type":"ReadAction","target":["https:\/\/insightevents.se\/supportochservice\/praktisk-info\/"]}]},{"@type":"BreadcrumbList","@id":"https:\/\/insightevents.se\/supportochservice\/praktisk-info\/#breadcrumb","itemListElement":[{"@type":"ListItem","position":1,"name":"Home","item":"https:\/\/insightevents.se\/supportochservice\/"},{"@type":"ListItem","position":2,"name":"Praktisk info"}]},{"@type":"WebSite","@id":"https:\/\/insightevents.se\/supportochservice\/#website","url":"https:\/\/insightevents.se\/supportochservice\/","name":"Support och service","description":"Just another Insight Events Sweden Websites site","potentialAction":[{"@type":"SearchAction","target":{"@type":"EntryPoint","urlTemplate":"https:\/\/insightevents.se\/supportochservice\/?s={search_term_string}"},"query-input":{"@type":"PropertyValueSpecification","valueRequired":true,"valueName":"search_term_string"}}],"inLanguage":"sv-SE"}]}},"_links":{"self":[{"href":"https:\/\/insightevents.se\/supportochservice\/wp-json\/wp\/v2\/pages\/567","targetHints":{"allow":["GET"]}}],"collection":[{"href":"https:\/\/insightevents.se\/supportochservice\/wp-json\/wp\/v2\/pages"}],"about":[{"href":"https:\/\/insightevents.se\/supportochservice\/wp-json\/wp\/v2\/types\/page"}],"author":[{"embeddable":true,"href":"https:\/\/insightevents.se\/supportochservice\/wp-json\/wp\/v2\/users\/1"}],"replies":[{"embeddable":true,"href":"https:\/\/insightevents.se\/supportochservice\/wp-json\/wp\/v2\/comments?post=567"}],"version-history":[{"count":25,"href":"https:\/\/insightevents.se\/supportochservice\/wp-json\/wp\/v2\/pages\/567\/revisions"}],"predecessor-version":[{"id":1688,"href":"https:\/\/insightevents.se\/supportochservice\/wp-json\/wp\/v2\/pages\/567\/revisions\/1688"}],"wp:attachment":[{"href":"https:\/\/insightevents.se\/supportochservice\/wp-json\/wp\/v2\/media?parent=567"}],"curies":[{"name":"wp","href":"https:\/\/api.w.org\/{rel}","templated":true}]}}