{"id":2,"date":"2016-05-24T11:28:17","date_gmt":"2016-05-24T11:28:17","guid":{"rendered":"https:\/\/insightevents.se\/redovisningsdagen\/?page_id=2"},"modified":"2025-07-09T07:38:12","modified_gmt":"2025-07-09T07:38:12","slug":"hem","status":"publish","type":"page","link":"https:\/\/insightevents.se\/tillampadredovisning\/","title":{"rendered":"Hem"},"content":{"rendered":"<p>Till\u00e4mpad redovisning &#8211; Konferens i Stockholm &#8211; M\u00f6tesplatsen f\u00f6r dig som arbetar med redovisning och rapportering<\/p>\n","protected":false},"excerpt":{"rendered":"<p>Till\u00e4mpad redovisning &#8211; Konferens i Stockholm &#8211; M\u00f6tesplatsen f\u00f6r dig som arbetar med redovisning och rapportering<\/p>\n","protected":false},"author":1,"featured_media":788,"parent":0,"menu_order":0,"comment_status":"closed","ping_status":"open","template":"","meta":{"_acf_changed":false,"footnotes":""},"class_list":["post-2","page","type-page","status-publish","has-post-thumbnail","hentry"],"acf":[],"yoast_head":"<!-- This site is optimized with the Yoast SEO plugin v27.3 - https:\/\/yoast.com\/product\/yoast-seo-wordpress\/ -->\n<title>Hem - Till\u00e4mpad redovisning<\/title>\n<meta name=\"description\" content=\"Till\u00e4mpad redovisning - Konferens i Stockholm - M\u00f6tesplatsen f\u00f6r dig som arbetar med redovisning och rapportering.\" \/>\n<meta name=\"robots\" content=\"index, follow, max-snippet:-1, max-image-preview:large, max-video-preview:-1\" \/>\n<link rel=\"canonical\" href=\"https:\/\/insightevents.se\/tillampadredovisning\/\" \/>\n<meta property=\"og:locale\" content=\"sv_SE\" \/>\n<meta property=\"og:type\" content=\"article\" \/>\n<meta property=\"og:title\" content=\"Hem - Till\u00e4mpad redovisning\" \/>\n<meta property=\"og:description\" content=\"Till\u00e4mpad redovisning - Konferens i Stockholm - M\u00f6tesplatsen f\u00f6r dig som arbetar med redovisning och rapportering.\" \/>\n<meta property=\"og:url\" content=\"https:\/\/insightevents.se\/tillampadredovisning\/\" \/>\n<meta property=\"og:site_name\" content=\"Till\u00e4mpad redovisning\" \/>\n<meta property=\"article:modified_time\" content=\"2025-07-09T07:38:12+00:00\" \/>\n<meta property=\"og:image\" content=\"https:\/\/insightevents.se\/tillampadredovisning\/wp-content\/uploads\/sites\/6\/2025\/07\/4.png\" \/>\n\t<meta property=\"og:image:width\" content=\"1000\" \/>\n\t<meta property=\"og:image:height\" content=\"1000\" \/>\n\t<meta property=\"og:image:type\" content=\"image\/png\" \/>\n<meta name=\"twitter:card\" content=\"summary_large_image\" \/>\n<meta name=\"twitter:label1\" content=\"Ber\u00e4knad l\u00e4stid\" \/>\n\t<meta name=\"twitter:data1\" content=\"1 minut\" \/>\n<script type=\"application\/ld+json\" class=\"yoast-schema-graph\">{\"@context\":\"https:\\\/\\\/schema.org\",\"@graph\":[{\"@type\":\"WebPage\",\"@id\":\"https:\\\/\\\/insightevents.se\\\/tillampadredovisning\\\/\",\"url\":\"https:\\\/\\\/insightevents.se\\\/tillampadredovisning\\\/\",\"name\":\"Hem - Till\u00e4mpad redovisning\",\"isPartOf\":{\"@id\":\"https:\\\/\\\/insightevents.se\\\/tillampadredovisning\\\/#website\"},\"primaryImageOfPage\":{\"@id\":\"https:\\\/\\\/insightevents.se\\\/tillampadredovisning\\\/#primaryimage\"},\"image\":{\"@id\":\"https:\\\/\\\/insightevents.se\\\/tillampadredovisning\\\/#primaryimage\"},\"thumbnailUrl\":\"https:\\\/\\\/insightevents.se\\\/tillampadredovisning\\\/wp-content\\\/uploads\\\/sites\\\/6\\\/2025\\\/07\\\/4.png\",\"datePublished\":\"2016-05-24T11:28:17+00:00\",\"dateModified\":\"2025-07-09T07:38:12+00:00\",\"description\":\"Till\u00e4mpad redovisning - Konferens i Stockholm - M\u00f6tesplatsen f\u00f6r dig som arbetar med redovisning och rapportering.\",\"breadcrumb\":{\"@id\":\"https:\\\/\\\/insightevents.se\\\/tillampadredovisning\\\/#breadcrumb\"},\"inLanguage\":\"sv-SE\",\"potentialAction\":[{\"@type\":\"ReadAction\",\"target\":[\"https:\\\/\\\/insightevents.se\\\/tillampadredovisning\\\/\"]}]},{\"@type\":\"ImageObject\",\"inLanguage\":\"sv-SE\",\"@id\":\"https:\\\/\\\/insightevents.se\\\/tillampadredovisning\\\/#primaryimage\",\"url\":\"https:\\\/\\\/insightevents.se\\\/tillampadredovisning\\\/wp-content\\\/uploads\\\/sites\\\/6\\\/2025\\\/07\\\/4.png\",\"contentUrl\":\"https:\\\/\\\/insightevents.se\\\/tillampadredovisning\\\/wp-content\\\/uploads\\\/sites\\\/6\\\/2025\\\/07\\\/4.png\",\"width\":1000,\"height\":1000},{\"@type\":\"BreadcrumbList\",\"@id\":\"https:\\\/\\\/insightevents.se\\\/tillampadredovisning\\\/#breadcrumb\",\"itemListElement\":[{\"@type\":\"ListItem\",\"position\":1,\"name\":\"Home\",\"item\":\"https:\\\/\\\/insightevents.se\\\/tillampadredovisning\\\/\"},{\"@type\":\"ListItem\",\"position\":2,\"name\":\"Hem\"}]},{\"@type\":\"WebSite\",\"@id\":\"https:\\\/\\\/insightevents.se\\\/tillampadredovisning\\\/#website\",\"url\":\"https:\\\/\\\/insightevents.se\\\/tillampadredovisning\\\/\",\"name\":\"Till\u00e4mpad redovisning\",\"description\":\"Best Practice inom redovisning f\u00f6r att underl\u00e4tta ditt praktiska bokslutsarbete\",\"potentialAction\":[{\"@type\":\"SearchAction\",\"target\":{\"@type\":\"EntryPoint\",\"urlTemplate\":\"https:\\\/\\\/insightevents.se\\\/tillampadredovisning\\\/?s={search_term_string}\"},\"query-input\":{\"@type\":\"PropertyValueSpecification\",\"valueRequired\":true,\"valueName\":\"search_term_string\"}}],\"inLanguage\":\"sv-SE\"}]}<\/script>\n<!-- \/ Yoast SEO plugin. -->","yoast_head_json":{"title":"Hem - Till\u00e4mpad redovisning","description":"Till\u00e4mpad redovisning - Konferens i Stockholm - M\u00f6tesplatsen f\u00f6r dig som arbetar med redovisning och rapportering.","robots":{"index":"index","follow":"follow","max-snippet":"max-snippet:-1","max-image-preview":"max-image-preview:large","max-video-preview":"max-video-preview:-1"},"canonical":"https:\/\/insightevents.se\/tillampadredovisning\/","og_locale":"sv_SE","og_type":"article","og_title":"Hem - Till\u00e4mpad redovisning","og_description":"Till\u00e4mpad redovisning - Konferens i Stockholm - M\u00f6tesplatsen f\u00f6r dig som arbetar med redovisning och rapportering.","og_url":"https:\/\/insightevents.se\/tillampadredovisning\/","og_site_name":"Till\u00e4mpad redovisning","article_modified_time":"2025-07-09T07:38:12+00:00","og_image":[{"width":1000,"height":1000,"url":"https:\/\/insightevents.se\/tillampadredovisning\/wp-content\/uploads\/sites\/6\/2025\/07\/4.png","type":"image\/png"}],"twitter_card":"summary_large_image","twitter_misc":{"Ber\u00e4knad l\u00e4stid":"1 minut"},"schema":{"@context":"https:\/\/schema.org","@graph":[{"@type":"WebPage","@id":"https:\/\/insightevents.se\/tillampadredovisning\/","url":"https:\/\/insightevents.se\/tillampadredovisning\/","name":"Hem - Till\u00e4mpad redovisning","isPartOf":{"@id":"https:\/\/insightevents.se\/tillampadredovisning\/#website"},"primaryImageOfPage":{"@id":"https:\/\/insightevents.se\/tillampadredovisning\/#primaryimage"},"image":{"@id":"https:\/\/insightevents.se\/tillampadredovisning\/#primaryimage"},"thumbnailUrl":"https:\/\/insightevents.se\/tillampadredovisning\/wp-content\/uploads\/sites\/6\/2025\/07\/4.png","datePublished":"2016-05-24T11:28:17+00:00","dateModified":"2025-07-09T07:38:12+00:00","description":"Till\u00e4mpad redovisning - Konferens i Stockholm - M\u00f6tesplatsen f\u00f6r dig som arbetar med redovisning och rapportering.","breadcrumb":{"@id":"https:\/\/insightevents.se\/tillampadredovisning\/#breadcrumb"},"inLanguage":"sv-SE","potentialAction":[{"@type":"ReadAction","target":["https:\/\/insightevents.se\/tillampadredovisning\/"]}]},{"@type":"ImageObject","inLanguage":"sv-SE","@id":"https:\/\/insightevents.se\/tillampadredovisning\/#primaryimage","url":"https:\/\/insightevents.se\/tillampadredovisning\/wp-content\/uploads\/sites\/6\/2025\/07\/4.png","contentUrl":"https:\/\/insightevents.se\/tillampadredovisning\/wp-content\/uploads\/sites\/6\/2025\/07\/4.png","width":1000,"height":1000},{"@type":"BreadcrumbList","@id":"https:\/\/insightevents.se\/tillampadredovisning\/#breadcrumb","itemListElement":[{"@type":"ListItem","position":1,"name":"Home","item":"https:\/\/insightevents.se\/tillampadredovisning\/"},{"@type":"ListItem","position":2,"name":"Hem"}]},{"@type":"WebSite","@id":"https:\/\/insightevents.se\/tillampadredovisning\/#website","url":"https:\/\/insightevents.se\/tillampadredovisning\/","name":"Till\u00e4mpad redovisning","description":"Best Practice inom redovisning f\u00f6r att underl\u00e4tta ditt praktiska bokslutsarbete","potentialAction":[{"@type":"SearchAction","target":{"@type":"EntryPoint","urlTemplate":"https:\/\/insightevents.se\/tillampadredovisning\/?s={search_term_string}"},"query-input":{"@type":"PropertyValueSpecification","valueRequired":true,"valueName":"search_term_string"}}],"inLanguage":"sv-SE"}]}},"_links":{"self":[{"href":"https:\/\/insightevents.se\/tillampadredovisning\/wp-json\/wp\/v2\/pages\/2","targetHints":{"allow":["GET"]}}],"collection":[{"href":"https:\/\/insightevents.se\/tillampadredovisning\/wp-json\/wp\/v2\/pages"}],"about":[{"href":"https:\/\/insightevents.se\/tillampadredovisning\/wp-json\/wp\/v2\/types\/page"}],"author":[{"embeddable":true,"href":"https:\/\/insightevents.se\/tillampadredovisning\/wp-json\/wp\/v2\/users\/1"}],"replies":[{"embeddable":true,"href":"https:\/\/insightevents.se\/tillampadredovisning\/wp-json\/wp\/v2\/comments?post=2"}],"version-history":[{"count":25,"href":"https:\/\/insightevents.se\/tillampadredovisning\/wp-json\/wp\/v2\/pages\/2\/revisions"}],"predecessor-version":[{"id":792,"href":"https:\/\/insightevents.se\/tillampadredovisning\/wp-json\/wp\/v2\/pages\/2\/revisions\/792"}],"wp:featuredmedia":[{"embeddable":true,"href":"https:\/\/insightevents.se\/tillampadredovisning\/wp-json\/wp\/v2\/media\/788"}],"wp:attachment":[{"href":"https:\/\/insightevents.se\/tillampadredovisning\/wp-json\/wp\/v2\/media?parent=2"}],"curies":[{"name":"wp","href":"https:\/\/api.w.org\/{rel}","templated":true}]}}